{"id":6286,"date":"2024-03-27T14:46:27","date_gmt":"2024-03-27T12:46:27","guid":{"rendered":"https:\/\/www.vivonsbachy.fr\/?page_id=6286"},"modified":"2024-03-27T14:51:14","modified_gmt":"2024-03-27T12:51:14","slug":"04-carnaval-de-bachy","status":"publish","type":"page","link":"https:\/\/www.vivonsbachy.fr\/?page_id=6286","title":{"rendered":"04-Carnaval de Bachy"},"content":{"rendered":"\n<p>Comme chaque ann\u00e9e, Antoine de Baissy a particip\u00e9 aux festivit\u00e9s de Bachy organis\u00e9es par <em>\u00ab\u00a0Les Bois sans Soif\u00a0\u00bb<\/em>.Samedi le g\u00e9ant \u00e9tait positionn\u00e9 pr\u00e8s de la buvette et dimanche il a particip\u00e9 au d\u00e9fil\u00e9 carnavalesque.<\/p>\n\n\n\n<figure class=\"wp-block-gallery has-nested-images columns-default is-cropped wp-block-gallery-1 is-layout-flex wp-block-gallery-is-layout-flex\">\n<figure class=\"wp-block-image size-large\"><a href=\"https:\/\/www.vivonsbachy.fr\/wp-content\/uploads\/2024\/03\/Carnaval-253A4553-25-juin-2023.jpg\" class=\"gallery_colorbox\"><img loading=\"lazy\" decoding=\"async\" width=\"1024\" height=\"682\" data-id=\"6289\" src=\"https:\/\/www.vivonsbachy.fr\/wp-content\/uploads\/2024\/03\/Carnaval-253A4553-25-juin-2023-1024x682.jpg\"  alt=\"\" class=\"wp-image-6289\" srcset=\"https:\/\/www.vivonsbachy.fr\/wp-content\/uploads\/2024\/03\/Carnaval-253A4553-25-juin-2023-1024x682.jpg 1024w, https:\/\/www.vivonsbachy.fr\/wp-content\/uploads\/2024\/03\/Carnaval-253A4553-25-juin-2023-300x200.jpg 300w, https:\/\/www.vivonsbachy.fr\/wp-content\/uploads\/2024\/03\/Carnaval-253A4553-25-juin-2023-768x512.jpg 768w, https:\/\/www.vivonsbachy.fr\/wp-content\/uploads\/2024\/03\/Carnaval-253A4553-25-juin-2023-1536x1024.jpg 1536w, https:\/\/www.vivonsbachy.fr\/wp-content\/uploads\/2024\/03\/Carnaval-253A4553-25-juin-2023.jpg 2000w\" sizes=\"(max-width: 1024px) 100vw, 1024px\" \/><\/a><\/figure>\n\n\n\n<figure class=\"wp-block-image size-large\"><a href=\"https:\/\/www.vivonsbachy.fr\/wp-content\/uploads\/2024\/03\/Carnaval-253A4555-25-juin-2023.jpg\" class=\"gallery_colorbox\"><img loading=\"lazy\" decoding=\"async\" width=\"682\" height=\"1024\" data-id=\"6287\" src=\"https:\/\/www.vivonsbachy.fr\/wp-content\/uploads\/2024\/03\/Carnaval-253A4555-25-juin-2023-682x1024.jpg\"  alt=\"\" class=\"wp-image-6287\" srcset=\"https:\/\/www.vivonsbachy.fr\/wp-content\/uploads\/2024\/03\/Carnaval-253A4555-25-juin-2023-682x1024.jpg 682w, https:\/\/www.vivonsbachy.fr\/wp-content\/uploads\/2024\/03\/Carnaval-253A4555-25-juin-2023-200x300.jpg 200w, https:\/\/www.vivonsbachy.fr\/wp-content\/uploads\/2024\/03\/Carnaval-253A4555-25-juin-2023-768x1152.jpg 768w, https:\/\/www.vivonsbachy.fr\/wp-content\/uploads\/2024\/03\/Carnaval-253A4555-25-juin-2023-1024x1536.jpg 1024w, https:\/\/www.vivonsbachy.fr\/wp-content\/uploads\/2024\/03\/Carnaval-253A4555-25-juin-2023.jpg 1333w\" sizes=\"(max-width: 682px) 100vw, 682px\" \/><\/a><\/figure>\n\n\n\n<figure class=\"wp-block-image size-large\"><a href=\"https:\/\/www.vivonsbachy.fr\/wp-content\/uploads\/2024\/03\/Carnaval-253A4645-25-juin-2023.jpg\" class=\"gallery_colorbox\"><img loading=\"lazy\" decoding=\"async\" width=\"1024\" height=\"682\" data-id=\"6288\" src=\"https:\/\/www.vivonsbachy.fr\/wp-content\/uploads\/2024\/03\/Carnaval-253A4645-25-juin-2023-1024x682.jpg\"  alt=\"\" class=\"wp-image-6288\" srcset=\"https:\/\/www.vivonsbachy.fr\/wp-content\/uploads\/2024\/03\/Carnaval-253A4645-25-juin-2023-1024x682.jpg 1024w, https:\/\/www.vivonsbachy.fr\/wp-content\/uploads\/2024\/03\/Carnaval-253A4645-25-juin-2023-300x200.jpg 300w, https:\/\/www.vivonsbachy.fr\/wp-content\/uploads\/2024\/03\/Carnaval-253A4645-25-juin-2023-768x512.jpg 768w, https:\/\/www.vivonsbachy.fr\/wp-content\/uploads\/2024\/03\/Carnaval-253A4645-25-juin-2023-1536x1024.jpg 1536w, https:\/\/www.vivonsbachy.fr\/wp-content\/uploads\/2024\/03\/Carnaval-253A4645-25-juin-2023.jpg 2000w\" sizes=\"(max-width: 1024px) 100vw, 1024px\" \/><\/a><\/figure>\n<\/figure>\n","protected":false},"excerpt":{"rendered":"<p>Comme chaque ann\u00e9e, Antoine de Baissy a particip\u00e9 aux festivit\u00e9s de Bachy organis\u00e9es par \u00ab\u00a0Les Bois sans Soif\u00a0\u00bb.Samedi le g\u00e9ant \u00e9tait positionn\u00e9 pr\u00e8s de la buvette et dimanche il a particip\u00e9 au d\u00e9fil\u00e9 carnavalesque.<\/p>\n","protected":false},"author":1,"featured_media":0,"parent":6244,"menu_order":0,"comment_status":"closed","ping_status":"closed","template":"","meta":{"footnotes":""},"_links":{"self":[{"href":"https:\/\/www.vivonsbachy.fr\/index.php?rest_route=\/wp\/v2\/pages\/6286"}],"collection":[{"href":"https:\/\/www.vivonsbachy.fr\/index.php?rest_route=\/wp\/v2\/pages"}],"about":[{"href":"https:\/\/www.vivonsbachy.fr\/index.php?rest_route=\/wp\/v2\/types\/page"}],"author":[{"embeddable":true,"href":"https:\/\/www.vivonsbachy.fr\/index.php?rest_route=\/wp\/v2\/users\/1"}],"replies":[{"embeddable":true,"href":"https:\/\/www.vivonsbachy.fr\/index.php?rest_route=%2Fwp%2Fv2%2Fcomments&post=6286"}],"version-history":[{"count":2,"href":"https:\/\/www.vivonsbachy.fr\/index.php?rest_route=\/wp\/v2\/pages\/6286\/revisions"}],"predecessor-version":[{"id":6291,"href":"https:\/\/www.vivonsbachy.fr\/index.php?rest_route=\/wp\/v2\/pages\/6286\/revisions\/6291"}],"up":[{"embeddable":true,"href":"https:\/\/www.vivonsbachy.fr\/index.php?rest_route=\/wp\/v2\/pages\/6244"}],"wp:attachment":[{"href":"https:\/\/www.vivonsbachy.fr\/index.php?rest_route=%2Fwp%2Fv2%2Fmedia&parent=6286"}],"curies":[{"name":"wp","href":"https:\/\/api.w.org\/{rel}","templated":true}]}}