{"id":6272,"date":"2024-03-27T14:41:23","date_gmt":"2024-03-27T12:41:23","guid":{"rendered":"https:\/\/www.vivonsbachy.fr\/?page_id=6272"},"modified":"2024-03-27T14:48:52","modified_gmt":"2024-03-27T12:48:52","slug":"03-2eme-ronde-des-geants-a-bourghelles","status":"publish","type":"page","link":"https:\/\/www.vivonsbachy.fr\/?page_id=6272","title":{"rendered":"03-2\u00e8me ronde des g\u00e9ants \u00e0 Bourghelles"},"content":{"rendered":"\n<p>AVEC une trentaine d&rsquo;autres g\u00e9ants, Vivons Bachy et Antoine de Baissy ont particip\u00e9 \u00e0 la deuxi\u00e8me ronde des g\u00e9ants organis\u00e9 par les compagnons de Gilbert de Bourghelles.<\/p>\n\n\n\n<figure class=\"wp-block-gallery has-nested-images columns-default is-cropped wp-block-gallery-1 is-layout-flex wp-block-gallery-is-layout-flex\">\n<figure class=\"wp-block-image size-large\"><a href=\"https:\/\/www.vivonsbachy.fr\/wp-content\/uploads\/2024\/03\/2eme-ronde-des-geants-Bourghelles-253A3420-11-juin-2023-scaled.jpg\" class=\"gallery_colorbox\"><img loading=\"lazy\" decoding=\"async\" width=\"683\" height=\"1024\" data-id=\"6274\" src=\"https:\/\/www.vivonsbachy.fr\/wp-content\/uploads\/2024\/03\/2eme-ronde-des-geants-Bourghelles-253A3420-11-juin-2023-683x1024.jpg\"  alt=\"\" class=\"wp-image-6274\" srcset=\"https:\/\/www.vivonsbachy.fr\/wp-content\/uploads\/2024\/03\/2eme-ronde-des-geants-Bourghelles-253A3420-11-juin-2023-683x1024.jpg 683w, https:\/\/www.vivonsbachy.fr\/wp-content\/uploads\/2024\/03\/2eme-ronde-des-geants-Bourghelles-253A3420-11-juin-2023-200x300.jpg 200w, https:\/\/www.vivonsbachy.fr\/wp-content\/uploads\/2024\/03\/2eme-ronde-des-geants-Bourghelles-253A3420-11-juin-2023-768x1152.jpg 768w, https:\/\/www.vivonsbachy.fr\/wp-content\/uploads\/2024\/03\/2eme-ronde-des-geants-Bourghelles-253A3420-11-juin-2023-1024x1536.jpg 1024w, https:\/\/www.vivonsbachy.fr\/wp-content\/uploads\/2024\/03\/2eme-ronde-des-geants-Bourghelles-253A3420-11-juin-2023-1365x2048.jpg 1365w, https:\/\/www.vivonsbachy.fr\/wp-content\/uploads\/2024\/03\/2eme-ronde-des-geants-Bourghelles-253A3420-11-juin-2023-scaled.jpg 1707w\" sizes=\"(max-width: 683px) 100vw, 683px\" \/><\/a><\/figure>\n\n\n\n<figure class=\"wp-block-image size-large\"><a href=\"https:\/\/www.vivonsbachy.fr\/wp-content\/uploads\/2024\/03\/2eme-ronde-des-geants-Bourghelles-253A3424-11-juin-2023-scaled.jpg\" class=\"gallery_colorbox\"><img loading=\"lazy\" decoding=\"async\" width=\"1024\" height=\"683\" data-id=\"6281\" src=\"https:\/\/www.vivonsbachy.fr\/wp-content\/uploads\/2024\/03\/2eme-ronde-des-geants-Bourghelles-253A3424-11-juin-2023-1024x683.jpg\"  alt=\"\" class=\"wp-image-6281\" srcset=\"https:\/\/www.vivonsbachy.fr\/wp-content\/uploads\/2024\/03\/2eme-ronde-des-geants-Bourghelles-253A3424-11-juin-2023-1024x683.jpg 1024w, https:\/\/www.vivonsbachy.fr\/wp-content\/uploads\/2024\/03\/2eme-ronde-des-geants-Bourghelles-253A3424-11-juin-2023-300x200.jpg 300w, https:\/\/www.vivonsbachy.fr\/wp-content\/uploads\/2024\/03\/2eme-ronde-des-geants-Bourghelles-253A3424-11-juin-2023-768x512.jpg 768w, https:\/\/www.vivonsbachy.fr\/wp-content\/uploads\/2024\/03\/2eme-ronde-des-geants-Bourghelles-253A3424-11-juin-2023-1536x1024.jpg 1536w, https:\/\/www.vivonsbachy.fr\/wp-content\/uploads\/2024\/03\/2eme-ronde-des-geants-Bourghelles-253A3424-11-juin-2023-2048x1365.jpg 2048w\" sizes=\"(max-width: 1024px) 100vw, 1024px\" \/><\/a><\/figure>\n\n\n\n<figure class=\"wp-block-image size-large\"><a href=\"https:\/\/www.vivonsbachy.fr\/wp-content\/uploads\/2024\/03\/2eme-ronde-des-geants-Bourghelles-253A3427-11-juin-2023-scaled.jpg\" class=\"gallery_colorbox\"><img loading=\"lazy\" decoding=\"async\" width=\"683\" height=\"1024\" data-id=\"6278\" src=\"https:\/\/www.vivonsbachy.fr\/wp-content\/uploads\/2024\/03\/2eme-ronde-des-geants-Bourghelles-253A3427-11-juin-2023-683x1024.jpg\"  alt=\"\" class=\"wp-image-6278\" srcset=\"https:\/\/www.vivonsbachy.fr\/wp-content\/uploads\/2024\/03\/2eme-ronde-des-geants-Bourghelles-253A3427-11-juin-2023-683x1024.jpg 683w, https:\/\/www.vivonsbachy.fr\/wp-content\/uploads\/2024\/03\/2eme-ronde-des-geants-Bourghelles-253A3427-11-juin-2023-200x300.jpg 200w, https:\/\/www.vivonsbachy.fr\/wp-content\/uploads\/2024\/03\/2eme-ronde-des-geants-Bourghelles-253A3427-11-juin-2023-768x1152.jpg 768w, https:\/\/www.vivonsbachy.fr\/wp-content\/uploads\/2024\/03\/2eme-ronde-des-geants-Bourghelles-253A3427-11-juin-2023-1024x1536.jpg 1024w, https:\/\/www.vivonsbachy.fr\/wp-content\/uploads\/2024\/03\/2eme-ronde-des-geants-Bourghelles-253A3427-11-juin-2023-1365x2048.jpg 1365w, https:\/\/www.vivonsbachy.fr\/wp-content\/uploads\/2024\/03\/2eme-ronde-des-geants-Bourghelles-253A3427-11-juin-2023-scaled.jpg 1707w\" sizes=\"(max-width: 683px) 100vw, 683px\" \/><\/a><\/figure>\n\n\n\n<figure class=\"wp-block-image size-large\"><a href=\"https:\/\/www.vivonsbachy.fr\/wp-content\/uploads\/2024\/03\/2eme-ronde-des-geants-Bourghelles-253A3431-11-juin-2023-scaled.jpg\" class=\"gallery_colorbox\"><img loading=\"lazy\" decoding=\"async\" width=\"683\" height=\"1024\" data-id=\"6276\" src=\"https:\/\/www.vivonsbachy.fr\/wp-content\/uploads\/2024\/03\/2eme-ronde-des-geants-Bourghelles-253A3431-11-juin-2023-683x1024.jpg\"  alt=\"\" class=\"wp-image-6276\" srcset=\"https:\/\/www.vivonsbachy.fr\/wp-content\/uploads\/2024\/03\/2eme-ronde-des-geants-Bourghelles-253A3431-11-juin-2023-683x1024.jpg 683w, https:\/\/www.vivonsbachy.fr\/wp-content\/uploads\/2024\/03\/2eme-ronde-des-geants-Bourghelles-253A3431-11-juin-2023-200x300.jpg 200w, https:\/\/www.vivonsbachy.fr\/wp-content\/uploads\/2024\/03\/2eme-ronde-des-geants-Bourghelles-253A3431-11-juin-2023-768x1152.jpg 768w, https:\/\/www.vivonsbachy.fr\/wp-content\/uploads\/2024\/03\/2eme-ronde-des-geants-Bourghelles-253A3431-11-juin-2023-1024x1536.jpg 1024w, https:\/\/www.vivonsbachy.fr\/wp-content\/uploads\/2024\/03\/2eme-ronde-des-geants-Bourghelles-253A3431-11-juin-2023-1365x2048.jpg 1365w, https:\/\/www.vivonsbachy.fr\/wp-content\/uploads\/2024\/03\/2eme-ronde-des-geants-Bourghelles-253A3431-11-juin-2023-scaled.jpg 1707w\" sizes=\"(max-width: 683px) 100vw, 683px\" \/><\/a><\/figure>\n\n\n\n<figure class=\"wp-block-image size-large\"><a href=\"https:\/\/www.vivonsbachy.fr\/wp-content\/uploads\/2024\/03\/2eme-ronde-des-geants-Bourghelles-253A3440-11-juin-2023-scaled.jpg\" class=\"gallery_colorbox\"><img loading=\"lazy\" decoding=\"async\" width=\"1024\" height=\"683\" data-id=\"6275\" src=\"https:\/\/www.vivonsbachy.fr\/wp-content\/uploads\/2024\/03\/2eme-ronde-des-geants-Bourghelles-253A3440-11-juin-2023-1024x683.jpg\"  alt=\"\" class=\"wp-image-6275\" srcset=\"https:\/\/www.vivonsbachy.fr\/wp-content\/uploads\/2024\/03\/2eme-ronde-des-geants-Bourghelles-253A3440-11-juin-2023-1024x683.jpg 1024w, https:\/\/www.vivonsbachy.fr\/wp-content\/uploads\/2024\/03\/2eme-ronde-des-geants-Bourghelles-253A3440-11-juin-2023-300x200.jpg 300w, https:\/\/www.vivonsbachy.fr\/wp-content\/uploads\/2024\/03\/2eme-ronde-des-geants-Bourghelles-253A3440-11-juin-2023-768x512.jpg 768w, https:\/\/www.vivonsbachy.fr\/wp-content\/uploads\/2024\/03\/2eme-ronde-des-geants-Bourghelles-253A3440-11-juin-2023-1536x1024.jpg 1536w, https:\/\/www.vivonsbachy.fr\/wp-content\/uploads\/2024\/03\/2eme-ronde-des-geants-Bourghelles-253A3440-11-juin-2023-2048x1365.jpg 2048w\" sizes=\"(max-width: 1024px) 100vw, 1024px\" \/><\/a><\/figure>\n\n\n\n<figure class=\"wp-block-image size-large\"><a href=\"https:\/\/www.vivonsbachy.fr\/wp-content\/uploads\/2024\/03\/2eme-ronde-des-geants-Bourghelles-253A3540-11-juin-2023-scaled.jpg\" class=\"gallery_colorbox\"><img loading=\"lazy\" decoding=\"async\" width=\"1024\" height=\"683\" data-id=\"6280\" src=\"https:\/\/www.vivonsbachy.fr\/wp-content\/uploads\/2024\/03\/2eme-ronde-des-geants-Bourghelles-253A3540-11-juin-2023-1024x683.jpg\"  alt=\"\" class=\"wp-image-6280\" srcset=\"https:\/\/www.vivonsbachy.fr\/wp-content\/uploads\/2024\/03\/2eme-ronde-des-geants-Bourghelles-253A3540-11-juin-2023-1024x683.jpg 1024w, https:\/\/www.vivonsbachy.fr\/wp-content\/uploads\/2024\/03\/2eme-ronde-des-geants-Bourghelles-253A3540-11-juin-2023-300x200.jpg 300w, https:\/\/www.vivonsbachy.fr\/wp-content\/uploads\/2024\/03\/2eme-ronde-des-geants-Bourghelles-253A3540-11-juin-2023-768x512.jpg 768w, https:\/\/www.vivonsbachy.fr\/wp-content\/uploads\/2024\/03\/2eme-ronde-des-geants-Bourghelles-253A3540-11-juin-2023-1536x1024.jpg 1536w, https:\/\/www.vivonsbachy.fr\/wp-content\/uploads\/2024\/03\/2eme-ronde-des-geants-Bourghelles-253A3540-11-juin-2023-2048x1365.jpg 2048w\" sizes=\"(max-width: 1024px) 100vw, 1024px\" \/><\/a><\/figure>\n\n\n\n<figure class=\"wp-block-image size-large\"><a href=\"https:\/\/www.vivonsbachy.fr\/wp-content\/uploads\/2024\/03\/2eme-ronde-des-geants-Bourghelles-253A3559-11-juin-2023-scaled.jpg\" class=\"gallery_colorbox\"><img loading=\"lazy\" decoding=\"async\" width=\"683\" height=\"1024\" data-id=\"6273\" src=\"https:\/\/www.vivonsbachy.fr\/wp-content\/uploads\/2024\/03\/2eme-ronde-des-geants-Bourghelles-253A3559-11-juin-2023-683x1024.jpg\"  alt=\"\" class=\"wp-image-6273\" srcset=\"https:\/\/www.vivonsbachy.fr\/wp-content\/uploads\/2024\/03\/2eme-ronde-des-geants-Bourghelles-253A3559-11-juin-2023-683x1024.jpg 683w, https:\/\/www.vivonsbachy.fr\/wp-content\/uploads\/2024\/03\/2eme-ronde-des-geants-Bourghelles-253A3559-11-juin-2023-200x300.jpg 200w, https:\/\/www.vivonsbachy.fr\/wp-content\/uploads\/2024\/03\/2eme-ronde-des-geants-Bourghelles-253A3559-11-juin-2023-768x1152.jpg 768w, https:\/\/www.vivonsbachy.fr\/wp-content\/uploads\/2024\/03\/2eme-ronde-des-geants-Bourghelles-253A3559-11-juin-2023-1024x1536.jpg 1024w, https:\/\/www.vivonsbachy.fr\/wp-content\/uploads\/2024\/03\/2eme-ronde-des-geants-Bourghelles-253A3559-11-juin-2023-1365x2048.jpg 1365w, https:\/\/www.vivonsbachy.fr\/wp-content\/uploads\/2024\/03\/2eme-ronde-des-geants-Bourghelles-253A3559-11-juin-2023-scaled.jpg 1707w\" sizes=\"(max-width: 683px) 100vw, 683px\" \/><\/a><\/figure>\n\n\n\n<figure class=\"wp-block-image size-large\"><a href=\"https:\/\/www.vivonsbachy.fr\/wp-content\/uploads\/2024\/03\/2eme-ronde-des-geants-Bourghelles-253A3576-11-juin-2023-scaled.jpg\" class=\"gallery_colorbox\"><img loading=\"lazy\" decoding=\"async\" width=\"683\" height=\"1024\" data-id=\"6282\" src=\"https:\/\/www.vivonsbachy.fr\/wp-content\/uploads\/2024\/03\/2eme-ronde-des-geants-Bourghelles-253A3576-11-juin-2023-683x1024.jpg\"  alt=\"\" class=\"wp-image-6282\" srcset=\"https:\/\/www.vivonsbachy.fr\/wp-content\/uploads\/2024\/03\/2eme-ronde-des-geants-Bourghelles-253A3576-11-juin-2023-683x1024.jpg 683w, https:\/\/www.vivonsbachy.fr\/wp-content\/uploads\/2024\/03\/2eme-ronde-des-geants-Bourghelles-253A3576-11-juin-2023-200x300.jpg 200w, https:\/\/www.vivonsbachy.fr\/wp-content\/uploads\/2024\/03\/2eme-ronde-des-geants-Bourghelles-253A3576-11-juin-2023-768x1152.jpg 768w, https:\/\/www.vivonsbachy.fr\/wp-content\/uploads\/2024\/03\/2eme-ronde-des-geants-Bourghelles-253A3576-11-juin-2023-1024x1536.jpg 1024w, https:\/\/www.vivonsbachy.fr\/wp-content\/uploads\/2024\/03\/2eme-ronde-des-geants-Bourghelles-253A3576-11-juin-2023-1365x2048.jpg 1365w, https:\/\/www.vivonsbachy.fr\/wp-content\/uploads\/2024\/03\/2eme-ronde-des-geants-Bourghelles-253A3576-11-juin-2023-scaled.jpg 1707w\" sizes=\"(max-width: 683px) 100vw, 683px\" \/><\/a><\/figure>\n\n\n\n<figure class=\"wp-block-image size-large\"><a href=\"https:\/\/www.vivonsbachy.fr\/wp-content\/uploads\/2024\/03\/2eme-ronde-des-geants-Bourghelles-253A3687-11-juin-2023-scaled.jpg\" class=\"gallery_colorbox\"><img loading=\"lazy\" decoding=\"async\" width=\"683\" height=\"1024\" data-id=\"6277\" src=\"https:\/\/www.vivonsbachy.fr\/wp-content\/uploads\/2024\/03\/2eme-ronde-des-geants-Bourghelles-253A3687-11-juin-2023-683x1024.jpg\"  alt=\"\" class=\"wp-image-6277\" srcset=\"https:\/\/www.vivonsbachy.fr\/wp-content\/uploads\/2024\/03\/2eme-ronde-des-geants-Bourghelles-253A3687-11-juin-2023-683x1024.jpg 683w, https:\/\/www.vivonsbachy.fr\/wp-content\/uploads\/2024\/03\/2eme-ronde-des-geants-Bourghelles-253A3687-11-juin-2023-200x300.jpg 200w, https:\/\/www.vivonsbachy.fr\/wp-content\/uploads\/2024\/03\/2eme-ronde-des-geants-Bourghelles-253A3687-11-juin-2023-768x1152.jpg 768w, https:\/\/www.vivonsbachy.fr\/wp-content\/uploads\/2024\/03\/2eme-ronde-des-geants-Bourghelles-253A3687-11-juin-2023-1024x1536.jpg 1024w, https:\/\/www.vivonsbachy.fr\/wp-content\/uploads\/2024\/03\/2eme-ronde-des-geants-Bourghelles-253A3687-11-juin-2023-1365x2048.jpg 1365w, https:\/\/www.vivonsbachy.fr\/wp-content\/uploads\/2024\/03\/2eme-ronde-des-geants-Bourghelles-253A3687-11-juin-2023-scaled.jpg 1707w\" sizes=\"(max-width: 683px) 100vw, 683px\" \/><\/a><\/figure>\n\n\n\n<figure class=\"wp-block-image size-large\"><a href=\"https:\/\/www.vivonsbachy.fr\/wp-content\/uploads\/2024\/03\/2eme-ronde-des-geants-Bourghelles-253A3734-11-juin-2023-scaled.jpg\" class=\"gallery_colorbox\"><img loading=\"lazy\" decoding=\"async\" width=\"1024\" height=\"683\" data-id=\"6279\" src=\"https:\/\/www.vivonsbachy.fr\/wp-content\/uploads\/2024\/03\/2eme-ronde-des-geants-Bourghelles-253A3734-11-juin-2023-1024x683.jpg\"  alt=\"\" class=\"wp-image-6279\" srcset=\"https:\/\/www.vivonsbachy.fr\/wp-content\/uploads\/2024\/03\/2eme-ronde-des-geants-Bourghelles-253A3734-11-juin-2023-1024x683.jpg 1024w, https:\/\/www.vivonsbachy.fr\/wp-content\/uploads\/2024\/03\/2eme-ronde-des-geants-Bourghelles-253A3734-11-juin-2023-300x200.jpg 300w, https:\/\/www.vivonsbachy.fr\/wp-content\/uploads\/2024\/03\/2eme-ronde-des-geants-Bourghelles-253A3734-11-juin-2023-768x512.jpg 768w, https:\/\/www.vivonsbachy.fr\/wp-content\/uploads\/2024\/03\/2eme-ronde-des-geants-Bourghelles-253A3734-11-juin-2023-1536x1024.jpg 1536w, https:\/\/www.vivonsbachy.fr\/wp-content\/uploads\/2024\/03\/2eme-ronde-des-geants-Bourghelles-253A3734-11-juin-2023-2048x1365.jpg 2048w\" sizes=\"(max-width: 1024px) 100vw, 1024px\" \/><\/a><\/figure>\n\n\n\n<figure class=\"wp-block-image size-large\"><a href=\"https:\/\/www.vivonsbachy.fr\/wp-content\/uploads\/2024\/03\/DSC8090-scaled.jpg\" class=\"gallery_colorbox\"><img loading=\"lazy\" decoding=\"async\" width=\"1024\" height=\"534\" data-id=\"6283\" src=\"https:\/\/www.vivonsbachy.fr\/wp-content\/uploads\/2024\/03\/DSC8090-1024x534.jpg\"  alt=\"\" class=\"wp-image-6283\" srcset=\"https:\/\/www.vivonsbachy.fr\/wp-content\/uploads\/2024\/03\/DSC8090-1024x534.jpg 1024w, https:\/\/www.vivonsbachy.fr\/wp-content\/uploads\/2024\/03\/DSC8090-300x156.jpg 300w, https:\/\/www.vivonsbachy.fr\/wp-content\/uploads\/2024\/03\/DSC8090-768x401.jpg 768w, https:\/\/www.vivonsbachy.fr\/wp-content\/uploads\/2024\/03\/DSC8090-1536x801.jpg 1536w, https:\/\/www.vivonsbachy.fr\/wp-content\/uploads\/2024\/03\/DSC8090-2048x1068.jpg 2048w\" sizes=\"(max-width: 1024px) 100vw, 1024px\" \/><\/a><\/figure>\n\n\n\n<figure class=\"wp-block-image size-large\"><a href=\"https:\/\/www.vivonsbachy.fr\/wp-content\/uploads\/2024\/03\/DSC8167-scaled.jpg\" class=\"gallery_colorbox\"><img loading=\"lazy\" decoding=\"async\" width=\"1024\" height=\"801\" data-id=\"6284\" src=\"https:\/\/www.vivonsbachy.fr\/wp-content\/uploads\/2024\/03\/DSC8167-1024x801.jpg\"  alt=\"\" class=\"wp-image-6284\" srcset=\"https:\/\/www.vivonsbachy.fr\/wp-content\/uploads\/2024\/03\/DSC8167-1024x801.jpg 1024w, https:\/\/www.vivonsbachy.fr\/wp-content\/uploads\/2024\/03\/DSC8167-300x235.jpg 300w, https:\/\/www.vivonsbachy.fr\/wp-content\/uploads\/2024\/03\/DSC8167-768x601.jpg 768w, https:\/\/www.vivonsbachy.fr\/wp-content\/uploads\/2024\/03\/DSC8167-1536x1202.jpg 1536w, https:\/\/www.vivonsbachy.fr\/wp-content\/uploads\/2024\/03\/DSC8167-2048x1602.jpg 2048w\" sizes=\"(max-width: 1024px) 100vw, 1024px\" \/><\/a><\/figure>\n<\/figure>\n","protected":false},"excerpt":{"rendered":"<p>AVEC une trentaine d&rsquo;autres g\u00e9ants, Vivons Bachy et Antoine de Baissy ont particip\u00e9 \u00e0 la deuxi\u00e8me ronde des g\u00e9ants organis\u00e9 par les compagnons de Gilbert de Bourghelles.<\/p>\n","protected":false},"author":1,"featured_media":0,"parent":6244,"menu_order":0,"comment_status":"closed","ping_status":"closed","template":"","meta":{"footnotes":""},"_links":{"self":[{"href":"https:\/\/www.vivonsbachy.fr\/index.php?rest_route=\/wp\/v2\/pages\/6272"}],"collection":[{"href":"https:\/\/www.vivonsbachy.fr\/index.php?rest_route=\/wp\/v2\/pages"}],"about":[{"href":"https:\/\/www.vivonsbachy.fr\/index.php?rest_route=\/wp\/v2\/types\/page"}],"author":[{"embeddable":true,"href":"https:\/\/www.vivonsbachy.fr\/index.php?rest_route=\/wp\/v2\/users\/1"}],"replies":[{"embeddable":true,"href":"https:\/\/www.vivonsbachy.fr\/index.php?rest_route=%2Fwp%2Fv2%2Fcomments&post=6272"}],"version-history":[{"count":1,"href":"https:\/\/www.vivonsbachy.fr\/index.php?rest_route=\/wp\/v2\/pages\/6272\/revisions"}],"predecessor-version":[{"id":6285,"href":"https:\/\/www.vivonsbachy.fr\/index.php?rest_route=\/wp\/v2\/pages\/6272\/revisions\/6285"}],"up":[{"embeddable":true,"href":"https:\/\/www.vivonsbachy.fr\/index.php?rest_route=\/wp\/v2\/pages\/6244"}],"wp:attachment":[{"href":"https:\/\/www.vivonsbachy.fr\/index.php?rest_route=%2Fwp%2Fv2%2Fmedia&parent=6272"}],"curies":[{"name":"wp","href":"https:\/\/api.w.org\/{rel}","templated":true}]}}