{"id":6231,"date":"2022-06-30T18:35:53","date_gmt":"2022-06-30T16:35:53","guid":{"rendered":"https:\/\/www.vivonsbachy.fr\/?page_id=6231"},"modified":"2022-06-30T18:40:09","modified_gmt":"2022-06-30T16:40:09","slug":"04-carnaval-de-bachy","status":"publish","type":"page","link":"https:\/\/www.vivonsbachy.fr\/?page_id=6231","title":{"rendered":"04 &#8211; Carnaval de Bachy"},"content":{"rendered":"\n<p>Comme tous les ans Vivons Bachy a particip\u00e9 aux festivit\u00e9s des 24 et 25 juin 2022 organis\u00e9es par l&rsquo;association des Bois sans soif. Au vide grenier du 24 juin, au d\u00e9fil\u00e9 carnavalesque du 25 juin o\u00f9 le G\u00e9ant Antoine de Baissy a particip\u00e9.<\/p>\n\n\n\n<figure class=\"wp-block-gallery columns-3 is-cropped wp-block-gallery-1 is-layout-flex wp-block-gallery-is-layout-flex\"><ul class=\"blocks-gallery-grid\"><li class=\"blocks-gallery-item\"><figure><a href=\"https:\/\/www.vivonsbachy.fr\/wp-content\/uploads\/2022\/06\/Vide-grenier-253A3170-25-juin-2022-1024x683.jpg\" class=\"gallery_colorbox\"><img loading=\"lazy\" decoding=\"async\" width=\"1024\" height=\"683\" src=\"https:\/\/www.vivonsbachy.fr\/wp-content\/uploads\/2022\/06\/Vide-grenier-253A3170-25-juin-2022-1024x683.jpg\"  alt=\"\" data-id=\"6232\" data-link=\"https:\/\/www.vivonsbachy.fr\/?attachment_id=6232\" class=\"wp-image-6232\" srcset=\"https:\/\/www.vivonsbachy.fr\/wp-content\/uploads\/2022\/06\/Vide-grenier-253A3170-25-juin-2022-1024x683.jpg 1024w, https:\/\/www.vivonsbachy.fr\/wp-content\/uploads\/2022\/06\/Vide-grenier-253A3170-25-juin-2022-300x200.jpg 300w, https:\/\/www.vivonsbachy.fr\/wp-content\/uploads\/2022\/06\/Vide-grenier-253A3170-25-juin-2022-768x512.jpg 768w, https:\/\/www.vivonsbachy.fr\/wp-content\/uploads\/2022\/06\/Vide-grenier-253A3170-25-juin-2022-1536x1024.jpg 1536w, https:\/\/www.vivonsbachy.fr\/wp-content\/uploads\/2022\/06\/Vide-grenier-253A3170-25-juin-2022-2048x1365.jpg 2048w\" sizes=\"(max-width: 1024px) 100vw, 1024px\" \/><\/a><\/figure><\/li><li class=\"blocks-gallery-item\"><figure><a href=\"https:\/\/www.vivonsbachy.fr\/wp-content\/uploads\/2022\/06\/Carnaval-253A3228-26-juin-2022.jpg\" class=\"gallery_colorbox\"><img loading=\"lazy\" decoding=\"async\" width=\"688\" height=\"1024\" src=\"https:\/\/www.vivonsbachy.fr\/wp-content\/uploads\/2022\/06\/Carnaval-253A3228-26-juin-2022-688x1024.jpg\"  alt=\"\" data-id=\"6233\" data-full-url=\"https:\/\/www.vivonsbachy.fr\/wp-content\/uploads\/2022\/06\/Carnaval-253A3228-26-juin-2022.jpg\" data-link=\"https:\/\/www.vivonsbachy.fr\/?attachment_id=6233\" class=\"wp-image-6233\" srcset=\"https:\/\/www.vivonsbachy.fr\/wp-content\/uploads\/2022\/06\/Carnaval-253A3228-26-juin-2022-688x1024.jpg 688w, https:\/\/www.vivonsbachy.fr\/wp-content\/uploads\/2022\/06\/Carnaval-253A3228-26-juin-2022-201x300.jpg 201w, https:\/\/www.vivonsbachy.fr\/wp-content\/uploads\/2022\/06\/Carnaval-253A3228-26-juin-2022-768x1144.jpg 768w, https:\/\/www.vivonsbachy.fr\/wp-content\/uploads\/2022\/06\/Carnaval-253A3228-26-juin-2022-1031x1536.jpg 1031w, https:\/\/www.vivonsbachy.fr\/wp-content\/uploads\/2022\/06\/Carnaval-253A3228-26-juin-2022-1375x2048.jpg 1375w, https:\/\/www.vivonsbachy.fr\/wp-content\/uploads\/2022\/06\/Carnaval-253A3228-26-juin-2022.jpg 1400w\" sizes=\"(max-width: 688px) 100vw, 688px\" \/><\/a><\/figure><\/li><li class=\"blocks-gallery-item\"><figure><a href=\"https:\/\/www.vivonsbachy.fr\/wp-content\/uploads\/2022\/06\/Carnaval-253A3249-26-juin-2022.jpg\" class=\"gallery_colorbox\"><img loading=\"lazy\" decoding=\"async\" width=\"683\" height=\"1024\" src=\"https:\/\/www.vivonsbachy.fr\/wp-content\/uploads\/2022\/06\/Carnaval-253A3249-26-juin-2022-683x1024.jpg\"  alt=\"\" data-id=\"6234\" data-full-url=\"https:\/\/www.vivonsbachy.fr\/wp-content\/uploads\/2022\/06\/Carnaval-253A3249-26-juin-2022.jpg\" data-link=\"https:\/\/www.vivonsbachy.fr\/?attachment_id=6234\" class=\"wp-image-6234\" srcset=\"https:\/\/www.vivonsbachy.fr\/wp-content\/uploads\/2022\/06\/Carnaval-253A3249-26-juin-2022-683x1024.jpg 683w, https:\/\/www.vivonsbachy.fr\/wp-content\/uploads\/2022\/06\/Carnaval-253A3249-26-juin-2022-200x300.jpg 200w, https:\/\/www.vivonsbachy.fr\/wp-content\/uploads\/2022\/06\/Carnaval-253A3249-26-juin-2022-768x1152.jpg 768w, https:\/\/www.vivonsbachy.fr\/wp-content\/uploads\/2022\/06\/Carnaval-253A3249-26-juin-2022-1024x1536.jpg 1024w, https:\/\/www.vivonsbachy.fr\/wp-content\/uploads\/2022\/06\/Carnaval-253A3249-26-juin-2022-1365x2048.jpg 1365w, https:\/\/www.vivonsbachy.fr\/wp-content\/uploads\/2022\/06\/Carnaval-253A3249-26-juin-2022.jpg 1400w\" sizes=\"(max-width: 683px) 100vw, 683px\" \/><\/a><\/figure><\/li><li class=\"blocks-gallery-item\"><figure><a href=\"https:\/\/www.vivonsbachy.fr\/wp-content\/uploads\/2022\/06\/Carnaval-253A3361-26-juin-2022.jpg\" class=\"gallery_colorbox\"><img loading=\"lazy\" decoding=\"async\" width=\"683\" height=\"1024\" src=\"https:\/\/www.vivonsbachy.fr\/wp-content\/uploads\/2022\/06\/Carnaval-253A3361-26-juin-2022-683x1024.jpg\"  alt=\"\" data-id=\"6235\" data-full-url=\"https:\/\/www.vivonsbachy.fr\/wp-content\/uploads\/2022\/06\/Carnaval-253A3361-26-juin-2022.jpg\" data-link=\"https:\/\/www.vivonsbachy.fr\/?attachment_id=6235\" class=\"wp-image-6235\" srcset=\"https:\/\/www.vivonsbachy.fr\/wp-content\/uploads\/2022\/06\/Carnaval-253A3361-26-juin-2022-683x1024.jpg 683w, https:\/\/www.vivonsbachy.fr\/wp-content\/uploads\/2022\/06\/Carnaval-253A3361-26-juin-2022-200x300.jpg 200w, https:\/\/www.vivonsbachy.fr\/wp-content\/uploads\/2022\/06\/Carnaval-253A3361-26-juin-2022-768x1152.jpg 768w, https:\/\/www.vivonsbachy.fr\/wp-content\/uploads\/2022\/06\/Carnaval-253A3361-26-juin-2022-1024x1536.jpg 1024w, https:\/\/www.vivonsbachy.fr\/wp-content\/uploads\/2022\/06\/Carnaval-253A3361-26-juin-2022-1365x2048.jpg 1365w, https:\/\/www.vivonsbachy.fr\/wp-content\/uploads\/2022\/06\/Carnaval-253A3361-26-juin-2022.jpg 1400w\" sizes=\"(max-width: 683px) 100vw, 683px\" \/><\/a><\/figure><\/li><\/ul><\/figure>\n","protected":false},"excerpt":{"rendered":"<p>Comme tous les ans Vivons Bachy a particip\u00e9 aux festivit\u00e9s des 24 et 25 juin 2022 organis\u00e9es par l&rsquo;association des Bois sans soif. Au vide grenier du 24 juin, au d\u00e9fil\u00e9 carnavalesque du 25 juin o\u00f9 le G\u00e9ant Antoine de &hellip; <a href=\"https:\/\/www.vivonsbachy.fr\/?page_id=6231\">Continuer la lecture <span class=\"meta-nav\">&rarr;<\/span><\/a><\/p>\n","protected":false},"author":1,"featured_media":0,"parent":6197,"menu_order":0,"comment_status":"closed","ping_status":"closed","template":"","meta":{"footnotes":""},"_links":{"self":[{"href":"https:\/\/www.vivonsbachy.fr\/index.php?rest_route=\/wp\/v2\/pages\/6231"}],"collection":[{"href":"https:\/\/www.vivonsbachy.fr\/index.php?rest_route=\/wp\/v2\/pages"}],"about":[{"href":"https:\/\/www.vivonsbachy.fr\/index.php?rest_route=\/wp\/v2\/types\/page"}],"author":[{"embeddable":true,"href":"https:\/\/www.vivonsbachy.fr\/index.php?rest_route=\/wp\/v2\/users\/1"}],"replies":[{"embeddable":true,"href":"https:\/\/www.vivonsbachy.fr\/index.php?rest_route=%2Fwp%2Fv2%2Fcomments&post=6231"}],"version-history":[{"count":2,"href":"https:\/\/www.vivonsbachy.fr\/index.php?rest_route=\/wp\/v2\/pages\/6231\/revisions"}],"predecessor-version":[{"id":6237,"href":"https:\/\/www.vivonsbachy.fr\/index.php?rest_route=\/wp\/v2\/pages\/6231\/revisions\/6237"}],"up":[{"embeddable":true,"href":"https:\/\/www.vivonsbachy.fr\/index.php?rest_route=\/wp\/v2\/pages\/6197"}],"wp:attachment":[{"href":"https:\/\/www.vivonsbachy.fr\/index.php?rest_route=%2Fwp%2Fv2%2Fmedia&parent=6231"}],"curies":[{"name":"wp","href":"https:\/\/api.w.org\/{rel}","templated":true}]}}