{"id":6220,"date":"2022-06-30T18:26:00","date_gmt":"2022-06-30T16:26:00","guid":{"rendered":"https:\/\/www.vivonsbachy.fr\/?page_id=6220"},"modified":"2022-06-30T18:27:36","modified_gmt":"2022-06-30T16:27:36","slug":"03-gratiferia-12-juin-2022","status":"publish","type":"page","link":"https:\/\/www.vivonsbachy.fr\/?page_id=6220","title":{"rendered":"03 &#8211; Gratif\u00e9ria 12 juin 2022"},"content":{"rendered":"\n<p>Comme en 2020, Vivons Bachy a particip\u00e9 \u00e0 la 2\u00e8me Gratif\u00e9ria organis\u00e9e par l&rsquo;association P\u00e9v\u00e8le z\u00e9ro d\u00e9chet.<\/p>\n\n\n\n<figure class=\"wp-block-gallery columns-3 is-cropped wp-block-gallery-1 is-layout-flex wp-block-gallery-is-layout-flex\"><ul class=\"blocks-gallery-grid\"><li class=\"blocks-gallery-item\"><figure><a href=\"https:\/\/www.vivonsbachy.fr\/wp-content\/uploads\/2022\/06\/Gratife\u0301ria-253A2644-12-juin-2022.jpg\" class=\"gallery_colorbox\"><img loading=\"lazy\" decoding=\"async\" width=\"1024\" height=\"683\" src=\"https:\/\/www.vivonsbachy.fr\/wp-content\/uploads\/2022\/06\/Gratife\u0301ria-253A2644-12-juin-2022-1024x683.jpg\"  alt=\"\" data-id=\"6221\" data-full-url=\"https:\/\/www.vivonsbachy.fr\/wp-content\/uploads\/2022\/06\/Gratife\u0301ria-253A2644-12-juin-2022.jpg\" data-link=\"https:\/\/www.vivonsbachy.fr\/?attachment_id=6221\" class=\"wp-image-6221\" srcset=\"https:\/\/www.vivonsbachy.fr\/wp-content\/uploads\/2022\/06\/Gratife\u0301ria-253A2644-12-juin-2022-1024x683.jpg 1024w, https:\/\/www.vivonsbachy.fr\/wp-content\/uploads\/2022\/06\/Gratife\u0301ria-253A2644-12-juin-2022-300x200.jpg 300w, https:\/\/www.vivonsbachy.fr\/wp-content\/uploads\/2022\/06\/Gratife\u0301ria-253A2644-12-juin-2022-768x512.jpg 768w, https:\/\/www.vivonsbachy.fr\/wp-content\/uploads\/2022\/06\/Gratife\u0301ria-253A2644-12-juin-2022-1536x1024.jpg 1536w, https:\/\/www.vivonsbachy.fr\/wp-content\/uploads\/2022\/06\/Gratife\u0301ria-253A2644-12-juin-2022.jpg 1800w\" sizes=\"(max-width: 1024px) 100vw, 1024px\" \/><\/a><\/figure><\/li><li class=\"blocks-gallery-item\"><figure><a href=\"https:\/\/www.vivonsbachy.fr\/wp-content\/uploads\/2022\/06\/Gratife\u0301ria-253A2649-12-juin-2022.jpg\" class=\"gallery_colorbox\"><img loading=\"lazy\" decoding=\"async\" width=\"1024\" height=\"683\" src=\"https:\/\/www.vivonsbachy.fr\/wp-content\/uploads\/2022\/06\/Gratife\u0301ria-253A2649-12-juin-2022-1024x683.jpg\"  alt=\"\" data-id=\"6222\" data-full-url=\"https:\/\/www.vivonsbachy.fr\/wp-content\/uploads\/2022\/06\/Gratife\u0301ria-253A2649-12-juin-2022.jpg\" data-link=\"https:\/\/www.vivonsbachy.fr\/?attachment_id=6222\" class=\"wp-image-6222\" srcset=\"https:\/\/www.vivonsbachy.fr\/wp-content\/uploads\/2022\/06\/Gratife\u0301ria-253A2649-12-juin-2022-1024x683.jpg 1024w, https:\/\/www.vivonsbachy.fr\/wp-content\/uploads\/2022\/06\/Gratife\u0301ria-253A2649-12-juin-2022-300x200.jpg 300w, https:\/\/www.vivonsbachy.fr\/wp-content\/uploads\/2022\/06\/Gratife\u0301ria-253A2649-12-juin-2022-768x512.jpg 768w, https:\/\/www.vivonsbachy.fr\/wp-content\/uploads\/2022\/06\/Gratife\u0301ria-253A2649-12-juin-2022-1536x1024.jpg 1536w, https:\/\/www.vivonsbachy.fr\/wp-content\/uploads\/2022\/06\/Gratife\u0301ria-253A2649-12-juin-2022.jpg 1800w\" sizes=\"(max-width: 1024px) 100vw, 1024px\" \/><\/a><\/figure><\/li><li class=\"blocks-gallery-item\"><figure><a href=\"https:\/\/www.vivonsbachy.fr\/wp-content\/uploads\/2022\/06\/Gratife\u0301ria-253A2652-12-juin-2022.jpg\" class=\"gallery_colorbox\"><img loading=\"lazy\" decoding=\"async\" width=\"1024\" height=\"683\" src=\"https:\/\/www.vivonsbachy.fr\/wp-content\/uploads\/2022\/06\/Gratife\u0301ria-253A2652-12-juin-2022-1024x683.jpg\"  alt=\"\" data-id=\"6223\" data-full-url=\"https:\/\/www.vivonsbachy.fr\/wp-content\/uploads\/2022\/06\/Gratife\u0301ria-253A2652-12-juin-2022.jpg\" data-link=\"https:\/\/www.vivonsbachy.fr\/?attachment_id=6223\" class=\"wp-image-6223\" srcset=\"https:\/\/www.vivonsbachy.fr\/wp-content\/uploads\/2022\/06\/Gratife\u0301ria-253A2652-12-juin-2022-1024x683.jpg 1024w, https:\/\/www.vivonsbachy.fr\/wp-content\/uploads\/2022\/06\/Gratife\u0301ria-253A2652-12-juin-2022-300x200.jpg 300w, https:\/\/www.vivonsbachy.fr\/wp-content\/uploads\/2022\/06\/Gratife\u0301ria-253A2652-12-juin-2022-768x512.jpg 768w, https:\/\/www.vivonsbachy.fr\/wp-content\/uploads\/2022\/06\/Gratife\u0301ria-253A2652-12-juin-2022-1536x1024.jpg 1536w, https:\/\/www.vivonsbachy.fr\/wp-content\/uploads\/2022\/06\/Gratife\u0301ria-253A2652-12-juin-2022.jpg 1800w\" sizes=\"(max-width: 1024px) 100vw, 1024px\" \/><\/a><\/figure><\/li><li class=\"blocks-gallery-item\"><figure><a href=\"https:\/\/www.vivonsbachy.fr\/wp-content\/uploads\/2022\/06\/Gratife\u0301ria-253A2653-12-juin-2022.jpg\" class=\"gallery_colorbox\"><img loading=\"lazy\" decoding=\"async\" width=\"1024\" height=\"683\" src=\"https:\/\/www.vivonsbachy.fr\/wp-content\/uploads\/2022\/06\/Gratife\u0301ria-253A2653-12-juin-2022-1024x683.jpg\"  alt=\"\" data-id=\"6224\" data-full-url=\"https:\/\/www.vivonsbachy.fr\/wp-content\/uploads\/2022\/06\/Gratife\u0301ria-253A2653-12-juin-2022.jpg\" data-link=\"https:\/\/www.vivonsbachy.fr\/?attachment_id=6224\" class=\"wp-image-6224\" srcset=\"https:\/\/www.vivonsbachy.fr\/wp-content\/uploads\/2022\/06\/Gratife\u0301ria-253A2653-12-juin-2022-1024x683.jpg 1024w, https:\/\/www.vivonsbachy.fr\/wp-content\/uploads\/2022\/06\/Gratife\u0301ria-253A2653-12-juin-2022-300x200.jpg 300w, https:\/\/www.vivonsbachy.fr\/wp-content\/uploads\/2022\/06\/Gratife\u0301ria-253A2653-12-juin-2022-768x512.jpg 768w, https:\/\/www.vivonsbachy.fr\/wp-content\/uploads\/2022\/06\/Gratife\u0301ria-253A2653-12-juin-2022-1536x1024.jpg 1536w, https:\/\/www.vivonsbachy.fr\/wp-content\/uploads\/2022\/06\/Gratife\u0301ria-253A2653-12-juin-2022.jpg 1800w\" sizes=\"(max-width: 1024px) 100vw, 1024px\" \/><\/a><\/figure><\/li><li class=\"blocks-gallery-item\"><figure><a href=\"https:\/\/www.vivonsbachy.fr\/wp-content\/uploads\/2022\/06\/Gratife\u0301ria-253A2657-12-juin-2022.jpg\" class=\"gallery_colorbox\"><img loading=\"lazy\" decoding=\"async\" width=\"1024\" height=\"683\" src=\"https:\/\/www.vivonsbachy.fr\/wp-content\/uploads\/2022\/06\/Gratife\u0301ria-253A2657-12-juin-2022-1024x683.jpg\"  alt=\"\" data-id=\"6225\" data-full-url=\"https:\/\/www.vivonsbachy.fr\/wp-content\/uploads\/2022\/06\/Gratife\u0301ria-253A2657-12-juin-2022.jpg\" data-link=\"https:\/\/www.vivonsbachy.fr\/?attachment_id=6225\" class=\"wp-image-6225\" srcset=\"https:\/\/www.vivonsbachy.fr\/wp-content\/uploads\/2022\/06\/Gratife\u0301ria-253A2657-12-juin-2022-1024x683.jpg 1024w, https:\/\/www.vivonsbachy.fr\/wp-content\/uploads\/2022\/06\/Gratife\u0301ria-253A2657-12-juin-2022-300x200.jpg 300w, https:\/\/www.vivonsbachy.fr\/wp-content\/uploads\/2022\/06\/Gratife\u0301ria-253A2657-12-juin-2022-768x512.jpg 768w, https:\/\/www.vivonsbachy.fr\/wp-content\/uploads\/2022\/06\/Gratife\u0301ria-253A2657-12-juin-2022-1536x1024.jpg 1536w, https:\/\/www.vivonsbachy.fr\/wp-content\/uploads\/2022\/06\/Gratife\u0301ria-253A2657-12-juin-2022.jpg 1800w\" sizes=\"(max-width: 1024px) 100vw, 1024px\" \/><\/a><\/figure><\/li><li class=\"blocks-gallery-item\"><figure><a href=\"https:\/\/www.vivonsbachy.fr\/wp-content\/uploads\/2022\/06\/Gratife\u0301ria-253A2660-12-juin-2022.jpg\" class=\"gallery_colorbox\"><img loading=\"lazy\" decoding=\"async\" width=\"1024\" height=\"683\" src=\"https:\/\/www.vivonsbachy.fr\/wp-content\/uploads\/2022\/06\/Gratife\u0301ria-253A2660-12-juin-2022-1024x683.jpg\"  alt=\"\" data-id=\"6226\" data-full-url=\"https:\/\/www.vivonsbachy.fr\/wp-content\/uploads\/2022\/06\/Gratife\u0301ria-253A2660-12-juin-2022.jpg\" data-link=\"https:\/\/www.vivonsbachy.fr\/?attachment_id=6226\" class=\"wp-image-6226\" srcset=\"https:\/\/www.vivonsbachy.fr\/wp-content\/uploads\/2022\/06\/Gratife\u0301ria-253A2660-12-juin-2022-1024x683.jpg 1024w, https:\/\/www.vivonsbachy.fr\/wp-content\/uploads\/2022\/06\/Gratife\u0301ria-253A2660-12-juin-2022-300x200.jpg 300w, https:\/\/www.vivonsbachy.fr\/wp-content\/uploads\/2022\/06\/Gratife\u0301ria-253A2660-12-juin-2022-768x512.jpg 768w, https:\/\/www.vivonsbachy.fr\/wp-content\/uploads\/2022\/06\/Gratife\u0301ria-253A2660-12-juin-2022-1536x1024.jpg 1536w, https:\/\/www.vivonsbachy.fr\/wp-content\/uploads\/2022\/06\/Gratife\u0301ria-253A2660-12-juin-2022.jpg 1800w\" sizes=\"(max-width: 1024px) 100vw, 1024px\" \/><\/a><\/figure><\/li><li class=\"blocks-gallery-item\"><figure><a href=\"https:\/\/www.vivonsbachy.fr\/wp-content\/uploads\/2022\/06\/Gratife\u0301ria-253A2663-12-juin-2022.jpg\" class=\"gallery_colorbox\"><img loading=\"lazy\" decoding=\"async\" width=\"1024\" height=\"683\" src=\"https:\/\/www.vivonsbachy.fr\/wp-content\/uploads\/2022\/06\/Gratife\u0301ria-253A2663-12-juin-2022-1024x683.jpg\"  alt=\"\" data-id=\"6227\" data-full-url=\"https:\/\/www.vivonsbachy.fr\/wp-content\/uploads\/2022\/06\/Gratife\u0301ria-253A2663-12-juin-2022.jpg\" data-link=\"https:\/\/www.vivonsbachy.fr\/?attachment_id=6227\" class=\"wp-image-6227\" srcset=\"https:\/\/www.vivonsbachy.fr\/wp-content\/uploads\/2022\/06\/Gratife\u0301ria-253A2663-12-juin-2022-1024x683.jpg 1024w, https:\/\/www.vivonsbachy.fr\/wp-content\/uploads\/2022\/06\/Gratife\u0301ria-253A2663-12-juin-2022-300x200.jpg 300w, https:\/\/www.vivonsbachy.fr\/wp-content\/uploads\/2022\/06\/Gratife\u0301ria-253A2663-12-juin-2022-768x512.jpg 768w, https:\/\/www.vivonsbachy.fr\/wp-content\/uploads\/2022\/06\/Gratife\u0301ria-253A2663-12-juin-2022-1536x1024.jpg 1536w, https:\/\/www.vivonsbachy.fr\/wp-content\/uploads\/2022\/06\/Gratife\u0301ria-253A2663-12-juin-2022.jpg 1800w\" sizes=\"(max-width: 1024px) 100vw, 1024px\" \/><\/a><\/figure><\/li><li class=\"blocks-gallery-item\"><figure><a href=\"https:\/\/www.vivonsbachy.fr\/wp-content\/uploads\/2022\/06\/Gratife\u0301ria-253A2678-12-juin-2022.jpg\" class=\"gallery_colorbox\"><img loading=\"lazy\" decoding=\"async\" width=\"1024\" height=\"683\" src=\"https:\/\/www.vivonsbachy.fr\/wp-content\/uploads\/2022\/06\/Gratife\u0301ria-253A2678-12-juin-2022-1024x683.jpg\"  alt=\"\" data-id=\"6228\" data-full-url=\"https:\/\/www.vivonsbachy.fr\/wp-content\/uploads\/2022\/06\/Gratife\u0301ria-253A2678-12-juin-2022.jpg\" data-link=\"https:\/\/www.vivonsbachy.fr\/?attachment_id=6228\" class=\"wp-image-6228\" srcset=\"https:\/\/www.vivonsbachy.fr\/wp-content\/uploads\/2022\/06\/Gratife\u0301ria-253A2678-12-juin-2022-1024x683.jpg 1024w, https:\/\/www.vivonsbachy.fr\/wp-content\/uploads\/2022\/06\/Gratife\u0301ria-253A2678-12-juin-2022-300x200.jpg 300w, https:\/\/www.vivonsbachy.fr\/wp-content\/uploads\/2022\/06\/Gratife\u0301ria-253A2678-12-juin-2022-768x512.jpg 768w, https:\/\/www.vivonsbachy.fr\/wp-content\/uploads\/2022\/06\/Gratife\u0301ria-253A2678-12-juin-2022-1536x1024.jpg 1536w, https:\/\/www.vivonsbachy.fr\/wp-content\/uploads\/2022\/06\/Gratife\u0301ria-253A2678-12-juin-2022.jpg 1800w\" sizes=\"(max-width: 1024px) 100vw, 1024px\" \/><\/a><\/figure><\/li><\/ul><\/figure>\n\n\n\n<p><\/p>\n","protected":false},"excerpt":{"rendered":"<p>Comme en 2020, Vivons Bachy a particip\u00e9 \u00e0 la 2\u00e8me Gratif\u00e9ria organis\u00e9e par l&rsquo;association P\u00e9v\u00e8le z\u00e9ro d\u00e9chet.<\/p>\n","protected":false},"author":1,"featured_media":0,"parent":6197,"menu_order":0,"comment_status":"closed","ping_status":"closed","template":"","meta":{"footnotes":""},"_links":{"self":[{"href":"https:\/\/www.vivonsbachy.fr\/index.php?rest_route=\/wp\/v2\/pages\/6220"}],"collection":[{"href":"https:\/\/www.vivonsbachy.fr\/index.php?rest_route=\/wp\/v2\/pages"}],"about":[{"href":"https:\/\/www.vivonsbachy.fr\/index.php?rest_route=\/wp\/v2\/types\/page"}],"author":[{"embeddable":true,"href":"https:\/\/www.vivonsbachy.fr\/index.php?rest_route=\/wp\/v2\/users\/1"}],"replies":[{"embeddable":true,"href":"https:\/\/www.vivonsbachy.fr\/index.php?rest_route=%2Fwp%2Fv2%2Fcomments&post=6220"}],"version-history":[{"count":2,"href":"https:\/\/www.vivonsbachy.fr\/index.php?rest_route=\/wp\/v2\/pages\/6220\/revisions"}],"predecessor-version":[{"id":6230,"href":"https:\/\/www.vivonsbachy.fr\/index.php?rest_route=\/wp\/v2\/pages\/6220\/revisions\/6230"}],"up":[{"embeddable":true,"href":"https:\/\/www.vivonsbachy.fr\/index.php?rest_route=\/wp\/v2\/pages\/6197"}],"wp:attachment":[{"href":"https:\/\/www.vivonsbachy.fr\/index.php?rest_route=%2Fwp%2Fv2%2Fmedia&parent=6220"}],"curies":[{"name":"wp","href":"https:\/\/api.w.org\/{rel}","templated":true}]}}