{"id":6163,"date":"2022-03-07T14:19:49","date_gmt":"2022-03-07T12:19:49","guid":{"rendered":"https:\/\/www.vivonsbachy.fr\/?page_id=6163"},"modified":"2022-03-07T14:19:49","modified_gmt":"2022-03-07T12:19:49","slug":"4-vide-grenier-carnaval-de-bachy-les-22-23-juin-2019","status":"publish","type":"page","link":"https:\/\/www.vivonsbachy.fr\/?page_id=6163","title":{"rendered":"4 &#8211; Vide grenier &#038; Carnaval de Bachy les 22 &#038; 23 juin 2019"},"content":{"rendered":"\n<p>Comme tous les ans, Antoine de Baissy a particip\u00e9 au vide grenier et au d\u00e9fil\u00e9 carnavalesque. <\/p>\n\n\n\n<figure class=\"wp-block-gallery columns-3 is-cropped wp-block-gallery-1 is-layout-flex wp-block-gallery-is-layout-flex\"><ul class=\"blocks-gallery-grid\"><li class=\"blocks-gallery-item\"><figure><a href=\"https:\/\/www.vivonsbachy.fr\/wp-content\/uploads\/2022\/03\/Vide-grenier-253A8758-22-juin-2019-1024x683.jpg\" class=\"gallery_colorbox\"><img loading=\"lazy\" decoding=\"async\" width=\"1024\" height=\"683\" src=\"https:\/\/www.vivonsbachy.fr\/wp-content\/uploads\/2022\/03\/Vide-grenier-253A8758-22-juin-2019-1024x683.jpg\"  alt=\"\" data-id=\"6164\" data-link=\"https:\/\/www.vivonsbachy.fr\/?attachment_id=6164\" class=\"wp-image-6164\" srcset=\"https:\/\/www.vivonsbachy.fr\/wp-content\/uploads\/2022\/03\/Vide-grenier-253A8758-22-juin-2019-1024x683.jpg 1024w, https:\/\/www.vivonsbachy.fr\/wp-content\/uploads\/2022\/03\/Vide-grenier-253A8758-22-juin-2019-300x200.jpg 300w, https:\/\/www.vivonsbachy.fr\/wp-content\/uploads\/2022\/03\/Vide-grenier-253A8758-22-juin-2019-768x512.jpg 768w, https:\/\/www.vivonsbachy.fr\/wp-content\/uploads\/2022\/03\/Vide-grenier-253A8758-22-juin-2019-1536x1024.jpg 1536w, https:\/\/www.vivonsbachy.fr\/wp-content\/uploads\/2022\/03\/Vide-grenier-253A8758-22-juin-2019-2048x1365.jpg 2048w\" sizes=\"(max-width: 1024px) 100vw, 1024px\" \/><\/a><\/figure><\/li><li class=\"blocks-gallery-item\"><figure><a href=\"https:\/\/www.vivonsbachy.fr\/wp-content\/uploads\/2022\/03\/Vide-grenier-253A8759-22-juin-2019-683x1024.jpg\" class=\"gallery_colorbox\"><img loading=\"lazy\" decoding=\"async\" width=\"683\" height=\"1024\" src=\"https:\/\/www.vivonsbachy.fr\/wp-content\/uploads\/2022\/03\/Vide-grenier-253A8759-22-juin-2019-683x1024.jpg\"  alt=\"\" data-id=\"6165\" data-link=\"https:\/\/www.vivonsbachy.fr\/?attachment_id=6165\" class=\"wp-image-6165\" srcset=\"https:\/\/www.vivonsbachy.fr\/wp-content\/uploads\/2022\/03\/Vide-grenier-253A8759-22-juin-2019-683x1024.jpg 683w, https:\/\/www.vivonsbachy.fr\/wp-content\/uploads\/2022\/03\/Vide-grenier-253A8759-22-juin-2019-200x300.jpg 200w, https:\/\/www.vivonsbachy.fr\/wp-content\/uploads\/2022\/03\/Vide-grenier-253A8759-22-juin-2019-768x1152.jpg 768w, https:\/\/www.vivonsbachy.fr\/wp-content\/uploads\/2022\/03\/Vide-grenier-253A8759-22-juin-2019-1024x1536.jpg 1024w, https:\/\/www.vivonsbachy.fr\/wp-content\/uploads\/2022\/03\/Vide-grenier-253A8759-22-juin-2019-1365x2048.jpg 1365w, https:\/\/www.vivonsbachy.fr\/wp-content\/uploads\/2022\/03\/Vide-grenier-253A8759-22-juin-2019.jpg 1600w\" sizes=\"(max-width: 683px) 100vw, 683px\" \/><\/a><\/figure><\/li><li class=\"blocks-gallery-item\"><figure><a href=\"https:\/\/www.vivonsbachy.fr\/wp-content\/uploads\/2022\/03\/Carnaval-253A8843-23-juin-2019.jpg\" class=\"gallery_colorbox\"><img loading=\"lazy\" decoding=\"async\" width=\"1024\" height=\"683\" src=\"https:\/\/www.vivonsbachy.fr\/wp-content\/uploads\/2022\/03\/Carnaval-253A8843-23-juin-2019-1024x683.jpg\"  alt=\"\" data-id=\"6166\" data-full-url=\"https:\/\/www.vivonsbachy.fr\/wp-content\/uploads\/2022\/03\/Carnaval-253A8843-23-juin-2019.jpg\" data-link=\"https:\/\/www.vivonsbachy.fr\/?attachment_id=6166\" class=\"wp-image-6166\" srcset=\"https:\/\/www.vivonsbachy.fr\/wp-content\/uploads\/2022\/03\/Carnaval-253A8843-23-juin-2019-1024x683.jpg 1024w, https:\/\/www.vivonsbachy.fr\/wp-content\/uploads\/2022\/03\/Carnaval-253A8843-23-juin-2019-300x200.jpg 300w, https:\/\/www.vivonsbachy.fr\/wp-content\/uploads\/2022\/03\/Carnaval-253A8843-23-juin-2019-768x512.jpg 768w, https:\/\/www.vivonsbachy.fr\/wp-content\/uploads\/2022\/03\/Carnaval-253A8843-23-juin-2019-1536x1024.jpg 1536w, https:\/\/www.vivonsbachy.fr\/wp-content\/uploads\/2022\/03\/Carnaval-253A8843-23-juin-2019-2048x1365.jpg 2048w\" sizes=\"(max-width: 1024px) 100vw, 1024px\" \/><\/a><\/figure><\/li><li class=\"blocks-gallery-item\"><figure><a href=\"https:\/\/www.vivonsbachy.fr\/wp-content\/uploads\/2022\/03\/Carnaval-253A8844-23-juin-2019.jpg\" class=\"gallery_colorbox\"><img loading=\"lazy\" decoding=\"async\" width=\"1024\" height=\"683\" src=\"https:\/\/www.vivonsbachy.fr\/wp-content\/uploads\/2022\/03\/Carnaval-253A8844-23-juin-2019-1024x683.jpg\"  alt=\"\" data-id=\"6167\" data-full-url=\"https:\/\/www.vivonsbachy.fr\/wp-content\/uploads\/2022\/03\/Carnaval-253A8844-23-juin-2019.jpg\" data-link=\"https:\/\/www.vivonsbachy.fr\/?attachment_id=6167\" class=\"wp-image-6167\" srcset=\"https:\/\/www.vivonsbachy.fr\/wp-content\/uploads\/2022\/03\/Carnaval-253A8844-23-juin-2019-1024x683.jpg 1024w, https:\/\/www.vivonsbachy.fr\/wp-content\/uploads\/2022\/03\/Carnaval-253A8844-23-juin-2019-300x200.jpg 300w, https:\/\/www.vivonsbachy.fr\/wp-content\/uploads\/2022\/03\/Carnaval-253A8844-23-juin-2019-768x512.jpg 768w, https:\/\/www.vivonsbachy.fr\/wp-content\/uploads\/2022\/03\/Carnaval-253A8844-23-juin-2019-1536x1024.jpg 1536w, https:\/\/www.vivonsbachy.fr\/wp-content\/uploads\/2022\/03\/Carnaval-253A8844-23-juin-2019-2048x1365.jpg 2048w\" sizes=\"(max-width: 1024px) 100vw, 1024px\" \/><\/a><\/figure><\/li><li class=\"blocks-gallery-item\"><figure><a href=\"https:\/\/www.vivonsbachy.fr\/wp-content\/uploads\/2022\/03\/Carnaval-253A8846-23-juin-2019.jpg\" class=\"gallery_colorbox\"><img loading=\"lazy\" decoding=\"async\" width=\"1024\" height=\"683\" src=\"https:\/\/www.vivonsbachy.fr\/wp-content\/uploads\/2022\/03\/Carnaval-253A8846-23-juin-2019-1024x683.jpg\"  alt=\"\" data-id=\"6168\" data-full-url=\"https:\/\/www.vivonsbachy.fr\/wp-content\/uploads\/2022\/03\/Carnaval-253A8846-23-juin-2019.jpg\" data-link=\"https:\/\/www.vivonsbachy.fr\/?attachment_id=6168\" class=\"wp-image-6168\" srcset=\"https:\/\/www.vivonsbachy.fr\/wp-content\/uploads\/2022\/03\/Carnaval-253A8846-23-juin-2019-1024x683.jpg 1024w, https:\/\/www.vivonsbachy.fr\/wp-content\/uploads\/2022\/03\/Carnaval-253A8846-23-juin-2019-300x200.jpg 300w, https:\/\/www.vivonsbachy.fr\/wp-content\/uploads\/2022\/03\/Carnaval-253A8846-23-juin-2019-768x512.jpg 768w, https:\/\/www.vivonsbachy.fr\/wp-content\/uploads\/2022\/03\/Carnaval-253A8846-23-juin-2019-1536x1024.jpg 1536w, https:\/\/www.vivonsbachy.fr\/wp-content\/uploads\/2022\/03\/Carnaval-253A8846-23-juin-2019-2048x1365.jpg 2048w\" sizes=\"(max-width: 1024px) 100vw, 1024px\" \/><\/a><\/figure><\/li><li class=\"blocks-gallery-item\"><figure><a href=\"https:\/\/www.vivonsbachy.fr\/wp-content\/uploads\/2022\/03\/Carnaval-253A8866-23-juin-2019.jpg\" class=\"gallery_colorbox\"><img loading=\"lazy\" decoding=\"async\" width=\"1024\" height=\"683\" src=\"https:\/\/www.vivonsbachy.fr\/wp-content\/uploads\/2022\/03\/Carnaval-253A8866-23-juin-2019-1024x683.jpg\"  alt=\"\" data-id=\"6169\" data-full-url=\"https:\/\/www.vivonsbachy.fr\/wp-content\/uploads\/2022\/03\/Carnaval-253A8866-23-juin-2019.jpg\" data-link=\"https:\/\/www.vivonsbachy.fr\/?attachment_id=6169\" class=\"wp-image-6169\" srcset=\"https:\/\/www.vivonsbachy.fr\/wp-content\/uploads\/2022\/03\/Carnaval-253A8866-23-juin-2019-1024x683.jpg 1024w, https:\/\/www.vivonsbachy.fr\/wp-content\/uploads\/2022\/03\/Carnaval-253A8866-23-juin-2019-300x200.jpg 300w, https:\/\/www.vivonsbachy.fr\/wp-content\/uploads\/2022\/03\/Carnaval-253A8866-23-juin-2019-768x512.jpg 768w, https:\/\/www.vivonsbachy.fr\/wp-content\/uploads\/2022\/03\/Carnaval-253A8866-23-juin-2019-1536x1024.jpg 1536w, https:\/\/www.vivonsbachy.fr\/wp-content\/uploads\/2022\/03\/Carnaval-253A8866-23-juin-2019-2048x1365.jpg 2048w\" sizes=\"(max-width: 1024px) 100vw, 1024px\" \/><\/a><\/figure><\/li><\/ul><\/figure>\n","protected":false},"excerpt":{"rendered":"<p>Comme tous les ans, Antoine de Baissy a particip\u00e9 au vide grenier et au d\u00e9fil\u00e9 carnavalesque.<\/p>\n","protected":false},"author":1,"featured_media":0,"parent":6061,"menu_order":0,"comment_status":"closed","ping_status":"closed","template":"","meta":{"footnotes":""},"_links":{"self":[{"href":"https:\/\/www.vivonsbachy.fr\/index.php?rest_route=\/wp\/v2\/pages\/6163"}],"collection":[{"href":"https:\/\/www.vivonsbachy.fr\/index.php?rest_route=\/wp\/v2\/pages"}],"about":[{"href":"https:\/\/www.vivonsbachy.fr\/index.php?rest_route=\/wp\/v2\/types\/page"}],"author":[{"embeddable":true,"href":"https:\/\/www.vivonsbachy.fr\/index.php?rest_route=\/wp\/v2\/users\/1"}],"replies":[{"embeddable":true,"href":"https:\/\/www.vivonsbachy.fr\/index.php?rest_route=%2Fwp%2Fv2%2Fcomments&post=6163"}],"version-history":[{"count":1,"href":"https:\/\/www.vivonsbachy.fr\/index.php?rest_route=\/wp\/v2\/pages\/6163\/revisions"}],"predecessor-version":[{"id":6170,"href":"https:\/\/www.vivonsbachy.fr\/index.php?rest_route=\/wp\/v2\/pages\/6163\/revisions\/6170"}],"up":[{"embeddable":true,"href":"https:\/\/www.vivonsbachy.fr\/index.php?rest_route=\/wp\/v2\/pages\/6061"}],"wp:attachment":[{"href":"https:\/\/www.vivonsbachy.fr\/index.php?rest_route=%2Fwp%2Fv2%2Fmedia&parent=6163"}],"curies":[{"name":"wp","href":"https:\/\/api.w.org\/{rel}","templated":true}]}}