{"id":6153,"date":"2022-03-07T13:39:34","date_gmt":"2022-03-07T11:39:34","guid":{"rendered":"https:\/\/www.vivonsbachy.fr\/?page_id=6153"},"modified":"2022-03-07T13:46:50","modified_gmt":"2022-03-07T11:46:50","slug":"3-tournoi-de-bourles","status":"publish","type":"page","link":"https:\/\/www.vivonsbachy.fr\/?page_id=6153","title":{"rendered":"3 &#8211; Tournoi de bourles"},"content":{"rendered":"\n<p>Comme chaque ann\u00e9e, Vivons Bachy a particip\u00e9 au tournoi de bourles du village. Nous nous sommes fait sortir d\u00e8s le premier tour, les autres \u00e9taient vraiment trop forts !!<\/p>\n\n\n\n<figure class=\"wp-block-gallery columns-3 is-cropped wp-block-gallery-1 is-layout-flex wp-block-gallery-is-layout-flex\"><ul class=\"blocks-gallery-grid\"><li class=\"blocks-gallery-item\"><figure><a href=\"https:\/\/www.vivonsbachy.fr\/wp-content\/uploads\/2022\/03\/Tournoi-de-Bourles-253A8504-01-juin-2019.jpg\" class=\"gallery_colorbox\"><img loading=\"lazy\" decoding=\"async\" width=\"1024\" height=\"683\" src=\"https:\/\/www.vivonsbachy.fr\/wp-content\/uploads\/2022\/03\/Tournoi-de-Bourles-253A8504-01-juin-2019-1024x683.jpg\"  alt=\"\" data-id=\"6154\" data-full-url=\"https:\/\/www.vivonsbachy.fr\/wp-content\/uploads\/2022\/03\/Tournoi-de-Bourles-253A8504-01-juin-2019.jpg\" data-link=\"https:\/\/www.vivonsbachy.fr\/?attachment_id=6154\" class=\"wp-image-6154\" srcset=\"https:\/\/www.vivonsbachy.fr\/wp-content\/uploads\/2022\/03\/Tournoi-de-Bourles-253A8504-01-juin-2019-1024x683.jpg 1024w, https:\/\/www.vivonsbachy.fr\/wp-content\/uploads\/2022\/03\/Tournoi-de-Bourles-253A8504-01-juin-2019-300x200.jpg 300w, https:\/\/www.vivonsbachy.fr\/wp-content\/uploads\/2022\/03\/Tournoi-de-Bourles-253A8504-01-juin-2019-768x512.jpg 768w, https:\/\/www.vivonsbachy.fr\/wp-content\/uploads\/2022\/03\/Tournoi-de-Bourles-253A8504-01-juin-2019-1536x1024.jpg 1536w, https:\/\/www.vivonsbachy.fr\/wp-content\/uploads\/2022\/03\/Tournoi-de-Bourles-253A8504-01-juin-2019-2048x1365.jpg 2048w\" sizes=\"(max-width: 1024px) 100vw, 1024px\" \/><\/a><\/figure><\/li><li class=\"blocks-gallery-item\"><figure><a href=\"https:\/\/www.vivonsbachy.fr\/wp-content\/uploads\/2022\/03\/Tournoi-de-Bourles-253A8508-01-juin-2019.jpg\" class=\"gallery_colorbox\"><img loading=\"lazy\" decoding=\"async\" width=\"1024\" height=\"683\" src=\"https:\/\/www.vivonsbachy.fr\/wp-content\/uploads\/2022\/03\/Tournoi-de-Bourles-253A8508-01-juin-2019-1024x683.jpg\"  alt=\"\" data-id=\"6155\" data-full-url=\"https:\/\/www.vivonsbachy.fr\/wp-content\/uploads\/2022\/03\/Tournoi-de-Bourles-253A8508-01-juin-2019.jpg\" data-link=\"https:\/\/www.vivonsbachy.fr\/?attachment_id=6155\" class=\"wp-image-6155\" srcset=\"https:\/\/www.vivonsbachy.fr\/wp-content\/uploads\/2022\/03\/Tournoi-de-Bourles-253A8508-01-juin-2019-1024x683.jpg 1024w, https:\/\/www.vivonsbachy.fr\/wp-content\/uploads\/2022\/03\/Tournoi-de-Bourles-253A8508-01-juin-2019-300x200.jpg 300w, https:\/\/www.vivonsbachy.fr\/wp-content\/uploads\/2022\/03\/Tournoi-de-Bourles-253A8508-01-juin-2019-768x512.jpg 768w, https:\/\/www.vivonsbachy.fr\/wp-content\/uploads\/2022\/03\/Tournoi-de-Bourles-253A8508-01-juin-2019-1536x1024.jpg 1536w, https:\/\/www.vivonsbachy.fr\/wp-content\/uploads\/2022\/03\/Tournoi-de-Bourles-253A8508-01-juin-2019-2048x1365.jpg 2048w\" sizes=\"(max-width: 1024px) 100vw, 1024px\" \/><\/a><\/figure><\/li><li class=\"blocks-gallery-item\"><figure><a href=\"https:\/\/www.vivonsbachy.fr\/wp-content\/uploads\/2022\/03\/Tournoi-de-Bourles-253A8509-01-juin-2019.jpg\" class=\"gallery_colorbox\"><img loading=\"lazy\" decoding=\"async\" width=\"1024\" height=\"683\" src=\"https:\/\/www.vivonsbachy.fr\/wp-content\/uploads\/2022\/03\/Tournoi-de-Bourles-253A8509-01-juin-2019-1024x683.jpg\"  alt=\"\" data-id=\"6156\" data-full-url=\"https:\/\/www.vivonsbachy.fr\/wp-content\/uploads\/2022\/03\/Tournoi-de-Bourles-253A8509-01-juin-2019.jpg\" data-link=\"https:\/\/www.vivonsbachy.fr\/?attachment_id=6156\" class=\"wp-image-6156\" srcset=\"https:\/\/www.vivonsbachy.fr\/wp-content\/uploads\/2022\/03\/Tournoi-de-Bourles-253A8509-01-juin-2019-1024x683.jpg 1024w, https:\/\/www.vivonsbachy.fr\/wp-content\/uploads\/2022\/03\/Tournoi-de-Bourles-253A8509-01-juin-2019-300x200.jpg 300w, https:\/\/www.vivonsbachy.fr\/wp-content\/uploads\/2022\/03\/Tournoi-de-Bourles-253A8509-01-juin-2019-768x512.jpg 768w, https:\/\/www.vivonsbachy.fr\/wp-content\/uploads\/2022\/03\/Tournoi-de-Bourles-253A8509-01-juin-2019-1536x1024.jpg 1536w, https:\/\/www.vivonsbachy.fr\/wp-content\/uploads\/2022\/03\/Tournoi-de-Bourles-253A8509-01-juin-2019-2048x1365.jpg 2048w\" sizes=\"(max-width: 1024px) 100vw, 1024px\" \/><\/a><\/figure><\/li><li class=\"blocks-gallery-item\"><figure><a href=\"https:\/\/www.vivonsbachy.fr\/wp-content\/uploads\/2022\/03\/Tournoi-de-Bourles-253A8513-01-juin-2019.jpg\" class=\"gallery_colorbox\"><img loading=\"lazy\" decoding=\"async\" width=\"1024\" height=\"683\" src=\"https:\/\/www.vivonsbachy.fr\/wp-content\/uploads\/2022\/03\/Tournoi-de-Bourles-253A8513-01-juin-2019-1024x683.jpg\"  alt=\"\" data-id=\"6157\" data-full-url=\"https:\/\/www.vivonsbachy.fr\/wp-content\/uploads\/2022\/03\/Tournoi-de-Bourles-253A8513-01-juin-2019.jpg\" data-link=\"https:\/\/www.vivonsbachy.fr\/?attachment_id=6157\" class=\"wp-image-6157\" srcset=\"https:\/\/www.vivonsbachy.fr\/wp-content\/uploads\/2022\/03\/Tournoi-de-Bourles-253A8513-01-juin-2019-1024x683.jpg 1024w, https:\/\/www.vivonsbachy.fr\/wp-content\/uploads\/2022\/03\/Tournoi-de-Bourles-253A8513-01-juin-2019-300x200.jpg 300w, https:\/\/www.vivonsbachy.fr\/wp-content\/uploads\/2022\/03\/Tournoi-de-Bourles-253A8513-01-juin-2019-768x512.jpg 768w, https:\/\/www.vivonsbachy.fr\/wp-content\/uploads\/2022\/03\/Tournoi-de-Bourles-253A8513-01-juin-2019-1536x1024.jpg 1536w, https:\/\/www.vivonsbachy.fr\/wp-content\/uploads\/2022\/03\/Tournoi-de-Bourles-253A8513-01-juin-2019-2048x1365.jpg 2048w\" sizes=\"(max-width: 1024px) 100vw, 1024px\" \/><\/a><\/figure><\/li><li class=\"blocks-gallery-item\"><figure><a href=\"https:\/\/www.vivonsbachy.fr\/wp-content\/uploads\/2022\/03\/Tournoi-de-Bourles-253A8521-01-juin-2019.jpg\" class=\"gallery_colorbox\"><img loading=\"lazy\" decoding=\"async\" width=\"1024\" height=\"683\" src=\"https:\/\/www.vivonsbachy.fr\/wp-content\/uploads\/2022\/03\/Tournoi-de-Bourles-253A8521-01-juin-2019-1024x683.jpg\"  alt=\"\" data-id=\"6158\" data-full-url=\"https:\/\/www.vivonsbachy.fr\/wp-content\/uploads\/2022\/03\/Tournoi-de-Bourles-253A8521-01-juin-2019.jpg\" data-link=\"https:\/\/www.vivonsbachy.fr\/?attachment_id=6158\" class=\"wp-image-6158\" srcset=\"https:\/\/www.vivonsbachy.fr\/wp-content\/uploads\/2022\/03\/Tournoi-de-Bourles-253A8521-01-juin-2019-1024x683.jpg 1024w, https:\/\/www.vivonsbachy.fr\/wp-content\/uploads\/2022\/03\/Tournoi-de-Bourles-253A8521-01-juin-2019-300x200.jpg 300w, https:\/\/www.vivonsbachy.fr\/wp-content\/uploads\/2022\/03\/Tournoi-de-Bourles-253A8521-01-juin-2019-768x512.jpg 768w, https:\/\/www.vivonsbachy.fr\/wp-content\/uploads\/2022\/03\/Tournoi-de-Bourles-253A8521-01-juin-2019-1536x1024.jpg 1536w, https:\/\/www.vivonsbachy.fr\/wp-content\/uploads\/2022\/03\/Tournoi-de-Bourles-253A8521-01-juin-2019-2048x1365.jpg 2048w\" sizes=\"(max-width: 1024px) 100vw, 1024px\" \/><\/a><\/figure><\/li><li class=\"blocks-gallery-item\"><figure><a href=\"https:\/\/www.vivonsbachy.fr\/wp-content\/uploads\/2022\/03\/Tournoi-de-Bourles-253A8523-01-juin-2019.jpg\" class=\"gallery_colorbox\"><img loading=\"lazy\" decoding=\"async\" width=\"1024\" height=\"683\" src=\"https:\/\/www.vivonsbachy.fr\/wp-content\/uploads\/2022\/03\/Tournoi-de-Bourles-253A8523-01-juin-2019-1024x683.jpg\"  alt=\"\" data-id=\"6159\" data-full-url=\"https:\/\/www.vivonsbachy.fr\/wp-content\/uploads\/2022\/03\/Tournoi-de-Bourles-253A8523-01-juin-2019.jpg\" data-link=\"https:\/\/www.vivonsbachy.fr\/?attachment_id=6159\" class=\"wp-image-6159\" srcset=\"https:\/\/www.vivonsbachy.fr\/wp-content\/uploads\/2022\/03\/Tournoi-de-Bourles-253A8523-01-juin-2019-1024x683.jpg 1024w, https:\/\/www.vivonsbachy.fr\/wp-content\/uploads\/2022\/03\/Tournoi-de-Bourles-253A8523-01-juin-2019-300x200.jpg 300w, https:\/\/www.vivonsbachy.fr\/wp-content\/uploads\/2022\/03\/Tournoi-de-Bourles-253A8523-01-juin-2019-768x512.jpg 768w, https:\/\/www.vivonsbachy.fr\/wp-content\/uploads\/2022\/03\/Tournoi-de-Bourles-253A8523-01-juin-2019-1536x1024.jpg 1536w, https:\/\/www.vivonsbachy.fr\/wp-content\/uploads\/2022\/03\/Tournoi-de-Bourles-253A8523-01-juin-2019-2048x1365.jpg 2048w\" sizes=\"(max-width: 1024px) 100vw, 1024px\" \/><\/a><\/figure><\/li><\/ul><\/figure>\n","protected":false},"excerpt":{"rendered":"<p>Comme chaque ann\u00e9e, Vivons Bachy a particip\u00e9 au tournoi de bourles du village. Nous nous sommes fait sortir d\u00e8s le premier tour, les autres \u00e9taient vraiment trop forts !!<\/p>\n","protected":false},"author":1,"featured_media":0,"parent":6061,"menu_order":0,"comment_status":"closed","ping_status":"closed","template":"","meta":{"footnotes":""},"_links":{"self":[{"href":"https:\/\/www.vivonsbachy.fr\/index.php?rest_route=\/wp\/v2\/pages\/6153"}],"collection":[{"href":"https:\/\/www.vivonsbachy.fr\/index.php?rest_route=\/wp\/v2\/pages"}],"about":[{"href":"https:\/\/www.vivonsbachy.fr\/index.php?rest_route=\/wp\/v2\/types\/page"}],"author":[{"embeddable":true,"href":"https:\/\/www.vivonsbachy.fr\/index.php?rest_route=\/wp\/v2\/users\/1"}],"replies":[{"embeddable":true,"href":"https:\/\/www.vivonsbachy.fr\/index.php?rest_route=%2Fwp%2Fv2%2Fcomments&post=6153"}],"version-history":[{"count":2,"href":"https:\/\/www.vivonsbachy.fr\/index.php?rest_route=\/wp\/v2\/pages\/6153\/revisions"}],"predecessor-version":[{"id":6162,"href":"https:\/\/www.vivonsbachy.fr\/index.php?rest_route=\/wp\/v2\/pages\/6153\/revisions\/6162"}],"up":[{"embeddable":true,"href":"https:\/\/www.vivonsbachy.fr\/index.php?rest_route=\/wp\/v2\/pages\/6061"}],"wp:attachment":[{"href":"https:\/\/www.vivonsbachy.fr\/index.php?rest_route=%2Fwp%2Fv2%2Fmedia&parent=6153"}],"curies":[{"name":"wp","href":"https:\/\/api.w.org\/{rel}","templated":true}]}}