{"id":5839,"date":"2018-10-13T10:46:48","date_gmt":"2018-10-13T08:46:48","guid":{"rendered":"https:\/\/www.vivonsbachy.fr\/?page_id=5839"},"modified":"2018-11-01T19:04:40","modified_gmt":"2018-11-01T17:04:40","slug":"defile-a-orchies-16-septembre","status":"publish","type":"page","link":"https:\/\/www.vivonsbachy.fr\/?page_id=5839","title":{"rendered":"11 &#8211; D\u00e9fil\u00e9 \u00e0 Orchies 16 Septembre"},"content":{"rendered":"<p>D\u00e9fil\u00e9 de notre g\u00e9ant \u00ab\u00a0Antoine de Baissy\u00a0\u00bb lors des festivit\u00e9 d&rsquo;Orchies le 16 septembre<\/p>\n<p><a href=\"https:\/\/www.vivonsbachy.fr\/wp-content\/uploads\/2018\/11\/D\u00e9fil\u00e9-Orchies-253A1715-16-septembre-2018.jpg\" class=\"gallery_colorbox\"><img loading=\"lazy\" decoding=\"async\" class=\"alignleft size-medium wp-image-6040\" src=\"https:\/\/www.vivonsbachy.fr\/wp-content\/uploads\/2018\/11\/D\u00e9fil\u00e9-Orchies-253A1715-16-septembre-2018-200x300.jpg\"  alt=\"\" width=\"200\" height=\"300\" srcset=\"https:\/\/www.vivonsbachy.fr\/wp-content\/uploads\/2018\/11\/D\u00e9fil\u00e9-Orchies-253A1715-16-septembre-2018-200x300.jpg 200w, https:\/\/www.vivonsbachy.fr\/wp-content\/uploads\/2018\/11\/D\u00e9fil\u00e9-Orchies-253A1715-16-septembre-2018-768x1152.jpg 768w, https:\/\/www.vivonsbachy.fr\/wp-content\/uploads\/2018\/11\/D\u00e9fil\u00e9-Orchies-253A1715-16-septembre-2018-683x1024.jpg 683w, https:\/\/www.vivonsbachy.fr\/wp-content\/uploads\/2018\/11\/D\u00e9fil\u00e9-Orchies-253A1715-16-septembre-2018.jpg 1800w\" sizes=\"(max-width: 200px) 100vw, 200px\" \/><\/a><a href=\"https:\/\/www.vivonsbachy.fr\/wp-content\/uploads\/2018\/11\/D\u00e9fil\u00e9-Orchies-253A1719-16-septembre-2018.jpg\" class=\"gallery_colorbox\"><img loading=\"lazy\" decoding=\"async\" class=\"size-medium wp-image-6042 alignnone\" src=\"https:\/\/www.vivonsbachy.fr\/wp-content\/uploads\/2018\/11\/D\u00e9fil\u00e9-Orchies-253A1719-16-septembre-2018-200x300.jpg\"  alt=\"\" width=\"200\" height=\"300\" srcset=\"https:\/\/www.vivonsbachy.fr\/wp-content\/uploads\/2018\/11\/D\u00e9fil\u00e9-Orchies-253A1719-16-septembre-2018-200x300.jpg 200w, https:\/\/www.vivonsbachy.fr\/wp-content\/uploads\/2018\/11\/D\u00e9fil\u00e9-Orchies-253A1719-16-septembre-2018-768x1152.jpg 768w, https:\/\/www.vivonsbachy.fr\/wp-content\/uploads\/2018\/11\/D\u00e9fil\u00e9-Orchies-253A1719-16-septembre-2018-683x1024.jpg 683w, https:\/\/www.vivonsbachy.fr\/wp-content\/uploads\/2018\/11\/D\u00e9fil\u00e9-Orchies-253A1719-16-septembre-2018.jpg 1800w\" sizes=\"(max-width: 200px) 100vw, 200px\" \/><\/a> <a href=\"https:\/\/www.vivonsbachy.fr\/wp-content\/uploads\/2018\/11\/D\u00e9fil\u00e9-Orchies-253A1718-16-septembre-2018.jpg\" class=\"gallery_colorbox\"><img loading=\"lazy\" decoding=\"async\" class=\"size-medium wp-image-6041 alignnone\" src=\"https:\/\/www.vivonsbachy.fr\/wp-content\/uploads\/2018\/11\/D\u00e9fil\u00e9-Orchies-253A1718-16-septembre-2018-200x300.jpg\"  alt=\"\" width=\"200\" height=\"300\" srcset=\"https:\/\/www.vivonsbachy.fr\/wp-content\/uploads\/2018\/11\/D\u00e9fil\u00e9-Orchies-253A1718-16-septembre-2018-200x300.jpg 200w, https:\/\/www.vivonsbachy.fr\/wp-content\/uploads\/2018\/11\/D\u00e9fil\u00e9-Orchies-253A1718-16-septembre-2018-768x1152.jpg 768w, https:\/\/www.vivonsbachy.fr\/wp-content\/uploads\/2018\/11\/D\u00e9fil\u00e9-Orchies-253A1718-16-septembre-2018-683x1024.jpg 683w, https:\/\/www.vivonsbachy.fr\/wp-content\/uploads\/2018\/11\/D\u00e9fil\u00e9-Orchies-253A1718-16-septembre-2018.jpg 1800w\" sizes=\"(max-width: 200px) 100vw, 200px\" \/><\/a> <a href=\"https:\/\/www.vivonsbachy.fr\/wp-content\/uploads\/2018\/11\/D\u00e9fil\u00e9-Orchies-253A1740-16-septembre-2018.jpg\" class=\"gallery_colorbox\"><img loading=\"lazy\" decoding=\"async\" class=\"size-medium wp-image-6043 aligncenter\" src=\"https:\/\/www.vivonsbachy.fr\/wp-content\/uploads\/2018\/11\/D\u00e9fil\u00e9-Orchies-253A1740-16-septembre-2018-300x200.jpg\"  alt=\"\" width=\"300\" height=\"200\" srcset=\"https:\/\/www.vivonsbachy.fr\/wp-content\/uploads\/2018\/11\/D\u00e9fil\u00e9-Orchies-253A1740-16-septembre-2018-300x200.jpg 300w, https:\/\/www.vivonsbachy.fr\/wp-content\/uploads\/2018\/11\/D\u00e9fil\u00e9-Orchies-253A1740-16-septembre-2018-768x512.jpg 768w, https:\/\/www.vivonsbachy.fr\/wp-content\/uploads\/2018\/11\/D\u00e9fil\u00e9-Orchies-253A1740-16-septembre-2018-1024x683.jpg 1024w\" sizes=\"(max-width: 300px) 100vw, 300px\" \/><\/a> <a href=\"https:\/\/www.vivonsbachy.fr\/wp-content\/uploads\/2018\/11\/D\u00e9fil\u00e9-Orchies-253A1746-16-septembre-2018.jpg\" class=\"gallery_colorbox\"><img loading=\"lazy\" decoding=\"async\" class=\"alignleft size-medium wp-image-6044\" src=\"https:\/\/www.vivonsbachy.fr\/wp-content\/uploads\/2018\/11\/D\u00e9fil\u00e9-Orchies-253A1746-16-septembre-2018-300x200.jpg\"  alt=\"\" width=\"300\" height=\"200\" srcset=\"https:\/\/www.vivonsbachy.fr\/wp-content\/uploads\/2018\/11\/D\u00e9fil\u00e9-Orchies-253A1746-16-septembre-2018-300x200.jpg 300w, https:\/\/www.vivonsbachy.fr\/wp-content\/uploads\/2018\/11\/D\u00e9fil\u00e9-Orchies-253A1746-16-septembre-2018-768x512.jpg 768w, https:\/\/www.vivonsbachy.fr\/wp-content\/uploads\/2018\/11\/D\u00e9fil\u00e9-Orchies-253A1746-16-septembre-2018-1024x683.jpg 1024w\" sizes=\"(max-width: 300px) 100vw, 300px\" \/><\/a> <a href=\"https:\/\/www.vivonsbachy.fr\/wp-content\/uploads\/2018\/11\/D\u00e9fil\u00e9-Orchies-253A1748-16-septembre-2018.jpg\" class=\"gallery_colorbox\"><img loading=\"lazy\" decoding=\"async\" class=\"alignleft size-medium wp-image-6045\" src=\"https:\/\/www.vivonsbachy.fr\/wp-content\/uploads\/2018\/11\/D\u00e9fil\u00e9-Orchies-253A1748-16-septembre-2018-300x200.jpg\"  alt=\"\" width=\"300\" height=\"200\" srcset=\"https:\/\/www.vivonsbachy.fr\/wp-content\/uploads\/2018\/11\/D\u00e9fil\u00e9-Orchies-253A1748-16-septembre-2018-300x200.jpg 300w, https:\/\/www.vivonsbachy.fr\/wp-content\/uploads\/2018\/11\/D\u00e9fil\u00e9-Orchies-253A1748-16-septembre-2018-768x512.jpg 768w, https:\/\/www.vivonsbachy.fr\/wp-content\/uploads\/2018\/11\/D\u00e9fil\u00e9-Orchies-253A1748-16-septembre-2018-1024x683.jpg 1024w\" sizes=\"(max-width: 300px) 100vw, 300px\" \/><\/a> <a href=\"https:\/\/www.vivonsbachy.fr\/wp-content\/uploads\/2018\/11\/D\u00e9fil\u00e9-Orchies-253A1752-16-septembre-2018.jpg\" class=\"gallery_colorbox\"><img loading=\"lazy\" decoding=\"async\" class=\"size-medium wp-image-6046 alignnone\" src=\"https:\/\/www.vivonsbachy.fr\/wp-content\/uploads\/2018\/11\/D\u00e9fil\u00e9-Orchies-253A1752-16-septembre-2018-300x200.jpg\"  alt=\"\" width=\"300\" height=\"200\" srcset=\"https:\/\/www.vivonsbachy.fr\/wp-content\/uploads\/2018\/11\/D\u00e9fil\u00e9-Orchies-253A1752-16-septembre-2018-300x200.jpg 300w, https:\/\/www.vivonsbachy.fr\/wp-content\/uploads\/2018\/11\/D\u00e9fil\u00e9-Orchies-253A1752-16-septembre-2018-768x512.jpg 768w, https:\/\/www.vivonsbachy.fr\/wp-content\/uploads\/2018\/11\/D\u00e9fil\u00e9-Orchies-253A1752-16-septembre-2018-1024x683.jpg 1024w\" sizes=\"(max-width: 300px) 100vw, 300px\" \/><\/a> <a href=\"https:\/\/www.vivonsbachy.fr\/wp-content\/uploads\/2018\/11\/D\u00e9fil\u00e9-Orchies-253A1761-16-septembre-2018.jpg\" class=\"gallery_colorbox\"><img loading=\"lazy\" decoding=\"async\" class=\"size-medium wp-image-6047 alignnone\" src=\"https:\/\/www.vivonsbachy.fr\/wp-content\/uploads\/2018\/11\/D\u00e9fil\u00e9-Orchies-253A1761-16-septembre-2018-300x200.jpg\"  alt=\"\" width=\"300\" height=\"200\" srcset=\"https:\/\/www.vivonsbachy.fr\/wp-content\/uploads\/2018\/11\/D\u00e9fil\u00e9-Orchies-253A1761-16-septembre-2018-300x200.jpg 300w, https:\/\/www.vivonsbachy.fr\/wp-content\/uploads\/2018\/11\/D\u00e9fil\u00e9-Orchies-253A1761-16-septembre-2018-768x512.jpg 768w, https:\/\/www.vivonsbachy.fr\/wp-content\/uploads\/2018\/11\/D\u00e9fil\u00e9-Orchies-253A1761-16-septembre-2018-1024x683.jpg 1024w\" sizes=\"(max-width: 300px) 100vw, 300px\" \/><\/a> <a href=\"https:\/\/www.vivonsbachy.fr\/wp-content\/uploads\/2018\/11\/D\u00e9fil\u00e9-Orchies-253A1762-16-septembre-2018.jpg\" class=\"gallery_colorbox\"><img loading=\"lazy\" decoding=\"async\" class=\"alignleft size-medium wp-image-6048\" src=\"https:\/\/www.vivonsbachy.fr\/wp-content\/uploads\/2018\/11\/D\u00e9fil\u00e9-Orchies-253A1762-16-septembre-2018-300x200.jpg\"  alt=\"\" width=\"300\" height=\"200\" srcset=\"https:\/\/www.vivonsbachy.fr\/wp-content\/uploads\/2018\/11\/D\u00e9fil\u00e9-Orchies-253A1762-16-septembre-2018-300x200.jpg 300w, https:\/\/www.vivonsbachy.fr\/wp-content\/uploads\/2018\/11\/D\u00e9fil\u00e9-Orchies-253A1762-16-septembre-2018-768x512.jpg 768w, https:\/\/www.vivonsbachy.fr\/wp-content\/uploads\/2018\/11\/D\u00e9fil\u00e9-Orchies-253A1762-16-septembre-2018-1024x683.jpg 1024w\" sizes=\"(max-width: 300px) 100vw, 300px\" \/><\/a> <a href=\"https:\/\/www.vivonsbachy.fr\/wp-content\/uploads\/2018\/11\/D\u00e9fil\u00e9-Orchies-253A1767-16-septembre-2018.jpg\" class=\"gallery_colorbox\"><img loading=\"lazy\" decoding=\"async\" class=\"size-medium wp-image-6049 alignnone\" src=\"https:\/\/www.vivonsbachy.fr\/wp-content\/uploads\/2018\/11\/D\u00e9fil\u00e9-Orchies-253A1767-16-septembre-2018-300x200.jpg\"  alt=\"\" width=\"300\" height=\"200\" srcset=\"https:\/\/www.vivonsbachy.fr\/wp-content\/uploads\/2018\/11\/D\u00e9fil\u00e9-Orchies-253A1767-16-septembre-2018-300x200.jpg 300w, https:\/\/www.vivonsbachy.fr\/wp-content\/uploads\/2018\/11\/D\u00e9fil\u00e9-Orchies-253A1767-16-septembre-2018-768x512.jpg 768w, https:\/\/www.vivonsbachy.fr\/wp-content\/uploads\/2018\/11\/D\u00e9fil\u00e9-Orchies-253A1767-16-septembre-2018-1024x683.jpg 1024w\" sizes=\"(max-width: 300px) 100vw, 300px\" \/><\/a> <a href=\"https:\/\/www.vivonsbachy.fr\/wp-content\/uploads\/2018\/11\/D\u00e9fil\u00e9-Orchies-253A1769-16-septembre-2018.jpg\" class=\"gallery_colorbox\"><img loading=\"lazy\" decoding=\"async\" class=\"alignleft size-medium wp-image-6050\" src=\"https:\/\/www.vivonsbachy.fr\/wp-content\/uploads\/2018\/11\/D\u00e9fil\u00e9-Orchies-253A1769-16-septembre-2018-300x200.jpg\"  alt=\"\" width=\"300\" height=\"200\" srcset=\"https:\/\/www.vivonsbachy.fr\/wp-content\/uploads\/2018\/11\/D\u00e9fil\u00e9-Orchies-253A1769-16-septembre-2018-300x200.jpg 300w, https:\/\/www.vivonsbachy.fr\/wp-content\/uploads\/2018\/11\/D\u00e9fil\u00e9-Orchies-253A1769-16-septembre-2018-768x512.jpg 768w, https:\/\/www.vivonsbachy.fr\/wp-content\/uploads\/2018\/11\/D\u00e9fil\u00e9-Orchies-253A1769-16-septembre-2018-1024x683.jpg 1024w\" sizes=\"(max-width: 300px) 100vw, 300px\" \/><\/a> <a href=\"https:\/\/www.vivonsbachy.fr\/wp-content\/uploads\/2018\/11\/D\u00e9fil\u00e9-Orchies-253A1773-16-septembre-2018.jpg\" class=\"gallery_colorbox\"><img loading=\"lazy\" decoding=\"async\" class=\"size-medium wp-image-6051 alignnone\" src=\"https:\/\/www.vivonsbachy.fr\/wp-content\/uploads\/2018\/11\/D\u00e9fil\u00e9-Orchies-253A1773-16-septembre-2018-300x200.jpg\"  alt=\"\" width=\"300\" height=\"200\" srcset=\"https:\/\/www.vivonsbachy.fr\/wp-content\/uploads\/2018\/11\/D\u00e9fil\u00e9-Orchies-253A1773-16-septembre-2018-300x200.jpg 300w, https:\/\/www.vivonsbachy.fr\/wp-content\/uploads\/2018\/11\/D\u00e9fil\u00e9-Orchies-253A1773-16-septembre-2018-768x512.jpg 768w, https:\/\/www.vivonsbachy.fr\/wp-content\/uploads\/2018\/11\/D\u00e9fil\u00e9-Orchies-253A1773-16-septembre-2018-1024x683.jpg 1024w\" sizes=\"(max-width: 300px) 100vw, 300px\" \/><\/a> <a href=\"https:\/\/www.vivonsbachy.fr\/wp-content\/uploads\/2018\/11\/D\u00e9fil\u00e9-Orchies-253A1805-16-septembre-2018.jpg\" class=\"gallery_colorbox\"><img loading=\"lazy\" decoding=\"async\" class=\"alignleft size-medium wp-image-6052\" src=\"https:\/\/www.vivonsbachy.fr\/wp-content\/uploads\/2018\/11\/D\u00e9fil\u00e9-Orchies-253A1805-16-septembre-2018-300x200.jpg\"  alt=\"\" width=\"300\" height=\"200\" srcset=\"https:\/\/www.vivonsbachy.fr\/wp-content\/uploads\/2018\/11\/D\u00e9fil\u00e9-Orchies-253A1805-16-septembre-2018-300x200.jpg 300w, https:\/\/www.vivonsbachy.fr\/wp-content\/uploads\/2018\/11\/D\u00e9fil\u00e9-Orchies-253A1805-16-septembre-2018-768x512.jpg 768w, https:\/\/www.vivonsbachy.fr\/wp-content\/uploads\/2018\/11\/D\u00e9fil\u00e9-Orchies-253A1805-16-septembre-2018-1024x683.jpg 1024w\" sizes=\"(max-width: 300px) 100vw, 300px\" \/><\/a> <a href=\"https:\/\/www.vivonsbachy.fr\/wp-content\/uploads\/2018\/11\/D\u00e9fil\u00e9-Orchies-253A1820-16-septembre-2018.jpg\" class=\"gallery_colorbox\"><img loading=\"lazy\" decoding=\"async\" class=\"size-medium wp-image-6053 alignnone\" src=\"https:\/\/www.vivonsbachy.fr\/wp-content\/uploads\/2018\/11\/D\u00e9fil\u00e9-Orchies-253A1820-16-septembre-2018-300x200.jpg\"  alt=\"\" width=\"300\" height=\"200\" srcset=\"https:\/\/www.vivonsbachy.fr\/wp-content\/uploads\/2018\/11\/D\u00e9fil\u00e9-Orchies-253A1820-16-septembre-2018-300x200.jpg 300w, https:\/\/www.vivonsbachy.fr\/wp-content\/uploads\/2018\/11\/D\u00e9fil\u00e9-Orchies-253A1820-16-septembre-2018-768x512.jpg 768w, https:\/\/www.vivonsbachy.fr\/wp-content\/uploads\/2018\/11\/D\u00e9fil\u00e9-Orchies-253A1820-16-septembre-2018-1024x683.jpg 1024w\" sizes=\"(max-width: 300px) 100vw, 300px\" \/><\/a><\/p>\n","protected":false},"excerpt":{"rendered":"<p>D\u00e9fil\u00e9 de notre g\u00e9ant \u00ab\u00a0Antoine de Baissy\u00a0\u00bb lors des festivit\u00e9 d&rsquo;Orchies le 16 septembre<\/p>\n","protected":false},"author":1,"featured_media":0,"parent":5505,"menu_order":0,"comment_status":"closed","ping_status":"closed","template":"","meta":{"footnotes":""},"_links":{"self":[{"href":"https:\/\/www.vivonsbachy.fr\/index.php?rest_route=\/wp\/v2\/pages\/5839"}],"collection":[{"href":"https:\/\/www.vivonsbachy.fr\/index.php?rest_route=\/wp\/v2\/pages"}],"about":[{"href":"https:\/\/www.vivonsbachy.fr\/index.php?rest_route=\/wp\/v2\/types\/page"}],"author":[{"embeddable":true,"href":"https:\/\/www.vivonsbachy.fr\/index.php?rest_route=\/wp\/v2\/users\/1"}],"replies":[{"embeddable":true,"href":"https:\/\/www.vivonsbachy.fr\/index.php?rest_route=%2Fwp%2Fv2%2Fcomments&post=5839"}],"version-history":[{"count":5,"href":"https:\/\/www.vivonsbachy.fr\/index.php?rest_route=\/wp\/v2\/pages\/5839\/revisions"}],"predecessor-version":[{"id":6054,"href":"https:\/\/www.vivonsbachy.fr\/index.php?rest_route=\/wp\/v2\/pages\/5839\/revisions\/6054"}],"up":[{"embeddable":true,"href":"https:\/\/www.vivonsbachy.fr\/index.php?rest_route=\/wp\/v2\/pages\/5505"}],"wp:attachment":[{"href":"https:\/\/www.vivonsbachy.fr\/index.php?rest_route=%2Fwp%2Fv2%2Fmedia&parent=5839"}],"curies":[{"name":"wp","href":"https:\/\/api.w.org\/{rel}","templated":true}]}}