{"id":5837,"date":"2018-10-13T10:46:09","date_gmt":"2018-10-13T08:46:09","guid":{"rendered":"https:\/\/www.vivonsbachy.fr\/?page_id=5837"},"modified":"2018-11-01T18:55:53","modified_gmt":"2018-11-01T16:55:53","slug":"10-ripaille-29-aout","status":"publish","type":"page","link":"https:\/\/www.vivonsbachy.fr\/?page_id=5837","title":{"rendered":"10 &#8211; Ripaille 29 Ao\u00fbt"},"content":{"rendered":"<p>Beau temps, 90 personnes pr\u00e9sentes, ambiance festive et repas de qualit\u00e9, nous avons bien fait de changer de traiteur, journ\u00e9e parfaitement r\u00e9ussie qui s&rsquo;est termin\u00e9e par un tournoi de bourles<\/p>\n<p><a href=\"https:\/\/www.vivonsbachy.fr\/wp-content\/uploads\/2018\/11\/10\u00e8me-ripaille-253A0950-26-ao\u00fbt-2018.jpg\" class=\"gallery_colorbox\"><img loading=\"lazy\" decoding=\"async\" class=\"alignleft size-medium wp-image-6019\" src=\"https:\/\/www.vivonsbachy.fr\/wp-content\/uploads\/2018\/11\/10\u00e8me-ripaille-253A0950-26-ao\u00fbt-2018-300x200.jpg\"  alt=\"\" width=\"300\" height=\"200\" srcset=\"https:\/\/www.vivonsbachy.fr\/wp-content\/uploads\/2018\/11\/10\u00e8me-ripaille-253A0950-26-ao\u00fbt-2018-300x200.jpg 300w, https:\/\/www.vivonsbachy.fr\/wp-content\/uploads\/2018\/11\/10\u00e8me-ripaille-253A0950-26-ao\u00fbt-2018-768x512.jpg 768w, https:\/\/www.vivonsbachy.fr\/wp-content\/uploads\/2018\/11\/10\u00e8me-ripaille-253A0950-26-ao\u00fbt-2018-1024x683.jpg 1024w\" sizes=\"(max-width: 300px) 100vw, 300px\" \/><\/a> <a href=\"https:\/\/www.vivonsbachy.fr\/wp-content\/uploads\/2018\/11\/10\u00e8me-ripaille-253A0951-26-ao\u00fbt-2018.jpg\" class=\"gallery_colorbox\"><img loading=\"lazy\" decoding=\"async\" class=\"size-medium wp-image-6020 alignnone\" src=\"https:\/\/www.vivonsbachy.fr\/wp-content\/uploads\/2018\/11\/10\u00e8me-ripaille-253A0951-26-ao\u00fbt-2018-300x200.jpg\"  alt=\"\" width=\"300\" height=\"200\" srcset=\"https:\/\/www.vivonsbachy.fr\/wp-content\/uploads\/2018\/11\/10\u00e8me-ripaille-253A0951-26-ao\u00fbt-2018-300x200.jpg 300w, https:\/\/www.vivonsbachy.fr\/wp-content\/uploads\/2018\/11\/10\u00e8me-ripaille-253A0951-26-ao\u00fbt-2018-768x512.jpg 768w, https:\/\/www.vivonsbachy.fr\/wp-content\/uploads\/2018\/11\/10\u00e8me-ripaille-253A0951-26-ao\u00fbt-2018-1024x683.jpg 1024w\" sizes=\"(max-width: 300px) 100vw, 300px\" \/><\/a> <a href=\"https:\/\/www.vivonsbachy.fr\/wp-content\/uploads\/2018\/11\/10\u00e8me-ripaille-253A0952-26-ao\u00fbt-2018.jpg\" class=\"gallery_colorbox\"><img loading=\"lazy\" decoding=\"async\" class=\"size-medium wp-image-6021 alignleft\" src=\"https:\/\/www.vivonsbachy.fr\/wp-content\/uploads\/2018\/11\/10\u00e8me-ripaille-253A0952-26-ao\u00fbt-2018-300x200.jpg\"  alt=\"\" width=\"300\" height=\"200\" srcset=\"https:\/\/www.vivonsbachy.fr\/wp-content\/uploads\/2018\/11\/10\u00e8me-ripaille-253A0952-26-ao\u00fbt-2018-300x200.jpg 300w, https:\/\/www.vivonsbachy.fr\/wp-content\/uploads\/2018\/11\/10\u00e8me-ripaille-253A0952-26-ao\u00fbt-2018-768x512.jpg 768w, https:\/\/www.vivonsbachy.fr\/wp-content\/uploads\/2018\/11\/10\u00e8me-ripaille-253A0952-26-ao\u00fbt-2018-1024x683.jpg 1024w\" sizes=\"(max-width: 300px) 100vw, 300px\" \/><\/a> <a href=\"https:\/\/www.vivonsbachy.fr\/wp-content\/uploads\/2018\/11\/10\u00e8me-ripaille-253A0954-26-ao\u00fbt-2018.jpg\" class=\"gallery_colorbox\"><img loading=\"lazy\" decoding=\"async\" class=\"size-medium wp-image-6022 alignnone\" src=\"https:\/\/www.vivonsbachy.fr\/wp-content\/uploads\/2018\/11\/10\u00e8me-ripaille-253A0954-26-ao\u00fbt-2018-300x200.jpg\"  alt=\"\" width=\"300\" height=\"200\" srcset=\"https:\/\/www.vivonsbachy.fr\/wp-content\/uploads\/2018\/11\/10\u00e8me-ripaille-253A0954-26-ao\u00fbt-2018-300x200.jpg 300w, https:\/\/www.vivonsbachy.fr\/wp-content\/uploads\/2018\/11\/10\u00e8me-ripaille-253A0954-26-ao\u00fbt-2018-768x512.jpg 768w, https:\/\/www.vivonsbachy.fr\/wp-content\/uploads\/2018\/11\/10\u00e8me-ripaille-253A0954-26-ao\u00fbt-2018-1024x683.jpg 1024w\" sizes=\"(max-width: 300px) 100vw, 300px\" \/><\/a> <a href=\"https:\/\/www.vivonsbachy.fr\/wp-content\/uploads\/2018\/11\/10\u00e8me-ripaille-253A0970-26-ao\u00fbt-2018.jpg\" class=\"gallery_colorbox\"><img loading=\"lazy\" decoding=\"async\" class=\"size-medium wp-image-6023 alignleft\" src=\"https:\/\/www.vivonsbachy.fr\/wp-content\/uploads\/2018\/11\/10\u00e8me-ripaille-253A0970-26-ao\u00fbt-2018-300x200.jpg\"  alt=\"\" width=\"300\" height=\"200\" srcset=\"https:\/\/www.vivonsbachy.fr\/wp-content\/uploads\/2018\/11\/10\u00e8me-ripaille-253A0970-26-ao\u00fbt-2018-300x200.jpg 300w, https:\/\/www.vivonsbachy.fr\/wp-content\/uploads\/2018\/11\/10\u00e8me-ripaille-253A0970-26-ao\u00fbt-2018-768x512.jpg 768w, https:\/\/www.vivonsbachy.fr\/wp-content\/uploads\/2018\/11\/10\u00e8me-ripaille-253A0970-26-ao\u00fbt-2018-1024x683.jpg 1024w\" sizes=\"(max-width: 300px) 100vw, 300px\" \/><\/a> <a href=\"https:\/\/www.vivonsbachy.fr\/wp-content\/uploads\/2018\/11\/10\u00e8me-ripaille-253A0973-26-ao\u00fbt-2018.jpg\" class=\"gallery_colorbox\"><img loading=\"lazy\" decoding=\"async\" class=\"size-medium wp-image-6024 alignnone\" src=\"https:\/\/www.vivonsbachy.fr\/wp-content\/uploads\/2018\/11\/10\u00e8me-ripaille-253A0973-26-ao\u00fbt-2018-300x200.jpg\"  alt=\"\" width=\"300\" height=\"200\" srcset=\"https:\/\/www.vivonsbachy.fr\/wp-content\/uploads\/2018\/11\/10\u00e8me-ripaille-253A0973-26-ao\u00fbt-2018-300x200.jpg 300w, https:\/\/www.vivonsbachy.fr\/wp-content\/uploads\/2018\/11\/10\u00e8me-ripaille-253A0973-26-ao\u00fbt-2018-768x512.jpg 768w, https:\/\/www.vivonsbachy.fr\/wp-content\/uploads\/2018\/11\/10\u00e8me-ripaille-253A0973-26-ao\u00fbt-2018-1024x683.jpg 1024w\" sizes=\"(max-width: 300px) 100vw, 300px\" \/><\/a><\/p>\n<p><a href=\"https:\/\/www.vivonsbachy.fr\/wp-content\/uploads\/2018\/11\/10\u00e8me-ripaille-253A0989-26-ao\u00fbt-2018.jpg\" class=\"gallery_colorbox\"><img loading=\"lazy\" decoding=\"async\" class=\"size-medium wp-image-6025 alignleft\" src=\"https:\/\/www.vivonsbachy.fr\/wp-content\/uploads\/2018\/11\/10\u00e8me-ripaille-253A0989-26-ao\u00fbt-2018-300x200.jpg\"  alt=\"\" width=\"300\" height=\"200\" srcset=\"https:\/\/www.vivonsbachy.fr\/wp-content\/uploads\/2018\/11\/10\u00e8me-ripaille-253A0989-26-ao\u00fbt-2018-300x200.jpg 300w, https:\/\/www.vivonsbachy.fr\/wp-content\/uploads\/2018\/11\/10\u00e8me-ripaille-253A0989-26-ao\u00fbt-2018-768x512.jpg 768w, https:\/\/www.vivonsbachy.fr\/wp-content\/uploads\/2018\/11\/10\u00e8me-ripaille-253A0989-26-ao\u00fbt-2018-1024x683.jpg 1024w\" sizes=\"(max-width: 300px) 100vw, 300px\" \/><\/a> <a href=\"https:\/\/www.vivonsbachy.fr\/wp-content\/uploads\/2018\/11\/10\u00e8me-ripaille-253A1001-26-ao\u00fbt-2018.jpg\" class=\"gallery_colorbox\"><img loading=\"lazy\" decoding=\"async\" class=\"size-medium wp-image-6026 alignnone\" src=\"https:\/\/www.vivonsbachy.fr\/wp-content\/uploads\/2018\/11\/10\u00e8me-ripaille-253A1001-26-ao\u00fbt-2018-300x200.jpg\"  alt=\"\" width=\"300\" height=\"200\" srcset=\"https:\/\/www.vivonsbachy.fr\/wp-content\/uploads\/2018\/11\/10\u00e8me-ripaille-253A1001-26-ao\u00fbt-2018-300x200.jpg 300w, https:\/\/www.vivonsbachy.fr\/wp-content\/uploads\/2018\/11\/10\u00e8me-ripaille-253A1001-26-ao\u00fbt-2018-768x512.jpg 768w, https:\/\/www.vivonsbachy.fr\/wp-content\/uploads\/2018\/11\/10\u00e8me-ripaille-253A1001-26-ao\u00fbt-2018-1024x683.jpg 1024w\" sizes=\"(max-width: 300px) 100vw, 300px\" \/><\/a> <a href=\"https:\/\/www.vivonsbachy.fr\/wp-content\/uploads\/2018\/11\/10\u00e8me-ripaille-253A1002-26-ao\u00fbt-2018.jpg\" class=\"gallery_colorbox\"><img loading=\"lazy\" decoding=\"async\" class=\"size-medium wp-image-6027 alignleft\" src=\"https:\/\/www.vivonsbachy.fr\/wp-content\/uploads\/2018\/11\/10\u00e8me-ripaille-253A1002-26-ao\u00fbt-2018-300x200.jpg\"  alt=\"\" width=\"300\" height=\"200\" srcset=\"https:\/\/www.vivonsbachy.fr\/wp-content\/uploads\/2018\/11\/10\u00e8me-ripaille-253A1002-26-ao\u00fbt-2018-300x200.jpg 300w, https:\/\/www.vivonsbachy.fr\/wp-content\/uploads\/2018\/11\/10\u00e8me-ripaille-253A1002-26-ao\u00fbt-2018-768x512.jpg 768w, https:\/\/www.vivonsbachy.fr\/wp-content\/uploads\/2018\/11\/10\u00e8me-ripaille-253A1002-26-ao\u00fbt-2018-1024x683.jpg 1024w\" sizes=\"(max-width: 300px) 100vw, 300px\" \/><\/a> <a href=\"https:\/\/www.vivonsbachy.fr\/wp-content\/uploads\/2018\/11\/10\u00e8me-ripaille-253A1013-26-ao\u00fbt-2018.jpg\" class=\"gallery_colorbox\"><img loading=\"lazy\" decoding=\"async\" class=\"size-medium wp-image-6028 alignnone\" src=\"https:\/\/www.vivonsbachy.fr\/wp-content\/uploads\/2018\/11\/10\u00e8me-ripaille-253A1013-26-ao\u00fbt-2018-300x200.jpg\"  alt=\"\" width=\"300\" height=\"200\" srcset=\"https:\/\/www.vivonsbachy.fr\/wp-content\/uploads\/2018\/11\/10\u00e8me-ripaille-253A1013-26-ao\u00fbt-2018-300x200.jpg 300w, https:\/\/www.vivonsbachy.fr\/wp-content\/uploads\/2018\/11\/10\u00e8me-ripaille-253A1013-26-ao\u00fbt-2018-768x512.jpg 768w, https:\/\/www.vivonsbachy.fr\/wp-content\/uploads\/2018\/11\/10\u00e8me-ripaille-253A1013-26-ao\u00fbt-2018-1024x683.jpg 1024w\" sizes=\"(max-width: 300px) 100vw, 300px\" \/><\/a> <a href=\"https:\/\/www.vivonsbachy.fr\/wp-content\/uploads\/2018\/11\/10\u00e8me-ripaille-253A1014-26-ao\u00fbt-2018.jpg\" class=\"gallery_colorbox\"><img loading=\"lazy\" decoding=\"async\" class=\"size-medium wp-image-6029 alignleft\" src=\"https:\/\/www.vivonsbachy.fr\/wp-content\/uploads\/2018\/11\/10\u00e8me-ripaille-253A1014-26-ao\u00fbt-2018-300x200.jpg\"  alt=\"\" width=\"300\" height=\"200\" srcset=\"https:\/\/www.vivonsbachy.fr\/wp-content\/uploads\/2018\/11\/10\u00e8me-ripaille-253A1014-26-ao\u00fbt-2018-300x200.jpg 300w, https:\/\/www.vivonsbachy.fr\/wp-content\/uploads\/2018\/11\/10\u00e8me-ripaille-253A1014-26-ao\u00fbt-2018-768x512.jpg 768w, https:\/\/www.vivonsbachy.fr\/wp-content\/uploads\/2018\/11\/10\u00e8me-ripaille-253A1014-26-ao\u00fbt-2018-1024x683.jpg 1024w\" sizes=\"(max-width: 300px) 100vw, 300px\" \/><\/a> <a href=\"https:\/\/www.vivonsbachy.fr\/wp-content\/uploads\/2018\/11\/10\u00e8me-ripaille-253A1016-26-ao\u00fbt-2018.jpg\" class=\"gallery_colorbox\"><img loading=\"lazy\" decoding=\"async\" class=\"size-medium wp-image-6030 alignnone\" src=\"https:\/\/www.vivonsbachy.fr\/wp-content\/uploads\/2018\/11\/10\u00e8me-ripaille-253A1016-26-ao\u00fbt-2018-300x200.jpg\"  alt=\"\" width=\"300\" height=\"200\" srcset=\"https:\/\/www.vivonsbachy.fr\/wp-content\/uploads\/2018\/11\/10\u00e8me-ripaille-253A1016-26-ao\u00fbt-2018-300x200.jpg 300w, https:\/\/www.vivonsbachy.fr\/wp-content\/uploads\/2018\/11\/10\u00e8me-ripaille-253A1016-26-ao\u00fbt-2018-768x512.jpg 768w, https:\/\/www.vivonsbachy.fr\/wp-content\/uploads\/2018\/11\/10\u00e8me-ripaille-253A1016-26-ao\u00fbt-2018-1024x683.jpg 1024w\" sizes=\"(max-width: 300px) 100vw, 300px\" \/><\/a> <a href=\"https:\/\/www.vivonsbachy.fr\/wp-content\/uploads\/2018\/11\/10\u00e8me-ripaille-253A1049-26-ao\u00fbt-2018.jpg\" class=\"gallery_colorbox\"><img loading=\"lazy\" decoding=\"async\" class=\"size-medium wp-image-6031 alignleft\" src=\"https:\/\/www.vivonsbachy.fr\/wp-content\/uploads\/2018\/11\/10\u00e8me-ripaille-253A1049-26-ao\u00fbt-2018-300x200.jpg\"  alt=\"\" width=\"300\" height=\"200\" srcset=\"https:\/\/www.vivonsbachy.fr\/wp-content\/uploads\/2018\/11\/10\u00e8me-ripaille-253A1049-26-ao\u00fbt-2018-300x200.jpg 300w, https:\/\/www.vivonsbachy.fr\/wp-content\/uploads\/2018\/11\/10\u00e8me-ripaille-253A1049-26-ao\u00fbt-2018-768x512.jpg 768w, https:\/\/www.vivonsbachy.fr\/wp-content\/uploads\/2018\/11\/10\u00e8me-ripaille-253A1049-26-ao\u00fbt-2018-1024x683.jpg 1024w\" sizes=\"(max-width: 300px) 100vw, 300px\" \/><\/a> <a href=\"https:\/\/www.vivonsbachy.fr\/wp-content\/uploads\/2018\/11\/10\u00e8me-ripaille-253A1057-26-ao\u00fbt-2018.jpg\" class=\"gallery_colorbox\"><img loading=\"lazy\" decoding=\"async\" class=\"size-medium wp-image-6032 alignnone\" src=\"https:\/\/www.vivonsbachy.fr\/wp-content\/uploads\/2018\/11\/10\u00e8me-ripaille-253A1057-26-ao\u00fbt-2018-300x200.jpg\"  alt=\"\" width=\"300\" height=\"200\" srcset=\"https:\/\/www.vivonsbachy.fr\/wp-content\/uploads\/2018\/11\/10\u00e8me-ripaille-253A1057-26-ao\u00fbt-2018-300x200.jpg 300w, https:\/\/www.vivonsbachy.fr\/wp-content\/uploads\/2018\/11\/10\u00e8me-ripaille-253A1057-26-ao\u00fbt-2018-768x512.jpg 768w, https:\/\/www.vivonsbachy.fr\/wp-content\/uploads\/2018\/11\/10\u00e8me-ripaille-253A1057-26-ao\u00fbt-2018-1024x683.jpg 1024w\" sizes=\"(max-width: 300px) 100vw, 300px\" \/><\/a> <a href=\"https:\/\/www.vivonsbachy.fr\/wp-content\/uploads\/2018\/11\/10\u00e8me-ripaille-253A1059-26-ao\u00fbt-2018.jpg\" class=\"gallery_colorbox\"><img loading=\"lazy\" decoding=\"async\" class=\"size-medium wp-image-6033 alignleft\" src=\"https:\/\/www.vivonsbachy.fr\/wp-content\/uploads\/2018\/11\/10\u00e8me-ripaille-253A1059-26-ao\u00fbt-2018-300x200.jpg\"  alt=\"\" width=\"300\" height=\"200\" srcset=\"https:\/\/www.vivonsbachy.fr\/wp-content\/uploads\/2018\/11\/10\u00e8me-ripaille-253A1059-26-ao\u00fbt-2018-300x200.jpg 300w, https:\/\/www.vivonsbachy.fr\/wp-content\/uploads\/2018\/11\/10\u00e8me-ripaille-253A1059-26-ao\u00fbt-2018-768x512.jpg 768w, https:\/\/www.vivonsbachy.fr\/wp-content\/uploads\/2018\/11\/10\u00e8me-ripaille-253A1059-26-ao\u00fbt-2018-1024x683.jpg 1024w\" sizes=\"(max-width: 300px) 100vw, 300px\" \/><\/a> <a href=\"https:\/\/www.vivonsbachy.fr\/wp-content\/uploads\/2018\/11\/10\u00e8me-ripaille-253A1065-26-ao\u00fbt-2018.jpg\" class=\"gallery_colorbox\"><img loading=\"lazy\" decoding=\"async\" class=\"size-medium wp-image-6034 alignnone\" src=\"https:\/\/www.vivonsbachy.fr\/wp-content\/uploads\/2018\/11\/10\u00e8me-ripaille-253A1065-26-ao\u00fbt-2018-300x200.jpg\"  alt=\"\" width=\"300\" height=\"200\" srcset=\"https:\/\/www.vivonsbachy.fr\/wp-content\/uploads\/2018\/11\/10\u00e8me-ripaille-253A1065-26-ao\u00fbt-2018-300x200.jpg 300w, https:\/\/www.vivonsbachy.fr\/wp-content\/uploads\/2018\/11\/10\u00e8me-ripaille-253A1065-26-ao\u00fbt-2018-768x512.jpg 768w, https:\/\/www.vivonsbachy.fr\/wp-content\/uploads\/2018\/11\/10\u00e8me-ripaille-253A1065-26-ao\u00fbt-2018-1024x683.jpg 1024w\" sizes=\"(max-width: 300px) 100vw, 300px\" \/><\/a> <a href=\"https:\/\/www.vivonsbachy.fr\/wp-content\/uploads\/2018\/11\/10\u00e8me-ripaille-253A1079-26-ao\u00fbt-2018.jpg\" class=\"gallery_colorbox\"><img loading=\"lazy\" decoding=\"async\" class=\"size-medium wp-image-6035 alignleft\" src=\"https:\/\/www.vivonsbachy.fr\/wp-content\/uploads\/2018\/11\/10\u00e8me-ripaille-253A1079-26-ao\u00fbt-2018-300x200.jpg\"  alt=\"\" width=\"300\" height=\"200\" srcset=\"https:\/\/www.vivonsbachy.fr\/wp-content\/uploads\/2018\/11\/10\u00e8me-ripaille-253A1079-26-ao\u00fbt-2018-300x200.jpg 300w, https:\/\/www.vivonsbachy.fr\/wp-content\/uploads\/2018\/11\/10\u00e8me-ripaille-253A1079-26-ao\u00fbt-2018-768x512.jpg 768w, https:\/\/www.vivonsbachy.fr\/wp-content\/uploads\/2018\/11\/10\u00e8me-ripaille-253A1079-26-ao\u00fbt-2018-1024x683.jpg 1024w\" sizes=\"(max-width: 300px) 100vw, 300px\" \/><\/a> <a href=\"https:\/\/www.vivonsbachy.fr\/wp-content\/uploads\/2018\/11\/10\u00e8me-ripaille-253A1081-26-ao\u00fbt-2018.jpg\" class=\"gallery_colorbox\"><img loading=\"lazy\" decoding=\"async\" class=\"size-medium wp-image-6036 alignnone\" src=\"https:\/\/www.vivonsbachy.fr\/wp-content\/uploads\/2018\/11\/10\u00e8me-ripaille-253A1081-26-ao\u00fbt-2018-300x200.jpg\"  alt=\"\" width=\"300\" height=\"200\" srcset=\"https:\/\/www.vivonsbachy.fr\/wp-content\/uploads\/2018\/11\/10\u00e8me-ripaille-253A1081-26-ao\u00fbt-2018-300x200.jpg 300w, https:\/\/www.vivonsbachy.fr\/wp-content\/uploads\/2018\/11\/10\u00e8me-ripaille-253A1081-26-ao\u00fbt-2018-768x512.jpg 768w, https:\/\/www.vivonsbachy.fr\/wp-content\/uploads\/2018\/11\/10\u00e8me-ripaille-253A1081-26-ao\u00fbt-2018-1024x683.jpg 1024w\" sizes=\"(max-width: 300px) 100vw, 300px\" \/><\/a><\/p>\n<p>&nbsp;<\/p>\n<p>&nbsp;<\/p>\n<p>&nbsp;<\/p>\n","protected":false},"excerpt":{"rendered":"<p>Beau temps, 90 personnes pr\u00e9sentes, ambiance festive et repas de qualit\u00e9, nous avons bien fait de changer de traiteur, journ\u00e9e parfaitement r\u00e9ussie qui s&rsquo;est termin\u00e9e par un tournoi de bourles &nbsp; &nbsp; &nbsp;<\/p>\n","protected":false},"author":1,"featured_media":0,"parent":5505,"menu_order":0,"comment_status":"closed","ping_status":"closed","template":"","meta":{"footnotes":""},"_links":{"self":[{"href":"https:\/\/www.vivonsbachy.fr\/index.php?rest_route=\/wp\/v2\/pages\/5837"}],"collection":[{"href":"https:\/\/www.vivonsbachy.fr\/index.php?rest_route=\/wp\/v2\/pages"}],"about":[{"href":"https:\/\/www.vivonsbachy.fr\/index.php?rest_route=\/wp\/v2\/types\/page"}],"author":[{"embeddable":true,"href":"https:\/\/www.vivonsbachy.fr\/index.php?rest_route=\/wp\/v2\/users\/1"}],"replies":[{"embeddable":true,"href":"https:\/\/www.vivonsbachy.fr\/index.php?rest_route=%2Fwp%2Fv2%2Fcomments&post=5837"}],"version-history":[{"count":6,"href":"https:\/\/www.vivonsbachy.fr\/index.php?rest_route=\/wp\/v2\/pages\/5837\/revisions"}],"predecessor-version":[{"id":6037,"href":"https:\/\/www.vivonsbachy.fr\/index.php?rest_route=\/wp\/v2\/pages\/5837\/revisions\/6037"}],"up":[{"embeddable":true,"href":"https:\/\/www.vivonsbachy.fr\/index.php?rest_route=\/wp\/v2\/pages\/5505"}],"wp:attachment":[{"href":"https:\/\/www.vivonsbachy.fr\/index.php?rest_route=%2Fwp%2Fv2%2Fmedia&parent=5837"}],"curies":[{"name":"wp","href":"https:\/\/api.w.org\/{rel}","templated":true}]}}