{"id":5652,"date":"2018-08-07T12:39:27","date_gmt":"2018-08-07T10:39:27","guid":{"rendered":"https:\/\/www.vivonsbachy.fr\/?page_id=5652"},"modified":"2018-11-01T18:46:28","modified_gmt":"2018-11-01T16:46:28","slug":"8-reunion-particuliere-chez-chloe","status":"publish","type":"page","link":"https:\/\/www.vivonsbachy.fr\/?page_id=5652","title":{"rendered":"08 &#8211; R\u00e9union particuli\u00e8re chez Chlo\u00e9"},"content":{"rendered":"<p>R\u00e9union particuli\u00e8re chez la pr\u00e9sidente, c&rsquo;\u00e9tait le jours de la demi finale de coupe du monde \u00ab\u00a0France Belgique\u00a0\u00bb. On ne se rappelle plus trop les d\u00e9cisions prises ce soir l\u00e0<\/p>\n<p><a href=\"https:\/\/www.vivonsbachy.fr\/wp-content\/uploads\/2018\/11\/R\u00e9union-Vivons-Bachy-chez-Chlo\u00e9-253A9965-10-juillet-2018.jpg\" class=\"gallery_colorbox\"><img loading=\"lazy\" decoding=\"async\" class=\"size-medium wp-image-6012 alignleft\" src=\"https:\/\/www.vivonsbachy.fr\/wp-content\/uploads\/2018\/11\/R\u00e9union-Vivons-Bachy-chez-Chlo\u00e9-253A9965-10-juillet-2018-300x200.jpg\"  alt=\"\" width=\"300\" height=\"200\" srcset=\"https:\/\/www.vivonsbachy.fr\/wp-content\/uploads\/2018\/11\/R\u00e9union-Vivons-Bachy-chez-Chlo\u00e9-253A9965-10-juillet-2018-300x200.jpg 300w, https:\/\/www.vivonsbachy.fr\/wp-content\/uploads\/2018\/11\/R\u00e9union-Vivons-Bachy-chez-Chlo\u00e9-253A9965-10-juillet-2018-768x512.jpg 768w, https:\/\/www.vivonsbachy.fr\/wp-content\/uploads\/2018\/11\/R\u00e9union-Vivons-Bachy-chez-Chlo\u00e9-253A9965-10-juillet-2018-1024x682.jpg 1024w, https:\/\/www.vivonsbachy.fr\/wp-content\/uploads\/2018\/11\/R\u00e9union-Vivons-Bachy-chez-Chlo\u00e9-253A9965-10-juillet-2018.jpg 2000w\" sizes=\"(max-width: 300px) 100vw, 300px\" \/><\/a> <a href=\"https:\/\/www.vivonsbachy.fr\/wp-content\/uploads\/2018\/11\/R\u00e9union-Vivons-Bachy-chez-Chlo\u00e9-253A9966-10-juillet-2018.jpg\" class=\"gallery_colorbox\"><img loading=\"lazy\" decoding=\"async\" class=\"size-medium wp-image-6013 alignnone\" src=\"https:\/\/www.vivonsbachy.fr\/wp-content\/uploads\/2018\/11\/R\u00e9union-Vivons-Bachy-chez-Chlo\u00e9-253A9966-10-juillet-2018-300x200.jpg\"  alt=\"\" width=\"300\" height=\"200\" srcset=\"https:\/\/www.vivonsbachy.fr\/wp-content\/uploads\/2018\/11\/R\u00e9union-Vivons-Bachy-chez-Chlo\u00e9-253A9966-10-juillet-2018-300x200.jpg 300w, https:\/\/www.vivonsbachy.fr\/wp-content\/uploads\/2018\/11\/R\u00e9union-Vivons-Bachy-chez-Chlo\u00e9-253A9966-10-juillet-2018-768x512.jpg 768w, https:\/\/www.vivonsbachy.fr\/wp-content\/uploads\/2018\/11\/R\u00e9union-Vivons-Bachy-chez-Chlo\u00e9-253A9966-10-juillet-2018-1024x682.jpg 1024w, https:\/\/www.vivonsbachy.fr\/wp-content\/uploads\/2018\/11\/R\u00e9union-Vivons-Bachy-chez-Chlo\u00e9-253A9966-10-juillet-2018.jpg 2000w\" sizes=\"(max-width: 300px) 100vw, 300px\" \/><\/a> <a href=\"https:\/\/www.vivonsbachy.fr\/wp-content\/uploads\/2018\/11\/R\u00e9union-Vivons-Bachy-chez-Chlo\u00e9-253A9967-10-juillet-2018.jpg\" class=\"gallery_colorbox\"><img loading=\"lazy\" decoding=\"async\" class=\"size-medium wp-image-6014 alignleft\" src=\"https:\/\/www.vivonsbachy.fr\/wp-content\/uploads\/2018\/11\/R\u00e9union-Vivons-Bachy-chez-Chlo\u00e9-253A9967-10-juillet-2018-300x200.jpg\"  alt=\"\" width=\"300\" height=\"200\" srcset=\"https:\/\/www.vivonsbachy.fr\/wp-content\/uploads\/2018\/11\/R\u00e9union-Vivons-Bachy-chez-Chlo\u00e9-253A9967-10-juillet-2018-300x200.jpg 300w, https:\/\/www.vivonsbachy.fr\/wp-content\/uploads\/2018\/11\/R\u00e9union-Vivons-Bachy-chez-Chlo\u00e9-253A9967-10-juillet-2018-768x512.jpg 768w, https:\/\/www.vivonsbachy.fr\/wp-content\/uploads\/2018\/11\/R\u00e9union-Vivons-Bachy-chez-Chlo\u00e9-253A9967-10-juillet-2018-1024x682.jpg 1024w, https:\/\/www.vivonsbachy.fr\/wp-content\/uploads\/2018\/11\/R\u00e9union-Vivons-Bachy-chez-Chlo\u00e9-253A9967-10-juillet-2018.jpg 2000w\" sizes=\"(max-width: 300px) 100vw, 300px\" \/><\/a> <a href=\"https:\/\/www.vivonsbachy.fr\/wp-content\/uploads\/2018\/11\/R\u00e9union-Vivons-Bachy-chez-Chlo\u00e9-253A9968-10-juillet-2018.jpg\" class=\"gallery_colorbox\"><img loading=\"lazy\" decoding=\"async\" class=\"size-medium wp-image-6015 alignnone\" src=\"https:\/\/www.vivonsbachy.fr\/wp-content\/uploads\/2018\/11\/R\u00e9union-Vivons-Bachy-chez-Chlo\u00e9-253A9968-10-juillet-2018-300x200.jpg\"  alt=\"\" width=\"300\" height=\"200\" srcset=\"https:\/\/www.vivonsbachy.fr\/wp-content\/uploads\/2018\/11\/R\u00e9union-Vivons-Bachy-chez-Chlo\u00e9-253A9968-10-juillet-2018-300x200.jpg 300w, https:\/\/www.vivonsbachy.fr\/wp-content\/uploads\/2018\/11\/R\u00e9union-Vivons-Bachy-chez-Chlo\u00e9-253A9968-10-juillet-2018-768x512.jpg 768w, https:\/\/www.vivonsbachy.fr\/wp-content\/uploads\/2018\/11\/R\u00e9union-Vivons-Bachy-chez-Chlo\u00e9-253A9968-10-juillet-2018-1024x682.jpg 1024w, https:\/\/www.vivonsbachy.fr\/wp-content\/uploads\/2018\/11\/R\u00e9union-Vivons-Bachy-chez-Chlo\u00e9-253A9968-10-juillet-2018.jpg 2000w\" sizes=\"(max-width: 300px) 100vw, 300px\" \/><\/a> <a href=\"https:\/\/www.vivonsbachy.fr\/wp-content\/uploads\/2018\/11\/R\u00e9union-Vivons-Bachy-chez-Chlo\u00e9-253A9972-10-juillet-2018.jpg\" class=\"gallery_colorbox\"><img loading=\"lazy\" decoding=\"async\" class=\"size-medium wp-image-6016 alignleft\" src=\"https:\/\/www.vivonsbachy.fr\/wp-content\/uploads\/2018\/11\/R\u00e9union-Vivons-Bachy-chez-Chlo\u00e9-253A9972-10-juillet-2018-300x200.jpg\"  alt=\"\" width=\"300\" height=\"200\" srcset=\"https:\/\/www.vivonsbachy.fr\/wp-content\/uploads\/2018\/11\/R\u00e9union-Vivons-Bachy-chez-Chlo\u00e9-253A9972-10-juillet-2018-300x200.jpg 300w, https:\/\/www.vivonsbachy.fr\/wp-content\/uploads\/2018\/11\/R\u00e9union-Vivons-Bachy-chez-Chlo\u00e9-253A9972-10-juillet-2018-768x512.jpg 768w, https:\/\/www.vivonsbachy.fr\/wp-content\/uploads\/2018\/11\/R\u00e9union-Vivons-Bachy-chez-Chlo\u00e9-253A9972-10-juillet-2018-1024x682.jpg 1024w, https:\/\/www.vivonsbachy.fr\/wp-content\/uploads\/2018\/11\/R\u00e9union-Vivons-Bachy-chez-Chlo\u00e9-253A9972-10-juillet-2018.jpg 2000w\" sizes=\"(max-width: 300px) 100vw, 300px\" \/><\/a> <a href=\"https:\/\/www.vivonsbachy.fr\/wp-content\/uploads\/2018\/11\/R\u00e9union-Vivons-Bachy-chez-Chlo\u00e9-253A9976-10-juillet-2018.jpg\" class=\"gallery_colorbox\"><img loading=\"lazy\" decoding=\"async\" class=\"size-medium wp-image-6017 alignnone\" src=\"https:\/\/www.vivonsbachy.fr\/wp-content\/uploads\/2018\/11\/R\u00e9union-Vivons-Bachy-chez-Chlo\u00e9-253A9976-10-juillet-2018-300x200.jpg\"  alt=\"\" width=\"300\" height=\"200\" srcset=\"https:\/\/www.vivonsbachy.fr\/wp-content\/uploads\/2018\/11\/R\u00e9union-Vivons-Bachy-chez-Chlo\u00e9-253A9976-10-juillet-2018-300x200.jpg 300w, https:\/\/www.vivonsbachy.fr\/wp-content\/uploads\/2018\/11\/R\u00e9union-Vivons-Bachy-chez-Chlo\u00e9-253A9976-10-juillet-2018-768x512.jpg 768w, https:\/\/www.vivonsbachy.fr\/wp-content\/uploads\/2018\/11\/R\u00e9union-Vivons-Bachy-chez-Chlo\u00e9-253A9976-10-juillet-2018-1024x682.jpg 1024w, https:\/\/www.vivonsbachy.fr\/wp-content\/uploads\/2018\/11\/R\u00e9union-Vivons-Bachy-chez-Chlo\u00e9-253A9976-10-juillet-2018.jpg 2000w\" sizes=\"(max-width: 300px) 100vw, 300px\" \/><\/a><\/p>\n","protected":false},"excerpt":{"rendered":"<p>R\u00e9union particuli\u00e8re chez la pr\u00e9sidente, c&rsquo;\u00e9tait le jours de la demi finale de coupe du monde \u00ab\u00a0France Belgique\u00a0\u00bb. On ne se rappelle plus trop les d\u00e9cisions prises ce soir l\u00e0<\/p>\n","protected":false},"author":1,"featured_media":0,"parent":5505,"menu_order":0,"comment_status":"closed","ping_status":"closed","template":"","meta":{"footnotes":""},"_links":{"self":[{"href":"https:\/\/www.vivonsbachy.fr\/index.php?rest_route=\/wp\/v2\/pages\/5652"}],"collection":[{"href":"https:\/\/www.vivonsbachy.fr\/index.php?rest_route=\/wp\/v2\/pages"}],"about":[{"href":"https:\/\/www.vivonsbachy.fr\/index.php?rest_route=\/wp\/v2\/types\/page"}],"author":[{"embeddable":true,"href":"https:\/\/www.vivonsbachy.fr\/index.php?rest_route=\/wp\/v2\/users\/1"}],"replies":[{"embeddable":true,"href":"https:\/\/www.vivonsbachy.fr\/index.php?rest_route=%2Fwp%2Fv2%2Fcomments&post=5652"}],"version-history":[{"count":4,"href":"https:\/\/www.vivonsbachy.fr\/index.php?rest_route=\/wp\/v2\/pages\/5652\/revisions"}],"predecessor-version":[{"id":6018,"href":"https:\/\/www.vivonsbachy.fr\/index.php?rest_route=\/wp\/v2\/pages\/5652\/revisions\/6018"}],"up":[{"embeddable":true,"href":"https:\/\/www.vivonsbachy.fr\/index.php?rest_route=\/wp\/v2\/pages\/5505"}],"wp:attachment":[{"href":"https:\/\/www.vivonsbachy.fr\/index.php?rest_route=%2Fwp%2Fv2%2Fmedia&parent=5652"}],"curies":[{"name":"wp","href":"https:\/\/api.w.org\/{rel}","templated":true}]}}