{"id":5650,"date":"2018-08-07T12:38:41","date_gmt":"2018-08-07T10:38:41","guid":{"rendered":"https:\/\/www.vivonsbachy.fr\/?page_id=5650"},"modified":"2018-10-13T11:07:43","modified_gmt":"2018-10-13T09:07:43","slug":"7-carnaval-bachy-24-juin","status":"publish","type":"page","link":"https:\/\/www.vivonsbachy.fr\/?page_id=5650","title":{"rendered":"07 &#8211; Carnaval Bachy 24 juin"},"content":{"rendered":"<p>Sous un temps particuli\u00e8rement cl\u00e9ment, Les Gilles et le g\u00e9ant ont d\u00e9fil\u00e9 dans les rues de Bachy pour le traditionnel carnaval organis\u00e9 par les Bois sans soif<\/p>\n<p align=\"center\"><a href=\"https:\/\/www.vivonsbachy.fr\/wp-content\/uploads\/2018\/09\/Carnaval-253A9336-24-juin-2018-Copier.jpg\" class=\"gallery_colorbox\"><img loading=\"lazy\" decoding=\"async\" width=\"244\" height=\"164\" title=\" Carnaval - 253A9336 - 24 juin 2018 (Copier)\" style=\"margin: 0px; display: inline; background-image: none;\" alt=\" Carnaval - 253A9336 - 24 juin 2018 (Copier)\" src=\"https:\/\/www.vivonsbachy.fr\/wp-content\/uploads\/2018\/09\/Carnaval-253A9336-24-juin-2018-Copier_thumb.jpg\"  border=\"0\"><\/a><a href=\"https:\/\/www.vivonsbachy.fr\/wp-content\/uploads\/2018\/09\/Carnaval-253A9340-24-juin-2018-Copier.jpg\" class=\"gallery_colorbox\"><img loading=\"lazy\" decoding=\"async\" width=\"244\" height=\"164\" title=\" Carnaval - 253A9340 - 24 juin 2018 (Copier)\" style=\"margin: 0px; display: inline; background-image: none;\" alt=\" Carnaval - 253A9340 - 24 juin 2018 (Copier)\" src=\"https:\/\/www.vivonsbachy.fr\/wp-content\/uploads\/2018\/09\/Carnaval-253A9340-24-juin-2018-Copier_thumb.jpg\"  border=\"0\"><\/a><a href=\"https:\/\/www.vivonsbachy.fr\/wp-content\/uploads\/2018\/09\/Carnaval-253A9472-24-juin-2018-Copier.jpg\" class=\"gallery_colorbox\"><img loading=\"lazy\" decoding=\"async\" width=\"164\" height=\"244\" title=\" Carnaval - 253A9472 - 24 juin 2018 (Copier)\" style=\"display: inline; background-image: none;\" alt=\" Carnaval - 253A9472 - 24 juin 2018 (Copier)\" src=\"https:\/\/www.vivonsbachy.fr\/wp-content\/uploads\/2018\/09\/Carnaval-253A9472-24-juin-2018-Copier_thumb.jpg\"  border=\"0\"><\/a><a href=\"https:\/\/www.vivonsbachy.fr\/wp-content\/uploads\/2018\/09\/Carnaval-253A9474-24-juin-2018-Copier.jpg\" class=\"gallery_colorbox\"><img loading=\"lazy\" decoding=\"async\" width=\"164\" height=\"244\" title=\" Carnaval - 253A9474 - 24 juin 2018 (Copier)\" style=\"display: inline; background-image: none;\" alt=\" Carnaval - 253A9474 - 24 juin 2018 (Copier)\" src=\"https:\/\/www.vivonsbachy.fr\/wp-content\/uploads\/2018\/09\/Carnaval-253A9474-24-juin-2018-Copier_thumb.jpg\"  border=\"0\"><\/a><\/p>\n","protected":false},"excerpt":{"rendered":"<p>Sous un temps particuli\u00e8rement cl\u00e9ment, Les Gilles et le g\u00e9ant ont d\u00e9fil\u00e9 dans les rues de Bachy pour le traditionnel carnaval organis\u00e9 par les Bois sans soif<\/p>\n","protected":false},"author":1,"featured_media":0,"parent":5505,"menu_order":0,"comment_status":"closed","ping_status":"closed","template":"","meta":{"footnotes":""},"_links":{"self":[{"href":"https:\/\/www.vivonsbachy.fr\/index.php?rest_route=\/wp\/v2\/pages\/5650"}],"collection":[{"href":"https:\/\/www.vivonsbachy.fr\/index.php?rest_route=\/wp\/v2\/pages"}],"about":[{"href":"https:\/\/www.vivonsbachy.fr\/index.php?rest_route=\/wp\/v2\/types\/page"}],"author":[{"embeddable":true,"href":"https:\/\/www.vivonsbachy.fr\/index.php?rest_route=\/wp\/v2\/users\/1"}],"replies":[{"embeddable":true,"href":"https:\/\/www.vivonsbachy.fr\/index.php?rest_route=%2Fwp%2Fv2%2Fcomments&post=5650"}],"version-history":[{"count":3,"href":"https:\/\/www.vivonsbachy.fr\/index.php?rest_route=\/wp\/v2\/pages\/5650\/revisions"}],"predecessor-version":[{"id":5937,"href":"https:\/\/www.vivonsbachy.fr\/index.php?rest_route=\/wp\/v2\/pages\/5650\/revisions\/5937"}],"up":[{"embeddable":true,"href":"https:\/\/www.vivonsbachy.fr\/index.php?rest_route=\/wp\/v2\/pages\/5505"}],"wp:attachment":[{"href":"https:\/\/www.vivonsbachy.fr\/index.php?rest_route=%2Fwp%2Fv2%2Fmedia&parent=5650"}],"curies":[{"name":"wp","href":"https:\/\/api.w.org\/{rel}","templated":true}]}}