{"id":5648,"date":"2018-08-07T12:38:11","date_gmt":"2018-08-07T10:38:11","guid":{"rendered":"https:\/\/www.vivonsbachy.fr\/?page_id=5648"},"modified":"2018-10-13T11:07:33","modified_gmt":"2018-10-13T09:07:33","slug":"6-braderie-bachy-23-juin","status":"publish","type":"page","link":"https:\/\/www.vivonsbachy.fr\/?page_id=5648","title":{"rendered":"06 &#8211; Braderie Bachy 23 juin"},"content":{"rendered":"<p><font size=\"4\">Antoine de Baissy a particip\u00e9 \u00e0 la braderie organis\u00e9e par \u201cLes bois sans soif\u201d<\/font><\/p>\n<p><a href=\"https:\/\/www.vivonsbachy.fr\/wp-content\/uploads\/2018\/09\/Braderie-Bachy-253A9208-23-juin-2018.jpg\" class=\"gallery_colorbox\"><img loading=\"lazy\" decoding=\"async\" width=\"244\" height=\"164\" title=\" Braderie Bachy - 253A9208 - 23 juin 2018\" style=\"margin-right: auto; margin-left: auto; float: none; display: block; background-image: none;\" alt=\" Braderie Bachy - 253A9208 - 23 juin 2018\" src=\"https:\/\/www.vivonsbachy.fr\/wp-content\/uploads\/2018\/09\/Braderie-Bachy-253A9208-23-juin-2018_thumb.jpg\"  border=\"0\"><\/a><\/p>\n","protected":false},"excerpt":{"rendered":"<p>Antoine de Baissy a particip\u00e9 \u00e0 la braderie organis\u00e9e par \u201cLes bois sans soif\u201d<\/p>\n","protected":false},"author":1,"featured_media":0,"parent":5505,"menu_order":0,"comment_status":"closed","ping_status":"closed","template":"","meta":{"footnotes":""},"_links":{"self":[{"href":"https:\/\/www.vivonsbachy.fr\/index.php?rest_route=\/wp\/v2\/pages\/5648"}],"collection":[{"href":"https:\/\/www.vivonsbachy.fr\/index.php?rest_route=\/wp\/v2\/pages"}],"about":[{"href":"https:\/\/www.vivonsbachy.fr\/index.php?rest_route=\/wp\/v2\/types\/page"}],"author":[{"embeddable":true,"href":"https:\/\/www.vivonsbachy.fr\/index.php?rest_route=\/wp\/v2\/users\/1"}],"replies":[{"embeddable":true,"href":"https:\/\/www.vivonsbachy.fr\/index.php?rest_route=%2Fwp%2Fv2%2Fcomments&post=5648"}],"version-history":[{"count":3,"href":"https:\/\/www.vivonsbachy.fr\/index.php?rest_route=\/wp\/v2\/pages\/5648\/revisions"}],"predecessor-version":[{"id":5936,"href":"https:\/\/www.vivonsbachy.fr\/index.php?rest_route=\/wp\/v2\/pages\/5648\/revisions\/5936"}],"up":[{"embeddable":true,"href":"https:\/\/www.vivonsbachy.fr\/index.php?rest_route=\/wp\/v2\/pages\/5505"}],"wp:attachment":[{"href":"https:\/\/www.vivonsbachy.fr\/index.php?rest_route=%2Fwp%2Fv2%2Fmedia&parent=5648"}],"curies":[{"name":"wp","href":"https:\/\/api.w.org\/{rel}","templated":true}]}}