{"id":5511,"date":"2018-05-02T18:36:00","date_gmt":"2018-05-02T16:36:00","guid":{"rendered":"http:\/\/www.vivonsbachy.fr\/?page_id=5511"},"modified":"2018-10-13T11:07:00","modified_gmt":"2018-10-13T09:07:00","slug":"3-5eme-marche-du-muguet","status":"publish","type":"page","link":"https:\/\/www.vivonsbachy.fr\/?page_id=5511","title":{"rendered":"03 &#8211; 5&egrave;me marche du muguet 1er mai"},"content":{"rendered":"<p><span style=\"font-family: Arial; font-size: large;\">Rendez vous \u00e9tait donn\u00e9 au foyer rural pour la 5\u00e8me marche du muguet organis\u00e9e par notre association. Ce n\u2019\u00e9tait pas le grand beau temps, mais tout de m\u00eame 80 personnes ont particip\u00e9 aux trois parcours propos\u00e9s<\/span><\/p>\n<p><span style=\"font-family: Arial; font-size: large;\">4,5 \u2013 6 \u2013 et 10 km agr\u00e9ment\u00e9 d\u2019un quiz tout au long des parcours<\/span><\/p>\n<p><span style=\"font-family: Arial; font-size: large;\">Cela a permis \u00e0 Monsieur G\u00e9rard JOURNET de Coutiches de remporter le panier garni de produits r\u00e9gionaux.<\/span><\/p>\n<p align=\"center\"><span style=\"font-family: Arial; font-size: large;\"><a href=\"http:\/\/www.vivonsbachy.fr\/wp-content\/uploads\/2018\/05\/Quiz.jpg\" class=\"gallery_colorbox\"><img loading=\"lazy\" decoding=\"async\" style=\"display: inline; background-image: none;\" title=\"Quiz\" src=\"http:\/\/www.vivonsbachy.fr\/wp-content\/uploads\/2018\/05\/Quiz_thumb.jpg\"  alt=\"Quiz\" width=\"167\" height=\"244\" border=\"0\"><\/a>&nbsp;<a href=\"http:\/\/www.vivonsbachy.fr\/wp-content\/uploads\/2018\/05\/5%C3%A8me-marche-du-muguet-253A7082-01-mai-2018.jpg\" class=\"gallery_colorbox\"><img loading=\"lazy\" decoding=\"async\" style=\"display: inline; background-image: none;\" title=\" 5\u00e8me marche du muguet - 253A7082 - 01 mai 2018\" src=\"http:\/\/www.vivonsbachy.fr\/wp-content\/uploads\/2018\/05\/5%C3%A8me-marche-du-muguet-253A7082-01-mai-2018_thumb.jpg\"  alt=\" 5\u00e8me marche du muguet - 253A7082 - 01 mai 2018\" width=\"244\" height=\"164\" border=\"0\"><\/a>&nbsp;<a href=\"http:\/\/www.vivonsbachy.fr\/wp-content\/uploads\/2018\/05\/5%C3%A8me-marche-du-muguet-253A7026-01-mai-2018.jpg\" class=\"gallery_colorbox\"><img loading=\"lazy\" decoding=\"async\" style=\"display: inline; background-image: none;\" title=\" 5\u00e8me marche du muguet - 253A7026 - 01 mai 2018\" src=\"http:\/\/www.vivonsbachy.fr\/wp-content\/uploads\/2018\/05\/5%C3%A8me-marche-du-muguet-253A7026-01-mai-2018_thumb.jpg\"  alt=\" 5\u00e8me marche du muguet - 253A7026 - 01 mai 2018\" width=\"164\" height=\"244\" border=\"0\"><\/a><\/span><\/p>\n<p align=\"center\"><span style=\"font-family: Arial; font-size: large;\"><a href=\"http:\/\/www.vivonsbachy.fr\/wp-content\/uploads\/2018\/05\/5%C3%A8me-marche-du-muguet-253A7028-01-mai-2018.jpg\" class=\"gallery_colorbox\"><img loading=\"lazy\" decoding=\"async\" style=\"margin: 0px; display: inline; background-image: none;\" title=\" 5\u00e8me marche du muguet - 253A7028 - 01 mai 2018\" src=\"http:\/\/www.vivonsbachy.fr\/wp-content\/uploads\/2018\/05\/5%C3%A8me-marche-du-muguet-253A7028-01-mai-2018_thumb.jpg\"  alt=\" 5\u00e8me marche du muguet - 253A7028 - 01 mai 2018\" width=\"244\" height=\"164\" border=\"0\"><\/a>&nbsp;&nbsp;&nbsp; <a href=\"http:\/\/www.vivonsbachy.fr\/wp-content\/uploads\/2018\/05\/5%C3%A8me-marche-du-muguet-253A7029-01-mai-2018.jpg\" class=\"gallery_colorbox\"><img loading=\"lazy\" decoding=\"async\" style=\"margin: 0px; display: inline; background-image: none;\" title=\" 5\u00e8me marche du muguet - 253A7029 - 01 mai 2018\" src=\"http:\/\/www.vivonsbachy.fr\/wp-content\/uploads\/2018\/05\/5%C3%A8me-marche-du-muguet-253A7029-01-mai-2018_thumb.jpg\"  alt=\" 5\u00e8me marche du muguet - 253A7029 - 01 mai 2018\" width=\"244\" height=\"164\" border=\"0\"><\/a><a href=\"http:\/\/www.vivonsbachy.fr\/wp-content\/uploads\/2018\/05\/5%C3%A8me-marche-du-muguet-253A7030-01-mai-2018.jpg\" class=\"gallery_colorbox\"><img loading=\"lazy\" decoding=\"async\" style=\"margin: 0px; display: inline; background-image: none;\" title=\" 5\u00e8me marche du muguet - 253A7030 - 01 mai 2018\" src=\"http:\/\/www.vivonsbachy.fr\/wp-content\/uploads\/2018\/05\/5%C3%A8me-marche-du-muguet-253A7030-01-mai-2018_thumb.jpg\"  alt=\" 5\u00e8me marche du muguet - 253A7030 - 01 mai 2018\" width=\"244\" height=\"164\" border=\"0\"><\/a>&nbsp;&nbsp;&nbsp; <a href=\"http:\/\/www.vivonsbachy.fr\/wp-content\/uploads\/2018\/05\/5%C3%A8me-marche-du-muguet-253A7032-01-mai-2018.jpg\" class=\"gallery_colorbox\"><img loading=\"lazy\" decoding=\"async\" style=\"margin: 0px; display: inline; background-image: none;\" title=\" 5\u00e8me marche du muguet - 253A7032 - 01 mai 2018\" src=\"http:\/\/www.vivonsbachy.fr\/wp-content\/uploads\/2018\/05\/5%C3%A8me-marche-du-muguet-253A7032-01-mai-2018_thumb.jpg\"  alt=\" 5\u00e8me marche du muguet - 253A7032 - 01 mai 2018\" width=\"244\" height=\"164\" border=\"0\"><\/a><a href=\"http:\/\/www.vivonsbachy.fr\/wp-content\/uploads\/2018\/05\/5%C3%A8me-marche-du-muguet-253A7034-01-mai-2018.jpg\" class=\"gallery_colorbox\"><img loading=\"lazy\" decoding=\"async\" style=\"margin: 0px; display: inline; background-image: none;\" title=\" 5\u00e8me marche du muguet - 253A7034 - 01 mai 2018\" src=\"http:\/\/www.vivonsbachy.fr\/wp-content\/uploads\/2018\/05\/5%C3%A8me-marche-du-muguet-253A7034-01-mai-2018_thumb.jpg\"  alt=\" 5\u00e8me marche du muguet - 253A7034 - 01 mai 2018\" width=\"244\" height=\"164\" border=\"0\"><\/a>&nbsp;&nbsp;&nbsp; <a href=\"http:\/\/www.vivonsbachy.fr\/wp-content\/uploads\/2018\/05\/5%C3%A8me-marche-du-muguet-253A7035-01-mai-2018.jpg\" class=\"gallery_colorbox\"><img loading=\"lazy\" decoding=\"async\" style=\"margin: 0px; display: inline; background-image: none;\" title=\" 5\u00e8me marche du muguet - 253A7035 - 01 mai 2018\" src=\"http:\/\/www.vivonsbachy.fr\/wp-content\/uploads\/2018\/05\/5%C3%A8me-marche-du-muguet-253A7035-01-mai-2018_thumb.jpg\"  alt=\" 5\u00e8me marche du muguet - 253A7035 - 01 mai 2018\" width=\"244\" height=\"164\" border=\"0\"><\/a><a href=\"http:\/\/www.vivonsbachy.fr\/wp-content\/uploads\/2018\/05\/5%C3%A8me-marche-du-muguet-253A7037-01-mai-2018.jpg\" class=\"gallery_colorbox\"><img loading=\"lazy\" decoding=\"async\" style=\"margin: 0px; display: inline; background-image: none;\" title=\" 5\u00e8me marche du muguet - 253A7037 - 01 mai 2018\" src=\"http:\/\/www.vivonsbachy.fr\/wp-content\/uploads\/2018\/05\/5%C3%A8me-marche-du-muguet-253A7037-01-mai-2018_thumb.jpg\"  alt=\" 5\u00e8me marche du muguet - 253A7037 - 01 mai 2018\" width=\"244\" height=\"164\" border=\"0\"><\/a>&nbsp;&nbsp;&nbsp; <a href=\"http:\/\/www.vivonsbachy.fr\/wp-content\/uploads\/2018\/05\/5%C3%A8me-marche-du-muguet-253A7038-01-mai-2018.jpg\" class=\"gallery_colorbox\"><img loading=\"lazy\" decoding=\"async\" style=\"margin: 0px; display: inline; background-image: none;\" title=\" 5\u00e8me marche du muguet - 253A7038 - 01 mai 2018\" src=\"http:\/\/www.vivonsbachy.fr\/wp-content\/uploads\/2018\/05\/5%C3%A8me-marche-du-muguet-253A7038-01-mai-2018_thumb.jpg\"  alt=\" 5\u00e8me marche du muguet - 253A7038 - 01 mai 2018\" width=\"244\" height=\"164\" border=\"0\"><\/a><a href=\"http:\/\/www.vivonsbachy.fr\/wp-content\/uploads\/2018\/05\/5%C3%A8me-marche-du-muguet-253A7043-01-mai-2018.jpg\" class=\"gallery_colorbox\"><img loading=\"lazy\" decoding=\"async\" style=\"margin: 0px; display: inline; background-image: none;\" title=\" 5\u00e8me marche du muguet - 253A7043 - 01 mai 2018\" src=\"http:\/\/www.vivonsbachy.fr\/wp-content\/uploads\/2018\/05\/5%C3%A8me-marche-du-muguet-253A7043-01-mai-2018_thumb.jpg\"  alt=\" 5\u00e8me marche du muguet - 253A7043 - 01 mai 2018\" width=\"244\" height=\"164\" border=\"0\"><\/a>&nbsp;&nbsp;&nbsp; <a href=\"http:\/\/www.vivonsbachy.fr\/wp-content\/uploads\/2018\/05\/5%C3%A8me-marche-du-muguet-253A7045-01-mai-2018.jpg\" class=\"gallery_colorbox\"><img loading=\"lazy\" decoding=\"async\" style=\"margin: 0px; display: inline; background-image: none;\" title=\" 5\u00e8me marche du muguet - 253A7045 - 01 mai 2018\" src=\"http:\/\/www.vivonsbachy.fr\/wp-content\/uploads\/2018\/05\/5%C3%A8me-marche-du-muguet-253A7045-01-mai-2018_thumb.jpg\"  alt=\" 5\u00e8me marche du muguet - 253A7045 - 01 mai 2018\" width=\"244\" height=\"164\" border=\"0\"><\/a><a href=\"http:\/\/www.vivonsbachy.fr\/wp-content\/uploads\/2018\/05\/5%C3%A8me-marche-du-muguet-253A7051-01-mai-2018.jpg\" class=\"gallery_colorbox\"><img loading=\"lazy\" decoding=\"async\" style=\"margin: 0px; display: inline; background-image: none;\" title=\" 5\u00e8me marche du muguet - 253A7051 - 01 mai 2018\" src=\"http:\/\/www.vivonsbachy.fr\/wp-content\/uploads\/2018\/05\/5%C3%A8me-marche-du-muguet-253A7051-01-mai-2018_thumb.jpg\"  alt=\" 5\u00e8me marche du muguet - 253A7051 - 01 mai 2018\" width=\"244\" height=\"164\" border=\"0\"><\/a>&nbsp;&nbsp;&nbsp; <a href=\"http:\/\/www.vivonsbachy.fr\/wp-content\/uploads\/2018\/05\/5%C3%A8me-marche-du-muguet-253A7052-01-mai-2018.jpg\" class=\"gallery_colorbox\"><img loading=\"lazy\" decoding=\"async\" style=\"margin: 0px; display: inline; background-image: none;\" title=\" 5\u00e8me marche du muguet - 253A7052 - 01 mai 2018\" src=\"http:\/\/www.vivonsbachy.fr\/wp-content\/uploads\/2018\/05\/5%C3%A8me-marche-du-muguet-253A7052-01-mai-2018_thumb.jpg\"  alt=\" 5\u00e8me marche du muguet - 253A7052 - 01 mai 2018\" width=\"244\" height=\"164\" border=\"0\"><\/a><a href=\"http:\/\/www.vivonsbachy.fr\/wp-content\/uploads\/2018\/05\/5%C3%A8me-marche-du-muguet-253A7054-01-mai-2018.jpg\" class=\"gallery_colorbox\"><img loading=\"lazy\" decoding=\"async\" style=\"margin: 0px; display: inline; background-image: none;\" title=\" 5\u00e8me marche du muguet - 253A7054 - 01 mai 2018\" src=\"http:\/\/www.vivonsbachy.fr\/wp-content\/uploads\/2018\/05\/5%C3%A8me-marche-du-muguet-253A7054-01-mai-2018_thumb.jpg\"  alt=\" 5\u00e8me marche du muguet - 253A7054 - 01 mai 2018\" width=\"244\" height=\"164\" border=\"0\"><\/a>&nbsp;&nbsp;&nbsp; <a href=\"http:\/\/www.vivonsbachy.fr\/wp-content\/uploads\/2018\/05\/5%C3%A8me-marche-du-muguet-253A7056-01-mai-2018.jpg\" class=\"gallery_colorbox\"><img loading=\"lazy\" decoding=\"async\" style=\"margin: 0px; display: inline; background-image: none;\" title=\" 5\u00e8me marche du muguet - 253A7056 - 01 mai 2018\" src=\"http:\/\/www.vivonsbachy.fr\/wp-content\/uploads\/2018\/05\/5%C3%A8me-marche-du-muguet-253A7056-01-mai-2018_thumb.jpg\"  alt=\" 5\u00e8me marche du muguet - 253A7056 - 01 mai 2018\" width=\"244\" height=\"164\" border=\"0\"><\/a><a href=\"http:\/\/www.vivonsbachy.fr\/wp-content\/uploads\/2018\/05\/5%C3%A8me-marche-du-muguet-253A7060-01-mai-2018.jpg\" class=\"gallery_colorbox\"><img loading=\"lazy\" decoding=\"async\" style=\"margin: 0px; display: inline; background-image: none;\" title=\" 5\u00e8me marche du muguet - 253A7060 - 01 mai 2018\" src=\"http:\/\/www.vivonsbachy.fr\/wp-content\/uploads\/2018\/05\/5%C3%A8me-marche-du-muguet-253A7060-01-mai-2018_thumb.jpg\"  alt=\" 5\u00e8me marche du muguet - 253A7060 - 01 mai 2018\" width=\"244\" height=\"164\" border=\"0\"><\/a>&nbsp;&nbsp;&nbsp; <a href=\"http:\/\/www.vivonsbachy.fr\/wp-content\/uploads\/2018\/05\/5%C3%A8me-marche-du-muguet-253A7068-01-mai-2018.jpg\" class=\"gallery_colorbox\"><img loading=\"lazy\" decoding=\"async\" style=\"margin: 0px; display: inline; background-image: none;\" title=\" 5\u00e8me marche du muguet - 253A7068 - 01 mai 2018\" src=\"http:\/\/www.vivonsbachy.fr\/wp-content\/uploads\/2018\/05\/5%C3%A8me-marche-du-muguet-253A7068-01-mai-2018_thumb.jpg\"  alt=\" 5\u00e8me marche du muguet - 253A7068 - 01 mai 2018\" width=\"244\" height=\"164\" border=\"0\"><\/a><a href=\"http:\/\/www.vivonsbachy.fr\/wp-content\/uploads\/2018\/05\/5%C3%A8me-marche-du-muguet-253A7075-01-mai-2018.jpg\" class=\"gallery_colorbox\"><img loading=\"lazy\" decoding=\"async\" style=\"margin: 0px; display: inline; background-image: none;\" title=\" 5\u00e8me marche du muguet - 253A7075 - 01 mai 2018\" src=\"http:\/\/www.vivonsbachy.fr\/wp-content\/uploads\/2018\/05\/5%C3%A8me-marche-du-muguet-253A7075-01-mai-2018_thumb.jpg\"  alt=\" 5\u00e8me marche du muguet - 253A7075 - 01 mai 2018\" width=\"244\" height=\"164\" border=\"0\"><\/a>&nbsp;&nbsp;&nbsp; <a href=\"http:\/\/www.vivonsbachy.fr\/wp-content\/uploads\/2018\/05\/5%C3%A8me-marche-du-muguet-253A7077-01-mai-2018.jpg\" class=\"gallery_colorbox\"><img loading=\"lazy\" decoding=\"async\" style=\"margin: 0px; display: inline; background-image: none;\" title=\" 5\u00e8me marche du muguet - 253A7077 - 01 mai 2018\" src=\"http:\/\/www.vivonsbachy.fr\/wp-content\/uploads\/2018\/05\/5%C3%A8me-marche-du-muguet-253A7077-01-mai-2018_thumb.jpg\"  alt=\" 5\u00e8me marche du muguet - 253A7077 - 01 mai 2018\" width=\"244\" height=\"164\" border=\"0\"><\/a><a href=\"http:\/\/www.vivonsbachy.fr\/wp-content\/uploads\/2018\/05\/5%C3%A8me-marche-du-muguet-253A7083-01-mai-2018.jpg\" class=\"gallery_colorbox\"><img loading=\"lazy\" decoding=\"async\" style=\"margin: 0px; display: inline; background-image: none;\" title=\" 5\u00e8me marche du muguet - 253A7083 - 01 mai 2018\" src=\"http:\/\/www.vivonsbachy.fr\/wp-content\/uploads\/2018\/05\/5%C3%A8me-marche-du-muguet-253A7083-01-mai-2018_thumb.jpg\"  alt=\" 5\u00e8me marche du muguet - 253A7083 - 01 mai 2018\" width=\"244\" height=\"164\" border=\"0\"><\/a>&nbsp;&nbsp;&nbsp; <a href=\"http:\/\/www.vivonsbachy.fr\/wp-content\/uploads\/2018\/05\/5%C3%A8me-marche-du-muguet-253A7087-01-mai-2018.jpg\" class=\"gallery_colorbox\"><img loading=\"lazy\" decoding=\"async\" style=\"margin: 0px; display: inline; background-image: none;\" title=\" 5\u00e8me marche du muguet - 253A7087 - 01 mai 2018\" src=\"http:\/\/www.vivonsbachy.fr\/wp-content\/uploads\/2018\/05\/5%C3%A8me-marche-du-muguet-253A7087-01-mai-2018_thumb.jpg\"  alt=\" 5\u00e8me marche du muguet - 253A7087 - 01 mai 2018\" width=\"244\" height=\"164\" border=\"0\"><\/a><a href=\"http:\/\/www.vivonsbachy.fr\/wp-content\/uploads\/2018\/05\/5%C3%A8me-marche-du-muguet-253A7089-01-mai-2018.jpg\" class=\"gallery_colorbox\"><img loading=\"lazy\" decoding=\"async\" style=\"margin: 0px; display: inline; background-image: none;\" title=\" 5\u00e8me marche du muguet - 253A7089 - 01 mai 2018\" src=\"http:\/\/www.vivonsbachy.fr\/wp-content\/uploads\/2018\/05\/5%C3%A8me-marche-du-muguet-253A7089-01-mai-2018_thumb.jpg\"  alt=\" 5\u00e8me marche du muguet - 253A7089 - 01 mai 2018\" width=\"244\" height=\"164\" border=\"0\"><\/a>&nbsp;&nbsp;&nbsp; <a href=\"http:\/\/www.vivonsbachy.fr\/wp-content\/uploads\/2018\/05\/5%C3%A8me-marche-du-muguet-253A7091-01-mai-2018.jpg\" class=\"gallery_colorbox\"><img loading=\"lazy\" decoding=\"async\" style=\"margin: 0px; display: inline; background-image: none;\" title=\" 5\u00e8me marche du muguet - 253A7091 - 01 mai 2018\" src=\"http:\/\/www.vivonsbachy.fr\/wp-content\/uploads\/2018\/05\/5%C3%A8me-marche-du-muguet-253A7091-01-mai-2018_thumb.jpg\"  alt=\" 5\u00e8me marche du muguet - 253A7091 - 01 mai 2018\" width=\"244\" height=\"164\" border=\"0\"><\/a><a href=\"http:\/\/www.vivonsbachy.fr\/wp-content\/uploads\/2018\/05\/5%C3%A8me-marche-du-muguet-253A7092-01-mai-2018.jpg\" class=\"gallery_colorbox\"><img loading=\"lazy\" decoding=\"async\" style=\"margin: 0px; display: inline; background-image: none;\" title=\" 5\u00e8me marche du muguet - 253A7092 - 01 mai 2018\" src=\"http:\/\/www.vivonsbachy.fr\/wp-content\/uploads\/2018\/05\/5%C3%A8me-marche-du-muguet-253A7092-01-mai-2018_thumb.jpg\"  alt=\" 5\u00e8me marche du muguet - 253A7092 - 01 mai 2018\" width=\"244\" height=\"98\" border=\"0\"><\/a>&nbsp;&nbsp;&nbsp; <a href=\"http:\/\/www.vivonsbachy.fr\/wp-content\/uploads\/2018\/05\/5%C3%A8me-marche-du-muguet-253A7093-01-mai-2018.jpg\" class=\"gallery_colorbox\"><img loading=\"lazy\" decoding=\"async\" style=\"margin: 0px; display: inline; background-image: none;\" title=\" 5\u00e8me marche du muguet - 253A7093 - 01 mai 2018\" src=\"http:\/\/www.vivonsbachy.fr\/wp-content\/uploads\/2018\/05\/5%C3%A8me-marche-du-muguet-253A7093-01-mai-2018_thumb.jpg\"  alt=\" 5\u00e8me marche du muguet - 253A7093 - 01 mai 2018\" width=\"244\" height=\"164\" border=\"0\"><\/a><a href=\"http:\/\/www.vivonsbachy.fr\/wp-content\/uploads\/2018\/05\/5%C3%A8me-marche-du-muguet-253A7095-01-mai-2018.jpg\" class=\"gallery_colorbox\"><img loading=\"lazy\" decoding=\"async\" style=\"margin: 0px; display: inline; background-image: none;\" title=\" 5\u00e8me marche du muguet - 253A7095 - 01 mai 2018\" src=\"http:\/\/www.vivonsbachy.fr\/wp-content\/uploads\/2018\/05\/5%C3%A8me-marche-du-muguet-253A7095-01-mai-2018_thumb.jpg\"  alt=\" 5\u00e8me marche du muguet - 253A7095 - 01 mai 2018\" width=\"244\" height=\"164\" border=\"0\"><\/a>&nbsp;&nbsp;&nbsp; <a href=\"http:\/\/www.vivonsbachy.fr\/wp-content\/uploads\/2018\/05\/5%C3%A8me-marche-du-muguet-253A7100-01-mai-2018.jpg\" class=\"gallery_colorbox\"><img loading=\"lazy\" decoding=\"async\" style=\"margin: 0px; display: inline; background-image: none;\" title=\" 5\u00e8me marche du muguet - 253A7100 - 01 mai 2018\" src=\"http:\/\/www.vivonsbachy.fr\/wp-content\/uploads\/2018\/05\/5%C3%A8me-marche-du-muguet-253A7100-01-mai-2018_thumb.jpg\"  alt=\" 5\u00e8me marche du muguet - 253A7100 - 01 mai 2018\" width=\"244\" height=\"164\" border=\"0\"><\/a><a href=\"http:\/\/www.vivonsbachy.fr\/wp-content\/uploads\/2018\/05\/5%C3%A8me-marche-du-muguet-IMG_3609-01-mai-2018.jpg\" class=\"gallery_colorbox\"><img loading=\"lazy\" decoding=\"async\" style=\"margin: 0px; display: inline; background-image: none;\" title=\" 5\u00e8me marche du muguet - IMG_3609 - 01 mai 2018\" src=\"http:\/\/www.vivonsbachy.fr\/wp-content\/uploads\/2018\/05\/5%C3%A8me-marche-du-muguet-IMG_3609-01-mai-2018_thumb.jpg\"  alt=\" 5\u00e8me marche du muguet - IMG_3609 - 01 mai 2018\" width=\"244\" height=\"164\" border=\"0\"><\/a>&nbsp;&nbsp;&nbsp; <a href=\"http:\/\/www.vivonsbachy.fr\/wp-content\/uploads\/2018\/05\/5%C3%A8me-marche-du-muguet-IMG_3612-01-mai-2018.jpg\" class=\"gallery_colorbox\"><img loading=\"lazy\" decoding=\"async\" style=\"display: inline; background-image: none;\" title=\" 5\u00e8me marche du muguet - IMG_3612 - 01 mai 2018\" src=\"http:\/\/www.vivonsbachy.fr\/wp-content\/uploads\/2018\/05\/5%C3%A8me-marche-du-muguet-IMG_3612-01-mai-2018_thumb.jpg\"  alt=\" 5\u00e8me marche du muguet - IMG_3612 - 01 mai 2018\" width=\"244\" height=\"164\" border=\"0\"><\/a><\/span><\/p>\n<p><span style=\"font-family: Arial; font-size: large;\">&nbsp;<\/span><\/p>\n","protected":false},"excerpt":{"rendered":"<p>Rendez vous \u00e9tait donn\u00e9 au foyer rural pour la 5\u00e8me marche du muguet organis\u00e9e par notre association. Ce n\u2019\u00e9tait pas le grand beau temps, mais tout de m\u00eame 80 personnes ont particip\u00e9 aux trois parcours propos\u00e9s 4,5 \u2013 6 \u2013 &hellip; <a href=\"https:\/\/www.vivonsbachy.fr\/?page_id=5511\">Continuer la lecture <span class=\"meta-nav\">&rarr;<\/span><\/a><\/p>\n","protected":false},"author":1,"featured_media":0,"parent":5505,"menu_order":0,"comment_status":"closed","ping_status":"closed","template":"","meta":{"footnotes":""},"_links":{"self":[{"href":"https:\/\/www.vivonsbachy.fr\/index.php?rest_route=\/wp\/v2\/pages\/5511"}],"collection":[{"href":"https:\/\/www.vivonsbachy.fr\/index.php?rest_route=\/wp\/v2\/pages"}],"about":[{"href":"https:\/\/www.vivonsbachy.fr\/index.php?rest_route=\/wp\/v2\/types\/page"}],"author":[{"embeddable":true,"href":"https:\/\/www.vivonsbachy.fr\/index.php?rest_route=\/wp\/v2\/users\/1"}],"replies":[{"embeddable":true,"href":"https:\/\/www.vivonsbachy.fr\/index.php?rest_route=%2Fwp%2Fv2%2Fcomments&post=5511"}],"version-history":[{"count":5,"href":"https:\/\/www.vivonsbachy.fr\/index.php?rest_route=\/wp\/v2\/pages\/5511\/revisions"}],"predecessor-version":[{"id":5933,"href":"https:\/\/www.vivonsbachy.fr\/index.php?rest_route=\/wp\/v2\/pages\/5511\/revisions\/5933"}],"up":[{"embeddable":true,"href":"https:\/\/www.vivonsbachy.fr\/index.php?rest_route=\/wp\/v2\/pages\/5505"}],"wp:attachment":[{"href":"https:\/\/www.vivonsbachy.fr\/index.php?rest_route=%2Fwp%2Fv2%2Fmedia&parent=5511"}],"curies":[{"name":"wp","href":"https:\/\/api.w.org\/{rel}","templated":true}]}}