{"id":5507,"date":"2018-05-02T18:33:58","date_gmt":"2018-05-02T16:33:58","guid":{"rendered":"http:\/\/www.vivonsbachy.fr\/?page_id=5507"},"modified":"2018-10-13T11:10:18","modified_gmt":"2018-10-13T09:10:18","slug":"1-assemblee-generale","status":"publish","type":"page","link":"https:\/\/www.vivonsbachy.fr\/?page_id=5507","title":{"rendered":"01 &#8211; Assembl&eacute;e G&eacute;n&eacute;rale 17 mars"},"content":{"rendered":"<p align=\"justify\"><font face=\"Arial\" size=\"4\">Comme chaque ann\u00e9e, nous avons tenu notre <strong><em><u>Assembl\u00e9e G\u00e9n\u00e9rale<\/u><\/em><\/strong> ou nous avons pr\u00e9sent\u00e9 le bilan des activit\u00e9s de l\u2019ann\u00e9e 2017 et le bilan financier. Les diff\u00e9rentes activit\u00e9s 2018 ont \u00e9galement \u00e9t\u00e9 d\u00e9taill\u00e9es.<\/font><\/p>\n<p align=\"justify\"><font face=\"Arial\" size=\"4\">H\u00e9las, peu de monde pr\u00e9sent malgr\u00e9 toutes les invitations envoy\u00e9es.<\/font><\/p>\n<p align=\"center\"><font face=\"Arial\" size=\"4\"><a href=\"http:\/\/www.vivonsbachy.fr\/wp-content\/uploads\/2018\/05\/IMG_4250.jpg\" class=\"gallery_colorbox\"><img loading=\"lazy\" decoding=\"async\" width=\"244\" height=\"164\" title=\"\" style=\"margin: 0px; display: inline; background-image: none;\" alt=\"\" src=\"http:\/\/www.vivonsbachy.fr\/wp-content\/uploads\/2018\/05\/IMG_4250_thumb.jpg\"  border=\"0\"><\/a>&nbsp;&nbsp;&nbsp; <a href=\"http:\/\/www.vivonsbachy.fr\/wp-content\/uploads\/2018\/05\/IMG_4252.jpg\" class=\"gallery_colorbox\"><img loading=\"lazy\" decoding=\"async\" width=\"244\" height=\"164\" title=\"\" style=\"margin: 0px; display: inline; background-image: none;\" alt=\"\" src=\"http:\/\/www.vivonsbachy.fr\/wp-content\/uploads\/2018\/05\/IMG_4252_thumb.jpg\"  border=\"0\"><\/a><a href=\"http:\/\/www.vivonsbachy.fr\/wp-content\/uploads\/2018\/05\/IMG_4254.jpg\" class=\"gallery_colorbox\"><img loading=\"lazy\" decoding=\"async\" width=\"244\" height=\"164\" title=\"\" style=\"margin: 0px; display: inline; background-image: none;\" alt=\"\" src=\"http:\/\/www.vivonsbachy.fr\/wp-content\/uploads\/2018\/05\/IMG_4254_thumb.jpg\"  border=\"0\"><\/a>&nbsp;&nbsp;&nbsp; <a href=\"http:\/\/www.vivonsbachy.fr\/wp-content\/uploads\/2018\/05\/IMG_4255.jpg\" class=\"gallery_colorbox\"><img loading=\"lazy\" decoding=\"async\" width=\"244\" height=\"164\" title=\"\" style=\"margin: 0px; display: inline; background-image: none;\" alt=\"\" src=\"http:\/\/www.vivonsbachy.fr\/wp-content\/uploads\/2018\/05\/IMG_4255_thumb.jpg\"  border=\"0\"><\/a><a href=\"http:\/\/www.vivonsbachy.fr\/wp-content\/uploads\/2018\/05\/IMG_4256.jpg\" class=\"gallery_colorbox\"><img loading=\"lazy\" decoding=\"async\" width=\"164\" height=\"244\" title=\"\" style=\"display: inline; background-image: none;\" alt=\"\" src=\"http:\/\/www.vivonsbachy.fr\/wp-content\/uploads\/2018\/05\/IMG_4256_thumb.jpg\"  border=\"0\"><\/a>&nbsp;&nbsp;&nbsp;&nbsp;&nbsp;&nbsp;&nbsp;&nbsp;&nbsp;&nbsp;&nbsp; <a href=\"http:\/\/www.vivonsbachy.fr\/wp-content\/uploads\/2018\/05\/IMG_4251.jpg\" class=\"gallery_colorbox\"><img loading=\"lazy\" decoding=\"async\" width=\"164\" height=\"244\" title=\"\" style=\"display: inline; background-image: none;\" alt=\"\" src=\"http:\/\/www.vivonsbachy.fr\/wp-content\/uploads\/2018\/05\/IMG_4251_thumb.jpg\"  border=\"0\"><\/a><\/font><\/p>\n","protected":false},"excerpt":{"rendered":"<p>Comme chaque ann\u00e9e, nous avons tenu notre Assembl\u00e9e G\u00e9n\u00e9rale ou nous avons pr\u00e9sent\u00e9 le bilan des activit\u00e9s de l\u2019ann\u00e9e 2017 et le bilan financier. Les diff\u00e9rentes activit\u00e9s 2018 ont \u00e9galement \u00e9t\u00e9 d\u00e9taill\u00e9es. H\u00e9las, peu de monde pr\u00e9sent malgr\u00e9 toutes les &hellip; <a href=\"https:\/\/www.vivonsbachy.fr\/?page_id=5507\">Continuer la lecture <span class=\"meta-nav\">&rarr;<\/span><\/a><\/p>\n","protected":false},"author":1,"featured_media":0,"parent":5505,"menu_order":0,"comment_status":"closed","ping_status":"closed","template":"","meta":{"footnotes":""},"_links":{"self":[{"href":"https:\/\/www.vivonsbachy.fr\/index.php?rest_route=\/wp\/v2\/pages\/5507"}],"collection":[{"href":"https:\/\/www.vivonsbachy.fr\/index.php?rest_route=\/wp\/v2\/pages"}],"about":[{"href":"https:\/\/www.vivonsbachy.fr\/index.php?rest_route=\/wp\/v2\/types\/page"}],"author":[{"embeddable":true,"href":"https:\/\/www.vivonsbachy.fr\/index.php?rest_route=\/wp\/v2\/users\/1"}],"replies":[{"embeddable":true,"href":"https:\/\/www.vivonsbachy.fr\/index.php?rest_route=%2Fwp%2Fv2%2Fcomments&post=5507"}],"version-history":[{"count":4,"href":"https:\/\/www.vivonsbachy.fr\/index.php?rest_route=\/wp\/v2\/pages\/5507\/revisions"}],"predecessor-version":[{"id":5942,"href":"https:\/\/www.vivonsbachy.fr\/index.php?rest_route=\/wp\/v2\/pages\/5507\/revisions\/5942"}],"up":[{"embeddable":true,"href":"https:\/\/www.vivonsbachy.fr\/index.php?rest_route=\/wp\/v2\/pages\/5505"}],"wp:attachment":[{"href":"https:\/\/www.vivonsbachy.fr\/index.php?rest_route=%2Fwp%2Fv2%2Fmedia&parent=5507"}],"curies":[{"name":"wp","href":"https:\/\/api.w.org\/{rel}","templated":true}]}}