{"id":5448,"date":"2017-09-14T17:00:29","date_gmt":"2017-09-14T15:00:29","guid":{"rendered":"http:\/\/www.vivonsbachy.fr\/?page_id=5448"},"modified":"2017-09-14T17:08:06","modified_gmt":"2017-09-14T15:08:06","slug":"9-braderie-de-bourghelles-10-septembre-2017","status":"publish","type":"page","link":"https:\/\/www.vivonsbachy.fr\/?page_id=5448","title":{"rendered":"9 &#8211; Braderie de Bourghelles 10 septembre 2017"},"content":{"rendered":"<p>Notre G\u00e9ant \u00e0 veill\u00e9 toute la journ\u00e9e sur la Braderie de Bourghelles \u00e0 c\u00f4t\u00e9 de Gilbert <\/p>\n<p align=\"center\"><a href=\"http:\/\/www.vivonsbachy.fr\/wp-content\/uploads\/2017\/09\/DSC04523-Copier.jpg\" class=\"gallery_colorbox\"><img loading=\"lazy\" decoding=\"async\" width=\"164\" height=\"244\" title=\"\" style=\"margin: 0px; display: inline; background-image: none;\" alt=\"\" src=\"http:\/\/www.vivonsbachy.fr\/wp-content\/uploads\/2017\/09\/DSC04523-Copier_thumb.jpg\"  border=\"0\"><\/a><a href=\"http:\/\/www.vivonsbachy.fr\/wp-content\/uploads\/2017\/09\/IMG_1053-Copier.jpg\" class=\"gallery_colorbox\"><img loading=\"lazy\" decoding=\"async\" width=\"184\" height=\"244\" title=\"IMG_1053 (Copier)\" style=\"margin: 0px; display: inline; background-image: none;\" alt=\"IMG_1053 (Copier)\" src=\"http:\/\/www.vivonsbachy.fr\/wp-content\/uploads\/2017\/09\/IMG_1053-Copier_thumb.jpg\"  border=\"0\"><\/a><a href=\"http:\/\/www.vivonsbachy.fr\/wp-content\/uploads\/2017\/09\/IMG_1056-Copier.jpg\" class=\"gallery_colorbox\"><img loading=\"lazy\" decoding=\"async\" width=\"164\" height=\"244\" title=\"IMG_1056 (Copier)\" style=\"margin: 0px; display: inline; background-image: none;\" alt=\"IMG_1056 (Copier)\" src=\"http:\/\/www.vivonsbachy.fr\/wp-content\/uploads\/2017\/09\/IMG_1056-Copier_thumb.jpg\"  border=\"0\"><\/a><a href=\"http:\/\/www.vivonsbachy.fr\/wp-content\/uploads\/2017\/09\/IMG_1057-Copier.jpg\" class=\"gallery_colorbox\"><img loading=\"lazy\" decoding=\"async\" width=\"164\" height=\"244\" title=\"IMG_1057 (Copier)\" style=\"margin: 0px; display: inline; background-image: none;\" alt=\"IMG_1057 (Copier)\" src=\"http:\/\/www.vivonsbachy.fr\/wp-content\/uploads\/2017\/09\/IMG_1057-Copier_thumb.jpg\"  border=\"0\"><\/a><a href=\"http:\/\/www.vivonsbachy.fr\/wp-content\/uploads\/2017\/09\/IMG_1058-Copier.jpg\" class=\"gallery_colorbox\"><img loading=\"lazy\" decoding=\"async\" width=\"184\" height=\"244\" title=\"IMG_1058 (Copier)\" style=\"margin: 0px; display: inline; background-image: none;\" alt=\"IMG_1058 (Copier)\" src=\"http:\/\/www.vivonsbachy.fr\/wp-content\/uploads\/2017\/09\/IMG_1058-Copier_thumb.jpg\"  border=\"0\"><\/a><a href=\"http:\/\/www.vivonsbachy.fr\/wp-content\/uploads\/2017\/09\/IMG_1059-Copier.jpg\" class=\"gallery_colorbox\"><img loading=\"lazy\" decoding=\"async\" width=\"164\" height=\"244\" title=\"IMG_1059 (Copier)\" style=\"display: inline; background-image: none;\" alt=\"IMG_1059 (Copier)\" src=\"http:\/\/www.vivonsbachy.fr\/wp-content\/uploads\/2017\/09\/IMG_1059-Copier_thumb.jpg\"  border=\"0\"><\/a><\/p>\n","protected":false},"excerpt":{"rendered":"<p>Notre G\u00e9ant \u00e0 veill\u00e9 toute la journ\u00e9e sur la Braderie de Bourghelles \u00e0 c\u00f4t\u00e9 de Gilbert<\/p>\n","protected":false},"author":1,"featured_media":0,"parent":4760,"menu_order":0,"comment_status":"closed","ping_status":"closed","template":"","meta":{"footnotes":""},"_links":{"self":[{"href":"https:\/\/www.vivonsbachy.fr\/index.php?rest_route=\/wp\/v2\/pages\/5448"}],"collection":[{"href":"https:\/\/www.vivonsbachy.fr\/index.php?rest_route=\/wp\/v2\/pages"}],"about":[{"href":"https:\/\/www.vivonsbachy.fr\/index.php?rest_route=\/wp\/v2\/types\/page"}],"author":[{"embeddable":true,"href":"https:\/\/www.vivonsbachy.fr\/index.php?rest_route=\/wp\/v2\/users\/1"}],"replies":[{"embeddable":true,"href":"https:\/\/www.vivonsbachy.fr\/index.php?rest_route=%2Fwp%2Fv2%2Fcomments&post=5448"}],"version-history":[{"count":2,"href":"https:\/\/www.vivonsbachy.fr\/index.php?rest_route=\/wp\/v2\/pages\/5448\/revisions"}],"predecessor-version":[{"id":5495,"href":"https:\/\/www.vivonsbachy.fr\/index.php?rest_route=\/wp\/v2\/pages\/5448\/revisions\/5495"}],"up":[{"embeddable":true,"href":"https:\/\/www.vivonsbachy.fr\/index.php?rest_route=\/wp\/v2\/pages\/4760"}],"wp:attachment":[{"href":"https:\/\/www.vivonsbachy.fr\/index.php?rest_route=%2Fwp%2Fv2%2Fmedia&parent=5448"}],"curies":[{"name":"wp","href":"https:\/\/api.w.org\/{rel}","templated":true}]}}