{"id":5446,"date":"2017-09-14T16:59:48","date_gmt":"2017-09-14T14:59:48","guid":{"rendered":"http:\/\/www.vivonsbachy.fr\/?page_id=5446"},"modified":"2017-09-14T17:04:36","modified_gmt":"2017-09-14T15:04:36","slug":"8-le-beau-velo-de-ravel-9-septembre-2017","status":"publish","type":"page","link":"https:\/\/www.vivonsbachy.fr\/?page_id=5446","title":{"rendered":"8 &#8211; Le beau v&eacute;lo de Ravel 9 septembre 2017"},"content":{"rendered":"<p><font face=\"Times New Roman\">Antoine de Baissy \u00e9tait pr\u00e9sent lors des festivit\u00e9s transfrontali\u00e8res <font color=\"#ff0000\" size=\"4\"><strong>\u201cLe beau v\u00e9lo de Ravel\u201d<\/strong><\/font> \u00e0 Rumes<\/font><\/p>\n<p align=\"center\"><font face=\"Times New Roman\"><a href=\"http:\/\/www.vivonsbachy.fr\/wp-content\/uploads\/2017\/09\/DSC_0015-1-Copier.jpg\" class=\"gallery_colorbox\"><img loading=\"lazy\" decoding=\"async\" width=\"244\" height=\"164\" title=\"DSC_0015 (1) (Copier)\" style=\"margin: 0px; display: inline; background-image: none;\" alt=\"DSC_0015 (1) (Copier)\" src=\"http:\/\/www.vivonsbachy.fr\/wp-content\/uploads\/2017\/09\/DSC_0015-1-Copier_thumb.jpg\"  border=\"0\"><\/a><a href=\"http:\/\/www.vivonsbachy.fr\/wp-content\/uploads\/2017\/09\/DSC_0016-Copier.jpg\" class=\"gallery_colorbox\"><img loading=\"lazy\" decoding=\"async\" width=\"244\" height=\"164\" title=\"DSC_0016 (Copier)\" style=\"margin: 0px; display: inline; background-image: none;\" alt=\"DSC_0016 (Copier)\" src=\"http:\/\/www.vivonsbachy.fr\/wp-content\/uploads\/2017\/09\/DSC_0016-Copier_thumb.jpg\"  border=\"0\"><\/a><a href=\"http:\/\/www.vivonsbachy.fr\/wp-content\/uploads\/2017\/09\/DSC_0024-Copier.jpg\" class=\"gallery_colorbox\"><img loading=\"lazy\" decoding=\"async\" width=\"244\" height=\"164\" title=\"DSC_0024 (Copier)\" style=\"margin: 0px; display: inline; background-image: none;\" alt=\"DSC_0024 (Copier)\" src=\"http:\/\/www.vivonsbachy.fr\/wp-content\/uploads\/2017\/09\/DSC_0024-Copier_thumb.jpg\"  border=\"0\"><\/a><a href=\"http:\/\/www.vivonsbachy.fr\/wp-content\/uploads\/2017\/09\/DSC_0027-Copier.jpg\" class=\"gallery_colorbox\"><img loading=\"lazy\" decoding=\"async\" width=\"244\" height=\"164\" title=\"DSC_0027 (Copier)\" style=\"margin: 0px; display: inline; background-image: none;\" alt=\"DSC_0027 (Copier)\" src=\"http:\/\/www.vivonsbachy.fr\/wp-content\/uploads\/2017\/09\/DSC_0027-Copier_thumb.jpg\"  border=\"0\"><\/a><a href=\"http:\/\/www.vivonsbachy.fr\/wp-content\/uploads\/2017\/09\/DSC_0028-Copier.jpg\" class=\"gallery_colorbox\"><img loading=\"lazy\" decoding=\"async\" width=\"244\" height=\"164\" title=\"DSC_0028 (Copier)\" style=\"margin: 0px; display: inline; background-image: none;\" alt=\"DSC_0028 (Copier)\" src=\"http:\/\/www.vivonsbachy.fr\/wp-content\/uploads\/2017\/09\/DSC_0028-Copier_thumb.jpg\"  border=\"0\"><\/a><a href=\"http:\/\/www.vivonsbachy.fr\/wp-content\/uploads\/2017\/09\/DSC_0030-Copier.jpg\" class=\"gallery_colorbox\"><img loading=\"lazy\" decoding=\"async\" width=\"164\" height=\"244\" title=\"DSC_0030 (Copier)\" style=\"margin: 0px; display: inline; background-image: none;\" alt=\"DSC_0030 (Copier)\" src=\"http:\/\/www.vivonsbachy.fr\/wp-content\/uploads\/2017\/09\/DSC_0030-Copier_thumb.jpg\"  border=\"0\"><\/a><a href=\"http:\/\/www.vivonsbachy.fr\/wp-content\/uploads\/2017\/09\/DSC_0031-Copier.jpg\" class=\"gallery_colorbox\"><img loading=\"lazy\" decoding=\"async\" width=\"244\" height=\"164\" title=\"DSC_0031 (Copier)\" style=\"margin: 0px; display: inline; background-image: none;\" alt=\"DSC_0031 (Copier)\" src=\"http:\/\/www.vivonsbachy.fr\/wp-content\/uploads\/2017\/09\/DSC_0031-Copier_thumb.jpg\"  border=\"0\"><\/a><a href=\"http:\/\/www.vivonsbachy.fr\/wp-content\/uploads\/2017\/09\/DSC_0034-Copier.jpg\" class=\"gallery_colorbox\"><img loading=\"lazy\" decoding=\"async\" width=\"164\" height=\"244\" title=\"DSC_0034 (Copier)\" style=\"margin: 0px; display: inline; background-image: none;\" alt=\"DSC_0034 (Copier)\" src=\"http:\/\/www.vivonsbachy.fr\/wp-content\/uploads\/2017\/09\/DSC_0034-Copier_thumb.jpg\"  border=\"0\"><\/a><a href=\"http:\/\/www.vivonsbachy.fr\/wp-content\/uploads\/2017\/09\/DSC_0074-Copier.jpg\" class=\"gallery_colorbox\"><img loading=\"lazy\" decoding=\"async\" width=\"244\" height=\"164\" title=\"DSC_0074 (Copier)\" style=\"margin: 0px; display: inline; background-image: none;\" alt=\"DSC_0074 (Copier)\" src=\"http:\/\/www.vivonsbachy.fr\/wp-content\/uploads\/2017\/09\/DSC_0074-Copier_thumb.jpg\"  border=\"0\"><\/a><a href=\"http:\/\/www.vivonsbachy.fr\/wp-content\/uploads\/2017\/09\/DSC_0079-Copier.jpg\" class=\"gallery_colorbox\"><img loading=\"lazy\" decoding=\"async\" width=\"244\" height=\"164\" title=\"DSC_0079 (Copier)\" style=\"margin: 0px; display: inline; background-image: none;\" alt=\"DSC_0079 (Copier)\" src=\"http:\/\/www.vivonsbachy.fr\/wp-content\/uploads\/2017\/09\/DSC_0079-Copier_thumb.jpg\"  border=\"0\"><\/a><a href=\"http:\/\/www.vivonsbachy.fr\/wp-content\/uploads\/2017\/09\/DSC_0088-Copier.jpg\" class=\"gallery_colorbox\"><img loading=\"lazy\" decoding=\"async\" width=\"164\" height=\"244\" title=\"DSC_0088 (Copier)\" style=\"margin: 0px; display: inline; background-image: none;\" alt=\"DSC_0088 (Copier)\" src=\"http:\/\/www.vivonsbachy.fr\/wp-content\/uploads\/2017\/09\/DSC_0088-Copier_thumb.jpg\"  border=\"0\"><\/a><a href=\"http:\/\/www.vivonsbachy.fr\/wp-content\/uploads\/2017\/09\/DSC_0091-Copier.jpg\" class=\"gallery_colorbox\"><img loading=\"lazy\" decoding=\"async\" width=\"244\" height=\"164\" title=\"DSC_0091 (Copier)\" style=\"margin: 0px; display: inline; background-image: none;\" alt=\"DSC_0091 (Copier)\" src=\"http:\/\/www.vivonsbachy.fr\/wp-content\/uploads\/2017\/09\/DSC_0091-Copier_thumb.jpg\"  border=\"0\"><\/a><a href=\"http:\/\/www.vivonsbachy.fr\/wp-content\/uploads\/2017\/09\/DSC_0112-Copier.jpg\" class=\"gallery_colorbox\"><img loading=\"lazy\" decoding=\"async\" width=\"244\" height=\"164\" title=\"DSC_0112 (Copier)\" style=\"margin: 0px; display: inline; background-image: none;\" alt=\"DSC_0112 (Copier)\" src=\"http:\/\/www.vivonsbachy.fr\/wp-content\/uploads\/2017\/09\/DSC_0112-Copier_thumb.jpg\"  border=\"0\"><\/a><a href=\"http:\/\/www.vivonsbachy.fr\/wp-content\/uploads\/2017\/09\/DSC_0348-Copier.jpg\" class=\"gallery_colorbox\"><img loading=\"lazy\" decoding=\"async\" width=\"164\" height=\"244\" title=\"DSC_0348 (Copier)\" style=\"margin: 0px; display: inline; background-image: none;\" alt=\"DSC_0348 (Copier)\" src=\"http:\/\/www.vivonsbachy.fr\/wp-content\/uploads\/2017\/09\/DSC_0348-Copier_thumb.jpg\"  border=\"0\"><\/a><a href=\"http:\/\/www.vivonsbachy.fr\/wp-content\/uploads\/2017\/09\/DSC_0358-Copier.jpg\" class=\"gallery_colorbox\"><img loading=\"lazy\" decoding=\"async\" width=\"244\" height=\"164\" title=\"DSC_0358 (Copier)\" style=\"margin: 0px; display: inline; background-image: none;\" alt=\"DSC_0358 (Copier)\" src=\"http:\/\/www.vivonsbachy.fr\/wp-content\/uploads\/2017\/09\/DSC_0358-Copier_thumb.jpg\"  border=\"0\"><\/a><a href=\"http:\/\/www.vivonsbachy.fr\/wp-content\/uploads\/2017\/09\/DSC_0375-Copier.jpg\" class=\"gallery_colorbox\"><img loading=\"lazy\" decoding=\"async\" width=\"244\" height=\"164\" title=\"DSC_0375 (Copier)\" style=\"display: inline; background-image: none;\" alt=\"DSC_0375 (Copier)\" src=\"http:\/\/www.vivonsbachy.fr\/wp-content\/uploads\/2017\/09\/DSC_0375-Copier_thumb.jpg\"  border=\"0\"><\/a><\/font><\/p>\n","protected":false},"excerpt":{"rendered":"<p>Antoine de Baissy \u00e9tait pr\u00e9sent lors des festivit\u00e9s transfrontali\u00e8res \u201cLe beau v\u00e9lo de Ravel\u201d \u00e0 Rumes<\/p>\n","protected":false},"author":1,"featured_media":0,"parent":4760,"menu_order":0,"comment_status":"closed","ping_status":"closed","template":"","meta":{"footnotes":""},"_links":{"self":[{"href":"https:\/\/www.vivonsbachy.fr\/index.php?rest_route=\/wp\/v2\/pages\/5446"}],"collection":[{"href":"https:\/\/www.vivonsbachy.fr\/index.php?rest_route=\/wp\/v2\/pages"}],"about":[{"href":"https:\/\/www.vivonsbachy.fr\/index.php?rest_route=\/wp\/v2\/types\/page"}],"author":[{"embeddable":true,"href":"https:\/\/www.vivonsbachy.fr\/index.php?rest_route=\/wp\/v2\/users\/1"}],"replies":[{"embeddable":true,"href":"https:\/\/www.vivonsbachy.fr\/index.php?rest_route=%2Fwp%2Fv2%2Fcomments&post=5446"}],"version-history":[{"count":2,"href":"https:\/\/www.vivonsbachy.fr\/index.php?rest_route=\/wp\/v2\/pages\/5446\/revisions"}],"predecessor-version":[{"id":5482,"href":"https:\/\/www.vivonsbachy.fr\/index.php?rest_route=\/wp\/v2\/pages\/5446\/revisions\/5482"}],"up":[{"embeddable":true,"href":"https:\/\/www.vivonsbachy.fr\/index.php?rest_route=\/wp\/v2\/pages\/4760"}],"wp:attachment":[{"href":"https:\/\/www.vivonsbachy.fr\/index.php?rest_route=%2Fwp%2Fv2%2Fmedia&parent=5446"}],"curies":[{"name":"wp","href":"https:\/\/api.w.org\/{rel}","templated":true}]}}