{"id":4777,"date":"2017-04-10T10:57:03","date_gmt":"2017-04-10T08:57:03","guid":{"rendered":"http:\/\/www.vivonsbachy.fr\/?page_id=4777"},"modified":"2017-04-10T20:16:36","modified_gmt":"2017-04-10T18:16:36","slug":"2-avril-2017-paris-roubaix","status":"publish","type":"page","link":"https:\/\/www.vivonsbachy.fr\/?page_id=4777","title":{"rendered":"2 &#8211; Paris-Roubaix 9 avril 2017"},"content":{"rendered":"<p>Avec le g\u00e9ant Gilbert de Bourghelles, Antoine de Baissy s\u2019est post\u00e9 au pav\u00e9 du calvaire (secteur pav\u00e9 de Paris-Roubaix) \u00e0 Bourghelles. 4 membres seulement de Vivons Bachy \u00e9taient pr\u00e9sents d\u00e8s le matin pour monter le G\u00e9ant. Deux autres membres sont venus rejoindre le petit groupe vers 15h. L\u2019ambiance y \u00e9tait et les deux g\u00e9ants ont attendu le passage des coureurs vers 16h30. Le temps superbe (soleil et chaleur) a contribu\u00e9 \u00e0 la r\u00e9ussite de cette sortie.<\/p>\n<p align=\"center\"><a href=\"http:\/\/www.vivonsbachy.fr\/wp-content\/uploads\/2017\/04\/Paris-Roubaix-253A3239-09-avril-2017.jpg\" class=\"gallery_colorbox\"><img loading=\"lazy\" decoding=\"async\" title=\"Paris - Roubaix - 253A3239 - 09 avril 2017\" style=\"border-left-width: 0px; border-right-width: 0px; background-image: none; border-bottom-width: 0px; padding-top: 0px; padding-left: 0px; display: inline; padding-right: 0px; border-top-width: 0px\" border=\"0\" alt=\"Paris - Roubaix - 253A3239 - 09 avril 2017\" src=\"http:\/\/www.vivonsbachy.fr\/wp-content\/uploads\/2017\/04\/Paris-Roubaix-253A3239-09-avril-2017_thumb.jpg\"  width=\"244\" height=\"164\"><\/a><a href=\"http:\/\/www.vivonsbachy.fr\/wp-content\/uploads\/2017\/04\/Paris-Roubaix-253A3245-09-avril-2017.jpg\" class=\"gallery_colorbox\"><img loading=\"lazy\" decoding=\"async\" title=\"Paris - Roubaix - 253A3245 - 09 avril 2017\" style=\"border-left-width: 0px; border-right-width: 0px; background-image: none; border-bottom-width: 0px; padding-top: 0px; padding-left: 0px; margin: 0px; display: inline; padding-right: 0px; border-top-width: 0px\" border=\"0\" alt=\"Paris - Roubaix - 253A3245 - 09 avril 2017\" src=\"http:\/\/www.vivonsbachy.fr\/wp-content\/uploads\/2017\/04\/Paris-Roubaix-253A3245-09-avril-2017_thumb.jpg\"  width=\"164\" height=\"244\"><\/a><a href=\"http:\/\/www.vivonsbachy.fr\/wp-content\/uploads\/2017\/04\/Paris-Roubaix-253A3247-09-avril-2017.jpg\" class=\"gallery_colorbox\"><img loading=\"lazy\" decoding=\"async\" title=\"Paris - Roubaix - 253A3247 - 09 avril 2017\" style=\"border-left-width: 0px; border-right-width: 0px; background-image: none; border-bottom-width: 0px; padding-top: 0px; padding-left: 0px; margin: 0px; display: inline; padding-right: 0px; border-top-width: 0px\" border=\"0\" alt=\"Paris - Roubaix - 253A3247 - 09 avril 2017\" src=\"http:\/\/www.vivonsbachy.fr\/wp-content\/uploads\/2017\/04\/Paris-Roubaix-253A3247-09-avril-2017_thumb.jpg\"  width=\"164\" height=\"244\"><\/a><a href=\"http:\/\/www.vivonsbachy.fr\/wp-content\/uploads\/2017\/04\/Paris-Roubaix-253A3252-09-avril-2017.jpg\" class=\"gallery_colorbox\"><img loading=\"lazy\" decoding=\"async\" title=\"Paris - Roubaix - 253A3252 - 09 avril 2017\" style=\"border-left-width: 0px; border-right-width: 0px; background-image: none; border-bottom-width: 0px; padding-top: 0px; padding-left: 0px; margin: 0px; display: inline; padding-right: 0px; border-top-width: 0px\" border=\"0\" alt=\"Paris - Roubaix - 253A3252 - 09 avril 2017\" src=\"http:\/\/www.vivonsbachy.fr\/wp-content\/uploads\/2017\/04\/Paris-Roubaix-253A3252-09-avril-2017_thumb.jpg\"  width=\"244\" height=\"164\"><\/a><a href=\"http:\/\/www.vivonsbachy.fr\/wp-content\/uploads\/2017\/04\/Paris-Roubaix-253A3253-09-avril-2017.jpg\" class=\"gallery_colorbox\"><img loading=\"lazy\" decoding=\"async\" title=\"Paris - Roubaix - 253A3253 - 09 avril 2017\" style=\"border-left-width: 0px; border-right-width: 0px; background-image: none; border-bottom-width: 0px; padding-top: 0px; padding-left: 0px; margin: 0px; display: inline; padding-right: 0px; border-top-width: 0px\" border=\"0\" alt=\"Paris - Roubaix - 253A3253 - 09 avril 2017\" src=\"http:\/\/www.vivonsbachy.fr\/wp-content\/uploads\/2017\/04\/Paris-Roubaix-253A3253-09-avril-2017_thumb.jpg\"  width=\"244\" height=\"164\"><\/a><a href=\"http:\/\/www.vivonsbachy.fr\/wp-content\/uploads\/2017\/04\/Paris-Roubaix-253A3254-09-avril-2017.jpg\" class=\"gallery_colorbox\"><img loading=\"lazy\" decoding=\"async\" title=\"Paris - Roubaix - 253A3254 - 09 avril 2017\" style=\"border-left-width: 0px; border-right-width: 0px; background-image: none; border-bottom-width: 0px; padding-top: 0px; padding-left: 0px; margin: 0px; display: inline; padding-right: 0px; border-top-width: 0px\" border=\"0\" alt=\"Paris - Roubaix - 253A3254 - 09 avril 2017\" src=\"http:\/\/www.vivonsbachy.fr\/wp-content\/uploads\/2017\/04\/Paris-Roubaix-253A3254-09-avril-2017_thumb.jpg\"  width=\"244\" height=\"164\"><\/a><a href=\"http:\/\/www.vivonsbachy.fr\/wp-content\/uploads\/2017\/04\/Paris-Roubaix-253A3256-09-avril-2017.jpg\" class=\"gallery_colorbox\"><img loading=\"lazy\" decoding=\"async\" title=\"Paris - Roubaix - 253A3256 - 09 avril 2017\" style=\"border-left-width: 0px; border-right-width: 0px; background-image: none; border-bottom-width: 0px; padding-top: 0px; padding-left: 0px; margin: 0px; display: inline; padding-right: 0px; border-top-width: 0px\" border=\"0\" alt=\"Paris - Roubaix - 253A3256 - 09 avril 2017\" src=\"http:\/\/www.vivonsbachy.fr\/wp-content\/uploads\/2017\/04\/Paris-Roubaix-253A3256-09-avril-2017_thumb.jpg\"  width=\"244\" height=\"164\"><\/a><a href=\"http:\/\/www.vivonsbachy.fr\/wp-content\/uploads\/2017\/04\/Paris-Roubaix-253A3257-09-avril-2017.jpg\" class=\"gallery_colorbox\"><img loading=\"lazy\" decoding=\"async\" title=\"Paris - Roubaix - 253A3257 - 09 avril 2017\" style=\"border-left-width: 0px; border-right-width: 0px; background-image: none; border-bottom-width: 0px; padding-top: 0px; padding-left: 0px; margin: 0px; display: inline; padding-right: 0px; border-top-width: 0px\" border=\"0\" alt=\"Paris - Roubaix - 253A3257 - 09 avril 2017\" src=\"http:\/\/www.vivonsbachy.fr\/wp-content\/uploads\/2017\/04\/Paris-Roubaix-253A3257-09-avril-2017_thumb.jpg\"  width=\"164\" height=\"244\"><\/a><a href=\"http:\/\/www.vivonsbachy.fr\/wp-content\/uploads\/2017\/04\/Paris-Roubaix-253A3260-09-avril-2017.jpg\" class=\"gallery_colorbox\"><img loading=\"lazy\" decoding=\"async\" title=\"Paris - Roubaix - 253A3260 - 09 avril 2017\" style=\"border-left-width: 0px; border-right-width: 0px; background-image: none; border-bottom-width: 0px; padding-top: 0px; padding-left: 0px; margin: 0px; display: inline; padding-right: 0px; border-top-width: 0px\" border=\"0\" alt=\"Paris - Roubaix - 253A3260 - 09 avril 2017\" src=\"http:\/\/www.vivonsbachy.fr\/wp-content\/uploads\/2017\/04\/Paris-Roubaix-253A3260-09-avril-2017_thumb.jpg\"  width=\"244\" height=\"164\"><\/a><a href=\"http:\/\/www.vivonsbachy.fr\/wp-content\/uploads\/2017\/04\/Paris-Roubaix-253A3277-09-avril-2017.jpg\" class=\"gallery_colorbox\"><img loading=\"lazy\" decoding=\"async\" title=\"Paris - Roubaix - 253A3277 - 09 avril 2017\" style=\"border-left-width: 0px; border-right-width: 0px; background-image: none; border-bottom-width: 0px; padding-top: 0px; padding-left: 0px; margin: 0px; display: inline; padding-right: 0px; border-top-width: 0px\" border=\"0\" alt=\"Paris - Roubaix - 253A3277 - 09 avril 2017\" src=\"http:\/\/www.vivonsbachy.fr\/wp-content\/uploads\/2017\/04\/Paris-Roubaix-253A3277-09-avril-2017_thumb.jpg\"  width=\"244\" height=\"164\"><\/a><a href=\"http:\/\/www.vivonsbachy.fr\/wp-content\/uploads\/2017\/04\/Paris-Roubaix-253A3294-09-avril-2017.jpg\" class=\"gallery_colorbox\"><img loading=\"lazy\" decoding=\"async\" title=\"Paris - Roubaix - 253A3294 - 09 avril 2017\" style=\"border-left-width: 0px; border-right-width: 0px; background-image: none; border-bottom-width: 0px; padding-top: 0px; padding-left: 0px; margin: 0px; display: inline; padding-right: 0px; border-top-width: 0px\" border=\"0\" alt=\"Paris - Roubaix - 253A3294 - 09 avril 2017\" src=\"http:\/\/www.vivonsbachy.fr\/wp-content\/uploads\/2017\/04\/Paris-Roubaix-253A3294-09-avril-2017_thumb.jpg\"  width=\"244\" height=\"164\"><\/a><a href=\"http:\/\/www.vivonsbachy.fr\/wp-content\/uploads\/2017\/04\/Paris-Roubaix-253A3300-09-avril-2017.jpg\" class=\"gallery_colorbox\"><img loading=\"lazy\" decoding=\"async\" title=\"Paris - Roubaix - 253A3300 - 09 avril 2017\" style=\"border-left-width: 0px; border-right-width: 0px; background-image: none; border-bottom-width: 0px; padding-top: 0px; padding-left: 0px; margin: 0px; display: inline; padding-right: 0px; border-top-width: 0px\" border=\"0\" alt=\"Paris - Roubaix - 253A3300 - 09 avril 2017\" src=\"http:\/\/www.vivonsbachy.fr\/wp-content\/uploads\/2017\/04\/Paris-Roubaix-253A3300-09-avril-2017_thumb.jpg\"  width=\"244\" height=\"164\"><\/a><a href=\"http:\/\/www.vivonsbachy.fr\/wp-content\/uploads\/2017\/04\/Paris-Roubaix-253A3303-09-avril-2017.jpg\" class=\"gallery_colorbox\"><img loading=\"lazy\" decoding=\"async\" title=\"Paris - Roubaix - 253A3303 - 09 avril 2017\" style=\"border-left-width: 0px; border-right-width: 0px; background-image: none; border-bottom-width: 0px; padding-top: 0px; padding-left: 0px; margin: 0px; display: inline; padding-right: 0px; border-top-width: 0px\" border=\"0\" alt=\"Paris - Roubaix - 253A3303 - 09 avril 2017\" src=\"http:\/\/www.vivonsbachy.fr\/wp-content\/uploads\/2017\/04\/Paris-Roubaix-253A3303-09-avril-2017_thumb.jpg\"  width=\"244\" height=\"164\"><\/a><a href=\"http:\/\/www.vivonsbachy.fr\/wp-content\/uploads\/2017\/04\/Paris-Roubaix-253A3304-09-avril-2017.jpg\" class=\"gallery_colorbox\"><img loading=\"lazy\" decoding=\"async\" title=\"Paris - Roubaix - 253A3304 - 09 avril 2017\" style=\"border-left-width: 0px; border-right-width: 0px; background-image: none; border-bottom-width: 0px; padding-top: 0px; padding-left: 0px; margin: 0px; display: inline; padding-right: 0px; border-top-width: 0px\" border=\"0\" alt=\"Paris - Roubaix - 253A3304 - 09 avril 2017\" src=\"http:\/\/www.vivonsbachy.fr\/wp-content\/uploads\/2017\/04\/Paris-Roubaix-253A3304-09-avril-2017_thumb.jpg\"  width=\"244\" height=\"125\"><\/a><a href=\"http:\/\/www.vivonsbachy.fr\/wp-content\/uploads\/2017\/04\/Paris-Roubaix-253A3307-09-avril-2017.jpg\" class=\"gallery_colorbox\"><img loading=\"lazy\" decoding=\"async\" title=\"Paris - Roubaix - 253A3307 - 09 avril 2017\" style=\"border-left-width: 0px; border-right-width: 0px; background-image: none; border-bottom-width: 0px; padding-top: 0px; padding-left: 0px; margin: 0px; display: inline; padding-right: 0px; border-top-width: 0px\" border=\"0\" alt=\"Paris - Roubaix - 253A3307 - 09 avril 2017\" src=\"http:\/\/www.vivonsbachy.fr\/wp-content\/uploads\/2017\/04\/Paris-Roubaix-253A3307-09-avril-2017_thumb.jpg\"  width=\"244\" height=\"148\"><\/a><a href=\"http:\/\/www.vivonsbachy.fr\/wp-content\/uploads\/2017\/04\/Paris-Roubaix-253A3313-09-avril-2017.jpg\" class=\"gallery_colorbox\"><img loading=\"lazy\" decoding=\"async\" title=\"Paris - Roubaix - 253A3313 - 09 avril 2017\" style=\"border-left-width: 0px; border-right-width: 0px; background-image: none; border-bottom-width: 0px; padding-top: 0px; padding-left: 0px; margin: 0px; display: inline; padding-right: 0px; border-top-width: 0px\" border=\"0\" alt=\"Paris - Roubaix - 253A3313 - 09 avril 2017\" src=\"http:\/\/www.vivonsbachy.fr\/wp-content\/uploads\/2017\/04\/Paris-Roubaix-253A3313-09-avril-2017_thumb.jpg\"  width=\"244\" height=\"164\"><\/a><a href=\"http:\/\/www.vivonsbachy.fr\/wp-content\/uploads\/2017\/04\/Paris-Roubaix-253A3317-09-avril-2017.jpg\" class=\"gallery_colorbox\"><img loading=\"lazy\" decoding=\"async\" title=\"Paris - Roubaix - 253A3317 - 09 avril 2017\" style=\"border-left-width: 0px; border-right-width: 0px; background-image: none; border-bottom-width: 0px; padding-top: 0px; padding-left: 0px; margin: 0px; display: inline; padding-right: 0px; border-top-width: 0px\" border=\"0\" alt=\"Paris - Roubaix - 253A3317 - 09 avril 2017\" src=\"http:\/\/www.vivonsbachy.fr\/wp-content\/uploads\/2017\/04\/Paris-Roubaix-253A3317-09-avril-2017_thumb.jpg\"  width=\"244\" height=\"164\"><\/a><a href=\"http:\/\/www.vivonsbachy.fr\/wp-content\/uploads\/2017\/04\/Paris-Roubaix-253A3333-09-avril-2017.jpg\" class=\"gallery_colorbox\"><img loading=\"lazy\" decoding=\"async\" title=\"Paris - Roubaix - 253A3333 - 09 avril 2017\" style=\"border-left-width: 0px; border-right-width: 0px; background-image: none; border-bottom-width: 0px; padding-top: 0px; padding-left: 0px; margin: 0px; display: inline; padding-right: 0px; border-top-width: 0px\" border=\"0\" alt=\"Paris - Roubaix - 253A3333 - 09 avril 2017\" src=\"http:\/\/www.vivonsbachy.fr\/wp-content\/uploads\/2017\/04\/Paris-Roubaix-253A3333-09-avril-2017_thumb.jpg\"  width=\"244\" height=\"164\"><\/a><a href=\"http:\/\/www.vivonsbachy.fr\/wp-content\/uploads\/2017\/04\/Paris-Roubaix-253A3340-09-avril-2017.jpg\" class=\"gallery_colorbox\"><img loading=\"lazy\" decoding=\"async\" title=\"Paris - Roubaix - 253A3340 - 09 avril 2017\" style=\"border-left-width: 0px; border-right-width: 0px; background-image: none; border-bottom-width: 0px; padding-top: 0px; padding-left: 0px; margin: 0px; display: inline; padding-right: 0px; border-top-width: 0px\" border=\"0\" alt=\"Paris - Roubaix - 253A3340 - 09 avril 2017\" src=\"http:\/\/www.vivonsbachy.fr\/wp-content\/uploads\/2017\/04\/Paris-Roubaix-253A3340-09-avril-2017_thumb.jpg\"  width=\"244\" height=\"164\"><\/a><a href=\"http:\/\/www.vivonsbachy.fr\/wp-content\/uploads\/2017\/04\/Paris-Roubaix-253A3350-09-avril-2017.jpg\" class=\"gallery_colorbox\"><img loading=\"lazy\" decoding=\"async\" title=\"Paris - Roubaix - 253A3350 - 09 avril 2017\" style=\"border-left-width: 0px; border-right-width: 0px; background-image: none; border-bottom-width: 0px; padding-top: 0px; padding-left: 0px; margin: 0px; display: inline; padding-right: 0px; border-top-width: 0px\" border=\"0\" alt=\"Paris - Roubaix - 253A3350 - 09 avril 2017\" src=\"http:\/\/www.vivonsbachy.fr\/wp-content\/uploads\/2017\/04\/Paris-Roubaix-253A3350-09-avril-2017_thumb.jpg\"  width=\"244\" height=\"164\"><\/a><a href=\"http:\/\/www.vivonsbachy.fr\/wp-content\/uploads\/2017\/04\/Paris-Roubaix-253A3358-09-avril-2017.jpg\" class=\"gallery_colorbox\"><img loading=\"lazy\" decoding=\"async\" title=\"Paris - Roubaix - 253A3358 - 09 avril 2017\" style=\"border-left-width: 0px; border-right-width: 0px; background-image: none; border-bottom-width: 0px; padding-top: 0px; padding-left: 0px; margin: 0px; display: inline; padding-right: 0px; border-top-width: 0px\" border=\"0\" alt=\"Paris - Roubaix - 253A3358 - 09 avril 2017\" src=\"http:\/\/www.vivonsbachy.fr\/wp-content\/uploads\/2017\/04\/Paris-Roubaix-253A3358-09-avril-2017_thumb.jpg\"  width=\"244\" height=\"164\"><\/a><a href=\"http:\/\/www.vivonsbachy.fr\/wp-content\/uploads\/2017\/04\/Paris-Roubaix-253A3373-09-avril-2017.jpg\" class=\"gallery_colorbox\"><img loading=\"lazy\" decoding=\"async\" title=\"Paris - Roubaix - 253A3373 - 09 avril 2017\" style=\"border-left-width: 0px; border-right-width: 0px; background-image: none; border-bottom-width: 0px; padding-top: 0px; padding-left: 0px; margin: 0px; display: inline; padding-right: 0px; border-top-width: 0px\" border=\"0\" alt=\"Paris - Roubaix - 253A3373 - 09 avril 2017\" src=\"http:\/\/www.vivonsbachy.fr\/wp-content\/uploads\/2017\/04\/Paris-Roubaix-253A3373-09-avril-2017_thumb.jpg\"  width=\"244\" height=\"156\"><\/a><a href=\"http:\/\/www.vivonsbachy.fr\/wp-content\/uploads\/2017\/04\/Paris-Roubaix-253A3376-09-avril-2017.jpg\" class=\"gallery_colorbox\"><img loading=\"lazy\" decoding=\"async\" title=\"Paris - Roubaix - 253A3376 - 09 avril 2017\" style=\"border-left-width: 0px; border-right-width: 0px; background-image: none; border-bottom-width: 0px; padding-top: 0px; padding-left: 0px; margin: 0px; display: inline; padding-right: 0px; border-top-width: 0px\" border=\"0\" alt=\"Paris - Roubaix - 253A3376 - 09 avril 2017\" src=\"http:\/\/www.vivonsbachy.fr\/wp-content\/uploads\/2017\/04\/Paris-Roubaix-253A3376-09-avril-2017_thumb.jpg\"  width=\"244\" height=\"164\"><\/a><a href=\"http:\/\/www.vivonsbachy.fr\/wp-content\/uploads\/2017\/04\/Paris-Roubaix-253A3384-09-avril-2017.jpg\" class=\"gallery_colorbox\"><img loading=\"lazy\" decoding=\"async\" title=\"Paris - Roubaix - 253A3384 - 09 avril 2017\" style=\"border-left-width: 0px; border-right-width: 0px; background-image: none; border-bottom-width: 0px; padding-top: 0px; padding-left: 0px; margin: 0px; display: inline; padding-right: 0px; border-top-width: 0px\" border=\"0\" alt=\"Paris - Roubaix - 253A3384 - 09 avril 2017\" src=\"http:\/\/www.vivonsbachy.fr\/wp-content\/uploads\/2017\/04\/Paris-Roubaix-253A3384-09-avril-2017_thumb.jpg\"  width=\"164\" height=\"244\"><\/a><a href=\"http:\/\/www.vivonsbachy.fr\/wp-content\/uploads\/2017\/04\/Paris-Roubaix-253A3386-09-avril-2017.jpg\" class=\"gallery_colorbox\"><img loading=\"lazy\" decoding=\"async\" title=\"Paris - Roubaix - 253A3386 - 09 avril 2017\" style=\"border-left-width: 0px; border-right-width: 0px; background-image: none; border-bottom-width: 0px; padding-top: 0px; padding-left: 0px; margin: 0px; display: inline; padding-right: 0px; border-top-width: 0px\" border=\"0\" alt=\"Paris - Roubaix - 253A3386 - 09 avril 2017\" src=\"http:\/\/www.vivonsbachy.fr\/wp-content\/uploads\/2017\/04\/Paris-Roubaix-253A3386-09-avril-2017_thumb.jpg\"  width=\"164\" height=\"244\"><\/a><a href=\"http:\/\/www.vivonsbachy.fr\/wp-content\/uploads\/2017\/04\/Paris-Roubaix-253A3389-09-avril-2017.jpg\" class=\"gallery_colorbox\"><img loading=\"lazy\" decoding=\"async\" title=\"Paris - Roubaix - 253A3389 - 09 avril 2017\" style=\"border-left-width: 0px; border-right-width: 0px; background-image: none; border-bottom-width: 0px; padding-top: 0px; padding-left: 0px; margin: 0px; display: inline; padding-right: 0px; border-top-width: 0px\" border=\"0\" alt=\"Paris - Roubaix - 253A3389 - 09 avril 2017\" src=\"http:\/\/www.vivonsbachy.fr\/wp-content\/uploads\/2017\/04\/Paris-Roubaix-253A3389-09-avril-2017_thumb.jpg\"  width=\"164\" height=\"244\"><\/a><a href=\"http:\/\/www.vivonsbachy.fr\/wp-content\/uploads\/2017\/04\/Paris-Roubaix-253A3392-09-avril-2017.jpg\" class=\"gallery_colorbox\"><img loading=\"lazy\" decoding=\"async\" title=\"Paris - Roubaix - 253A3392 - 09 avril 2017\" style=\"border-left-width: 0px; border-right-width: 0px; background-image: none; border-bottom-width: 0px; padding-top: 0px; padding-left: 0px; margin: 0px; display: inline; padding-right: 0px; border-top-width: 0px\" border=\"0\" alt=\"Paris - Roubaix - 253A3392 - 09 avril 2017\" src=\"http:\/\/www.vivonsbachy.fr\/wp-content\/uploads\/2017\/04\/Paris-Roubaix-253A3392-09-avril-2017_thumb.jpg\"  width=\"164\" height=\"244\"><\/a><a href=\"http:\/\/www.vivonsbachy.fr\/wp-content\/uploads\/2017\/04\/Paris-Roubaix-253A3399-09-avril-2017.jpg\" class=\"gallery_colorbox\"><img loading=\"lazy\" decoding=\"async\" title=\"Paris - Roubaix - 253A3399 - 09 avril 2017\" style=\"border-left-width: 0px; border-right-width: 0px; background-image: none; border-bottom-width: 0px; padding-top: 0px; padding-left: 0px; margin: 0px; display: inline; padding-right: 0px; border-top-width: 0px\" border=\"0\" alt=\"Paris - Roubaix - 253A3399 - 09 avril 2017\" src=\"http:\/\/www.vivonsbachy.fr\/wp-content\/uploads\/2017\/04\/Paris-Roubaix-253A3399-09-avril-2017_thumb.jpg\"  width=\"244\" height=\"157\"><\/a><a href=\"http:\/\/www.vivonsbachy.fr\/wp-content\/uploads\/2017\/04\/IMG_3839.jpg\" class=\"gallery_colorbox\"><img loading=\"lazy\" decoding=\"async\" title=\"IMG_3839\" style=\"border-top: 0px; border-right: 0px; background-image: none; border-bottom: 0px; padding-top: 0px; padding-left: 0px; border-left: 0px; margin: 0px; display: inline; padding-right: 0px\" border=\"0\" alt=\"IMG_3839\" src=\"http:\/\/www.vivonsbachy.fr\/wp-content\/uploads\/2017\/04\/IMG_3839_thumb.jpg\"  width=\"244\" height=\"164\"><\/a><a href=\"http:\/\/www.vivonsbachy.fr\/wp-content\/uploads\/2017\/04\/IMG_3840.jpg\" class=\"gallery_colorbox\"><img loading=\"lazy\" decoding=\"async\" title=\"IMG_3840\" style=\"border-top: 0px; border-right: 0px; background-image: none; border-bottom: 0px; padding-top: 0px; padding-left: 0px; border-left: 0px; margin: 0px; display: inline; padding-right: 0px\" border=\"0\" alt=\"IMG_3840\" src=\"http:\/\/www.vivonsbachy.fr\/wp-content\/uploads\/2017\/04\/IMG_3840_thumb.jpg\"  width=\"244\" height=\"164\"><\/a><a href=\"http:\/\/www.vivonsbachy.fr\/wp-content\/uploads\/2017\/04\/IMG_3841.jpg\" class=\"gallery_colorbox\"><img loading=\"lazy\" decoding=\"async\" title=\"IMG_3841\" style=\"border-top: 0px; border-right: 0px; background-image: none; border-bottom: 0px; padding-top: 0px; padding-left: 0px; border-left: 0px; margin: 0px; display: inline; padding-right: 0px\" border=\"0\" alt=\"IMG_3841\" src=\"http:\/\/www.vivonsbachy.fr\/wp-content\/uploads\/2017\/04\/IMG_3841_thumb.jpg\"  width=\"164\" height=\"244\"><\/a><a href=\"http:\/\/www.vivonsbachy.fr\/wp-content\/uploads\/2017\/04\/IMG_3842.jpg\" class=\"gallery_colorbox\"><img loading=\"lazy\" decoding=\"async\" title=\"IMG_3842\" style=\"border-top: 0px; border-right: 0px; background-image: none; border-bottom: 0px; padding-top: 0px; padding-left: 0px; border-left: 0px; margin: 0px; display: inline; padding-right: 0px\" border=\"0\" alt=\"IMG_3842\" src=\"http:\/\/www.vivonsbachy.fr\/wp-content\/uploads\/2017\/04\/IMG_3842_thumb.jpg\"  width=\"164\" height=\"244\"><\/a><a href=\"http:\/\/www.vivonsbachy.fr\/wp-content\/uploads\/2017\/04\/IMG_3843.jpg\" class=\"gallery_colorbox\"><img loading=\"lazy\" decoding=\"async\" title=\"IMG_3843\" style=\"border-top: 0px; border-right: 0px; background-image: none; border-bottom: 0px; padding-top: 0px; padding-left: 0px; border-left: 0px; margin: 0px; display: inline; padding-right: 0px\" border=\"0\" alt=\"IMG_3843\" src=\"http:\/\/www.vivonsbachy.fr\/wp-content\/uploads\/2017\/04\/IMG_3843_thumb.jpg\"  width=\"164\" height=\"244\"><\/a><a href=\"http:\/\/www.vivonsbachy.fr\/wp-content\/uploads\/2017\/04\/IMG_3844.jpg\" class=\"gallery_colorbox\"><img loading=\"lazy\" decoding=\"async\" title=\"IMG_3844\" style=\"border-top: 0px; border-right: 0px; background-image: none; border-bottom: 0px; padding-top: 0px; padding-left: 0px; border-left: 0px; margin: 0px; display: inline; padding-right: 0px\" border=\"0\" alt=\"IMG_3844\" src=\"http:\/\/www.vivonsbachy.fr\/wp-content\/uploads\/2017\/04\/IMG_3844_thumb.jpg\"  width=\"244\" height=\"164\"><\/a><a href=\"http:\/\/www.vivonsbachy.fr\/wp-content\/uploads\/2017\/04\/IMG_3845.jpg\" class=\"gallery_colorbox\"><img loading=\"lazy\" decoding=\"async\" title=\"IMG_3845\" style=\"border-top: 0px; border-right: 0px; background-image: none; border-bottom: 0px; padding-top: 0px; padding-left: 0px; border-left: 0px; margin: 0px; display: inline; padding-right: 0px\" border=\"0\" alt=\"IMG_3845\" src=\"http:\/\/www.vivonsbachy.fr\/wp-content\/uploads\/2017\/04\/IMG_3845_thumb.jpg\"  width=\"244\" height=\"164\"><\/a><a href=\"http:\/\/www.vivonsbachy.fr\/wp-content\/uploads\/2017\/04\/IMG_3846.jpg\" class=\"gallery_colorbox\"><img loading=\"lazy\" decoding=\"async\" title=\"IMG_3846\" style=\"border-top: 0px; border-right: 0px; background-image: none; border-bottom: 0px; padding-top: 0px; padding-left: 0px; border-left: 0px; margin: 0px; display: inline; padding-right: 0px\" border=\"0\" alt=\"IMG_3846\" src=\"http:\/\/www.vivonsbachy.fr\/wp-content\/uploads\/2017\/04\/IMG_3846_thumb.jpg\"  width=\"244\" height=\"164\"><\/a><a href=\"http:\/\/www.vivonsbachy.fr\/wp-content\/uploads\/2017\/04\/IMG_3847.jpg\" class=\"gallery_colorbox\"><img loading=\"lazy\" decoding=\"async\" title=\"IMG_3847\" style=\"border-top: 0px; border-right: 0px; background-image: none; border-bottom: 0px; padding-top: 0px; padding-left: 0px; border-left: 0px; margin: 0px; display: inline; padding-right: 0px\" border=\"0\" alt=\"IMG_3847\" src=\"http:\/\/www.vivonsbachy.fr\/wp-content\/uploads\/2017\/04\/IMG_3847_thumb.jpg\"  width=\"244\" height=\"164\"><\/a><a href=\"http:\/\/www.vivonsbachy.fr\/wp-content\/uploads\/2017\/04\/IMG_3848.jpg\" class=\"gallery_colorbox\"><img loading=\"lazy\" decoding=\"async\" title=\"IMG_3848\" style=\"border-top: 0px; border-right: 0px; background-image: none; border-bottom: 0px; padding-top: 0px; padding-left: 0px; border-left: 0px; margin: 0px; display: inline; padding-right: 0px\" border=\"0\" alt=\"IMG_3848\" src=\"http:\/\/www.vivonsbachy.fr\/wp-content\/uploads\/2017\/04\/IMG_3848_thumb.jpg\"  width=\"244\" height=\"164\"><\/a><a href=\"http:\/\/www.vivonsbachy.fr\/wp-content\/uploads\/2017\/04\/IMG_3849.jpg\" class=\"gallery_colorbox\"><img loading=\"lazy\" decoding=\"async\" title=\"IMG_3849\" style=\"border-top: 0px; border-right: 0px; background-image: none; border-bottom: 0px; padding-top: 0px; padding-left: 0px; border-left: 0px; display: inline; padding-right: 0px\" border=\"0\" alt=\"IMG_3849\" src=\"http:\/\/www.vivonsbachy.fr\/wp-content\/uploads\/2017\/04\/IMG_3849_thumb.jpg\"  width=\"164\" height=\"244\"><\/a><\/p>\n","protected":false},"excerpt":{"rendered":"<p>Avec le g\u00e9ant Gilbert de Bourghelles, Antoine de Baissy s\u2019est post\u00e9 au pav\u00e9 du calvaire (secteur pav\u00e9 de Paris-Roubaix) \u00e0 Bourghelles. 4 membres seulement de Vivons Bachy \u00e9taient pr\u00e9sents d\u00e8s le matin pour monter le G\u00e9ant. Deux autres membres sont &hellip; <a href=\"https:\/\/www.vivonsbachy.fr\/?page_id=4777\">Continuer la lecture <span class=\"meta-nav\">&rarr;<\/span><\/a><\/p>\n","protected":false},"author":1,"featured_media":0,"parent":4760,"menu_order":0,"comment_status":"closed","ping_status":"closed","template":"","meta":{"footnotes":""},"_links":{"self":[{"href":"https:\/\/www.vivonsbachy.fr\/index.php?rest_route=\/wp\/v2\/pages\/4777"}],"collection":[{"href":"https:\/\/www.vivonsbachy.fr\/index.php?rest_route=\/wp\/v2\/pages"}],"about":[{"href":"https:\/\/www.vivonsbachy.fr\/index.php?rest_route=\/wp\/v2\/types\/page"}],"author":[{"embeddable":true,"href":"https:\/\/www.vivonsbachy.fr\/index.php?rest_route=\/wp\/v2\/users\/1"}],"replies":[{"embeddable":true,"href":"https:\/\/www.vivonsbachy.fr\/index.php?rest_route=%2Fwp%2Fv2%2Fcomments&post=4777"}],"version-history":[{"count":4,"href":"https:\/\/www.vivonsbachy.fr\/index.php?rest_route=\/wp\/v2\/pages\/4777\/revisions"}],"predecessor-version":[{"id":4861,"href":"https:\/\/www.vivonsbachy.fr\/index.php?rest_route=\/wp\/v2\/pages\/4777\/revisions\/4861"}],"up":[{"embeddable":true,"href":"https:\/\/www.vivonsbachy.fr\/index.php?rest_route=\/wp\/v2\/pages\/4760"}],"wp:attachment":[{"href":"https:\/\/www.vivonsbachy.fr\/index.php?rest_route=%2Fwp%2Fv2%2Fmedia&parent=4777"}],"curies":[{"name":"wp","href":"https:\/\/api.w.org\/{rel}","templated":true}]}}