{"id":465,"date":"2012-11-05T13:39:46","date_gmt":"2012-11-05T11:39:46","guid":{"rendered":"http:\/\/www.vivonsbachy.fr\/?page_id=465"},"modified":"2013-11-02T17:30:43","modified_gmt":"2013-11-02T15:30:43","slug":"5-projection-du-pain-de-la-revolte","status":"publish","type":"page","link":"https:\/\/www.vivonsbachy.fr\/?page_id=465","title":{"rendered":"9 &#8211; Projection du &quot;Pain de la R&eacute;volte&quot;"},"content":{"rendered":"<p align=\"center\">Une projection du Spectacle Musical Historique<\/p>\n<p align=\"center\"><span style=\"color: #ff0000; font-size: large;\"><strong>\u201c LE PAIN DE LA REVOLTE \u201d<\/strong><\/span><\/p>\n<p align=\"center\">sera propos\u00e9 le 7 d\u00e9cembre 2013 \u00e0 la salle des f\u00eates de Bachy<\/p>\n<p align=\"center\">Projection au profit du T\u00e9l\u00e9thon<\/p>\n<p align=\"center\">Ce sera l\u2019occasion\u00a0 de revoir ce son et lumi\u00e8re qui avait \u00e9t\u00e9 organis\u00e9 en 2005<\/p>\n<p align=\"center\">par notre association<\/p>\n<p align=\"center\"><a href=\"http:\/\/www.vivonsbachy.fr\/wp-content\/uploads\/2012\/11\/FH000008-Copier.jpg\" class=\"gallery_colorbox\"><img loading=\"lazy\" decoding=\"async\" style=\"background-image: none; padding-left: 0px; padding-right: 0px; display: inline; padding-top: 0px; border-width: 0px;\" title=\"FH000008 (Copier)\" alt=\"FH000008 (Copier)\" src=\"http:\/\/www.vivonsbachy.fr\/wp-content\/uploads\/2012\/11\/FH000008-Copier_thumb.jpg\"  width=\"244\" height=\"164\" border=\"0\" \/><\/a><a href=\"http:\/\/www.vivonsbachy.fr\/wp-content\/uploads\/2012\/11\/FH000017-Copier.jpg\" class=\"gallery_colorbox\"><img loading=\"lazy\" decoding=\"async\" style=\"background-image: none; padding-left: 0px; padding-right: 0px; display: inline; padding-top: 0px; border-width: 0px;\" title=\"FH000017 (Copier)\" alt=\"FH000017 (Copier)\" src=\"http:\/\/www.vivonsbachy.fr\/wp-content\/uploads\/2012\/11\/FH000017-Copier_thumb.jpg\"  width=\"244\" height=\"164\" border=\"0\" \/><\/a><a href=\"http:\/\/www.vivonsbachy.fr\/wp-content\/uploads\/2012\/11\/FH000021-Copier.jpg\" class=\"gallery_colorbox\"><img loading=\"lazy\" decoding=\"async\" style=\"background-image: none; padding-left: 0px; padding-right: 0px; display: inline; padding-top: 0px; border-width: 0px;\" title=\"FH000021 (Copier)\" alt=\"FH000021 (Copier)\" src=\"http:\/\/www.vivonsbachy.fr\/wp-content\/uploads\/2012\/11\/FH000021-Copier_thumb.jpg\"  width=\"244\" height=\"164\" border=\"0\" \/><\/a><a href=\"http:\/\/www.vivonsbachy.fr\/wp-content\/uploads\/2012\/11\/FH000023-Copier.jpg\" class=\"gallery_colorbox\"><img loading=\"lazy\" decoding=\"async\" style=\"background-image: none; padding-left: 0px; padding-right: 0px; display: inline; padding-top: 0px; border-width: 0px;\" title=\"FH000023 (Copier)\" alt=\"FH000023 (Copier)\" src=\"http:\/\/www.vivonsbachy.fr\/wp-content\/uploads\/2012\/11\/FH000023-Copier_thumb.jpg\"  width=\"244\" height=\"164\" border=\"0\" \/><\/a><a href=\"http:\/\/www.vivonsbachy.fr\/wp-content\/uploads\/2012\/11\/FH000025-Copier.jpg\" class=\"gallery_colorbox\"><img loading=\"lazy\" decoding=\"async\" style=\"background-image: none; padding-left: 0px; padding-right: 0px; display: inline; padding-top: 0px; border-width: 0px;\" title=\"FH000025 (Copier)\" alt=\"FH000025 (Copier)\" src=\"http:\/\/www.vivonsbachy.fr\/wp-content\/uploads\/2012\/11\/FH000025-Copier_thumb1.jpg\"  width=\"244\" height=\"164\" border=\"0\" \/><\/a><a href=\"http:\/\/www.vivonsbachy.fr\/wp-content\/uploads\/2012\/11\/FH000031-Copier2.jpg\" class=\"gallery_colorbox\"><img loading=\"lazy\" decoding=\"async\" style=\"background-image: none; padding-left: 0px; padding-right: 0px; display: inline; padding-top: 0px; border-width: 0px;\" title=\"FH000031 (Copier)\" alt=\"FH000031 (Copier)\" src=\"http:\/\/www.vivonsbachy.fr\/wp-content\/uploads\/2012\/11\/FH000031-Copier_thumb1.jpg\"  width=\"244\" height=\"164\" border=\"0\" \/><\/a><a href=\"http:\/\/www.vivonsbachy.fr\/wp-content\/uploads\/2012\/11\/FH000034-Copier2.jpg\" class=\"gallery_colorbox\"><img loading=\"lazy\" decoding=\"async\" style=\"background-image: none; padding-left: 0px; padding-right: 0px; display: inline; padding-top: 0px; border-width: 0px;\" title=\"FH000034 (Copier)\" alt=\"FH000034 (Copier)\" src=\"http:\/\/www.vivonsbachy.fr\/wp-content\/uploads\/2012\/11\/FH000034-Copier_thumb1.jpg\"  width=\"244\" height=\"164\" border=\"0\" \/><\/a><a href=\"http:\/\/www.vivonsbachy.fr\/wp-content\/uploads\/2012\/11\/IMG_2103-Copier2.jpg\" class=\"gallery_colorbox\"><img loading=\"lazy\" decoding=\"async\" style=\"background-image: none; padding-left: 0px; padding-right: 0px; display: inline; padding-top: 0px; border-width: 0px;\" title=\"IMG_2103 (Copier)\" alt=\"IMG_2103 (Copier)\" src=\"http:\/\/www.vivonsbachy.fr\/wp-content\/uploads\/2012\/11\/IMG_2103-Copier_thumb1.jpg\"  width=\"244\" height=\"164\" border=\"0\" \/><\/a><a href=\"http:\/\/www.vivonsbachy.fr\/wp-content\/uploads\/2012\/11\/IMG_2104-Copier2.jpg\" class=\"gallery_colorbox\"><img loading=\"lazy\" decoding=\"async\" style=\"background-image: none; padding-left: 0px; padding-right: 0px; display: inline; padding-top: 0px; border-width: 0px;\" title=\"IMG_2104 (Copier)\" alt=\"IMG_2104 (Copier)\" src=\"http:\/\/www.vivonsbachy.fr\/wp-content\/uploads\/2012\/11\/IMG_2104-Copier_thumb.jpg\"  width=\"244\" height=\"164\" border=\"0\" \/><\/a><a href=\"http:\/\/www.vivonsbachy.fr\/wp-content\/uploads\/2012\/11\/IMG_2105-Copier.jpg\" class=\"gallery_colorbox\"><img loading=\"lazy\" decoding=\"async\" style=\"background-image: none; padding-left: 0px; padding-right: 0px; display: inline; padding-top: 0px; border-width: 0px;\" title=\"IMG_2105 (Copier)\" alt=\"IMG_2105 (Copier)\" src=\"http:\/\/www.vivonsbachy.fr\/wp-content\/uploads\/2012\/11\/IMG_2105-Copier_thumb.jpg\"  width=\"244\" height=\"164\" border=\"0\" \/><\/a><a href=\"http:\/\/www.vivonsbachy.fr\/wp-content\/uploads\/2012\/11\/IMG_2114-Copier.jpg\" class=\"gallery_colorbox\"><img loading=\"lazy\" decoding=\"async\" style=\"background-image: none; padding-left: 0px; padding-right: 0px; display: inline; padding-top: 0px; border-width: 0px;\" title=\"IMG_2114 (Copier)\" alt=\"IMG_2114 (Copier)\" src=\"http:\/\/www.vivonsbachy.fr\/wp-content\/uploads\/2012\/11\/IMG_2114-Copier_thumb.jpg\"  width=\"244\" height=\"164\" border=\"0\" \/><\/a><a href=\"http:\/\/www.vivonsbachy.fr\/wp-content\/uploads\/2012\/11\/IMG_2128-Copier1.jpg\" class=\"gallery_colorbox\"><img loading=\"lazy\" decoding=\"async\" style=\"background-image: none; padding-left: 0px; padding-right: 0px; display: inline; padding-top: 0px; border-width: 0px;\" title=\"IMG_2128 (Copier)\" alt=\"IMG_2128 (Copier)\" src=\"http:\/\/www.vivonsbachy.fr\/wp-content\/uploads\/2012\/11\/IMG_2128-Copier_thumb.jpg\"  width=\"244\" height=\"164\" border=\"0\" \/><\/a><a href=\"http:\/\/www.vivonsbachy.fr\/wp-content\/uploads\/2012\/11\/IMG_2131-Copier1.jpg\" class=\"gallery_colorbox\"><img loading=\"lazy\" decoding=\"async\" style=\"background-image: none; padding-left: 0px; padding-right: 0px; display: inline; padding-top: 0px; border-width: 0px;\" title=\"IMG_2131 (Copier)\" alt=\"IMG_2131 (Copier)\" src=\"http:\/\/www.vivonsbachy.fr\/wp-content\/uploads\/2012\/11\/IMG_2131-Copier_thumb.jpg\"  width=\"244\" height=\"164\" border=\"0\" \/><\/a><a href=\"http:\/\/www.vivonsbachy.fr\/wp-content\/uploads\/2012\/11\/IMG_2134-Copier1.jpg\" class=\"gallery_colorbox\"><img loading=\"lazy\" decoding=\"async\" style=\"background-image: none; padding-left: 0px; padding-right: 0px; display: inline; padding-top: 0px; border-width: 0px;\" title=\"IMG_2134 (Copier)\" alt=\"IMG_2134 (Copier)\" src=\"http:\/\/www.vivonsbachy.fr\/wp-content\/uploads\/2012\/11\/IMG_2134-Copier_thumb.jpg\"  width=\"244\" height=\"164\" border=\"0\" \/><\/a><a href=\"http:\/\/www.vivonsbachy.fr\/wp-content\/uploads\/2012\/11\/IMG_2140-Copier1.jpg\" class=\"gallery_colorbox\"><img loading=\"lazy\" decoding=\"async\" style=\"background-image: none; padding-left: 0px; padding-right: 0px; display: inline; padding-top: 0px; border-width: 0px;\" title=\"IMG_2140 (Copier)\" alt=\"IMG_2140 (Copier)\" src=\"http:\/\/www.vivonsbachy.fr\/wp-content\/uploads\/2012\/11\/IMG_2140-Copier_thumb.jpg\"  width=\"244\" height=\"164\" border=\"0\" \/><\/a><a href=\"http:\/\/www.vivonsbachy.fr\/wp-content\/uploads\/2012\/11\/IMG_2145-Copier1.jpg\" class=\"gallery_colorbox\"><img loading=\"lazy\" decoding=\"async\" style=\"background-image: none; padding-left: 0px; padding-right: 0px; display: inline; padding-top: 0px; border-width: 0px;\" title=\"IMG_2145 (Copier)\" alt=\"IMG_2145 (Copier)\" src=\"http:\/\/www.vivonsbachy.fr\/wp-content\/uploads\/2012\/11\/IMG_2145-Copier_thumb.jpg\"  width=\"244\" height=\"164\" border=\"0\" \/><\/a><a href=\"http:\/\/www.vivonsbachy.fr\/wp-content\/uploads\/2012\/11\/IMG_2155-Copier1.jpg\" class=\"gallery_colorbox\"><img loading=\"lazy\" decoding=\"async\" style=\"background-image: none; padding-left: 0px; padding-right: 0px; display: inline; padding-top: 0px; border-width: 0px;\" title=\"IMG_2155 (Copier)\" alt=\"IMG_2155 (Copier)\" src=\"http:\/\/www.vivonsbachy.fr\/wp-content\/uploads\/2012\/11\/IMG_2155-Copier_thumb.jpg\"  width=\"244\" height=\"164\" border=\"0\" \/><\/a><a href=\"http:\/\/www.vivonsbachy.fr\/wp-content\/uploads\/2012\/11\/Le-pain-de-la-rvolte-25.08.2005-014-Copier.jpg\" class=\"gallery_colorbox\"><img loading=\"lazy\" decoding=\"async\" style=\"background-image: none; padding-left: 0px; padding-right: 0px; display: inline; padding-top: 0px; border-width: 0px;\" title=\"Le pain de la r\u00e9volte 25.08.2005 014 (Copier)\" alt=\"Le pain de la r\u00e9volte 25.08.2005 014 (Copier)\" src=\"http:\/\/www.vivonsbachy.fr\/wp-content\/uploads\/2012\/11\/Le-pain-de-la-rvolte-25.08.2005-014-Copier_thumb.jpg\"  width=\"244\" height=\"164\" border=\"0\" \/><\/a><a href=\"http:\/\/www.vivonsbachy.fr\/wp-content\/uploads\/2012\/11\/Le-pain-de-la-rvolte-25.08.2005-236-Copier.jpg\" class=\"gallery_colorbox\"><img loading=\"lazy\" decoding=\"async\" style=\"background-image: none; padding-left: 0px; padding-right: 0px; display: inline; padding-top: 0px; border-width: 0px;\" title=\"Le pain de la r\u00e9volte 25.08.2005 236 (Copier)\" alt=\"Le pain de la r\u00e9volte 25.08.2005 236 (Copier)\" src=\"http:\/\/www.vivonsbachy.fr\/wp-content\/uploads\/2012\/11\/Le-pain-de-la-rvolte-25.08.2005-236-Copier_thumb.jpg\"  width=\"244\" height=\"164\" border=\"0\" \/><\/a><a href=\"http:\/\/www.vivonsbachy.fr\/wp-content\/uploads\/2012\/11\/Le-pain-de-la-rvolte-25.08.2005-326-Copier.jpg\" class=\"gallery_colorbox\"><img loading=\"lazy\" decoding=\"async\" style=\"background-image: none; padding-left: 0px; padding-right: 0px; display: inline; padding-top: 0px; border-width: 0px;\" title=\"Le pain de la r\u00e9volte 25.08.2005 326 (Copier)\" alt=\"Le pain de la r\u00e9volte 25.08.2005 326 (Copier)\" src=\"http:\/\/www.vivonsbachy.fr\/wp-content\/uploads\/2012\/11\/Le-pain-de-la-rvolte-25.08.2005-326-Copier_thumb.jpg\"  width=\"244\" height=\"164\" border=\"0\" \/><\/a><a href=\"http:\/\/www.vivonsbachy.fr\/wp-content\/uploads\/2012\/11\/Le-pain-de-la-rvolte-26.08.2005-080-Copier.jpg\" class=\"gallery_colorbox\"><img loading=\"lazy\" decoding=\"async\" style=\"background-image: none; padding-left: 0px; padding-right: 0px; display: inline; padding-top: 0px; border-width: 0px;\" title=\"Le pain de la r\u00e9volte 26.08.2005 080 (Copier)\" alt=\"Le pain de la r\u00e9volte 26.08.2005 080 (Copier)\" src=\"http:\/\/www.vivonsbachy.fr\/wp-content\/uploads\/2012\/11\/Le-pain-de-la-rvolte-26.08.2005-080-Copier_thumb.jpg\"  width=\"244\" height=\"164\" border=\"0\" \/><\/a><a href=\"http:\/\/www.vivonsbachy.fr\/wp-content\/uploads\/2012\/11\/Le-pain-de-la-rvolte-26.08.2005-085-Copier.jpg\" class=\"gallery_colorbox\"><img loading=\"lazy\" decoding=\"async\" style=\"background-image: none; padding-left: 0px; padding-right: 0px; display: inline; padding-top: 0px; border-width: 0px;\" title=\"Le pain de la r\u00e9volte 26.08.2005 085 (Copier)\" alt=\"Le pain de la r\u00e9volte 26.08.2005 085 (Copier)\" src=\"http:\/\/www.vivonsbachy.fr\/wp-content\/uploads\/2012\/11\/Le-pain-de-la-rvolte-26.08.2005-085-Copier_thumb.jpg\"  width=\"244\" height=\"164\" border=\"0\" \/><\/a><a href=\"http:\/\/www.vivonsbachy.fr\/wp-content\/uploads\/2012\/11\/Le-pain-de-la-rvolte-26.08.2005-263-Copier.jpg\" class=\"gallery_colorbox\"><img loading=\"lazy\" decoding=\"async\" style=\"background-image: none; padding-left: 0px; padding-right: 0px; display: inline; padding-top: 0px; border-width: 0px;\" title=\"Le pain de la r\u00e9volte 26.08.2005 263 (Copier)\" alt=\"Le pain de la r\u00e9volte 26.08.2005 263 (Copier)\" src=\"http:\/\/www.vivonsbachy.fr\/wp-content\/uploads\/2012\/11\/Le-pain-de-la-rvolte-26.08.2005-263-Copier_thumb.jpg\"  width=\"244\" height=\"164\" border=\"0\" \/><\/a><a href=\"http:\/\/www.vivonsbachy.fr\/wp-content\/uploads\/2012\/11\/Le-pain-de-la-rvolte-27.08.2005-289-Copier.jpg\" class=\"gallery_colorbox\"><img loading=\"lazy\" decoding=\"async\" style=\"background-image: none; padding-left: 0px; padding-right: 0px; display: inline; padding-top: 0px; border-width: 0px;\" title=\"Le pain de la r\u00e9volte 27.08.2005 289 (Copier)\" alt=\"Le pain de la r\u00e9volte 27.08.2005 289 (Copier)\" src=\"http:\/\/www.vivonsbachy.fr\/wp-content\/uploads\/2012\/11\/Le-pain-de-la-rvolte-27.08.2005-289-Copier_thumb.jpg\"  width=\"244\" height=\"164\" border=\"0\" \/><\/a><a href=\"http:\/\/www.vivonsbachy.fr\/wp-content\/uploads\/2012\/11\/Le-pain-de-la-rvolte-28.08.2005-005-Copier.jpg\" class=\"gallery_colorbox\"><img loading=\"lazy\" decoding=\"async\" style=\"background-image: none; padding-left: 0px; padding-right: 0px; display: inline; padding-top: 0px; border-width: 0px;\" title=\"Le pain de la r\u00e9volte 28.08.2005 005 (Copier)\" alt=\"Le pain de la r\u00e9volte 28.08.2005 005 (Copier)\" src=\"http:\/\/www.vivonsbachy.fr\/wp-content\/uploads\/2012\/11\/Le-pain-de-la-rvolte-28.08.2005-005-Copier_thumb.jpg\"  width=\"244\" height=\"164\" border=\"0\" \/><\/a><a href=\"http:\/\/www.vivonsbachy.fr\/wp-content\/uploads\/2012\/11\/Le-pain-de-la-rvolte-28.08.2005-027-Copier.jpg\" class=\"gallery_colorbox\"><img loading=\"lazy\" decoding=\"async\" style=\"background-image: none; padding-left: 0px; padding-right: 0px; display: inline; padding-top: 0px; border-width: 0px;\" title=\"Le pain de la r\u00e9volte 28.08.2005 027 (Copier)\" alt=\"Le pain de la r\u00e9volte 28.08.2005 027 (Copier)\" src=\"http:\/\/www.vivonsbachy.fr\/wp-content\/uploads\/2012\/11\/Le-pain-de-la-rvolte-28.08.2005-027-Copier_thumb.jpg\"  width=\"244\" height=\"164\" border=\"0\" \/><\/a><a href=\"http:\/\/www.vivonsbachy.fr\/wp-content\/uploads\/2012\/11\/Le-pain-de-la-rvolte-28.08.2005-040-Copier.jpg\" class=\"gallery_colorbox\"><img loading=\"lazy\" decoding=\"async\" style=\"background-image: none; padding-left: 0px; padding-right: 0px; display: inline; padding-top: 0px; border-width: 0px;\" title=\"Le pain de la r\u00e9volte 28.08.2005 040 (Copier)\" alt=\"Le pain de la r\u00e9volte 28.08.2005 040 (Copier)\" src=\"http:\/\/www.vivonsbachy.fr\/wp-content\/uploads\/2012\/11\/Le-pain-de-la-rvolte-28.08.2005-040-Copier_thumb.jpg\"  width=\"244\" height=\"164\" border=\"0\" \/><\/a><\/p>\n","protected":false},"excerpt":{"rendered":"<p>Une projection du Spectacle Musical Historique \u201c LE PAIN DE LA REVOLTE \u201d sera propos\u00e9 le 7 d\u00e9cembre 2013 \u00e0 la salle des f\u00eates de Bachy Projection au profit du T\u00e9l\u00e9thon Ce sera l\u2019occasion\u00a0 de revoir ce son et lumi\u00e8re &hellip; <a href=\"https:\/\/www.vivonsbachy.fr\/?page_id=465\">Continuer la lecture <span class=\"meta-nav\">&rarr;<\/span><\/a><\/p>\n","protected":false},"author":1,"featured_media":0,"parent":442,"menu_order":0,"comment_status":"open","ping_status":"closed","template":"","meta":{"footnotes":""},"_links":{"self":[{"href":"https:\/\/www.vivonsbachy.fr\/index.php?rest_route=\/wp\/v2\/pages\/465"}],"collection":[{"href":"https:\/\/www.vivonsbachy.fr\/index.php?rest_route=\/wp\/v2\/pages"}],"about":[{"href":"https:\/\/www.vivonsbachy.fr\/index.php?rest_route=\/wp\/v2\/types\/page"}],"author":[{"embeddable":true,"href":"https:\/\/www.vivonsbachy.fr\/index.php?rest_route=\/wp\/v2\/users\/1"}],"replies":[{"embeddable":true,"href":"https:\/\/www.vivonsbachy.fr\/index.php?rest_route=%2Fwp%2Fv2%2Fcomments&post=465"}],"version-history":[{"count":11,"href":"https:\/\/www.vivonsbachy.fr\/index.php?rest_route=\/wp\/v2\/pages\/465\/revisions"}],"predecessor-version":[{"id":1639,"href":"https:\/\/www.vivonsbachy.fr\/index.php?rest_route=\/wp\/v2\/pages\/465\/revisions\/1639"}],"up":[{"embeddable":true,"href":"https:\/\/www.vivonsbachy.fr\/index.php?rest_route=\/wp\/v2\/pages\/442"}],"wp:attachment":[{"href":"https:\/\/www.vivonsbachy.fr\/index.php?rest_route=%2Fwp%2Fv2%2Fmedia&parent=465"}],"curies":[{"name":"wp","href":"https:\/\/api.w.org\/{rel}","templated":true}]}}