{"id":456,"date":"2012-11-05T13:35:20","date_gmt":"2012-11-05T11:35:20","guid":{"rendered":"http:\/\/www.vivonsbachy.fr\/?page_id=456"},"modified":"2013-05-06T16:20:08","modified_gmt":"2013-05-06T14:20:08","slug":"1-assemblee-generale","status":"publish","type":"page","link":"https:\/\/www.vivonsbachy.fr\/?page_id=456","title":{"rendered":"1 &#8211; Assembl&eacute;e G&eacute;n&eacute;rale"},"content":{"rendered":"<p style=\"text-align: center\">l&rsquo;Assembl\u00e9e G\u00e9n\u00e9rale a eu lieu le 30 mars 2013 au foyer Desrousseaux <\/p>\n<p align=\"justify\">Samedi apr\u00e8s midi \u00e0 17h s&rsquo;est d\u00e9roul\u00e9e l&rsquo;assembl\u00e9e g\u00e9n\u00e9rale de \u00ab\u00a0Vivons Bachy\u00a0\u00bb. Apr\u00e8s 10 ans pass\u00e9s \u00e0 la pr\u00e9sidence de l\u2019association, Bernard Blondelle a inform\u00e9 la trentaine de membres pr\u00e9sents qu&rsquo;il avait pr\u00e9sent\u00e9 sa d\u00e9mission lors de la derni\u00e8re r\u00e9union du conseil d&rsquo;administration du 1<sup>er<\/sup> mars. Comme le pr\u00e9voit les statuts, il a \u00e9t\u00e9 proc\u00e9d\u00e9 \u00e0 l&rsquo;\u00e9lection d&rsquo;un nouveau pr\u00e9sident et c&rsquo;est Chlo\u00e9 Lemaire qui a \u00e9t\u00e9 \u00e9lue. <\/p>\n<p align=\"justify\">Bernard Blondelle a ensuite d\u00e9taill\u00e9 les activit\u00e9s qui se sont d\u00e9roul\u00e9es en 2012: Participation du g\u00e9ant et des gilles \u00e0 la f\u00eate du poireau \u00e0 Moncheaux, d\u00e9fil\u00e9 \u00e0 Cappelle-en-P\u00e9v\u00e8le et \u00e0 Bachy ainsi que l&rsquo;organisation d&rsquo;une soir\u00e9e Th\u00e9\u00e2tre \u00e0 la ferme et du r\u00e9veillon de la Saint Sylvestre qui a lieu tous les deux ans. <\/p>\n<p align=\"justify\">Pour 2013, les projets sont nombreux, participation d&rsquo;Antoine de Baissy et des gilles \u00e0 Mouchin, Cappelle-en-P\u00e9v\u00e8le et Bachy. Pr\u00e9sence du g\u00e9ant et de l&rsquo;association au Paris-Roubaix. Antoine de Baissy appara\u00eetra \u00e9galement dans le spectacle historique musical de Genech en mai, Il sera aussi pr\u00e9sent au forum des associations organis\u00e9 par la commune en septembre 2013. <\/p>\n<p align=\"justify\">Chlo\u00e9 Lemaire, nouvelle pr\u00e9sidente a pr\u00e9cis\u00e9, au cour de cette assembl\u00e9e g\u00e9n\u00e9rale, qu&rsquo;en plus des activit\u00e9s actuelles de l&rsquo;association, elle esp\u00e9rait pouvoir cr\u00e9er une troupe th\u00e9\u00e2trale et organiser quelques repr\u00e9sentations vers la fin de l&rsquo;ann\u00e9e ou courant de l&rsquo;ann\u00e9e prochaine. Bernard Blondelle a \u00e9t\u00e9 chaleureusement remerci\u00e9 pour les dix ans pass\u00e9s \u00e0 la t\u00eate de l&rsquo;association et tout le travail accompli durant cette p\u00e9riode. Quarante et un membres ont renouvel\u00e9 leur cotisation, Par ailleurs l&rsquo;association est toujours \u00e0 la recherche de volontaires qui seraient int\u00e9ress\u00e9s pour endosser un costume de gille ou d&rsquo;accompagner le g\u00e9ant lors des sorties. Cette r\u00e9union s&rsquo;est termin\u00e9e vers 19h30 par le pot de l&rsquo;amiti\u00e9. <\/p>\n<p style=\"text-align: center\" align=\"center\"><a href=\"http:\/\/www.vivonsbachy.fr\/wp-content\/uploads\/2013\/05\/Chlo-3891.jpg\" class=\"gallery_colorbox\"><img loading=\"lazy\" decoding=\"async\" title=\"Chlo&eacute;-3891\" style=\"border-top: 0px; border-right: 0px; background-image: none; border-bottom: 0px; padding-top: 0px; padding-left: 0px; border-left: 0px; display: inline; padding-right: 0px\" border=\"0\" alt=\"Chlo&eacute;-3891\" src=\"http:\/\/www.vivonsbachy.fr\/wp-content\/uploads\/2013\/05\/Chlo-3891_thumb.jpg\"  width=\"248\" height=\"370\"><\/a><\/p>\n<p style=\"text-align: center\" align=\"center\"><strong><font color=\"#0000ff\" size=\"4\"><em>CHLOE LEMAIRE<\/em><\/font><\/strong><\/p>\n<p style=\"text-align: center\" align=\"center\">Pr\u00e9sidente de \u201cVivons Bachy\u201d<\/p>\n<p style=\"text-align: center\" align=\"center\">&nbsp;<\/p>\n<p style=\"text-align: center\" align=\"center\"><a href=\"http:\/\/www.vivonsbachy.fr\/wp-content\/uploads\/2013\/03\/5998.jpg\" class=\"gallery_colorbox\"><img loading=\"lazy\" decoding=\"async\" title=\"5998\" style=\"border-left-width: 0px; border-right-width: 0px; background-image: none; border-bottom-width: 0px; padding-top: 0px; padding-left: 0px; display: inline; padding-right: 0px; border-top-width: 0px\" border=\"0\" alt=\"5998\" src=\"http:\/\/www.vivonsbachy.fr\/wp-content\/uploads\/2013\/03\/5998_thumb.jpg\"  width=\"244\" height=\"164\"><\/a><a href=\"http:\/\/www.vivonsbachy.fr\/wp-content\/uploads\/2013\/05\/AG-Vivons-Bachy-2013-5987.jpg\" class=\"gallery_colorbox\"><img loading=\"lazy\" decoding=\"async\" title=\"AG Vivons Bachy 2013-5987\" style=\"border-top: 0px; border-right: 0px; background-image: none; border-bottom: 0px; padding-top: 0px; padding-left: 0px; border-left: 0px; display: inline; padding-right: 0px\" border=\"0\" alt=\"AG Vivons Bachy 2013-5987\" src=\"http:\/\/www.vivonsbachy.fr\/wp-content\/uploads\/2013\/05\/AG-Vivons-Bachy-2013-5987_thumb.jpg\"  width=\"244\" height=\"164\"><\/a><a href=\"http:\/\/www.vivonsbachy.fr\/wp-content\/uploads\/2013\/05\/AG-Vivons-Bachy-2013-5989.jpg\" class=\"gallery_colorbox\"><img loading=\"lazy\" decoding=\"async\" title=\"AG Vivons Bachy 2013-5989\" style=\"border-top: 0px; border-right: 0px; background-image: none; border-bottom: 0px; padding-top: 0px; padding-left: 0px; border-left: 0px; display: inline; padding-right: 0px\" border=\"0\" alt=\"AG Vivons Bachy 2013-5989\" src=\"http:\/\/www.vivonsbachy.fr\/wp-content\/uploads\/2013\/05\/AG-Vivons-Bachy-2013-5989_thumb.jpg\"  width=\"244\" height=\"164\"><\/a><a href=\"http:\/\/www.vivonsbachy.fr\/wp-content\/uploads\/2013\/05\/AG-Vivons-Bachy-2013-5990.jpg\" class=\"gallery_colorbox\"><img loading=\"lazy\" decoding=\"async\" title=\"AG Vivons Bachy 2013-5990\" style=\"border-top: 0px; border-right: 0px; background-image: none; border-bottom: 0px; padding-top: 0px; padding-left: 0px; border-left: 0px; display: inline; padding-right: 0px\" border=\"0\" alt=\"AG Vivons Bachy 2013-5990\" src=\"http:\/\/www.vivonsbachy.fr\/wp-content\/uploads\/2013\/05\/AG-Vivons-Bachy-2013-5990_thumb.jpg\"  width=\"244\" height=\"164\"><\/a><a href=\"http:\/\/www.vivonsbachy.fr\/wp-content\/uploads\/2013\/05\/AG-Vivons-Bachy-2013-5992.jpg\" class=\"gallery_colorbox\"><img loading=\"lazy\" decoding=\"async\" title=\"AG Vivons Bachy 2013-5992\" style=\"border-top: 0px; border-right: 0px; background-image: none; border-bottom: 0px; padding-top: 0px; padding-left: 0px; border-left: 0px; display: inline; padding-right: 0px\" border=\"0\" alt=\"AG Vivons Bachy 2013-5992\" src=\"http:\/\/www.vivonsbachy.fr\/wp-content\/uploads\/2013\/05\/AG-Vivons-Bachy-2013-5992_thumb.jpg\"  width=\"244\" height=\"164\"><\/a><a href=\"http:\/\/www.vivonsbachy.fr\/wp-content\/uploads\/2013\/05\/AG-Vivons-Bachy-2013-5993.jpg\" class=\"gallery_colorbox\"><img loading=\"lazy\" decoding=\"async\" title=\"AG Vivons Bachy 2013-5993\" style=\"border-top: 0px; border-right: 0px; background-image: none; border-bottom: 0px; padding-top: 0px; padding-left: 0px; border-left: 0px; display: inline; padding-right: 0px\" border=\"0\" alt=\"AG Vivons Bachy 2013-5993\" src=\"http:\/\/www.vivonsbachy.fr\/wp-content\/uploads\/2013\/05\/AG-Vivons-Bachy-2013-5993_thumb.jpg\"  width=\"244\" height=\"164\"><\/a><a href=\"http:\/\/www.vivonsbachy.fr\/wp-content\/uploads\/2013\/05\/AG-Vivons-Bachy-2013-5994.jpg\" class=\"gallery_colorbox\"><img loading=\"lazy\" decoding=\"async\" title=\"AG Vivons Bachy 2013-5994\" style=\"border-top: 0px; border-right: 0px; background-image: none; border-bottom: 0px; padding-top: 0px; padding-left: 0px; margin: 0px; border-left: 0px; display: inline; padding-right: 0px\" border=\"0\" alt=\"AG Vivons Bachy 2013-5994\" src=\"http:\/\/www.vivonsbachy.fr\/wp-content\/uploads\/2013\/05\/AG-Vivons-Bachy-2013-5994_thumb.jpg\"  width=\"164\" height=\"244\"><\/a><a href=\"http:\/\/www.vivonsbachy.fr\/wp-content\/uploads\/2013\/05\/AG-Vivons-Bachy-2013-5995.jpg\" class=\"gallery_colorbox\"><img loading=\"lazy\" decoding=\"async\" title=\"AG Vivons Bachy 2013-5995\" style=\"border-top: 0px; border-right: 0px; background-image: none; border-bottom: 0px; padding-top: 0px; padding-left: 0px; border-left: 0px; display: inline; padding-right: 0px\" border=\"0\" alt=\"AG Vivons Bachy 2013-5995\" src=\"http:\/\/www.vivonsbachy.fr\/wp-content\/uploads\/2013\/05\/AG-Vivons-Bachy-2013-5995_thumb.jpg\"  width=\"244\" height=\"244\"><\/a><a href=\"http:\/\/www.vivonsbachy.fr\/wp-content\/uploads\/2013\/05\/AG-Vivons-Bachy-2013-5996.jpg\" class=\"gallery_colorbox\"><img loading=\"lazy\" decoding=\"async\" title=\"AG Vivons Bachy 2013-5996\" style=\"border-top: 0px; border-right: 0px; background-image: none; border-bottom: 0px; padding-top: 0px; padding-left: 0px; border-left: 0px; display: inline; padding-right: 0px\" border=\"0\" alt=\"AG Vivons Bachy 2013-5996\" src=\"http:\/\/www.vivonsbachy.fr\/wp-content\/uploads\/2013\/05\/AG-Vivons-Bachy-2013-5996_thumb.jpg\"  width=\"164\" height=\"244\"><\/a><a href=\"http:\/\/www.vivonsbachy.fr\/wp-content\/uploads\/2013\/05\/AG-Vivons-Bachy-2013-6001.jpg\" class=\"gallery_colorbox\"><img loading=\"lazy\" decoding=\"async\" title=\"AG Vivons Bachy 2013-6001\" style=\"border-top: 0px; border-right: 0px; background-image: none; border-bottom: 0px; padding-top: 0px; padding-left: 0px; border-left: 0px; display: inline; padding-right: 0px\" border=\"0\" alt=\"AG Vivons Bachy 2013-6001\" src=\"http:\/\/www.vivonsbachy.fr\/wp-content\/uploads\/2013\/05\/AG-Vivons-Bachy-2013-6001_thumb.jpg\"  width=\"244\" height=\"164\"><\/a><a href=\"http:\/\/www.vivonsbachy.fr\/wp-content\/uploads\/2013\/05\/AG-Vivons-Bachy-2013-6002.jpg\" class=\"gallery_colorbox\"><img loading=\"lazy\" decoding=\"async\" title=\"AG Vivons Bachy 2013-6002\" style=\"border-top: 0px; border-right: 0px; background-image: none; border-bottom: 0px; padding-top: 0px; padding-left: 0px; border-left: 0px; display: inline; padding-right: 0px\" border=\"0\" alt=\"AG Vivons Bachy 2013-6002\" src=\"http:\/\/www.vivonsbachy.fr\/wp-content\/uploads\/2013\/05\/AG-Vivons-Bachy-2013-6002_thumb.jpg\"  width=\"244\" height=\"164\"><\/a><a href=\"http:\/\/www.vivonsbachy.fr\/wp-content\/uploads\/2013\/05\/AG-Vivons-Bachy-2013-6003.jpg\" class=\"gallery_colorbox\"><img loading=\"lazy\" decoding=\"async\" title=\"AG Vivons Bachy 2013-6003\" style=\"border-top: 0px; border-right: 0px; background-image: none; border-bottom: 0px; padding-top: 0px; padding-left: 0px; border-left: 0px; display: inline; padding-right: 0px\" border=\"0\" alt=\"AG Vivons Bachy 2013-6003\" src=\"http:\/\/www.vivonsbachy.fr\/wp-content\/uploads\/2013\/05\/AG-Vivons-Bachy-2013-6003_thumb.jpg\"  width=\"244\" height=\"149\"><\/a><a href=\"http:\/\/www.vivonsbachy.fr\/wp-content\/uploads\/2013\/05\/AG-Vivons-Bachy-2013-6004.jpg\" class=\"gallery_colorbox\"><img loading=\"lazy\" decoding=\"async\" title=\"AG Vivons Bachy 2013-6004\" style=\"border-top: 0px; border-right: 0px; background-image: none; border-bottom: 0px; padding-top: 0px; padding-left: 0px; border-left: 0px; display: inline; padding-right: 0px\" border=\"0\" alt=\"AG Vivons Bachy 2013-6004\" src=\"http:\/\/www.vivonsbachy.fr\/wp-content\/uploads\/2013\/05\/AG-Vivons-Bachy-2013-6004_thumb.jpg\"  width=\"244\" height=\"164\"><\/a><\/p>\n","protected":false},"excerpt":{"rendered":"<p>l&rsquo;Assembl\u00e9e G\u00e9n\u00e9rale a eu lieu le 30 mars 2013 au foyer Desrousseaux Samedi apr\u00e8s midi \u00e0 17h s&rsquo;est d\u00e9roul\u00e9e l&rsquo;assembl\u00e9e g\u00e9n\u00e9rale de \u00ab\u00a0Vivons Bachy\u00a0\u00bb. Apr\u00e8s 10 ans pass\u00e9s \u00e0 la pr\u00e9sidence de l\u2019association, Bernard Blondelle a inform\u00e9 la trentaine de &hellip; <a href=\"https:\/\/www.vivonsbachy.fr\/?page_id=456\">Continuer la lecture <span class=\"meta-nav\">&rarr;<\/span><\/a><\/p>\n","protected":false},"author":1,"featured_media":0,"parent":442,"menu_order":0,"comment_status":"open","ping_status":"closed","template":"","meta":{"footnotes":""},"_links":{"self":[{"href":"https:\/\/www.vivonsbachy.fr\/index.php?rest_route=\/wp\/v2\/pages\/456"}],"collection":[{"href":"https:\/\/www.vivonsbachy.fr\/index.php?rest_route=\/wp\/v2\/pages"}],"about":[{"href":"https:\/\/www.vivonsbachy.fr\/index.php?rest_route=\/wp\/v2\/types\/page"}],"author":[{"embeddable":true,"href":"https:\/\/www.vivonsbachy.fr\/index.php?rest_route=\/wp\/v2\/users\/1"}],"replies":[{"embeddable":true,"href":"https:\/\/www.vivonsbachy.fr\/index.php?rest_route=%2Fwp%2Fv2%2Fcomments&post=456"}],"version-history":[{"count":9,"href":"https:\/\/www.vivonsbachy.fr\/index.php?rest_route=\/wp\/v2\/pages\/456\/revisions"}],"predecessor-version":[{"id":949,"href":"https:\/\/www.vivonsbachy.fr\/index.php?rest_route=\/wp\/v2\/pages\/456\/revisions\/949"}],"up":[{"embeddable":true,"href":"https:\/\/www.vivonsbachy.fr\/index.php?rest_route=\/wp\/v2\/pages\/442"}],"wp:attachment":[{"href":"https:\/\/www.vivonsbachy.fr\/index.php?rest_route=%2Fwp%2Fv2%2Fmedia&parent=456"}],"curies":[{"name":"wp","href":"https:\/\/api.w.org\/{rel}","templated":true}]}}