{"id":3913,"date":"2016-03-07T18:29:19","date_gmt":"2016-03-07T16:29:19","guid":{"rendered":"http:\/\/www.vivonsbachy.fr\/?page_id=3913"},"modified":"2016-03-07T18:47:58","modified_gmt":"2016-03-07T16:47:58","slug":"1-6-mars-2016-carnaval-de-willems","status":"publish","type":"page","link":"https:\/\/www.vivonsbachy.fr\/?page_id=3913","title":{"rendered":"1 &#8211; 6 mars 2016 &#8211; Carnaval de Willems"},"content":{"rendered":"<p align=\"justify\">Nous \u00e9tions 9 \u00e0 nous rendre \u00e0&nbsp; Willems au carnaval rassemblant pr\u00e8s de 60 g\u00e9ants, avec musique et fanfares et orchestres divers. Les d\u00e9fil\u00e9s ont commenc\u00e9 vers 11h30 pour se terminer vers 12h30. Malheureusement le temps \u00e9tait ex\u00e9crable, pluie et vent tout au long du parcours. Point positif, nous avons \u00e9t\u00e9 tr\u00e8s bien accueillis. Repas et boissons gratuites. Et, une organisation remarquable. Il y avait pr\u00e8s de 600 personnes aux repas du midi servis sur deux services.<\/p>\n<p>Bref, une excellente journ\u00e9e avec une tr\u00e8s bonne ambiance.<\/p>\n<p align=\"center\"><a href=\"http:\/\/www.vivonsbachy.fr\/wp-content\/uploads\/2016\/03\/Willems-253A3196-06-mars-2016.jpg\" class=\"gallery_colorbox\"><img loading=\"lazy\" decoding=\"async\" title=\"Willems - 253A3196 - 06 mars 2016\" style=\"border-top: 0px; border-right: 0px; background-image: none; border-bottom: 0px; padding-top: 0px; padding-left: 0px; border-left: 0px; margin: 0px; display: inline; padding-right: 0px\" border=\"0\" alt=\"Willems - 253A3196 - 06 mars 2016\" src=\"http:\/\/www.vivonsbachy.fr\/wp-content\/uploads\/2016\/03\/Willems-253A3196-06-mars-2016_thumb.jpg\"  width=\"164\" height=\"244\"><\/a><a href=\"http:\/\/www.vivonsbachy.fr\/wp-content\/uploads\/2016\/03\/Willems-253A3198-06-mars-2016.jpg\" class=\"gallery_colorbox\"><img loading=\"lazy\" decoding=\"async\" title=\"Willems - 253A3198 - 06 mars 2016\" style=\"border-top: 0px; border-right: 0px; background-image: none; border-bottom: 0px; padding-top: 0px; padding-left: 0px; border-left: 0px; margin: 0px; display: inline; padding-right: 0px\" border=\"0\" alt=\"Willems - 253A3198 - 06 mars 2016\" src=\"http:\/\/www.vivonsbachy.fr\/wp-content\/uploads\/2016\/03\/Willems-253A3198-06-mars-2016_thumb.jpg\"  width=\"244\" height=\"164\"><\/a><a href=\"http:\/\/www.vivonsbachy.fr\/wp-content\/uploads\/2016\/03\/Willems-253A3199-06-mars-2016.jpg\" class=\"gallery_colorbox\"><img loading=\"lazy\" decoding=\"async\" title=\"Willems - 253A3199 - 06 mars 2016\" style=\"border-top: 0px; border-right: 0px; background-image: none; border-bottom: 0px; padding-top: 0px; padding-left: 0px; border-left: 0px; margin: 0px; display: inline; padding-right: 0px\" border=\"0\" alt=\"Willems - 253A3199 - 06 mars 2016\" src=\"http:\/\/www.vivonsbachy.fr\/wp-content\/uploads\/2016\/03\/Willems-253A3199-06-mars-2016_thumb.jpg\"  width=\"164\" height=\"244\"><\/a><a href=\"http:\/\/www.vivonsbachy.fr\/wp-content\/uploads\/2016\/03\/Willems-253A3201-06-mars-2016.jpg\" class=\"gallery_colorbox\"><img loading=\"lazy\" decoding=\"async\" title=\"Willems - 253A3201 - 06 mars 2016\" style=\"border-top: 0px; border-right: 0px; background-image: none; border-bottom: 0px; padding-top: 0px; padding-left: 0px; border-left: 0px; margin: 0px; display: inline; padding-right: 0px\" border=\"0\" alt=\"Willems - 253A3201 - 06 mars 2016\" src=\"http:\/\/www.vivonsbachy.fr\/wp-content\/uploads\/2016\/03\/Willems-253A3201-06-mars-2016_thumb.jpg\"  width=\"164\" height=\"244\"><\/a><a href=\"http:\/\/www.vivonsbachy.fr\/wp-content\/uploads\/2016\/03\/Willems-253A3203-06-mars-2016.jpg\" class=\"gallery_colorbox\"><img loading=\"lazy\" decoding=\"async\" title=\"Willems - 253A3203 - 06 mars 2016\" style=\"border-top: 0px; border-right: 0px; background-image: none; border-bottom: 0px; padding-top: 0px; padding-left: 0px; border-left: 0px; margin: 0px; display: inline; padding-right: 0px\" border=\"0\" alt=\"Willems - 253A3203 - 06 mars 2016\" src=\"http:\/\/www.vivonsbachy.fr\/wp-content\/uploads\/2016\/03\/Willems-253A3203-06-mars-2016_thumb.jpg\"  width=\"164\" height=\"244\"><\/a><a href=\"http:\/\/www.vivonsbachy.fr\/wp-content\/uploads\/2016\/03\/Willems-253A3205-06-mars-2016.jpg\" class=\"gallery_colorbox\"><img loading=\"lazy\" decoding=\"async\" title=\"Willems - 253A3205 - 06 mars 2016\" style=\"border-top: 0px; border-right: 0px; background-image: none; border-bottom: 0px; padding-top: 0px; padding-left: 0px; border-left: 0px; margin: 0px; display: inline; padding-right: 0px\" border=\"0\" alt=\"Willems - 253A3205 - 06 mars 2016\" src=\"http:\/\/www.vivonsbachy.fr\/wp-content\/uploads\/2016\/03\/Willems-253A3205-06-mars-2016_thumb.jpg\"  width=\"164\" height=\"244\"><\/a><a href=\"http:\/\/www.vivonsbachy.fr\/wp-content\/uploads\/2016\/03\/Willems-253A3206-06-mars-2016.jpg\" class=\"gallery_colorbox\"><img loading=\"lazy\" decoding=\"async\" title=\"Willems - 253A3206 - 06 mars 2016\" style=\"border-top: 0px; border-right: 0px; background-image: none; border-bottom: 0px; padding-top: 0px; padding-left: 0px; border-left: 0px; margin: 0px; display: inline; padding-right: 0px\" border=\"0\" alt=\"Willems - 253A3206 - 06 mars 2016\" src=\"http:\/\/www.vivonsbachy.fr\/wp-content\/uploads\/2016\/03\/Willems-253A3206-06-mars-2016_thumb.jpg\"  width=\"164\" height=\"244\"><\/a><a href=\"http:\/\/www.vivonsbachy.fr\/wp-content\/uploads\/2016\/03\/Willems-253A3210-06-mars-2016.jpg\" class=\"gallery_colorbox\"><img loading=\"lazy\" decoding=\"async\" title=\"Willems - 253A3210 - 06 mars 2016\" style=\"border-top: 0px; border-right: 0px; background-image: none; border-bottom: 0px; padding-top: 0px; padding-left: 0px; border-left: 0px; margin: 0px; display: inline; padding-right: 0px\" border=\"0\" alt=\"Willems - 253A3210 - 06 mars 2016\" src=\"http:\/\/www.vivonsbachy.fr\/wp-content\/uploads\/2016\/03\/Willems-253A3210-06-mars-2016_thumb.jpg\"  width=\"164\" height=\"244\"><\/a><a href=\"http:\/\/www.vivonsbachy.fr\/wp-content\/uploads\/2016\/03\/Willems-253A3213-06-mars-2016.jpg\" class=\"gallery_colorbox\"><img loading=\"lazy\" decoding=\"async\" title=\"Willems - 253A3213 - 06 mars 2016\" style=\"border-top: 0px; border-right: 0px; background-image: none; border-bottom: 0px; padding-top: 0px; padding-left: 0px; border-left: 0px; margin: 0px; display: inline; padding-right: 0px\" border=\"0\" alt=\"Willems - 253A3213 - 06 mars 2016\" src=\"http:\/\/www.vivonsbachy.fr\/wp-content\/uploads\/2016\/03\/Willems-253A3213-06-mars-2016_thumb.jpg\"  width=\"244\" height=\"164\"><\/a><a href=\"http:\/\/www.vivonsbachy.fr\/wp-content\/uploads\/2016\/03\/Willems-253A3216-06-mars-2016.jpg\" class=\"gallery_colorbox\"><img loading=\"lazy\" decoding=\"async\" title=\"Willems - 253A3216 - 06 mars 2016\" style=\"border-top: 0px; border-right: 0px; background-image: none; border-bottom: 0px; padding-top: 0px; padding-left: 0px; border-left: 0px; margin: 0px; display: inline; padding-right: 0px\" border=\"0\" alt=\"Willems - 253A3216 - 06 mars 2016\" src=\"http:\/\/www.vivonsbachy.fr\/wp-content\/uploads\/2016\/03\/Willems-253A3216-06-mars-2016_thumb.jpg\"  width=\"244\" height=\"164\"><\/a><a href=\"http:\/\/www.vivonsbachy.fr\/wp-content\/uploads\/2016\/03\/Willems-253A3218-06-mars-2016.jpg\" class=\"gallery_colorbox\"><img loading=\"lazy\" decoding=\"async\" title=\"Willems - 253A3218 - 06 mars 2016\" style=\"border-top: 0px; border-right: 0px; background-image: none; border-bottom: 0px; padding-top: 0px; padding-left: 0px; border-left: 0px; margin: 0px; display: inline; padding-right: 0px\" border=\"0\" alt=\"Willems - 253A3218 - 06 mars 2016\" src=\"http:\/\/www.vivonsbachy.fr\/wp-content\/uploads\/2016\/03\/Willems-253A3218-06-mars-2016_thumb.jpg\"  width=\"244\" height=\"164\"><\/a><a href=\"http:\/\/www.vivonsbachy.fr\/wp-content\/uploads\/2016\/03\/Willems-253A3219-06-mars-2016.jpg\" class=\"gallery_colorbox\"><img loading=\"lazy\" decoding=\"async\" title=\"Willems - 253A3219 - 06 mars 2016\" style=\"border-top: 0px; border-right: 0px; background-image: none; border-bottom: 0px; padding-top: 0px; padding-left: 0px; border-left: 0px; margin: 0px; display: inline; padding-right: 0px\" border=\"0\" alt=\"Willems - 253A3219 - 06 mars 2016\" src=\"http:\/\/www.vivonsbachy.fr\/wp-content\/uploads\/2016\/03\/Willems-253A3219-06-mars-2016_thumb.jpg\"  width=\"164\" height=\"244\"><\/a><a href=\"http:\/\/www.vivonsbachy.fr\/wp-content\/uploads\/2016\/03\/Willems-253A3221-06-mars-2016.jpg\" class=\"gallery_colorbox\"><img loading=\"lazy\" decoding=\"async\" title=\"Willems - 253A3221 - 06 mars 2016\" style=\"border-top: 0px; border-right: 0px; background-image: none; border-bottom: 0px; padding-top: 0px; padding-left: 0px; border-left: 0px; margin: 0px; display: inline; padding-right: 0px\" border=\"0\" alt=\"Willems - 253A3221 - 06 mars 2016\" src=\"http:\/\/www.vivonsbachy.fr\/wp-content\/uploads\/2016\/03\/Willems-253A3221-06-mars-2016_thumb.jpg\"  width=\"215\" height=\"244\"><\/a><a href=\"http:\/\/www.vivonsbachy.fr\/wp-content\/uploads\/2016\/03\/Willems-253A3269-06-mars-2016.jpg\" class=\"gallery_colorbox\"><img loading=\"lazy\" decoding=\"async\" title=\"Willems - 253A3269 - 06 mars 2016\" style=\"border-top: 0px; border-right: 0px; background-image: none; border-bottom: 0px; padding-top: 0px; padding-left: 0px; border-left: 0px; margin: 0px; display: inline; padding-right: 0px\" border=\"0\" alt=\"Willems - 253A3269 - 06 mars 2016\" src=\"http:\/\/www.vivonsbachy.fr\/wp-content\/uploads\/2016\/03\/Willems-253A3269-06-mars-2016_thumb.jpg\"  width=\"244\" height=\"164\"><\/a><a href=\"http:\/\/www.vivonsbachy.fr\/wp-content\/uploads\/2016\/03\/Willems-253A3274-06-mars-2016.jpg\" class=\"gallery_colorbox\"><img loading=\"lazy\" decoding=\"async\" title=\"Willems - 253A3274 - 06 mars 2016\" style=\"border-top: 0px; border-right: 0px; background-image: none; border-bottom: 0px; padding-top: 0px; padding-left: 0px; border-left: 0px; margin: 0px; display: inline; padding-right: 0px\" border=\"0\" alt=\"Willems - 253A3274 - 06 mars 2016\" src=\"http:\/\/www.vivonsbachy.fr\/wp-content\/uploads\/2016\/03\/Willems-253A3274-06-mars-2016_thumb.jpg\"  width=\"244\" height=\"164\"><\/a><a href=\"http:\/\/www.vivonsbachy.fr\/wp-content\/uploads\/2016\/03\/Willems-253A3275-06-mars-2016.jpg\" class=\"gallery_colorbox\"><img loading=\"lazy\" decoding=\"async\" title=\"Willems - 253A3275 - 06 mars 2016\" style=\"border-top: 0px; border-right: 0px; background-image: none; border-bottom: 0px; padding-top: 0px; padding-left: 0px; border-left: 0px; margin: 0px; display: inline; padding-right: 0px\" border=\"0\" alt=\"Willems - 253A3275 - 06 mars 2016\" src=\"http:\/\/www.vivonsbachy.fr\/wp-content\/uploads\/2016\/03\/Willems-253A3275-06-mars-2016_thumb.jpg\"  width=\"244\" height=\"164\"><\/a><a href=\"http:\/\/www.vivonsbachy.fr\/wp-content\/uploads\/2016\/03\/Willems-253A3278-06-mars-2016.jpg\" class=\"gallery_colorbox\"><img loading=\"lazy\" decoding=\"async\" title=\"Willems - 253A3278 - 06 mars 2016\" style=\"border-top: 0px; border-right: 0px; background-image: none; border-bottom: 0px; padding-top: 0px; padding-left: 0px; border-left: 0px; margin: 0px; display: inline; padding-right: 0px\" border=\"0\" alt=\"Willems - 253A3278 - 06 mars 2016\" src=\"http:\/\/www.vivonsbachy.fr\/wp-content\/uploads\/2016\/03\/Willems-253A3278-06-mars-2016_thumb.jpg\"  width=\"244\" height=\"164\"><\/a><a href=\"http:\/\/www.vivonsbachy.fr\/wp-content\/uploads\/2016\/03\/Willems-253A3280-06-mars-2016.jpg\" class=\"gallery_colorbox\"><img loading=\"lazy\" decoding=\"async\" title=\"Willems - 253A3280 - 06 mars 2016\" style=\"border-top: 0px; border-right: 0px; background-image: none; border-bottom: 0px; padding-top: 0px; padding-left: 0px; border-left: 0px; margin: 0px; display: inline; padding-right: 0px\" border=\"0\" alt=\"Willems - 253A3280 - 06 mars 2016\" src=\"http:\/\/www.vivonsbachy.fr\/wp-content\/uploads\/2016\/03\/Willems-253A3280-06-mars-2016_thumb.jpg\"  width=\"244\" height=\"164\"><\/a><a href=\"http:\/\/www.vivonsbachy.fr\/wp-content\/uploads\/2016\/03\/Willems-253A3281-06-mars-2016.jpg\" class=\"gallery_colorbox\"><img loading=\"lazy\" decoding=\"async\" title=\"Willems - 253A3281 - 06 mars 2016\" style=\"border-top: 0px; border-right: 0px; background-image: none; border-bottom: 0px; padding-top: 0px; padding-left: 0px; border-left: 0px; margin: 0px; display: inline; padding-right: 0px\" border=\"0\" alt=\"Willems - 253A3281 - 06 mars 2016\" src=\"http:\/\/www.vivonsbachy.fr\/wp-content\/uploads\/2016\/03\/Willems-253A3281-06-mars-2016_thumb.jpg\"  width=\"244\" height=\"164\"><\/a><a href=\"http:\/\/www.vivonsbachy.fr\/wp-content\/uploads\/2016\/03\/Willems-253A3282-06-mars-2016.jpg\" class=\"gallery_colorbox\"><img loading=\"lazy\" decoding=\"async\" title=\"Willems - 253A3282 - 06 mars 2016\" style=\"border-top: 0px; border-right: 0px; background-image: none; border-bottom: 0px; padding-top: 0px; padding-left: 0px; border-left: 0px; margin: 0px; display: inline; padding-right: 0px\" border=\"0\" alt=\"Willems - 253A3282 - 06 mars 2016\" src=\"http:\/\/www.vivonsbachy.fr\/wp-content\/uploads\/2016\/03\/Willems-253A3282-06-mars-2016_thumb.jpg\"  width=\"244\" height=\"164\"><\/a><a href=\"http:\/\/www.vivonsbachy.fr\/wp-content\/uploads\/2016\/03\/Willems-253A3283-06-mars-2016.jpg\" class=\"gallery_colorbox\"><img loading=\"lazy\" decoding=\"async\" title=\"Willems - 253A3283 - 06 mars 2016\" style=\"border-top: 0px; border-right: 0px; background-image: none; border-bottom: 0px; padding-top: 0px; padding-left: 0px; border-left: 0px; margin: 0px; display: inline; padding-right: 0px\" border=\"0\" alt=\"Willems - 253A3283 - 06 mars 2016\" src=\"http:\/\/www.vivonsbachy.fr\/wp-content\/uploads\/2016\/03\/Willems-253A3283-06-mars-2016_thumb.jpg\"  width=\"244\" height=\"164\"><\/a><a href=\"http:\/\/www.vivonsbachy.fr\/wp-content\/uploads\/2016\/03\/Willems-253A3285-06-mars-2016.jpg\" class=\"gallery_colorbox\"><img loading=\"lazy\" decoding=\"async\" title=\"Willems - 253A3285 - 06 mars 2016\" style=\"border-top: 0px; border-right: 0px; background-image: none; border-bottom: 0px; padding-top: 0px; padding-left: 0px; border-left: 0px; margin: 0px; display: inline; padding-right: 0px\" border=\"0\" alt=\"Willems - 253A3285 - 06 mars 2016\" src=\"http:\/\/www.vivonsbachy.fr\/wp-content\/uploads\/2016\/03\/Willems-253A3285-06-mars-2016_thumb.jpg\"  width=\"244\" height=\"244\"><\/a><a href=\"http:\/\/www.vivonsbachy.fr\/wp-content\/uploads\/2016\/03\/Willems-253A3289-06-mars-2016.jpg\" class=\"gallery_colorbox\"><img loading=\"lazy\" decoding=\"async\" title=\"Willems - 253A3289 - 06 mars 2016\" style=\"border-top: 0px; border-right: 0px; background-image: none; border-bottom: 0px; padding-top: 0px; padding-left: 0px; border-left: 0px; display: inline; padding-right: 0px\" border=\"0\" alt=\"Willems - 253A3289 - 06 mars 2016\" src=\"http:\/\/www.vivonsbachy.fr\/wp-content\/uploads\/2016\/03\/Willems-253A3289-06-mars-2016_thumb.jpg\"  width=\"244\" height=\"207\"><\/a><\/p>\n","protected":false},"excerpt":{"rendered":"<p>Nous \u00e9tions 9 \u00e0 nous rendre \u00e0&nbsp; Willems au carnaval rassemblant pr\u00e8s de 60 g\u00e9ants, avec musique et fanfares et orchestres divers. Les d\u00e9fil\u00e9s ont commenc\u00e9 vers 11h30 pour se terminer vers 12h30. Malheureusement le temps \u00e9tait ex\u00e9crable, pluie et &hellip; <a href=\"https:\/\/www.vivonsbachy.fr\/?page_id=3913\">Continuer la lecture <span class=\"meta-nav\">&rarr;<\/span><\/a><\/p>\n","protected":false},"author":1,"featured_media":0,"parent":3911,"menu_order":0,"comment_status":"open","ping_status":"open","template":"","meta":{"footnotes":""},"_links":{"self":[{"href":"https:\/\/www.vivonsbachy.fr\/index.php?rest_route=\/wp\/v2\/pages\/3913"}],"collection":[{"href":"https:\/\/www.vivonsbachy.fr\/index.php?rest_route=\/wp\/v2\/pages"}],"about":[{"href":"https:\/\/www.vivonsbachy.fr\/index.php?rest_route=\/wp\/v2\/types\/page"}],"author":[{"embeddable":true,"href":"https:\/\/www.vivonsbachy.fr\/index.php?rest_route=\/wp\/v2\/users\/1"}],"replies":[{"embeddable":true,"href":"https:\/\/www.vivonsbachy.fr\/index.php?rest_route=%2Fwp%2Fv2%2Fcomments&post=3913"}],"version-history":[{"count":2,"href":"https:\/\/www.vivonsbachy.fr\/index.php?rest_route=\/wp\/v2\/pages\/3913\/revisions"}],"predecessor-version":[{"id":3961,"href":"https:\/\/www.vivonsbachy.fr\/index.php?rest_route=\/wp\/v2\/pages\/3913\/revisions\/3961"}],"up":[{"embeddable":true,"href":"https:\/\/www.vivonsbachy.fr\/index.php?rest_route=\/wp\/v2\/pages\/3911"}],"wp:attachment":[{"href":"https:\/\/www.vivonsbachy.fr\/index.php?rest_route=%2Fwp%2Fv2%2Fmedia&parent=3913"}],"curies":[{"name":"wp","href":"https:\/\/api.w.org\/{rel}","templated":true}]}}