{"id":327,"date":"2012-07-30T13:54:54","date_gmt":"2012-07-30T11:54:54","guid":{"rendered":"http:\/\/www.vivonsbachy.fr\/?page_id=327"},"modified":"2012-11-05T12:47:37","modified_gmt":"2012-11-05T10:47:37","slug":"4-24-juin-2012-defile-carnavalesque-de-bachy","status":"publish","type":"page","link":"https:\/\/www.vivonsbachy.fr\/?page_id=327","title":{"rendered":"4 &#8211; 24 juin 2012 D&eacute;fil&eacute; carnavalesque de Bachy"},"content":{"rendered":"<p>La pluie a fait une petite tr\u00eave. Juste le temps du d\u00e9fil\u00e9. C\u2019est sous la bonne humeur, \u00e0 d\u00e9faut du beau temps, que s\u2019est d\u00e9roul\u00e9 le carnaval.<\/p>\n<p>Ambiance d\u2019enfer pour une totale r\u00e9ussite.<\/p>\n<p align=\"center\"><a href=\"http:\/\/www.vivonsbachy.fr\/wp-content\/uploads\/2012\/07\/IMG_6733.jpg\" class=\"gallery_colorbox\"><img loading=\"lazy\" decoding=\"async\" style=\"display: inline; border: 0px;\" title=\"IMG_6733\" src=\"http:\/\/www.vivonsbachy.fr\/wp-content\/uploads\/2012\/07\/IMG_6733_thumb.jpg\"  alt=\"IMG_6733\" width=\"244\" height=\"164\" border=\"0\" \/><\/a> <a href=\"http:\/\/www.vivonsbachy.fr\/wp-content\/uploads\/2012\/07\/Carnaval01.jpg\" class=\"gallery_colorbox\"><img loading=\"lazy\" decoding=\"async\" style=\"display: inline; border: 0px;\" title=\"Carnaval 01\" src=\"http:\/\/www.vivonsbachy.fr\/wp-content\/uploads\/2012\/07\/Carnaval01_thumb.jpg\"  alt=\"Carnaval 01\" width=\"244\" height=\"164\" border=\"0\" \/><\/a><\/p>\n<p align=\"center\"><a href=\"http:\/\/www.vivonsbachy.fr\/wp-content\/uploads\/2012\/07\/Carnaval02.jpg\" class=\"gallery_colorbox\"><img loading=\"lazy\" decoding=\"async\" style=\"display: inline; border: 0px;\" title=\"Carnaval 02\" src=\"http:\/\/www.vivonsbachy.fr\/wp-content\/uploads\/2012\/07\/Carnaval02_thumb.jpg\"  alt=\"Carnaval 02\" width=\"164\" height=\"244\" border=\"0\" \/><\/a>\u00a0\u00a0 <a href=\"http:\/\/www.vivonsbachy.fr\/wp-content\/uploads\/2012\/07\/IMG_6653.jpg\" class=\"gallery_colorbox\"><img loading=\"lazy\" decoding=\"async\" style=\"display: inline; border: 0px;\" title=\"IMG_6653\" src=\"http:\/\/www.vivonsbachy.fr\/wp-content\/uploads\/2012\/07\/IMG_6653_thumb.jpg\"  alt=\"IMG_6653\" width=\"164\" height=\"244\" border=\"0\" \/><\/a> <a href=\"http:\/\/www.vivonsbachy.fr\/wp-content\/uploads\/2012\/07\/IMG_6659.jpg\" class=\"gallery_colorbox\"><img loading=\"lazy\" decoding=\"async\" style=\"display: inline; border: 0px;\" title=\"IMG_6659\" src=\"http:\/\/www.vivonsbachy.fr\/wp-content\/uploads\/2012\/07\/IMG_6659_thumb.jpg\"  alt=\"IMG_6659\" width=\"164\" height=\"244\" border=\"0\" \/><\/a><\/p>\n<p align=\"center\"><a href=\"http:\/\/www.vivonsbachy.fr\/wp-content\/uploads\/2012\/07\/Carnaval03.jpg\" class=\"gallery_colorbox\"><img loading=\"lazy\" decoding=\"async\" style=\"display: inline; border: 0px;\" title=\"Carnaval 03\" src=\"http:\/\/www.vivonsbachy.fr\/wp-content\/uploads\/2012\/07\/Carnaval03_thumb.jpg\"  alt=\"Carnaval 03\" width=\"244\" height=\"164\" border=\"0\" \/><\/a><a href=\"http:\/\/www.vivonsbachy.fr\/wp-content\/uploads\/2012\/07\/Carnaval04.jpg\" class=\"gallery_colorbox\"><img loading=\"lazy\" decoding=\"async\" style=\"display: inline; border: 0px;\" title=\"Carnaval 04\" src=\"http:\/\/www.vivonsbachy.fr\/wp-content\/uploads\/2012\/07\/Carnaval04_thumb.jpg\"  alt=\"Carnaval 04\" width=\"244\" height=\"197\" border=\"0\" \/><\/a><\/p>\n<p align=\"center\"><a href=\"http:\/\/www.vivonsbachy.fr\/wp-content\/uploads\/2012\/07\/IMG_6658.jpg\" class=\"gallery_colorbox\"><img loading=\"lazy\" decoding=\"async\" style=\"display: inline; border: 0px;\" title=\"IMG_6658\" src=\"http:\/\/www.vivonsbachy.fr\/wp-content\/uploads\/2012\/07\/IMG_6658_thumb.jpg\"  alt=\"IMG_6658\" width=\"244\" height=\"164\" border=\"0\" \/><\/a>\u00a0<a href=\"http:\/\/www.vivonsbachy.fr\/wp-content\/uploads\/2012\/07\/IMG_6693.jpg\" class=\"gallery_colorbox\"><img loading=\"lazy\" decoding=\"async\" style=\"display: inline; border: 0px;\" title=\"IMG_6693\" src=\"http:\/\/www.vivonsbachy.fr\/wp-content\/uploads\/2012\/07\/IMG_6693_thumb.jpg\"  alt=\"IMG_6693\" width=\"244\" height=\"164\" border=\"0\" \/><\/a><\/p>\n<p align=\"center\"><a href=\"http:\/\/www.vivonsbachy.fr\/wp-content\/uploads\/2012\/07\/IMG_6696.jpg\" class=\"gallery_colorbox\"><img loading=\"lazy\" decoding=\"async\" style=\"display: inline; border: 0px;\" title=\"IMG_6696\" src=\"http:\/\/www.vivonsbachy.fr\/wp-content\/uploads\/2012\/07\/IMG_6696_thumb.jpg\"  alt=\"IMG_6696\" width=\"244\" height=\"164\" border=\"0\" \/><\/a> <a href=\"http:\/\/www.vivonsbachy.fr\/wp-content\/uploads\/2012\/07\/IMG_6699.jpg\" class=\"gallery_colorbox\"><img loading=\"lazy\" decoding=\"async\" style=\"display: inline; border: 0px;\" title=\"IMG_6699\" src=\"http:\/\/www.vivonsbachy.fr\/wp-content\/uploads\/2012\/07\/IMG_6699_thumb.jpg\"  alt=\"IMG_6699\" width=\"244\" height=\"164\" border=\"0\" \/><\/a><\/p>\n<p align=\"center\"><a href=\"http:\/\/www.vivonsbachy.fr\/wp-content\/uploads\/2012\/07\/IMG_6703.jpg\" class=\"gallery_colorbox\"><img loading=\"lazy\" decoding=\"async\" style=\"display: inline; border: 0px;\" title=\"IMG_6703\" src=\"http:\/\/www.vivonsbachy.fr\/wp-content\/uploads\/2012\/07\/IMG_6703_thumb.jpg\"  alt=\"IMG_6703\" width=\"244\" height=\"164\" border=\"0\" \/><\/a> <a href=\"http:\/\/www.vivonsbachy.fr\/wp-content\/uploads\/2012\/07\/IMG_6713.jpg\" class=\"gallery_colorbox\"><img loading=\"lazy\" decoding=\"async\" style=\"display: inline; border: 0px;\" title=\"IMG_6713\" src=\"http:\/\/www.vivonsbachy.fr\/wp-content\/uploads\/2012\/07\/IMG_6713_thumb.jpg\"  alt=\"IMG_6713\" width=\"244\" height=\"164\" border=\"0\" \/><\/a><\/p>\n<p align=\"center\"><a href=\"http:\/\/www.vivonsbachy.fr\/wp-content\/uploads\/2012\/07\/IMG_6717.jpg\" class=\"gallery_colorbox\"><img loading=\"lazy\" decoding=\"async\" style=\"display: inline; border: 0px;\" title=\"IMG_6717\" src=\"http:\/\/www.vivonsbachy.fr\/wp-content\/uploads\/2012\/07\/IMG_6717_thumb.jpg\"  alt=\"IMG_6717\" width=\"244\" height=\"164\" border=\"0\" \/><\/a> <a href=\"http:\/\/www.vivonsbachy.fr\/wp-content\/uploads\/2012\/07\/IMG_6718.jpg\" class=\"gallery_colorbox\"><img loading=\"lazy\" decoding=\"async\" style=\"display: inline; border: 0px;\" title=\"IMG_6718\" src=\"http:\/\/www.vivonsbachy.fr\/wp-content\/uploads\/2012\/07\/IMG_6718_thumb.jpg\"  alt=\"IMG_6718\" width=\"244\" height=\"164\" border=\"0\" \/><\/a><\/p>\n<p align=\"center\"><a href=\"http:\/\/www.vivonsbachy.fr\/wp-content\/uploads\/2012\/07\/ArticleVdN00011.jpg\" class=\"gallery_colorbox\"><img loading=\"lazy\" decoding=\"async\" style=\"display: inline; border: 0px;\" title=\"Article VdN0001\" src=\"http:\/\/www.vivonsbachy.fr\/wp-content\/uploads\/2012\/07\/ArticleVdN0001_thumb1.jpg\"  alt=\"Article VdN0001\" width=\"464\" height=\"850\" border=\"0\" \/><\/a><\/p>\n","protected":false},"excerpt":{"rendered":"<p>La pluie a fait une petite tr\u00eave. Juste le temps du d\u00e9fil\u00e9. C\u2019est sous la bonne humeur, \u00e0 d\u00e9faut du beau temps, que s\u2019est d\u00e9roul\u00e9 le carnaval. Ambiance d\u2019enfer pour une totale r\u00e9ussite. \u00a0\u00a0 \u00a0<\/p>\n","protected":false},"author":1,"featured_media":0,"parent":445,"menu_order":0,"comment_status":"open","ping_status":"open","template":"","meta":{"footnotes":""},"_links":{"self":[{"href":"https:\/\/www.vivonsbachy.fr\/index.php?rest_route=\/wp\/v2\/pages\/327"}],"collection":[{"href":"https:\/\/www.vivonsbachy.fr\/index.php?rest_route=\/wp\/v2\/pages"}],"about":[{"href":"https:\/\/www.vivonsbachy.fr\/index.php?rest_route=\/wp\/v2\/types\/page"}],"author":[{"embeddable":true,"href":"https:\/\/www.vivonsbachy.fr\/index.php?rest_route=\/wp\/v2\/users\/1"}],"replies":[{"embeddable":true,"href":"https:\/\/www.vivonsbachy.fr\/index.php?rest_route=%2Fwp%2Fv2%2Fcomments&post=327"}],"version-history":[{"count":5,"href":"https:\/\/www.vivonsbachy.fr\/index.php?rest_route=\/wp\/v2\/pages\/327\/revisions"}],"predecessor-version":[{"id":452,"href":"https:\/\/www.vivonsbachy.fr\/index.php?rest_route=\/wp\/v2\/pages\/327\/revisions\/452"}],"up":[{"embeddable":true,"href":"https:\/\/www.vivonsbachy.fr\/index.php?rest_route=\/wp\/v2\/pages\/445"}],"wp:attachment":[{"href":"https:\/\/www.vivonsbachy.fr\/index.php?rest_route=%2Fwp%2Fv2%2Fmedia&parent=327"}],"curies":[{"name":"wp","href":"https:\/\/api.w.org\/{rel}","templated":true}]}}