{"id":307,"date":"2012-07-30T12:43:52","date_gmt":"2012-07-30T10:43:52","guid":{"rendered":"http:\/\/www.vivonsbachy.fr\/?page_id=307"},"modified":"2013-06-12T14:56:13","modified_gmt":"2013-06-12T12:56:13","slug":"4-30-juin-2012-theatre-a-la-ferme","status":"publish","type":"page","link":"https:\/\/www.vivonsbachy.fr\/?page_id=307","title":{"rendered":"5 &#8211; 30 juin 2012 Th&eacute;&acirc;tre &agrave; la ferme"},"content":{"rendered":"<p align=\"justify\">Cette ann\u00e9e, nous avons innov\u00e9. La troupe th\u00e9\u00e2trale de Somain \u201cLa Bricole\u201d est venue interpr\u00e9ter une pi\u00e8ce.<\/p>\n<p align=\"justify\">La particularit\u00e9, cette pi\u00e8ce s\u2019est jou\u00e9e dans la grange d\u2019une ferme de Bachy, am\u00e9nag\u00e9e pour la circonstance.<\/p>\n<p align=\"justify\">Malheureusement, peu de monde \u00e9tait pr\u00e9sent. Pourtant cette soir\u00e9e \u00e9tait organis\u00e9e au profit des enfants de Madagascar et les b\u00e9n\u00e9fices de la soir\u00e9e \u00e9taient d\u00e9di\u00e9s \u00e0 trois jeunes \u00e9tudiants qui ont d\u00e9cid\u00e9 de partir cinq semaines en voyage humanitaire dans ce pays.<\/p>\n<p align=\"justify\">Dommage! le spectacle \u00e9tait pourtant d\u2019une tr\u00e8s grande qualit\u00e9.<\/p>\n<p align=\"justify\">La pi\u00e8ce, jou\u00e9e de 18h30 \u00e0 20 h environ \u00e9tait suivie d\u2019un barbecue. Malgr\u00e9 le peu de monde pr\u00e9sent, l\u2019ambiance \u00e9tait chaude (contrairement au temps) et cette soir\u00e9e s\u2019est termin\u00e9e aux environs de 23h.<\/p>\n<p align=\"justify\">N\u00e9anmoins, l\u2019exp\u00e9rience sera probablement renouvel\u00e9e l\u2019an prochain.<\/p>\n<p align=\"justify\"><span style=\"text-decoration: underline\"><strong><em>Un grand merci \u00e0:<\/em><\/strong><\/span><\/p>\n<p align=\"justify\">L\u2019association ALEPS de Somain, la troupe th\u00e9\u00e2trale \u201cLa Bricole\u201d de Somain, Monsieur et Madame Guillaux propri\u00e9taire de la ferme \u201cLa cense du Pont\u201d \u00e0 Bachy qui nous ont pr\u00eat\u00e9 leur grange.<\/p>\n<p align=\"justify\">Ainsi qu\u2019aux b\u00e9n\u00e9voles de \u201cVivons Bachy\u201d, sans oublier la municipalit\u00e9 de Bachy qui nous a gracieusement pr\u00eat\u00e9 le mat\u00e9riel n\u00e9cessaire au montage des d\u00e9cors et \u00e0 l\u2019am\u00e9nagement de la grange pour en faire une salle de spectacle<\/p>\n<p align=\"center\">&nbsp;<a href=\"http:\/\/www.vivonsbachy.fr\/wp-content\/uploads\/2012\/07\/IMG_6777.jpg\" class=\"gallery_colorbox\"><img loading=\"lazy\" decoding=\"async\" title=\"IMG_6777\" style=\"border-left-width: 0px; border-right-width: 0px; border-bottom-width: 0px; display: inline; border-top-width: 0px\" border=\"0\" alt=\"IMG_6777\" src=\"http:\/\/www.vivonsbachy.fr\/wp-content\/uploads\/2012\/07\/IMG_6777_thumb.jpg\"  width=\"244\" height=\"164\"><\/a><a href=\"http:\/\/www.vivonsbachy.fr\/wp-content\/uploads\/2012\/07\/IMG_6782.jpg\" class=\"gallery_colorbox\"><img loading=\"lazy\" decoding=\"async\" title=\"IMG_6782\" style=\"border-left-width: 0px; border-right-width: 0px; border-bottom-width: 0px; display: inline; border-top-width: 0px\" border=\"0\" alt=\"IMG_6782\" src=\"http:\/\/www.vivonsbachy.fr\/wp-content\/uploads\/2012\/07\/IMG_6782_thumb.jpg\"  width=\"244\" height=\"164\"><\/a><\/p>\n<p align=\"center\"><a href=\"http:\/\/www.vivonsbachy.fr\/wp-content\/uploads\/2012\/07\/IMG_6786.jpg\" class=\"gallery_colorbox\"><img loading=\"lazy\" decoding=\"async\" title=\"IMG_6786\" style=\"border-left-width: 0px; border-right-width: 0px; border-bottom-width: 0px; display: inline; border-top-width: 0px\" border=\"0\" alt=\"IMG_6786\" src=\"http:\/\/www.vivonsbachy.fr\/wp-content\/uploads\/2012\/07\/IMG_6786_thumb.jpg\"  width=\"244\" height=\"164\"><\/a><a href=\"http:\/\/www.vivonsbachy.fr\/wp-content\/uploads\/2012\/07\/IMG_6806.jpg\" class=\"gallery_colorbox\"><img loading=\"lazy\" decoding=\"async\" title=\"IMG_6806\" style=\"border-left-width: 0px; border-right-width: 0px; border-bottom-width: 0px; display: inline; border-top-width: 0px\" border=\"0\" alt=\"IMG_6806\" src=\"http:\/\/www.vivonsbachy.fr\/wp-content\/uploads\/2012\/07\/IMG_6806_thumb.jpg\"  width=\"244\" height=\"164\"><\/a><\/p>\n<p align=\"center\"><a href=\"http:\/\/www.vivonsbachy.fr\/wp-content\/uploads\/2012\/07\/IMG_6807.jpg\" class=\"gallery_colorbox\"><img loading=\"lazy\" decoding=\"async\" title=\"IMG_6807\" style=\"border-left-width: 0px; border-right-width: 0px; border-bottom-width: 0px; display: inline; border-top-width: 0px\" border=\"0\" alt=\"IMG_6807\" src=\"http:\/\/www.vivonsbachy.fr\/wp-content\/uploads\/2012\/07\/IMG_6807_thumb.jpg\"  width=\"244\" height=\"164\"><\/a><a href=\"http:\/\/www.vivonsbachy.fr\/wp-content\/uploads\/2012\/07\/IMG_6809.jpg\" class=\"gallery_colorbox\"><img loading=\"lazy\" decoding=\"async\" title=\"IMG_6809\" style=\"border-left-width: 0px; border-right-width: 0px; border-bottom-width: 0px; display: inline; border-top-width: 0px\" border=\"0\" alt=\"IMG_6809\" src=\"http:\/\/www.vivonsbachy.fr\/wp-content\/uploads\/2012\/07\/IMG_6809_thumb.jpg\"  width=\"244\" height=\"164\"><\/a><\/p>\n<p align=\"center\"><a href=\"http:\/\/www.vivonsbachy.fr\/wp-content\/uploads\/2012\/07\/IMG_6810.jpg\" class=\"gallery_colorbox\"><img loading=\"lazy\" decoding=\"async\" title=\"IMG_6810\" style=\"border-left-width: 0px; border-right-width: 0px; border-bottom-width: 0px; display: inline; border-top-width: 0px\" border=\"0\" alt=\"IMG_6810\" src=\"http:\/\/www.vivonsbachy.fr\/wp-content\/uploads\/2012\/07\/IMG_6810_thumb.jpg\"  width=\"244\" height=\"164\"><\/a><a href=\"http:\/\/www.vivonsbachy.fr\/wp-content\/uploads\/2012\/07\/IMG_6811.jpg\" class=\"gallery_colorbox\"><img loading=\"lazy\" decoding=\"async\" title=\"IMG_6811\" style=\"border-left-width: 0px; border-right-width: 0px; border-bottom-width: 0px; display: inline; border-top-width: 0px\" border=\"0\" alt=\"IMG_6811\" src=\"http:\/\/www.vivonsbachy.fr\/wp-content\/uploads\/2012\/07\/IMG_6811_thumb.jpg\"  width=\"244\" height=\"164\"><\/a><\/p>\n<p align=\"center\"><img loading=\"lazy\" decoding=\"async\" title=\"IMG_6812\" style=\"border-left-width: 0px; border-right-width: 0px; border-bottom-width: 0px; display: inline; border-top-width: 0px\" border=\"0\" alt=\"IMG_6812\" src=\"http:\/\/www.vivonsbachy.fr\/wp-content\/uploads\/2012\/07\/IMG_6812_thumb.jpg\" width=\"244\" height=\"164\"><a href=\"http:\/\/www.vivonsbachy.fr\/wp-content\/uploads\/2012\/07\/IMG_6813.jpg\" class=\"gallery_colorbox\"><img loading=\"lazy\" decoding=\"async\" title=\"IMG_6813\" style=\"border-left-width: 0px; border-right-width: 0px; border-bottom-width: 0px; display: inline; border-top-width: 0px\" border=\"0\" alt=\"IMG_6813\" src=\"http:\/\/www.vivonsbachy.fr\/wp-content\/uploads\/2012\/07\/IMG_6813_thumb.jpg\"  width=\"244\" height=\"164\"><\/a><\/p>\n<p align=\"center\"><a href=\"http:\/\/www.vivonsbachy.fr\/wp-content\/uploads\/2012\/07\/IMG_6819.jpg\" class=\"gallery_colorbox\"><img loading=\"lazy\" decoding=\"async\" title=\"IMG_6819\" style=\"border-left-width: 0px; border-right-width: 0px; border-bottom-width: 0px; display: inline; border-top-width: 0px\" border=\"0\" alt=\"IMG_6819\" src=\"http:\/\/www.vivonsbachy.fr\/wp-content\/uploads\/2012\/07\/IMG_6819_thumb.jpg\"  width=\"244\" height=\"164\"><\/a><\/p>\n","protected":false},"excerpt":{"rendered":"<p>Cette ann\u00e9e, nous avons innov\u00e9. La troupe th\u00e9\u00e2trale de Somain \u201cLa Bricole\u201d est venue interpr\u00e9ter une pi\u00e8ce. La particularit\u00e9, cette pi\u00e8ce s\u2019est jou\u00e9e dans la grange d\u2019une ferme de Bachy, am\u00e9nag\u00e9e pour la circonstance. Malheureusement, peu de monde \u00e9tait pr\u00e9sent. &hellip; <a href=\"https:\/\/www.vivonsbachy.fr\/?page_id=307\">Continuer la lecture <span class=\"meta-nav\">&rarr;<\/span><\/a><\/p>\n","protected":false},"author":1,"featured_media":0,"parent":445,"menu_order":0,"comment_status":"open","ping_status":"open","template":"","meta":{"footnotes":""},"_links":{"self":[{"href":"https:\/\/www.vivonsbachy.fr\/index.php?rest_route=\/wp\/v2\/pages\/307"}],"collection":[{"href":"https:\/\/www.vivonsbachy.fr\/index.php?rest_route=\/wp\/v2\/pages"}],"about":[{"href":"https:\/\/www.vivonsbachy.fr\/index.php?rest_route=\/wp\/v2\/types\/page"}],"author":[{"embeddable":true,"href":"https:\/\/www.vivonsbachy.fr\/index.php?rest_route=\/wp\/v2\/users\/1"}],"replies":[{"embeddable":true,"href":"https:\/\/www.vivonsbachy.fr\/index.php?rest_route=%2Fwp%2Fv2%2Fcomments&post=307"}],"version-history":[{"count":8,"href":"https:\/\/www.vivonsbachy.fr\/index.php?rest_route=\/wp\/v2\/pages\/307\/revisions"}],"predecessor-version":[{"id":1118,"href":"https:\/\/www.vivonsbachy.fr\/index.php?rest_route=\/wp\/v2\/pages\/307\/revisions\/1118"}],"up":[{"embeddable":true,"href":"https:\/\/www.vivonsbachy.fr\/index.php?rest_route=\/wp\/v2\/pages\/445"}],"wp:attachment":[{"href":"https:\/\/www.vivonsbachy.fr\/index.php?rest_route=%2Fwp%2Fv2%2Fmedia&parent=307"}],"curies":[{"name":"wp","href":"https:\/\/api.w.org\/{rel}","templated":true}]}}