{"id":304,"date":"2012-07-30T12:42:41","date_gmt":"2012-07-30T10:42:41","guid":{"rendered":"http:\/\/www.vivonsbachy.fr\/?page_id=304"},"modified":"2012-11-05T12:47:11","modified_gmt":"2012-11-05T10:47:11","slug":"3-3-juin-2012-defile-a-capelle","status":"publish","type":"page","link":"https:\/\/www.vivonsbachy.fr\/?page_id=304","title":{"rendered":"3 &#8211; 3 juin 2012 &#8211; D&eacute;fil&eacute; &agrave; Capelle"},"content":{"rendered":"<p>Nous n\u2019\u00e9tions pas tr\u00e8s nombreux ce jour l\u00e0, cela probablement en raison de la f\u00eate des m\u00e8res.<\/p>\n<p>Malheureusement nous n\u2019avons pas de photos<\/p>\n","protected":false},"excerpt":{"rendered":"<p>Nous n\u2019\u00e9tions pas tr\u00e8s nombreux ce jour l\u00e0, cela probablement en raison de la f\u00eate des m\u00e8res. Malheureusement nous n\u2019avons pas de photos<\/p>\n","protected":false},"author":1,"featured_media":0,"parent":445,"menu_order":0,"comment_status":"open","ping_status":"open","template":"","meta":{"footnotes":""},"_links":{"self":[{"href":"https:\/\/www.vivonsbachy.fr\/index.php?rest_route=\/wp\/v2\/pages\/304"}],"collection":[{"href":"https:\/\/www.vivonsbachy.fr\/index.php?rest_route=\/wp\/v2\/pages"}],"about":[{"href":"https:\/\/www.vivonsbachy.fr\/index.php?rest_route=\/wp\/v2\/types\/page"}],"author":[{"embeddable":true,"href":"https:\/\/www.vivonsbachy.fr\/index.php?rest_route=\/wp\/v2\/users\/1"}],"replies":[{"embeddable":true,"href":"https:\/\/www.vivonsbachy.fr\/index.php?rest_route=%2Fwp%2Fv2%2Fcomments&post=304"}],"version-history":[{"count":3,"href":"https:\/\/www.vivonsbachy.fr\/index.php?rest_route=\/wp\/v2\/pages\/304\/revisions"}],"predecessor-version":[{"id":451,"href":"https:\/\/www.vivonsbachy.fr\/index.php?rest_route=\/wp\/v2\/pages\/304\/revisions\/451"}],"up":[{"embeddable":true,"href":"https:\/\/www.vivonsbachy.fr\/index.php?rest_route=\/wp\/v2\/pages\/445"}],"wp:attachment":[{"href":"https:\/\/www.vivonsbachy.fr\/index.php?rest_route=%2Fwp%2Fv2%2Fmedia&parent=304"}],"curies":[{"name":"wp","href":"https:\/\/api.w.org\/{rel}","templated":true}]}}