{"id":301,"date":"2012-07-30T12:41:00","date_gmt":"2012-07-30T10:41:00","guid":{"rendered":"http:\/\/www.vivonsbachy.fr\/?page_id=301"},"modified":"2013-06-12T14:52:19","modified_gmt":"2013-06-12T12:52:19","slug":"2-01-avril-2012-fete-du-poireau-a-moncheau","status":"publish","type":"page","link":"https:\/\/www.vivonsbachy.fr\/?page_id=301","title":{"rendered":"2 &#8211; 01 avril 2012 F&ecirc;te du Poireau &agrave; Moncheau"},"content":{"rendered":"<p align=\"justify\">Tous pr\u00eats d\u00e8s le matin pour un d\u00e9part du cort\u00e8ge vers 11h. Parcours pas trop long sous un soleil tr\u00e8s agr\u00e9able, nous avons tous pris le repas sur place et sommes rentr\u00e9s sur Bachy vers 18h<\/p>\n<p>Journ\u00e9e tr\u00e8s conviviale<\/p>\n<p align=\"center\"><a href=\"http:\/\/www.vivonsbachy.fr\/wp-content\/uploads\/2012\/07\/IMG_2314.jpg\" class=\"gallery_colorbox\"><img loading=\"lazy\" decoding=\"async\" title=\"IMG_2314\" style=\"border-left-width: 0px; border-right-width: 0px; border-bottom-width: 0px; display: inline; border-top-width: 0px\" border=\"0\" alt=\"IMG_2314\" src=\"http:\/\/www.vivonsbachy.fr\/wp-content\/uploads\/2012\/07\/IMG_2314_thumb.jpg\"  width=\"244\" height=\"244\"><\/a>&nbsp;<a href=\"http:\/\/www.vivonsbachy.fr\/wp-content\/uploads\/2012\/07\/IMG_2278.jpg\" class=\"gallery_colorbox\"><img loading=\"lazy\" decoding=\"async\" title=\"IMG_2278\" style=\"border-left-width: 0px; border-right-width: 0px; border-bottom-width: 0px; display: inline; border-top-width: 0px\" border=\"0\" alt=\"IMG_2278\" src=\"http:\/\/www.vivonsbachy.fr\/wp-content\/uploads\/2012\/07\/IMG_2278_thumb.jpg\"  width=\"244\" height=\"164\"><\/a><\/p>\n<p align=\"center\"><a href=\"http:\/\/www.vivonsbachy.fr\/wp-content\/uploads\/2012\/07\/IMG_2248.jpg\" class=\"gallery_colorbox\"><img loading=\"lazy\" decoding=\"async\" title=\"IMG_2248\" style=\"border-left-width: 0px; border-right-width: 0px; border-bottom-width: 0px; display: inline; border-top-width: 0px\" border=\"0\" alt=\"IMG_2248\" src=\"http:\/\/www.vivonsbachy.fr\/wp-content\/uploads\/2012\/07\/IMG_2248_thumb.jpg\"  width=\"244\" height=\"164\"><\/a> <a href=\"http:\/\/www.vivonsbachy.fr\/wp-content\/uploads\/2012\/07\/IMG_2250.jpg\" class=\"gallery_colorbox\"><img loading=\"lazy\" decoding=\"async\" title=\"IMG_2250\" style=\"border-left-width: 0px; border-right-width: 0px; border-bottom-width: 0px; display: inline; border-top-width: 0px\" border=\"0\" alt=\"IMG_2250\" src=\"http:\/\/www.vivonsbachy.fr\/wp-content\/uploads\/2012\/07\/IMG_2250_thumb.jpg\"  width=\"244\" height=\"164\"><\/a><\/p>\n<p align=\"center\">&nbsp;<a href=\"http:\/\/www.vivonsbachy.fr\/wp-content\/uploads\/2012\/07\/IMG_2280.jpg\" class=\"gallery_colorbox\"><img loading=\"lazy\" decoding=\"async\" title=\"IMG_2280\" style=\"border-left-width: 0px; border-right-width: 0px; border-bottom-width: 0px; display: inline; border-top-width: 0px\" border=\"0\" alt=\"IMG_2280\" src=\"http:\/\/www.vivonsbachy.fr\/wp-content\/uploads\/2012\/07\/IMG_2280_thumb.jpg\"  width=\"164\" height=\"244\"><\/a> <a href=\"http:\/\/www.vivonsbachy.fr\/wp-content\/uploads\/2012\/07\/IMG_2285.jpg\" class=\"gallery_colorbox\"><img loading=\"lazy\" decoding=\"async\" title=\"IMG_2285\" style=\"border-left-width: 0px; border-right-width: 0px; border-bottom-width: 0px; display: inline; border-top-width: 0px\" border=\"0\" alt=\"IMG_2285\" src=\"http:\/\/www.vivonsbachy.fr\/wp-content\/uploads\/2012\/07\/IMG_2285_thumb.jpg\"  width=\"164\" height=\"244\"><\/a>&nbsp;<a href=\"http:\/\/www.vivonsbachy.fr\/wp-content\/uploads\/2012\/07\/IMG_2242.jpg\" class=\"gallery_colorbox\"><img loading=\"lazy\" decoding=\"async\" title=\"IMG_2242\" style=\"border-left-width: 0px; border-right-width: 0px; border-bottom-width: 0px; display: inline; border-top-width: 0px\" border=\"0\" alt=\"IMG_2242\" src=\"http:\/\/www.vivonsbachy.fr\/wp-content\/uploads\/2012\/07\/IMG_2242_thumb.jpg\"  width=\"164\" height=\"244\"><\/a><\/p>\n<p align=\"center\"><a href=\"http:\/\/www.vivonsbachy.fr\/wp-content\/uploads\/2012\/07\/IMG_2296.jpg\" class=\"gallery_colorbox\"><img loading=\"lazy\" decoding=\"async\" title=\"IMG_2296\" style=\"border-left-width: 0px; border-right-width: 0px; border-bottom-width: 0px; display: inline; border-top-width: 0px\" border=\"0\" alt=\"IMG_2296\" src=\"http:\/\/www.vivonsbachy.fr\/wp-content\/uploads\/2012\/07\/IMG_2296_thumb.jpg\"  width=\"244\" height=\"164\"><\/a> <a href=\"http:\/\/www.vivonsbachy.fr\/wp-content\/uploads\/2012\/07\/IMG_2303.jpg\" class=\"gallery_colorbox\"><img loading=\"lazy\" decoding=\"async\" title=\"IMG_2303\" style=\"border-left-width: 0px; border-right-width: 0px; border-bottom-width: 0px; display: inline; border-top-width: 0px\" border=\"0\" alt=\"IMG_2303\" src=\"http:\/\/www.vivonsbachy.fr\/wp-content\/uploads\/2012\/07\/IMG_2303_thumb.jpg\"  width=\"244\" height=\"164\"><\/a><\/p>\n","protected":false},"excerpt":{"rendered":"<p>Tous pr\u00eats d\u00e8s le matin pour un d\u00e9part du cort\u00e8ge vers 11h. Parcours pas trop long sous un soleil tr\u00e8s agr\u00e9able, nous avons tous pris le repas sur place et sommes rentr\u00e9s sur Bachy vers 18h Journ\u00e9e tr\u00e8s conviviale &nbsp; &hellip; <a href=\"https:\/\/www.vivonsbachy.fr\/?page_id=301\">Continuer la lecture <span class=\"meta-nav\">&rarr;<\/span><\/a><\/p>\n","protected":false},"author":1,"featured_media":0,"parent":445,"menu_order":0,"comment_status":"open","ping_status":"open","template":"","meta":{"footnotes":""},"_links":{"self":[{"href":"https:\/\/www.vivonsbachy.fr\/index.php?rest_route=\/wp\/v2\/pages\/301"}],"collection":[{"href":"https:\/\/www.vivonsbachy.fr\/index.php?rest_route=\/wp\/v2\/pages"}],"about":[{"href":"https:\/\/www.vivonsbachy.fr\/index.php?rest_route=\/wp\/v2\/types\/page"}],"author":[{"embeddable":true,"href":"https:\/\/www.vivonsbachy.fr\/index.php?rest_route=\/wp\/v2\/users\/1"}],"replies":[{"embeddable":true,"href":"https:\/\/www.vivonsbachy.fr\/index.php?rest_route=%2Fwp%2Fv2%2Fcomments&post=301"}],"version-history":[{"count":6,"href":"https:\/\/www.vivonsbachy.fr\/index.php?rest_route=\/wp\/v2\/pages\/301\/revisions"}],"predecessor-version":[{"id":1116,"href":"https:\/\/www.vivonsbachy.fr\/index.php?rest_route=\/wp\/v2\/pages\/301\/revisions\/1116"}],"up":[{"embeddable":true,"href":"https:\/\/www.vivonsbachy.fr\/index.php?rest_route=\/wp\/v2\/pages\/445"}],"wp:attachment":[{"href":"https:\/\/www.vivonsbachy.fr\/index.php?rest_route=%2Fwp%2Fv2%2Fmedia&parent=301"}],"curies":[{"name":"wp","href":"https:\/\/api.w.org\/{rel}","templated":true}]}}