{"id":297,"date":"2012-07-30T12:39:24","date_gmt":"2012-07-30T10:39:24","guid":{"rendered":"http:\/\/www.vivonsbachy.fr\/?page_id=297"},"modified":"2012-11-05T12:46:03","modified_gmt":"2012-11-05T10:46:03","slug":"1-24-mars-2012-assemblee-generale","status":"publish","type":"page","link":"https:\/\/www.vivonsbachy.fr\/?page_id=297","title":{"rendered":"1 &#8211; 24 mars 2012 Assembl&eacute;e G&eacute;n&eacute;rale"},"content":{"rendered":"<p>9\u00e8me assembl\u00e9e g\u00e9n\u00e9rale de l\u2019association. Elle s\u2019est d\u00e9roul\u00e9e au foyer Desrousseaux, l\u2019occasion de faire le bilan 2011 et de pr\u00e9senter les projet 2012<\/p>\n<p>Bilan 2011:<\/p>\n<p>Vivons Bachy et le g\u00e9ant ont particip\u00e9 \u00e0 4 sorties: Paris-Roubaix, Le carnaval de Bachy, la ripaille champ\u00eatre et notre participation au beau v\u00e9lo de RAVeL organis\u00e9 par la ville de Rumes en Belgique.<\/p>\n<p>Projet 2012<\/p>\n<p>Le 1er avril d\u00e9fil\u00e9 des gilles et du g\u00e9ant \u00e0 la f\u00eate du poireau \u00e0 Moncheaux<\/p>\n<p>Le 13 mai Participation \u00e0 la f\u00eate du nain Gaillou \u00e0 Guesnain<\/p>\n<p>Le 3 juin, Antoine de Baissy et ses gilles participeront au d\u00e9fil\u00e9 carnavalesque de Capelle en P\u00e9v\u00e8le<\/p>\n<p>Le 24 juin participation au d\u00e9fil\u00e9 carnavalesque de Bachy<\/p>\n<p>Autres manifestations programm\u00e9es: La ripaille champ\u00eatre au mois d\u2019ao\u00fbt et le r\u00e9veillon de la St Sylvestre le 31 d\u00e9cembre 2012<\/p>\n<p>Une nouveaut\u00e9 est pr\u00e9vue le 30 juin 2012. Le th\u00e9\u00e2tre \u00e0 la ferme \u00e0 la cense du pont \u00e0 Bachy<\/p>\n<p>Une quarantaine de personnes ont renouvel\u00e9 leur cotisation<\/p>\n<p>Cette assembl\u00e9e s\u2019est termin\u00e9e par le traditionnel pot de l\u2019amiti\u00e9<\/p>\n<p align=\"center\"><a href=\"http:\/\/www.vivonsbachy.fr\/wp-content\/uploads\/2012\/07\/IMG_21352.jpg\" class=\"gallery_colorbox\"><img loading=\"lazy\" decoding=\"async\" style=\"display: inline; border-width: 0px;\" title=\"IMG_2135\" src=\"http:\/\/www.vivonsbachy.fr\/wp-content\/uploads\/2012\/07\/IMG_2135_thumb2.jpg\"  alt=\"IMG_2135\" width=\"244\" height=\"164\" border=\"0\" \/><\/a> <a href=\"http:\/\/www.vivonsbachy.fr\/wp-content\/uploads\/2012\/07\/IMG_21332.jpg\" class=\"gallery_colorbox\"><img loading=\"lazy\" decoding=\"async\" style=\"display: inline; border-width: 0px;\" title=\"IMG_2133\" src=\"http:\/\/www.vivonsbachy.fr\/wp-content\/uploads\/2012\/07\/IMG_2133_thumb2.jpg\"  alt=\"IMG_2133\" width=\"244\" height=\"164\" border=\"0\" \/><\/a>\u00a0<a href=\"http:\/\/www.vivonsbachy.fr\/wp-content\/uploads\/2012\/07\/IMG_21492.jpg\" class=\"gallery_colorbox\"><img loading=\"lazy\" decoding=\"async\" style=\"display: inline; border-width: 0px;\" title=\"IMG_2149\" src=\"http:\/\/www.vivonsbachy.fr\/wp-content\/uploads\/2012\/07\/IMG_2149_thumb2.jpg\"  alt=\"IMG_2149\" width=\"244\" height=\"164\" border=\"0\" \/><\/a> <a href=\"http:\/\/www.vivonsbachy.fr\/wp-content\/uploads\/2012\/07\/IMG_21412.jpg\" class=\"gallery_colorbox\"><img loading=\"lazy\" decoding=\"async\" style=\"display: inline; border-width: 0px;\" title=\"IMG_2141\" src=\"http:\/\/www.vivonsbachy.fr\/wp-content\/uploads\/2012\/07\/IMG_2141_thumb2.jpg\"  alt=\"IMG_2141\" width=\"244\" height=\"164\" border=\"0\" \/><\/a> <a href=\"http:\/\/www.vivonsbachy.fr\/wp-content\/uploads\/2012\/07\/IMG_21452.jpg\" class=\"gallery_colorbox\"><img loading=\"lazy\" decoding=\"async\" style=\"display: inline; border-width: 0px;\" title=\"IMG_2145\" src=\"http:\/\/www.vivonsbachy.fr\/wp-content\/uploads\/2012\/07\/IMG_2145_thumb2.jpg\"  alt=\"IMG_2145\" width=\"244\" height=\"164\" border=\"0\" \/><\/a> <a href=\"http:\/\/www.vivonsbachy.fr\/wp-content\/uploads\/2012\/07\/IMG_21482.jpg\" class=\"gallery_colorbox\"><img loading=\"lazy\" decoding=\"async\" style=\"display: inline; border-width: 0px;\" title=\"IMG_2148\" src=\"http:\/\/www.vivonsbachy.fr\/wp-content\/uploads\/2012\/07\/IMG_2148_thumb2.jpg\"  alt=\"IMG_2148\" width=\"244\" height=\"164\" border=\"0\" \/><\/a><\/p>\n<p align=\"center\"><a href=\"http:\/\/www.vivonsbachy.fr\/wp-content\/uploads\/2012\/07\/ArticleVdN0002.jpg\" class=\"gallery_colorbox\"><img loading=\"lazy\" decoding=\"async\" style=\"display: inline; border: 0px;\" title=\"Article VdN0002\" src=\"http:\/\/www.vivonsbachy.fr\/wp-content\/uploads\/2012\/07\/ArticleVdN0002_thumb.jpg\"  alt=\"Article VdN0002\" width=\"528\" height=\"1186\" border=\"0\" \/><\/a><\/p>\n","protected":false},"excerpt":{"rendered":"<p>9\u00e8me assembl\u00e9e g\u00e9n\u00e9rale de l\u2019association. Elle s\u2019est d\u00e9roul\u00e9e au foyer Desrousseaux, l\u2019occasion de faire le bilan 2011 et de pr\u00e9senter les projet 2012 Bilan 2011: Vivons Bachy et le g\u00e9ant ont particip\u00e9 \u00e0 4 sorties: Paris-Roubaix, Le carnaval de Bachy, &hellip; <a href=\"https:\/\/www.vivonsbachy.fr\/?page_id=297\">Continuer la lecture <span class=\"meta-nav\">&rarr;<\/span><\/a><\/p>\n","protected":false},"author":1,"featured_media":0,"parent":445,"menu_order":0,"comment_status":"open","ping_status":"open","template":"","meta":{"footnotes":""},"_links":{"self":[{"href":"https:\/\/www.vivonsbachy.fr\/index.php?rest_route=\/wp\/v2\/pages\/297"}],"collection":[{"href":"https:\/\/www.vivonsbachy.fr\/index.php?rest_route=\/wp\/v2\/pages"}],"about":[{"href":"https:\/\/www.vivonsbachy.fr\/index.php?rest_route=\/wp\/v2\/types\/page"}],"author":[{"embeddable":true,"href":"https:\/\/www.vivonsbachy.fr\/index.php?rest_route=\/wp\/v2\/users\/1"}],"replies":[{"embeddable":true,"href":"https:\/\/www.vivonsbachy.fr\/index.php?rest_route=%2Fwp%2Fv2%2Fcomments&post=297"}],"version-history":[{"count":9,"href":"https:\/\/www.vivonsbachy.fr\/index.php?rest_route=\/wp\/v2\/pages\/297\/revisions"}],"predecessor-version":[{"id":915,"href":"https:\/\/www.vivonsbachy.fr\/index.php?rest_route=\/wp\/v2\/pages\/297\/revisions\/915"}],"up":[{"embeddable":true,"href":"https:\/\/www.vivonsbachy.fr\/index.php?rest_route=\/wp\/v2\/pages\/445"}],"wp:attachment":[{"href":"https:\/\/www.vivonsbachy.fr\/index.php?rest_route=%2Fwp%2Fv2%2Fmedia&parent=297"}],"curies":[{"name":"wp","href":"https:\/\/api.w.org\/{rel}","templated":true}]}}