{"id":2499,"date":"2015-03-25T16:29:12","date_gmt":"2015-03-25T14:29:12","guid":{"rendered":"http:\/\/www.vivonsbachy.fr\/?page_id=2499"},"modified":"2015-12-24T12:57:38","modified_gmt":"2015-12-24T10:57:38","slug":"7-soiree-danses-regionales-et-irlandaises","status":"publish","type":"page","link":"https:\/\/www.vivonsbachy.fr\/?page_id=2499","title":{"rendered":"7 &#8211; Soir&eacute;e danses R&eacute;gionales et Irlandaises"},"content":{"rendered":"<p align=\"center\">Avec l\u2019association \u201cBALTRAD\u201d Vivons Bachy a organis\u00e9 un bal folk le 17 octobre 2015<\/p>\n<p align=\"center\">Soir\u00e9e tr\u00e8s r\u00e9ussie et tr\u00e8s appr\u00e9ci\u00e9e, dommage qu\u2019il n\u2019y avait pas plus de monde<\/p>\n<p align=\"center\"><a href=\"http:\/\/www.vivonsbachy.fr\/wp-content\/uploads\/2015\/12\/Bal-Folk-IMG_2926-17-octobre-2015.jpg\" class=\"gallery_colorbox\"><img loading=\"lazy\" decoding=\"async\" title=\"Bal Folk - IMG_2926 - 17 octobre 2015\" style=\"border-top: 0px; border-right: 0px; background-image: none; border-bottom: 0px; padding-top: 0px; padding-left: 0px; border-left: 0px; display: inline; padding-right: 0px\" border=\"0\" alt=\"Bal Folk - IMG_2926 - 17 octobre 2015\" src=\"http:\/\/www.vivonsbachy.fr\/wp-content\/uploads\/2015\/12\/Bal-Folk-IMG_2926-17-octobre-2015_thumb.jpg\"  width=\"244\" height=\"164\"><\/a><a href=\"http:\/\/www.vivonsbachy.fr\/wp-content\/uploads\/2015\/12\/Bal-Folk-IMG_2927-17-octobre-2015.jpg\" class=\"gallery_colorbox\"><img loading=\"lazy\" decoding=\"async\" title=\"Bal Folk - IMG_2927 - 17 octobre 2015\" style=\"border-top: 0px; border-right: 0px; background-image: none; border-bottom: 0px; padding-top: 0px; padding-left: 0px; border-left: 0px; display: inline; padding-right: 0px\" border=\"0\" alt=\"Bal Folk - IMG_2927 - 17 octobre 2015\" src=\"http:\/\/www.vivonsbachy.fr\/wp-content\/uploads\/2015\/12\/Bal-Folk-IMG_2927-17-octobre-2015_thumb.jpg\"  width=\"244\" height=\"164\"><\/a><a href=\"http:\/\/www.vivonsbachy.fr\/wp-content\/uploads\/2015\/12\/Bal-Folk-IMG_2931-17-octobre-2015.jpg\" class=\"gallery_colorbox\"><img loading=\"lazy\" decoding=\"async\" title=\"Bal Folk - IMG_2931 - 17 octobre 2015\" style=\"border-top: 0px; border-right: 0px; background-image: none; border-bottom: 0px; padding-top: 0px; padding-left: 0px; border-left: 0px; display: inline; padding-right: 0px\" border=\"0\" alt=\"Bal Folk - IMG_2931 - 17 octobre 2015\" src=\"http:\/\/www.vivonsbachy.fr\/wp-content\/uploads\/2015\/12\/Bal-Folk-IMG_2931-17-octobre-2015_thumb.jpg\"  width=\"244\" height=\"164\"><\/a><a href=\"http:\/\/www.vivonsbachy.fr\/wp-content\/uploads\/2015\/12\/Bal-Folk-IMG_2938-17-octobre-2015.jpg\" class=\"gallery_colorbox\"><img loading=\"lazy\" decoding=\"async\" title=\"Bal Folk - IMG_2938 - 17 octobre 2015\" style=\"border-top: 0px; border-right: 0px; background-image: none; border-bottom: 0px; padding-top: 0px; padding-left: 0px; border-left: 0px; margin: 0px; display: inline; padding-right: 0px\" border=\"0\" alt=\"Bal Folk - IMG_2938 - 17 octobre 2015\" src=\"http:\/\/www.vivonsbachy.fr\/wp-content\/uploads\/2015\/12\/Bal-Folk-IMG_2938-17-octobre-2015_thumb.jpg\"  width=\"244\" height=\"164\"><\/a><a href=\"http:\/\/www.vivonsbachy.fr\/wp-content\/uploads\/2015\/12\/Bal-Folk-IMG_2939-17-octobre-2015.jpg\" class=\"gallery_colorbox\"><img loading=\"lazy\" decoding=\"async\" title=\"Bal Folk - IMG_2939 - 17 octobre 2015\" style=\"border-top: 0px; border-right: 0px; background-image: none; border-bottom: 0px; padding-top: 0px; padding-left: 0px; border-left: 0px; display: inline; padding-right: 0px\" border=\"0\" alt=\"Bal Folk - IMG_2939 - 17 octobre 2015\" src=\"http:\/\/www.vivonsbachy.fr\/wp-content\/uploads\/2015\/12\/Bal-Folk-IMG_2939-17-octobre-2015_thumb.jpg\"  width=\"244\" height=\"164\"><\/a><a href=\"http:\/\/www.vivonsbachy.fr\/wp-content\/uploads\/2015\/12\/Bal-Folk-IMG_2940-17-octobre-2015.jpg\" class=\"gallery_colorbox\"><img loading=\"lazy\" decoding=\"async\" title=\"Bal Folk - IMG_2940 - 17 octobre 2015\" style=\"border-top: 0px; border-right: 0px; background-image: none; border-bottom: 0px; padding-top: 0px; padding-left: 0px; border-left: 0px; margin: 0px; display: inline; padding-right: 0px\" border=\"0\" alt=\"Bal Folk - IMG_2940 - 17 octobre 2015\" src=\"http:\/\/www.vivonsbachy.fr\/wp-content\/uploads\/2015\/12\/Bal-Folk-IMG_2940-17-octobre-2015_thumb.jpg\"  width=\"244\" height=\"164\"><\/a><a href=\"http:\/\/www.vivonsbachy.fr\/wp-content\/uploads\/2015\/12\/Bal-Folk-IMG_2941-17-octobre-2015.jpg\" class=\"gallery_colorbox\"><img loading=\"lazy\" decoding=\"async\" title=\"Bal Folk - IMG_2941 - 17 octobre 2015\" style=\"border-top: 0px; border-right: 0px; background-image: none; border-bottom: 0px; padding-top: 0px; padding-left: 0px; border-left: 0px; display: inline; padding-right: 0px\" border=\"0\" alt=\"Bal Folk - IMG_2941 - 17 octobre 2015\" src=\"http:\/\/www.vivonsbachy.fr\/wp-content\/uploads\/2015\/12\/Bal-Folk-IMG_2941-17-octobre-2015_thumb.jpg\"  width=\"244\" height=\"164\"><\/a><a href=\"http:\/\/www.vivonsbachy.fr\/wp-content\/uploads\/2015\/12\/Bal-Folk-IMG_2945-17-octobre-2015.jpg\" class=\"gallery_colorbox\"><img loading=\"lazy\" decoding=\"async\" title=\"Bal Folk - IMG_2945 - 17 octobre 2015\" style=\"border-top: 0px; border-right: 0px; background-image: none; border-bottom: 0px; padding-top: 0px; padding-left: 0px; border-left: 0px; margin: 0px; display: inline; padding-right: 0px\" border=\"0\" alt=\"Bal Folk - IMG_2945 - 17 octobre 2015\" src=\"http:\/\/www.vivonsbachy.fr\/wp-content\/uploads\/2015\/12\/Bal-Folk-IMG_2945-17-octobre-2015_thumb.jpg\"  width=\"244\" height=\"164\"><\/a><a href=\"http:\/\/www.vivonsbachy.fr\/wp-content\/uploads\/2015\/12\/Bal-Folk-IMG_2948-17-octobre-2015.jpg\" class=\"gallery_colorbox\"><img loading=\"lazy\" decoding=\"async\" title=\"Bal Folk - IMG_2948 - 17 octobre 2015\" style=\"border-top: 0px; border-right: 0px; background-image: none; border-bottom: 0px; padding-top: 0px; padding-left: 0px; border-left: 0px; margin: 0px; display: inline; padding-right: 0px\" border=\"0\" alt=\"Bal Folk - IMG_2948 - 17 octobre 2015\" src=\"http:\/\/www.vivonsbachy.fr\/wp-content\/uploads\/2015\/12\/Bal-Folk-IMG_2948-17-octobre-2015_thumb.jpg\"  width=\"244\" height=\"164\"><\/a><a href=\"http:\/\/www.vivonsbachy.fr\/wp-content\/uploads\/2015\/12\/Bal-Folk-IMG_2949-17-octobre-2015.jpg\" class=\"gallery_colorbox\"><img loading=\"lazy\" decoding=\"async\" title=\"Bal Folk - IMG_2949 - 17 octobre 2015\" style=\"border-top: 0px; border-right: 0px; background-image: none; border-bottom: 0px; padding-top: 0px; padding-left: 0px; border-left: 0px; margin: 0px; display: inline; padding-right: 0px\" border=\"0\" alt=\"Bal Folk - IMG_2949 - 17 octobre 2015\" src=\"http:\/\/www.vivonsbachy.fr\/wp-content\/uploads\/2015\/12\/Bal-Folk-IMG_2949-17-octobre-2015_thumb.jpg\"  width=\"244\" height=\"164\"><\/a><a href=\"http:\/\/www.vivonsbachy.fr\/wp-content\/uploads\/2015\/12\/Bal-Folk-IMG_2950-17-octobre-2015.jpg\" class=\"gallery_colorbox\"><img loading=\"lazy\" decoding=\"async\" title=\"Bal Folk - IMG_2950 - 17 octobre 2015\" style=\"border-top: 0px; border-right: 0px; background-image: none; border-bottom: 0px; padding-top: 0px; padding-left: 0px; border-left: 0px; margin: 0px; display: inline; padding-right: 0px\" border=\"0\" alt=\"Bal Folk - IMG_2950 - 17 octobre 2015\" src=\"http:\/\/www.vivonsbachy.fr\/wp-content\/uploads\/2015\/12\/Bal-Folk-IMG_2950-17-octobre-2015_thumb.jpg\"  width=\"244\" height=\"164\"><\/a><a href=\"http:\/\/www.vivonsbachy.fr\/wp-content\/uploads\/2015\/12\/Bal-Folk-IMG_2958-17-octobre-2015.jpg\" class=\"gallery_colorbox\"><img loading=\"lazy\" decoding=\"async\" title=\"Bal Folk - IMG_2958 - 17 octobre 2015\" style=\"border-top: 0px; border-right: 0px; background-image: none; border-bottom: 0px; padding-top: 0px; padding-left: 0px; border-left: 0px; margin: 0px; display: inline; padding-right: 0px\" border=\"0\" alt=\"Bal Folk - IMG_2958 - 17 octobre 2015\" src=\"http:\/\/www.vivonsbachy.fr\/wp-content\/uploads\/2015\/12\/Bal-Folk-IMG_2958-17-octobre-2015_thumb.jpg\"  width=\"244\" height=\"164\"><\/a><a href=\"http:\/\/www.vivonsbachy.fr\/wp-content\/uploads\/2015\/12\/Bal-Folk-IMG_2959-17-octobre-2015.jpg\" class=\"gallery_colorbox\"><img loading=\"lazy\" decoding=\"async\" title=\"Bal Folk - IMG_2959 - 17 octobre 2015\" style=\"border-top: 0px; border-right: 0px; background-image: none; border-bottom: 0px; padding-top: 0px; padding-left: 0px; border-left: 0px; margin: 0px; display: inline; padding-right: 0px\" border=\"0\" alt=\"Bal Folk - IMG_2959 - 17 octobre 2015\" src=\"http:\/\/www.vivonsbachy.fr\/wp-content\/uploads\/2015\/12\/Bal-Folk-IMG_2959-17-octobre-2015_thumb.jpg\"  width=\"244\" height=\"164\"><\/a><a href=\"http:\/\/www.vivonsbachy.fr\/wp-content\/uploads\/2015\/12\/Bal-Folk-IMG_2963-17-octobre-2015.jpg\" class=\"gallery_colorbox\"><img loading=\"lazy\" decoding=\"async\" title=\"Bal Folk - IMG_2963 - 17 octobre 2015\" style=\"border-top: 0px; border-right: 0px; background-image: none; border-bottom: 0px; padding-top: 0px; padding-left: 0px; border-left: 0px; margin: 0px; display: inline; padding-right: 0px\" border=\"0\" alt=\"Bal Folk - IMG_2963 - 17 octobre 2015\" src=\"http:\/\/www.vivonsbachy.fr\/wp-content\/uploads\/2015\/12\/Bal-Folk-IMG_2963-17-octobre-2015_thumb.jpg\"  width=\"244\" height=\"164\"><\/a><a href=\"http:\/\/www.vivonsbachy.fr\/wp-content\/uploads\/2015\/12\/Bal-Folk-IMG_2966-17-octobre-2015.jpg\" class=\"gallery_colorbox\"><img loading=\"lazy\" decoding=\"async\" title=\"Bal Folk - IMG_2966 - 17 octobre 2015\" style=\"border-top: 0px; border-right: 0px; background-image: none; border-bottom: 0px; padding-top: 0px; padding-left: 0px; border-left: 0px; margin: 0px; display: inline; padding-right: 0px\" border=\"0\" alt=\"Bal Folk - IMG_2966 - 17 octobre 2015\" src=\"http:\/\/www.vivonsbachy.fr\/wp-content\/uploads\/2015\/12\/Bal-Folk-IMG_2966-17-octobre-2015_thumb.jpg\"  width=\"244\" height=\"164\"><\/a><a href=\"http:\/\/www.vivonsbachy.fr\/wp-content\/uploads\/2015\/12\/Bal-Folk-IMG_2977-17-octobre-2015.jpg\" class=\"gallery_colorbox\"><img loading=\"lazy\" decoding=\"async\" title=\"Bal Folk - IMG_2977 - 17 octobre 2015\" style=\"border-top: 0px; border-right: 0px; background-image: none; border-bottom: 0px; padding-top: 0px; padding-left: 0px; border-left: 0px; margin: 0px; display: inline; padding-right: 0px\" border=\"0\" alt=\"Bal Folk - IMG_2977 - 17 octobre 2015\" src=\"http:\/\/www.vivonsbachy.fr\/wp-content\/uploads\/2015\/12\/Bal-Folk-IMG_2977-17-octobre-2015_thumb.jpg\"  width=\"244\" height=\"164\"><\/a><a href=\"http:\/\/www.vivonsbachy.fr\/wp-content\/uploads\/2015\/12\/Bal-Folk-IMG_2982-17-octobre-2015.jpg\" class=\"gallery_colorbox\"><img loading=\"lazy\" decoding=\"async\" title=\"Bal Folk - IMG_2982 - 17 octobre 2015\" style=\"border-top: 0px; border-right: 0px; background-image: none; border-bottom: 0px; padding-top: 0px; padding-left: 0px; border-left: 0px; display: inline; padding-right: 0px\" border=\"0\" alt=\"Bal Folk - IMG_2982 - 17 octobre 2015\" src=\"http:\/\/www.vivonsbachy.fr\/wp-content\/uploads\/2015\/12\/Bal-Folk-IMG_2982-17-octobre-2015_thumb.jpg\"  width=\"244\" height=\"164\"><\/a><\/p>\n<p align=\"center\"><a href=\"http:\/\/www.vivonsbachy.fr\/wp-content\/uploads\/2015\/12\/Bal-Folk-IMG_2932-17-octobre-2015.jpg\" class=\"gallery_colorbox\"><img loading=\"lazy\" decoding=\"async\" title=\"Bal Folk - IMG_2932 - 17 octobre 2015\" style=\"border-top: 0px; border-right: 0px; background-image: none; border-bottom: 0px; padding-top: 0px; padding-left: 0px; border-left: 0px; display: inline; padding-right: 0px\" border=\"0\" alt=\"Bal Folk - IMG_2932 - 17 octobre 2015\" src=\"http:\/\/www.vivonsbachy.fr\/wp-content\/uploads\/2015\/12\/Bal-Folk-IMG_2932-17-octobre-2015_thumb.jpg\"  width=\"164\" height=\"244\"><\/a><a href=\"http:\/\/www.vivonsbachy.fr\/wp-content\/uploads\/2015\/12\/Bal-Folk-IMG_2933-17-octobre-2015.jpg\" class=\"gallery_colorbox\"><img loading=\"lazy\" decoding=\"async\" title=\"Bal Folk - IMG_2933 - 17 octobre 2015\" style=\"border-top: 0px; border-right: 0px; background-image: none; border-bottom: 0px; padding-top: 0px; padding-left: 0px; border-left: 0px; display: inline; padding-right: 0px\" border=\"0\" alt=\"Bal Folk - IMG_2933 - 17 octobre 2015\" src=\"http:\/\/www.vivonsbachy.fr\/wp-content\/uploads\/2015\/12\/Bal-Folk-IMG_2933-17-octobre-2015_thumb.jpg\"  width=\"164\" height=\"244\"><\/a><\/p>\n","protected":false},"excerpt":{"rendered":"<p>Avec l\u2019association \u201cBALTRAD\u201d Vivons Bachy a organis\u00e9 un bal folk le 17 octobre 2015 Soir\u00e9e tr\u00e8s r\u00e9ussie et tr\u00e8s appr\u00e9ci\u00e9e, dommage qu\u2019il n\u2019y avait pas plus de monde<\/p>\n","protected":false},"author":1,"featured_media":0,"parent":2480,"menu_order":0,"comment_status":"open","ping_status":"open","template":"","meta":{"footnotes":""},"_links":{"self":[{"href":"https:\/\/www.vivonsbachy.fr\/index.php?rest_route=\/wp\/v2\/pages\/2499"}],"collection":[{"href":"https:\/\/www.vivonsbachy.fr\/index.php?rest_route=\/wp\/v2\/pages"}],"about":[{"href":"https:\/\/www.vivonsbachy.fr\/index.php?rest_route=\/wp\/v2\/types\/page"}],"author":[{"embeddable":true,"href":"https:\/\/www.vivonsbachy.fr\/index.php?rest_route=\/wp\/v2\/users\/1"}],"replies":[{"embeddable":true,"href":"https:\/\/www.vivonsbachy.fr\/index.php?rest_route=%2Fwp%2Fv2%2Fcomments&post=2499"}],"version-history":[{"count":4,"href":"https:\/\/www.vivonsbachy.fr\/index.php?rest_route=\/wp\/v2\/pages\/2499\/revisions"}],"predecessor-version":[{"id":3909,"href":"https:\/\/www.vivonsbachy.fr\/index.php?rest_route=\/wp\/v2\/pages\/2499\/revisions\/3909"}],"up":[{"embeddable":true,"href":"https:\/\/www.vivonsbachy.fr\/index.php?rest_route=\/wp\/v2\/pages\/2480"}],"wp:attachment":[{"href":"https:\/\/www.vivonsbachy.fr\/index.php?rest_route=%2Fwp%2Fv2%2Fmedia&parent=2499"}],"curies":[{"name":"wp","href":"https:\/\/api.w.org\/{rel}","templated":true}]}}