{"id":2491,"date":"2015-03-25T16:25:16","date_gmt":"2015-03-25T14:25:16","guid":{"rendered":"http:\/\/www.vivonsbachy.fr\/?page_id=2491"},"modified":"2015-05-07T18:52:57","modified_gmt":"2015-05-07T16:52:57","slug":"3-2eme-marche-du-muguet","status":"publish","type":"page","link":"https:\/\/www.vivonsbachy.fr\/?page_id=2491","title":{"rendered":"3 &#8211; 2&egrave;me Marche du Muguet"},"content":{"rendered":"<p>Vendredi 1er mai, la 2\u00e8me marche du muguet a rencontr\u00e9 un grand succ\u00e8s, 42 marcheurs \u00e9taient au rendez vous, le temps \u00e9tait beau et l&rsquo;apr\u00e8s midi particuli\u00e8rement agr\u00e9able. Trois \u00e9tapes durant le parcours avec des jeux anciens pour pouvoir gagner un panier garni avec des produits r\u00e9gionaux.<\/p>\n<p align=\"center\"><a href=\"http:\/\/www.vivonsbachy.fr\/wp-content\/uploads\/2015\/05\/IMG_8763.jpg\" class=\"gallery_colorbox\"><img loading=\"lazy\" decoding=\"async\" title=\"IMG_8763\" style=\"border-left-width: 0px; border-right-width: 0px; border-bottom-width: 0px; display: inline; border-top-width: 0px\" border=\"0\" alt=\"IMG_8763\" src=\"http:\/\/www.vivonsbachy.fr\/wp-content\/uploads\/2015\/05\/IMG_8763_thumb.jpg\"  width=\"304\" height=\"204\"><\/a> <a href=\"http:\/\/www.vivonsbachy.fr\/wp-content\/uploads\/2015\/05\/IMG_8765.jpg\" class=\"gallery_colorbox\"><img loading=\"lazy\" decoding=\"async\" title=\"IMG_8765\" style=\"border-left-width: 0px; border-right-width: 0px; border-bottom-width: 0px; display: inline; border-top-width: 0px\" border=\"0\" alt=\"IMG_8765\" src=\"http:\/\/www.vivonsbachy.fr\/wp-content\/uploads\/2015\/05\/IMG_8765_thumb.jpg\"  width=\"304\" height=\"204\"><\/a> <a href=\"http:\/\/www.vivonsbachy.fr\/wp-content\/uploads\/2015\/05\/IMG_8766.jpg\" class=\"gallery_colorbox\"><img loading=\"lazy\" decoding=\"async\" title=\"IMG_8766\" style=\"border-left-width: 0px; border-right-width: 0px; border-bottom-width: 0px; display: inline; border-top-width: 0px\" border=\"0\" alt=\"IMG_8766\" src=\"http:\/\/www.vivonsbachy.fr\/wp-content\/uploads\/2015\/05\/IMG_8766_thumb.jpg\"  width=\"304\" height=\"204\"><\/a> <a href=\"http:\/\/www.vivonsbachy.fr\/wp-content\/uploads\/2015\/05\/IMG_8768.jpg\" class=\"gallery_colorbox\"><img loading=\"lazy\" decoding=\"async\" title=\"IMG_8768\" style=\"border-left-width: 0px; border-right-width: 0px; border-bottom-width: 0px; display: inline; border-top-width: 0px\" border=\"0\" alt=\"IMG_8768\" src=\"http:\/\/www.vivonsbachy.fr\/wp-content\/uploads\/2015\/05\/IMG_8768_thumb.jpg\"  width=\"304\" height=\"204\"><\/a> <a href=\"http:\/\/www.vivonsbachy.fr\/wp-content\/uploads\/2015\/05\/IMG_8769.jpg\" class=\"gallery_colorbox\"><img loading=\"lazy\" decoding=\"async\" title=\"IMG_8769\" style=\"border-left-width: 0px; border-right-width: 0px; border-bottom-width: 0px; display: inline; border-top-width: 0px\" border=\"0\" alt=\"IMG_8769\" src=\"http:\/\/www.vivonsbachy.fr\/wp-content\/uploads\/2015\/05\/IMG_8769_thumb.jpg\"  width=\"304\" height=\"204\"><\/a> <a href=\"http:\/\/www.vivonsbachy.fr\/wp-content\/uploads\/2015\/05\/IMG_8772.jpg\" class=\"gallery_colorbox\"><img loading=\"lazy\" decoding=\"async\" title=\"IMG_8772\" style=\"border-left-width: 0px; border-right-width: 0px; border-bottom-width: 0px; display: inline; border-top-width: 0px\" border=\"0\" alt=\"IMG_8772\" src=\"http:\/\/www.vivonsbachy.fr\/wp-content\/uploads\/2015\/05\/IMG_8772_thumb.jpg\"  width=\"204\" height=\"304\"><\/a> <a href=\"http:\/\/www.vivonsbachy.fr\/wp-content\/uploads\/2015\/05\/IMG_8773.jpg\" class=\"gallery_colorbox\"><img loading=\"lazy\" decoding=\"async\" title=\"IMG_8773\" style=\"border-left-width: 0px; border-right-width: 0px; border-bottom-width: 0px; display: inline; border-top-width: 0px\" border=\"0\" alt=\"IMG_8773\" src=\"http:\/\/www.vivonsbachy.fr\/wp-content\/uploads\/2015\/05\/IMG_8773_thumb.jpg\"  width=\"304\" height=\"204\"><\/a> <a href=\"http:\/\/www.vivonsbachy.fr\/wp-content\/uploads\/2015\/05\/IMG_8778.jpg\" class=\"gallery_colorbox\"><img loading=\"lazy\" decoding=\"async\" title=\"IMG_8778\" style=\"border-left-width: 0px; border-right-width: 0px; border-bottom-width: 0px; display: inline; border-top-width: 0px\" border=\"0\" alt=\"IMG_8778\" src=\"http:\/\/www.vivonsbachy.fr\/wp-content\/uploads\/2015\/05\/IMG_8778_thumb.jpg\"  width=\"304\" height=\"204\"><\/a> <a href=\"http:\/\/www.vivonsbachy.fr\/wp-content\/uploads\/2015\/05\/IMG_8780.jpg\" class=\"gallery_colorbox\"><img loading=\"lazy\" decoding=\"async\" title=\"IMG_8780\" style=\"border-left-width: 0px; border-right-width: 0px; border-bottom-width: 0px; display: inline; border-top-width: 0px\" border=\"0\" alt=\"IMG_8780\" src=\"http:\/\/www.vivonsbachy.fr\/wp-content\/uploads\/2015\/05\/IMG_8780_thumb.jpg\"  width=\"304\" height=\"204\"><\/a> <a href=\"http:\/\/www.vivonsbachy.fr\/wp-content\/uploads\/2015\/05\/IMG_8782.jpg\" class=\"gallery_colorbox\"><img loading=\"lazy\" decoding=\"async\" title=\"IMG_8782\" style=\"border-left-width: 0px; border-right-width: 0px; border-bottom-width: 0px; display: inline; border-top-width: 0px\" border=\"0\" alt=\"IMG_8782\" src=\"http:\/\/www.vivonsbachy.fr\/wp-content\/uploads\/2015\/05\/IMG_8782_thumb.jpg\"  width=\"204\" height=\"304\"><\/a> <a href=\"http:\/\/www.vivonsbachy.fr\/wp-content\/uploads\/2015\/05\/IMG_8784.jpg\" class=\"gallery_colorbox\"><img loading=\"lazy\" decoding=\"async\" title=\"IMG_8784\" style=\"border-left-width: 0px; border-right-width: 0px; border-bottom-width: 0px; display: inline; border-top-width: 0px\" border=\"0\" alt=\"IMG_8784\" src=\"http:\/\/www.vivonsbachy.fr\/wp-content\/uploads\/2015\/05\/IMG_8784_thumb.jpg\"  width=\"204\" height=\"304\"><\/a> <a href=\"http:\/\/www.vivonsbachy.fr\/wp-content\/uploads\/2015\/05\/IMG_8785.jpg\" class=\"gallery_colorbox\"><img loading=\"lazy\" decoding=\"async\" title=\"IMG_8785\" style=\"border-left-width: 0px; border-right-width: 0px; border-bottom-width: 0px; display: inline; border-top-width: 0px\" border=\"0\" alt=\"IMG_8785\" src=\"http:\/\/www.vivonsbachy.fr\/wp-content\/uploads\/2015\/05\/IMG_8785_thumb.jpg\"  width=\"204\" height=\"304\"><\/a> <a href=\"http:\/\/www.vivonsbachy.fr\/wp-content\/uploads\/2015\/05\/IMG_8788.jpg\" class=\"gallery_colorbox\"><img loading=\"lazy\" decoding=\"async\" title=\"IMG_8788\" style=\"border-left-width: 0px; border-right-width: 0px; border-bottom-width: 0px; display: inline; border-top-width: 0px\" border=\"0\" alt=\"IMG_8788\" src=\"http:\/\/www.vivonsbachy.fr\/wp-content\/uploads\/2015\/05\/IMG_8788_thumb.jpg\"  width=\"204\" height=\"304\"><\/a> <a href=\"http:\/\/www.vivonsbachy.fr\/wp-content\/uploads\/2015\/05\/IMG_8789.jpg\" class=\"gallery_colorbox\"><img loading=\"lazy\" decoding=\"async\" title=\"IMG_8789\" style=\"border-left-width: 0px; border-right-width: 0px; border-bottom-width: 0px; display: inline; border-top-width: 0px\" border=\"0\" alt=\"IMG_8789\" src=\"http:\/\/www.vivonsbachy.fr\/wp-content\/uploads\/2015\/05\/IMG_8789_thumb.jpg\"  width=\"304\" height=\"131\"><\/a> <a href=\"http:\/\/www.vivonsbachy.fr\/wp-content\/uploads\/2015\/05\/IMG_8791.jpg\" class=\"gallery_colorbox\"><img loading=\"lazy\" decoding=\"async\" title=\"IMG_8791\" style=\"border-left-width: 0px; border-right-width: 0px; border-bottom-width: 0px; display: inline; border-top-width: 0px\" border=\"0\" alt=\"IMG_8791\" src=\"http:\/\/www.vivonsbachy.fr\/wp-content\/uploads\/2015\/05\/IMG_8791_thumb.jpg\"  width=\"304\" height=\"204\"><\/a> <a href=\"http:\/\/www.vivonsbachy.fr\/wp-content\/uploads\/2015\/05\/IMG_8794.jpg\" class=\"gallery_colorbox\"><img loading=\"lazy\" decoding=\"async\" title=\"IMG_8794\" style=\"border-left-width: 0px; border-right-width: 0px; border-bottom-width: 0px; display: inline; border-top-width: 0px\" border=\"0\" alt=\"IMG_8794\" src=\"http:\/\/www.vivonsbachy.fr\/wp-content\/uploads\/2015\/05\/IMG_8794_thumb.jpg\"  width=\"304\" height=\"204\"><\/a> <a href=\"http:\/\/www.vivonsbachy.fr\/wp-content\/uploads\/2015\/05\/IMG_8796.jpg\" class=\"gallery_colorbox\"><img loading=\"lazy\" decoding=\"async\" title=\"IMG_8796\" style=\"border-left-width: 0px; border-right-width: 0px; border-bottom-width: 0px; display: inline; border-top-width: 0px\" border=\"0\" alt=\"IMG_8796\" src=\"http:\/\/www.vivonsbachy.fr\/wp-content\/uploads\/2015\/05\/IMG_8796_thumb.jpg\"  width=\"304\" height=\"204\"><\/a> <a href=\"http:\/\/www.vivonsbachy.fr\/wp-content\/uploads\/2015\/05\/IMG_8798.jpg\" class=\"gallery_colorbox\"><img loading=\"lazy\" decoding=\"async\" title=\"IMG_8798\" style=\"border-left-width: 0px; border-right-width: 0px; border-bottom-width: 0px; display: inline; border-top-width: 0px\" border=\"0\" alt=\"IMG_8798\" src=\"http:\/\/www.vivonsbachy.fr\/wp-content\/uploads\/2015\/05\/IMG_8798_thumb.jpg\"  width=\"304\" height=\"204\"><\/a> <a href=\"http:\/\/www.vivonsbachy.fr\/wp-content\/uploads\/2015\/05\/IMG_8802.jpg\" class=\"gallery_colorbox\"><img loading=\"lazy\" decoding=\"async\" title=\"IMG_8802\" style=\"border-left-width: 0px; border-right-width: 0px; border-bottom-width: 0px; display: inline; border-top-width: 0px\" border=\"0\" alt=\"IMG_8802\" src=\"http:\/\/www.vivonsbachy.fr\/wp-content\/uploads\/2015\/05\/IMG_8802_thumb.jpg\"  width=\"304\" height=\"204\"><\/a> <a href=\"http:\/\/www.vivonsbachy.fr\/wp-content\/uploads\/2015\/05\/IMG_8803.jpg\" class=\"gallery_colorbox\"><img loading=\"lazy\" decoding=\"async\" title=\"IMG_8803\" style=\"border-left-width: 0px; border-right-width: 0px; border-bottom-width: 0px; display: inline; border-top-width: 0px\" border=\"0\" alt=\"IMG_8803\" src=\"http:\/\/www.vivonsbachy.fr\/wp-content\/uploads\/2015\/05\/IMG_8803_thumb.jpg\"  width=\"304\" height=\"204\"><\/a> <a href=\"http:\/\/www.vivonsbachy.fr\/wp-content\/uploads\/2015\/05\/IMG_8805.jpg\" class=\"gallery_colorbox\"><img loading=\"lazy\" decoding=\"async\" title=\"IMG_8805\" style=\"border-left-width: 0px; border-right-width: 0px; border-bottom-width: 0px; display: inline; border-top-width: 0px\" border=\"0\" alt=\"IMG_8805\" src=\"http:\/\/www.vivonsbachy.fr\/wp-content\/uploads\/2015\/05\/IMG_8805_thumb.jpg\"  width=\"304\" height=\"204\"><\/a> <a href=\"http:\/\/www.vivonsbachy.fr\/wp-content\/uploads\/2015\/05\/IMG_8810.jpg\" class=\"gallery_colorbox\"><img loading=\"lazy\" decoding=\"async\" title=\"IMG_8810\" style=\"border-left-width: 0px; border-right-width: 0px; border-bottom-width: 0px; display: inline; border-top-width: 0px\" border=\"0\" alt=\"IMG_8810\" src=\"http:\/\/www.vivonsbachy.fr\/wp-content\/uploads\/2015\/05\/IMG_8810_thumb.jpg\"  width=\"304\" height=\"204\"><\/a> <a href=\"http:\/\/www.vivonsbachy.fr\/wp-content\/uploads\/2015\/05\/IMG_8811.jpg\" class=\"gallery_colorbox\"><img loading=\"lazy\" decoding=\"async\" title=\"IMG_8811\" style=\"border-left-width: 0px; border-right-width: 0px; border-bottom-width: 0px; display: inline; border-top-width: 0px\" border=\"0\" alt=\"IMG_8811\" src=\"http:\/\/www.vivonsbachy.fr\/wp-content\/uploads\/2015\/05\/IMG_8811_thumb.jpg\"  width=\"304\" height=\"204\"><\/a> <a href=\"http:\/\/www.vivonsbachy.fr\/wp-content\/uploads\/2015\/05\/IMG_8812.jpg\" class=\"gallery_colorbox\"><img loading=\"lazy\" decoding=\"async\" title=\"IMG_8812\" style=\"border-left-width: 0px; border-right-width: 0px; border-bottom-width: 0px; display: inline; border-top-width: 0px\" border=\"0\" alt=\"IMG_8812\" src=\"http:\/\/www.vivonsbachy.fr\/wp-content\/uploads\/2015\/05\/IMG_8812_thumb.jpg\"  width=\"304\" height=\"204\"><\/a> <a href=\"http:\/\/www.vivonsbachy.fr\/wp-content\/uploads\/2015\/05\/IMG_8813.jpg\" class=\"gallery_colorbox\"><img loading=\"lazy\" decoding=\"async\" title=\"IMG_8813\" style=\"border-left-width: 0px; border-right-width: 0px; border-bottom-width: 0px; display: inline; border-top-width: 0px\" border=\"0\" alt=\"IMG_8813\" src=\"http:\/\/www.vivonsbachy.fr\/wp-content\/uploads\/2015\/05\/IMG_8813_thumb.jpg\"  width=\"304\" height=\"204\"><\/a> <a href=\"http:\/\/www.vivonsbachy.fr\/wp-content\/uploads\/2015\/05\/IMG_8814.jpg\" class=\"gallery_colorbox\"><img loading=\"lazy\" decoding=\"async\" title=\"IMG_8814\" style=\"border-left-width: 0px; border-right-width: 0px; border-bottom-width: 0px; display: inline; border-top-width: 0px\" border=\"0\" alt=\"IMG_8814\" src=\"http:\/\/www.vivonsbachy.fr\/wp-content\/uploads\/2015\/05\/IMG_8814_thumb.jpg\"  width=\"304\" height=\"204\"><\/a> <a href=\"http:\/\/www.vivonsbachy.fr\/wp-content\/uploads\/2015\/05\/IMG_8817.jpg\" class=\"gallery_colorbox\"><img loading=\"lazy\" decoding=\"async\" title=\"IMG_8817\" style=\"border-left-width: 0px; border-right-width: 0px; border-bottom-width: 0px; display: inline; border-top-width: 0px\" border=\"0\" alt=\"IMG_8817\" src=\"http:\/\/www.vivonsbachy.fr\/wp-content\/uploads\/2015\/05\/IMG_8817_thumb.jpg\"  width=\"304\" height=\"204\"><\/a> <a href=\"http:\/\/www.vivonsbachy.fr\/wp-content\/uploads\/2015\/05\/IMG_8818.jpg\" class=\"gallery_colorbox\"><img loading=\"lazy\" decoding=\"async\" title=\"IMG_8818\" style=\"border-left-width: 0px; border-right-width: 0px; border-bottom-width: 0px; display: inline; border-top-width: 0px\" border=\"0\" alt=\"IMG_8818\" src=\"http:\/\/www.vivonsbachy.fr\/wp-content\/uploads\/2015\/05\/IMG_8818_thumb.jpg\"  width=\"304\" height=\"204\"><\/a> <a href=\"http:\/\/www.vivonsbachy.fr\/wp-content\/uploads\/2015\/05\/IMG_8820.jpg\" class=\"gallery_colorbox\"><img loading=\"lazy\" decoding=\"async\" title=\"IMG_8820\" style=\"border-left-width: 0px; border-right-width: 0px; border-bottom-width: 0px; display: inline; border-top-width: 0px\" border=\"0\" alt=\"IMG_8820\" src=\"http:\/\/www.vivonsbachy.fr\/wp-content\/uploads\/2015\/05\/IMG_8820_thumb.jpg\"  width=\"304\" height=\"204\"><\/a> <a href=\"http:\/\/www.vivonsbachy.fr\/wp-content\/uploads\/2015\/05\/IMG_8821.jpg\" class=\"gallery_colorbox\"><img loading=\"lazy\" decoding=\"async\" title=\"IMG_8821\" style=\"border-left-width: 0px; border-right-width: 0px; border-bottom-width: 0px; display: inline; border-top-width: 0px\" border=\"0\" alt=\"IMG_8821\" src=\"http:\/\/www.vivonsbachy.fr\/wp-content\/uploads\/2015\/05\/IMG_8821_thumb.jpg\"  width=\"304\" height=\"204\"><\/a> <a href=\"http:\/\/www.vivonsbachy.fr\/wp-content\/uploads\/2015\/05\/IMG_8825.jpg\" class=\"gallery_colorbox\"><img loading=\"lazy\" decoding=\"async\" title=\"IMG_8825\" style=\"border-left-width: 0px; border-right-width: 0px; border-bottom-width: 0px; display: inline; border-top-width: 0px\" border=\"0\" alt=\"IMG_8825\" src=\"http:\/\/www.vivonsbachy.fr\/wp-content\/uploads\/2015\/05\/IMG_8825_thumb.jpg\"  width=\"204\" height=\"304\"><\/a> <a href=\"http:\/\/www.vivonsbachy.fr\/wp-content\/uploads\/2015\/05\/IMG_8826.jpg\" class=\"gallery_colorbox\"><img loading=\"lazy\" decoding=\"async\" title=\"IMG_8826\" style=\"border-left-width: 0px; border-right-width: 0px; border-bottom-width: 0px; display: inline; border-top-width: 0px\" border=\"0\" alt=\"IMG_8826\" src=\"http:\/\/www.vivonsbachy.fr\/wp-content\/uploads\/2015\/05\/IMG_8826_thumb.jpg\"  width=\"204\" height=\"304\"><\/a> <a href=\"http:\/\/www.vivonsbachy.fr\/wp-content\/uploads\/2015\/05\/IMG_8828.jpg\" class=\"gallery_colorbox\"><img loading=\"lazy\" decoding=\"async\" title=\"IMG_8828\" style=\"border-left-width: 0px; border-right-width: 0px; border-bottom-width: 0px; display: inline; border-top-width: 0px\" border=\"0\" alt=\"IMG_8828\" src=\"http:\/\/www.vivonsbachy.fr\/wp-content\/uploads\/2015\/05\/IMG_8828_thumb.jpg\"  width=\"304\" height=\"204\"><\/a> <a href=\"http:\/\/www.vivonsbachy.fr\/wp-content\/uploads\/2015\/05\/IMG_8830.jpg\" class=\"gallery_colorbox\"><img loading=\"lazy\" decoding=\"async\" title=\"IMG_8830\" style=\"border-left-width: 0px; border-right-width: 0px; border-bottom-width: 0px; display: inline; border-top-width: 0px\" border=\"0\" alt=\"IMG_8830\" src=\"http:\/\/www.vivonsbachy.fr\/wp-content\/uploads\/2015\/05\/IMG_8830_thumb.jpg\"  width=\"304\" height=\"204\"><\/a> <a href=\"http:\/\/www.vivonsbachy.fr\/wp-content\/uploads\/2015\/05\/IMG_8832.jpg\" class=\"gallery_colorbox\"><img loading=\"lazy\" decoding=\"async\" title=\"IMG_8832\" style=\"border-left-width: 0px; border-right-width: 0px; border-bottom-width: 0px; display: inline; border-top-width: 0px\" border=\"0\" alt=\"IMG_8832\" src=\"http:\/\/www.vivonsbachy.fr\/wp-content\/uploads\/2015\/05\/IMG_8832_thumb.jpg\"  width=\"304\" height=\"204\"><\/a> <a href=\"http:\/\/www.vivonsbachy.fr\/wp-content\/uploads\/2015\/05\/IMG_8835.jpg\" class=\"gallery_colorbox\"><img loading=\"lazy\" decoding=\"async\" title=\"IMG_8835\" style=\"border-left-width: 0px; border-right-width: 0px; border-bottom-width: 0px; display: inline; border-top-width: 0px\" border=\"0\" alt=\"IMG_8835\" src=\"http:\/\/www.vivonsbachy.fr\/wp-content\/uploads\/2015\/05\/IMG_8835_thumb.jpg\"  width=\"304\" height=\"204\"><\/a> <a href=\"http:\/\/www.vivonsbachy.fr\/wp-content\/uploads\/2015\/05\/IMG_8840.jpg\" class=\"gallery_colorbox\"><img loading=\"lazy\" decoding=\"async\" title=\"IMG_8840\" style=\"border-left-width: 0px; border-right-width: 0px; border-bottom-width: 0px; display: inline; border-top-width: 0px\" border=\"0\" alt=\"IMG_8840\" src=\"http:\/\/www.vivonsbachy.fr\/wp-content\/uploads\/2015\/05\/IMG_8840_thumb.jpg\"  width=\"304\" height=\"204\"><\/a> <a href=\"http:\/\/www.vivonsbachy.fr\/wp-content\/uploads\/2015\/05\/IMG_8842.jpg\" class=\"gallery_colorbox\"><img loading=\"lazy\" decoding=\"async\" title=\"IMG_8842\" style=\"border-left-width: 0px; border-right-width: 0px; border-bottom-width: 0px; display: inline; border-top-width: 0px\" border=\"0\" alt=\"IMG_8842\" src=\"http:\/\/www.vivonsbachy.fr\/wp-content\/uploads\/2015\/05\/IMG_8842_thumb.jpg\"  width=\"304\" height=\"204\"><\/a> <a href=\"http:\/\/www.vivonsbachy.fr\/wp-content\/uploads\/2015\/05\/IMG_8844.jpg\" class=\"gallery_colorbox\"><img loading=\"lazy\" decoding=\"async\" title=\"IMG_8844\" style=\"border-left-width: 0px; border-right-width: 0px; border-bottom-width: 0px; display: inline; border-top-width: 0px\" border=\"0\" alt=\"IMG_8844\" src=\"http:\/\/www.vivonsbachy.fr\/wp-content\/uploads\/2015\/05\/IMG_8844_thumb.jpg\"  width=\"304\" height=\"204\"><\/a>&nbsp; <a href=\"http:\/\/www.vivonsbachy.fr\/wp-content\/uploads\/2015\/05\/IMG_8847.jpg\" class=\"gallery_colorbox\"><img loading=\"lazy\" decoding=\"async\" title=\"IMG_8847\" style=\"border-left-width: 0px; border-right-width: 0px; border-bottom-width: 0px; display: inline; border-top-width: 0px\" border=\"0\" alt=\"IMG_8847\" src=\"http:\/\/www.vivonsbachy.fr\/wp-content\/uploads\/2015\/05\/IMG_8847_thumb.jpg\"  width=\"304\" height=\"282\"><\/a> <a href=\"http:\/\/www.vivonsbachy.fr\/wp-content\/uploads\/2015\/05\/IMG_8851.jpg\" class=\"gallery_colorbox\"><img loading=\"lazy\" decoding=\"async\" title=\"IMG_8851\" style=\"border-left-width: 0px; border-right-width: 0px; border-bottom-width: 0px; display: inline; border-top-width: 0px\" border=\"0\" alt=\"IMG_8851\" src=\"http:\/\/www.vivonsbachy.fr\/wp-content\/uploads\/2015\/05\/IMG_8851_thumb.jpg\"  width=\"204\" height=\"304\"><\/a> <a href=\"http:\/\/www.vivonsbachy.fr\/wp-content\/uploads\/2015\/05\/IMG_8853.jpg\" class=\"gallery_colorbox\"><img loading=\"lazy\" decoding=\"async\" title=\"IMG_8853\" style=\"border-left-width: 0px; border-right-width: 0px; border-bottom-width: 0px; display: inline; border-top-width: 0px\" border=\"0\" alt=\"IMG_8853\" src=\"http:\/\/www.vivonsbachy.fr\/wp-content\/uploads\/2015\/05\/IMG_8853_thumb.jpg\"  width=\"204\" height=\"304\"><\/a> <a href=\"http:\/\/www.vivonsbachy.fr\/wp-content\/uploads\/2015\/05\/IMG_8856.jpg\" class=\"gallery_colorbox\"><img loading=\"lazy\" decoding=\"async\" title=\"IMG_8856\" style=\"border-left-width: 0px; border-right-width: 0px; border-bottom-width: 0px; display: inline; border-top-width: 0px\" border=\"0\" alt=\"IMG_8856\" src=\"http:\/\/www.vivonsbachy.fr\/wp-content\/uploads\/2015\/05\/IMG_8856_thumb.jpg\"  width=\"304\" height=\"204\"><\/a> <\/p>\n<p align=\"left\"><u><font color=\"#0000ff\" size=\"4\"><strong>C\u2019est Lei\u201dLou Bourlet habitant Bachy qui est l\u2019heureuse gagnante du panier garni<\/strong><\/font><\/u><\/p>\n<p align=\"center\"><a href=\"http:\/\/www.vivonsbachy.fr\/wp-content\/uploads\/2015\/05\/IMG_8846.jpg\" class=\"gallery_colorbox\"><img loading=\"lazy\" decoding=\"async\" title=\"IMG_8846\" style=\"border-left-width: 0px; border-right-width: 0px; border-bottom-width: 0px; display: inline; border-top-width: 0px\" border=\"0\" alt=\"IMG_8846\" src=\"http:\/\/www.vivonsbachy.fr\/wp-content\/uploads\/2015\/05\/IMG_8846_thumb.jpg\"  width=\"304\" height=\"255\"><\/a> <a href=\"http:\/\/www.vivonsbachy.fr\/wp-content\/uploads\/2015\/05\/IMG_8859.jpg\" class=\"gallery_colorbox\"><img loading=\"lazy\" decoding=\"async\" title=\"IMG_8859\" style=\"border-left-width: 0px; border-right-width: 0px; border-bottom-width: 0px; display: inline; border-top-width: 0px\" border=\"0\" alt=\"IMG_8859\" src=\"http:\/\/www.vivonsbachy.fr\/wp-content\/uploads\/2015\/05\/IMG_8859_thumb.jpg\"  width=\"204\" height=\"304\"><\/a> <a href=\"http:\/\/www.vivonsbachy.fr\/wp-content\/uploads\/2015\/05\/IMG_8860.jpg\" class=\"gallery_colorbox\"><img loading=\"lazy\" decoding=\"async\" title=\"IMG_8860\" style=\"border-left-width: 0px; border-right-width: 0px; border-bottom-width: 0px; display: inline; border-top-width: 0px\" border=\"0\" alt=\"IMG_8860\" src=\"http:\/\/www.vivonsbachy.fr\/wp-content\/uploads\/2015\/05\/IMG_8860_thumb.jpg\"  width=\"304\" height=\"204\"><\/a> <a href=\"http:\/\/www.vivonsbachy.fr\/wp-content\/uploads\/2015\/05\/IMG_8861.jpg\" class=\"gallery_colorbox\"><img loading=\"lazy\" decoding=\"async\" title=\"IMG_8861\" style=\"border-left-width: 0px; border-right-width: 0px; border-bottom-width: 0px; display: inline; border-top-width: 0px\" border=\"0\" alt=\"IMG_8861\" src=\"http:\/\/www.vivonsbachy.fr\/wp-content\/uploads\/2015\/05\/IMG_8861_thumb.jpg\"  width=\"304\" height=\"304\"><\/a> <a href=\"http:\/\/www.vivonsbachy.fr\/wp-content\/uploads\/2015\/05\/IMG_8862.jpg\" class=\"gallery_colorbox\"><img loading=\"lazy\" decoding=\"async\" title=\"IMG_8862\" style=\"border-left-width: 0px; border-right-width: 0px; border-bottom-width: 0px; display: inline; border-top-width: 0px\" border=\"0\" alt=\"IMG_8862\" src=\"http:\/\/www.vivonsbachy.fr\/wp-content\/uploads\/2015\/05\/IMG_8862_thumb.jpg\"  width=\"304\" height=\"204\"><\/a> <a href=\"http:\/\/www.vivonsbachy.fr\/wp-content\/uploads\/2015\/05\/IMG_8863.jpg\" class=\"gallery_colorbox\"><img loading=\"lazy\" decoding=\"async\" title=\"IMG_8863\" style=\"border-left-width: 0px; border-right-width: 0px; border-bottom-width: 0px; display: inline; border-top-width: 0px\" border=\"0\" alt=\"IMG_8863\" src=\"http:\/\/www.vivonsbachy.fr\/wp-content\/uploads\/2015\/05\/IMG_8863_thumb.jpg\"  width=\"304\" height=\"183\"><\/a> <a href=\"http:\/\/www.vivonsbachy.fr\/wp-content\/uploads\/2015\/05\/IMG_8864.jpg\" class=\"gallery_colorbox\"><img loading=\"lazy\" decoding=\"async\" title=\"IMG_8864\" style=\"border-left-width: 0px; border-right-width: 0px; border-bottom-width: 0px; display: inline; border-top-width: 0px\" border=\"0\" alt=\"IMG_8864\" src=\"http:\/\/www.vivonsbachy.fr\/wp-content\/uploads\/2015\/05\/IMG_8864_thumb.jpg\"  width=\"304\" height=\"204\"><\/a> <a href=\"http:\/\/www.vivonsbachy.fr\/wp-content\/uploads\/2015\/05\/IMG_8865.jpg\" class=\"gallery_colorbox\"><img loading=\"lazy\" decoding=\"async\" title=\"IMG_8865\" style=\"border-left-width: 0px; border-right-width: 0px; border-bottom-width: 0px; display: inline; border-top-width: 0px\" border=\"0\" alt=\"IMG_8865\" src=\"http:\/\/www.vivonsbachy.fr\/wp-content\/uploads\/2015\/05\/IMG_8865_thumb.jpg\"  width=\"304\" height=\"205\"><\/a> <\/p>\n<p align=\"center\"><font color=\"#0000ff\" size=\"4\"><strong>Pr\u00eat des jeux anciens par Philippe Dubus<\/strong><\/font><\/p>\n<p align=\"center\"><a href=\"http:\/\/www.vivonsbachy.fr\/wp-content\/uploads\/2015\/05\/Pubjeuxanciens1.jpg\" class=\"gallery_colorbox\"><img loading=\"lazy\" decoding=\"async\" title=\"Pub jeux anciens 1\" style=\"border-left-width: 0px; border-right-width: 0px; border-bottom-width: 0px; display: inline; border-top-width: 0px\" border=\"0\" alt=\"Pub jeux anciens 1\" src=\"http:\/\/www.vivonsbachy.fr\/wp-content\/uploads\/2015\/05\/Pubjeuxanciens1_thumb.jpg\"  width=\"304\" height=\"219\"><\/a> <a href=\"http:\/\/www.vivonsbachy.fr\/wp-content\/uploads\/2015\/05\/Pubjeuxanciens2.jpg\" class=\"gallery_colorbox\"><img loading=\"lazy\" decoding=\"async\" title=\"Pub jeux anciens 2\" style=\"border-left-width: 0px; border-right-width: 0px; border-bottom-width: 0px; display: inline; border-top-width: 0px\" border=\"0\" alt=\"Pub jeux anciens 2\" src=\"http:\/\/www.vivonsbachy.fr\/wp-content\/uploads\/2015\/05\/Pubjeuxanciens2_thumb.jpg\"  width=\"304\" height=\"210\"><\/a><\/p>\n<p align=\"center\"><font color=\"#ff0000\" size=\"5\"><strong>Attention! Un b\u00e2ton de marche a \u00e9t\u00e9 oubli\u00e9, il sera remis en mairie<\/strong><\/font><\/p>\n","protected":false},"excerpt":{"rendered":"<p>Vendredi 1er mai, la 2\u00e8me marche du muguet a rencontr\u00e9 un grand succ\u00e8s, 42 marcheurs \u00e9taient au rendez vous, le temps \u00e9tait beau et l&rsquo;apr\u00e8s midi particuli\u00e8rement agr\u00e9able. Trois \u00e9tapes durant le parcours avec des jeux anciens pour pouvoir gagner &hellip; <a href=\"https:\/\/www.vivonsbachy.fr\/?page_id=2491\">Continuer la lecture <span class=\"meta-nav\">&rarr;<\/span><\/a><\/p>\n","protected":false},"author":1,"featured_media":0,"parent":2480,"menu_order":0,"comment_status":"open","ping_status":"open","template":"","meta":{"footnotes":""},"_links":{"self":[{"href":"https:\/\/www.vivonsbachy.fr\/index.php?rest_route=\/wp\/v2\/pages\/2491"}],"collection":[{"href":"https:\/\/www.vivonsbachy.fr\/index.php?rest_route=\/wp\/v2\/pages"}],"about":[{"href":"https:\/\/www.vivonsbachy.fr\/index.php?rest_route=\/wp\/v2\/types\/page"}],"author":[{"embeddable":true,"href":"https:\/\/www.vivonsbachy.fr\/index.php?rest_route=\/wp\/v2\/users\/1"}],"replies":[{"embeddable":true,"href":"https:\/\/www.vivonsbachy.fr\/index.php?rest_route=%2Fwp%2Fv2%2Fcomments&post=2491"}],"version-history":[{"count":11,"href":"https:\/\/www.vivonsbachy.fr\/index.php?rest_route=\/wp\/v2\/pages\/2491\/revisions"}],"predecessor-version":[{"id":3058,"href":"https:\/\/www.vivonsbachy.fr\/index.php?rest_route=\/wp\/v2\/pages\/2491\/revisions\/3058"}],"up":[{"embeddable":true,"href":"https:\/\/www.vivonsbachy.fr\/index.php?rest_route=\/wp\/v2\/pages\/2480"}],"wp:attachment":[{"href":"https:\/\/www.vivonsbachy.fr\/index.php?rest_route=%2Fwp%2Fv2%2Fmedia&parent=2491"}],"curies":[{"name":"wp","href":"https:\/\/api.w.org\/{rel}","templated":true}]}}