{"id":170,"date":"2011-06-16T10:58:46","date_gmt":"2011-06-16T08:58:46","guid":{"rendered":"http:\/\/www.vivonsbachy.fr\/blog\/?page_id=170"},"modified":"2012-12-28T12:45:38","modified_gmt":"2012-12-28T10:45:38","slug":"les-gilles","status":"publish","type":"page","link":"https:\/\/www.vivonsbachy.fr\/?page_id=170","title":{"rendered":"LES GILLES"},"content":{"rendered":"<p style=\"text-align: justify\"><a href=\"http:\/\/www.vivonsbachy.fr\/wp-content\/uploads\/2011\/06\/IMG_1005.jpg\" class=\"gallery_colorbox\"><img loading=\"lazy\" decoding=\"async\" class=\"alignleft size-medium wp-image-171\" title=\"IMG_1005\" alt=\"\" src=\"http:\/\/www.vivonsbachy.fr\/wp-content\/uploads\/2011\/06\/IMG_1005-300x200.jpg\"  width=\"300\" height=\"200\" srcset=\"https:\/\/www.vivonsbachy.fr\/wp-content\/uploads\/2011\/06\/IMG_1005-300x200.jpg 300w, https:\/\/www.vivonsbachy.fr\/wp-content\/uploads\/2011\/06\/IMG_1005-1024x682.jpg 1024w, https:\/\/www.vivonsbachy.fr\/wp-content\/uploads\/2011\/06\/IMG_1005.jpg 1500w\" sizes=\"(max-width: 300px) 100vw, 300px\" \/><\/a><span style=\"color: #0000ff\">Cr\u00e9\u00e9s en 2008, sur une id\u00e9e de Chantal Doucy, les Gilles ont fait leur premi\u00e8re sortie \u00e0 l&rsquo;occasion du carnaval de Bachy le 22 juin.<\/span><\/p>\n<p style=\"text-align: justify\"><span style=\"color: #0000ff\">Les costumes ont \u00e9t\u00e9 confectionn\u00e9s par Chantal Doucy, Louise Naud, Jacqueline Vanbiervliet<\/span><\/p>\n<address style=\"text-align: justify\"><\/address>\n<address style=\"text-align: justify\"><\/address>\n<p style=\"text-align: justify\"><a href=\"http:\/\/www.vivonsbachy.fr\/wp-content\/uploads\/2011\/06\/Boeschepe1.jpg\" class=\"gallery_colorbox\"><img loading=\"lazy\" decoding=\"async\" class=\"alignright size-medium wp-image-175\" title=\"Boeschepe\" alt=\"\" src=\"http:\/\/www.vivonsbachy.fr\/wp-content\/uploads\/2011\/06\/Boeschepe1-300x188.jpg\"  width=\"300\" height=\"188\" srcset=\"https:\/\/www.vivonsbachy.fr\/wp-content\/uploads\/2011\/06\/Boeschepe1-300x188.jpg 300w, https:\/\/www.vivonsbachy.fr\/wp-content\/uploads\/2011\/06\/Boeschepe1.jpg 976w\" sizes=\"(max-width: 300px) 100vw, 300px\" \/><\/a><\/p>\n<p style=\"text-align: justify\">\n<p style=\"text-align: justify\">Participation des Gilles de Bachy avec Antoine de Baissy \u00e0 la premi\u00e8re ronde des g\u00e9ants organis\u00e9e par la commune de Bosch\u00e8pe en 2008<\/p>\n<p style=\"text-align: justify\"><a href=\"http:\/\/www.vivonsbachy.fr\/wp-content\/uploads\/2011\/06\/Capelle.jpg\" class=\"gallery_colorbox\"><img loading=\"lazy\" decoding=\"async\" class=\"alignleft size-medium wp-image-179\" title=\"Capelle\" alt=\"\" src=\"http:\/\/www.vivonsbachy.fr\/wp-content\/uploads\/2011\/06\/Capelle-300x200.jpg\"  width=\"300\" height=\"200\" srcset=\"https:\/\/www.vivonsbachy.fr\/wp-content\/uploads\/2011\/06\/Capelle-300x200.jpg 300w, https:\/\/www.vivonsbachy.fr\/wp-content\/uploads\/2011\/06\/Capelle-1024x682.jpg 1024w, https:\/\/www.vivonsbachy.fr\/wp-content\/uploads\/2011\/06\/Capelle.jpg 1500w\" sizes=\"(max-width: 300px) 100vw, 300px\" \/><\/a><\/p>\n<p style=\"text-align: center\">\n<p style=\"text-align: center\">Ronde de G\u00e9ants de Cappelle en P\u00e9v\u00e8le<\/p>\n<p style=\"text-align: center\">le 14 juin 2009<\/p>\n<p style=\"text-align: center\">\n<p style=\"text-align: center\"><a href=\"http:\/\/www.vivonsbachy.fr\/wp-content\/uploads\/2011\/06\/Somain.jpg\" class=\"gallery_colorbox\"><img loading=\"lazy\" decoding=\"async\" style=\"margin: 4px 0px 12px 24px\" class=\"alignright size-medium wp-image-181\" title=\"Somain\" alt=\"\" src=\"http:\/\/www.vivonsbachy.fr\/wp-content\/uploads\/2011\/06\/Somain-300x200.jpg\"  width=\"300\" height=\"200\" srcset=\"https:\/\/www.vivonsbachy.fr\/wp-content\/uploads\/2011\/06\/Somain-300x200.jpg 300w, https:\/\/www.vivonsbachy.fr\/wp-content\/uploads\/2011\/06\/Somain-1024x682.jpg 1024w, https:\/\/www.vivonsbachy.fr\/wp-content\/uploads\/2011\/06\/Somain.jpg 1500w\" sizes=\"(max-width: 300px) 100vw, 300px\" \/><\/a><\/p>\n<p style=\"text-align: left\">\n<p style=\"text-align: left\">Carnaval de Somain le 13 mai 2010, 3h de d\u00e9fil\u00e9 sous un temps maussade, nous avons pass\u00e9 n\u00e9anmoins une agr\u00e9able journ\u00e9e.<\/p>\n<p style=\"text-align: left\">&nbsp;<\/p>\n<p style=\"text-align: left\">&nbsp;<\/p>\n<p style=\"text-align: left\">&nbsp;<\/p>\n<p style=\"text-align: left\">\n<p style=\"text-align: left\">\n<p style=\"text-align: justify\">Chaque ann\u00e9e, en juin, Antoine de Baissy et ses Gilles participent au d\u00e9fil\u00e9 carnavalesque de Bachy, organis\u00e9 par le comit\u00e9 des Bois sans soif<a href=\"http:\/\/www.vivonsbachy.fr\/wp-content\/uploads\/2011\/06\/Bachy-2010-01.jpg\" class=\"gallery_colorbox\"><img loading=\"lazy\" decoding=\"async\" style=\"margin: 4px auto 12px; display: block; float: none\" class=\"alignleft size-medium wp-image-183\" title=\"Bachy 2010-01\" alt=\"\" src=\"http:\/\/www.vivonsbachy.fr\/wp-content\/uploads\/2011\/06\/Bachy-2010-01-300x200.jpg\"  width=\"300\" height=\"200\" srcset=\"https:\/\/www.vivonsbachy.fr\/wp-content\/uploads\/2011\/06\/Bachy-2010-01-300x200.jpg 300w, https:\/\/www.vivonsbachy.fr\/wp-content\/uploads\/2011\/06\/Bachy-2010-01-1024x682.jpg 1024w, https:\/\/www.vivonsbachy.fr\/wp-content\/uploads\/2011\/06\/Bachy-2010-01.jpg 1500w\" sizes=\"(max-width: 300px) 100vw, 300px\" \/><\/a><a href=\"http:\/\/www.vivonsbachy.fr\/wp-content\/uploads\/2011\/06\/Bachy-2010-02.jpg\" class=\"gallery_colorbox\"><img loading=\"lazy\" decoding=\"async\" style=\"margin: 4px 24px 12px 0px\" class=\"size-medium wp-image-184 alignleft\" title=\"Bachy 2010-02\" alt=\"\" src=\"http:\/\/www.vivonsbachy.fr\/wp-content\/uploads\/2011\/06\/Bachy-2010-02-300x200.jpg\"  width=\"300\" height=\"200\" srcset=\"https:\/\/www.vivonsbachy.fr\/wp-content\/uploads\/2011\/06\/Bachy-2010-02-300x200.jpg 300w, https:\/\/www.vivonsbachy.fr\/wp-content\/uploads\/2011\/06\/Bachy-2010-02-1024x682.jpg 1024w, https:\/\/www.vivonsbachy.fr\/wp-content\/uploads\/2011\/06\/Bachy-2010-02.jpg 1500w\" sizes=\"(max-width: 300px) 100vw, 300px\" \/><\/a><\/p>\n<p style=\"text-align: justify\"> Ci-dessus et ci-contre le d\u00e9fil\u00e9 du 27 juin 2010, o\u00f9 il a fait tr\u00e8s beau temps cela nous a permis de passer un moment tr\u00e8s agr\u00e9able.<\/p>\n<p style=\"text-align: left\"><em>(Photos Gilbert VANBIERVLIET &amp; Philippe Bourriez, Focus P\u00e9v\u00e8le)<\/em><\/p>\n","protected":false},"excerpt":{"rendered":"<p>Cr\u00e9\u00e9s en 2008, sur une id\u00e9e de Chantal Doucy, les Gilles ont fait leur premi\u00e8re sortie \u00e0 l&rsquo;occasion du carnaval de Bachy le 22 juin. Les costumes ont \u00e9t\u00e9 confectionn\u00e9s par Chantal Doucy, Louise Naud, Jacqueline Vanbiervliet Participation des Gilles &hellip; <a href=\"https:\/\/www.vivonsbachy.fr\/?page_id=170\">Continuer la lecture <span class=\"meta-nav\">&rarr;<\/span><\/a><\/p>\n","protected":false},"author":1,"featured_media":0,"parent":0,"menu_order":0,"comment_status":"open","ping_status":"open","template":"","meta":{"footnotes":""},"_links":{"self":[{"href":"https:\/\/www.vivonsbachy.fr\/index.php?rest_route=\/wp\/v2\/pages\/170"}],"collection":[{"href":"https:\/\/www.vivonsbachy.fr\/index.php?rest_route=\/wp\/v2\/pages"}],"about":[{"href":"https:\/\/www.vivonsbachy.fr\/index.php?rest_route=\/wp\/v2\/types\/page"}],"author":[{"embeddable":true,"href":"https:\/\/www.vivonsbachy.fr\/index.php?rest_route=\/wp\/v2\/users\/1"}],"replies":[{"embeddable":true,"href":"https:\/\/www.vivonsbachy.fr\/index.php?rest_route=%2Fwp%2Fv2%2Fcomments&post=170"}],"version-history":[{"count":14,"href":"https:\/\/www.vivonsbachy.fr\/index.php?rest_route=\/wp\/v2\/pages\/170\/revisions"}],"predecessor-version":[{"id":578,"href":"https:\/\/www.vivonsbachy.fr\/index.php?rest_route=\/wp\/v2\/pages\/170\/revisions\/578"}],"wp:attachment":[{"href":"https:\/\/www.vivonsbachy.fr\/index.php?rest_route=%2Fwp%2Fv2%2Fmedia&parent=170"}],"curies":[{"name":"wp","href":"https:\/\/api.w.org\/{rel}","templated":true}]}}