{"id":1656,"date":"2014-03-10T15:21:26","date_gmt":"2014-03-10T13:21:26","guid":{"rendered":"http:\/\/www.vivonsbachy.fr\/?page_id=1656"},"modified":"2014-05-05T19:14:35","modified_gmt":"2014-05-05T17:14:35","slug":"1-assemblee-generale","status":"publish","type":"page","link":"https:\/\/www.vivonsbachy.fr\/?page_id=1656","title":{"rendered":"2 &#8211; Assembl&eacute;e G&eacute;n&eacute;rale"},"content":{"rendered":"<p align=\"justify\">Le samedi 12 avril s&rsquo;est tenue l&rsquo;assembl\u00e9e g\u00e9n\u00e9rale de l&rsquo;association, Chlo\u00e9 Lemaire Pr\u00e9sidente de \u00ab\u00a0Vivons bachy\u00a0\u00bb a rappel\u00e9 les actions men\u00e9es en 2013. Cela a commenc\u00e9 par le d\u00e9fil\u00e9 de Cappelle-en-P\u00e9v\u00e8le ou le g\u00e9ant \u00ab\u00a0Antoine de Baissy a d\u00e9fil\u00e9 en compagnie de nombreux autres g\u00e9ants, ensuite il a particip\u00e9, avec les gilles au d\u00e9fil\u00e9 carnavalesque de Bachy, enfin Antoine de Baissy et ses gilles ont particip\u00e9 au dixi\u00e8me anniversaire du g\u00e9ant de Mouchin. Pour finir, l&rsquo;association a organis\u00e9 au mois d&rsquo;ao\u00fbt sa sixi\u00e8me ripaille champ\u00eatre. Le g\u00e9ant a \u00e9galement pris part au spectacle des 120 ans de l&rsquo;\u00e9cole de Genech ainsi qu&rsquo;au forum des associations de Bachy. <\/p>\n<p align=\"justify\">En termes de projets, Vivons Bachy sera bien pr\u00e9sent en 2014. Est pr\u00e9vue la participation du g\u00e9ant sur le circuit de Paris-Roubaix \u00e0 Templeuve. Les 25 et 26 avril, une repr\u00e9sentation th\u00e9\u00e2trale aura lieue dans la salle des f\u00eates du village (c&rsquo;est une premi\u00e8re pour l&rsquo;association). Le 4 mai, organisation de la premi\u00e8re marche du muguet, participation du g\u00e9ant au carnaval annuel de Bachy et au bapt\u00eame du g\u00e9ant de Bouvines en juillet. Enfin ce sera la traditionnelle ripaille champ\u00eatre au mois d&rsquo;ao\u00fbt et l&rsquo;organisation du r\u00e9veillon du 31 d\u00e9cembre. <\/p>\n<p align=\"justify\">C&rsquo;est donc un programme charg\u00e9 qui attend les membres de \u00ab\u00a0Vivons Bachy\u00a0\u00bb. 25 personnes \u00e9taient pr\u00e9sentes lors de cette assembl\u00e9e et 52 ont renouvel\u00e9 leur cotisation. <\/p>\n<p align=\"center\"><a href=\"http:\/\/www.vivonsbachy.fr\/wp-content\/uploads\/2014\/05\/IMG_1326Copier.jpg\" class=\"gallery_colorbox\"><img loading=\"lazy\" decoding=\"async\" title=\"IMG_1326 (Copier)\" style=\"border-top: 0px; border-right: 0px; border-bottom: 0px; border-left: 0px; display: inline\" border=\"0\" alt=\"IMG_1326 (Copier)\" src=\"http:\/\/www.vivonsbachy.fr\/wp-content\/uploads\/2014\/05\/IMG_1326Copier_thumb.jpg\"  width=\"408\" height=\"307\"><\/a> <a href=\"http:\/\/www.vivonsbachy.fr\/wp-content\/uploads\/2014\/05\/IMG_1327Copier.jpg\" class=\"gallery_colorbox\"><img loading=\"lazy\" decoding=\"async\" title=\"IMG_1327 (Copier)\" style=\"border-top: 0px; border-right: 0px; border-bottom: 0px; border-left: 0px; display: inline\" border=\"0\" alt=\"IMG_1327 (Copier)\" src=\"http:\/\/www.vivonsbachy.fr\/wp-content\/uploads\/2014\/05\/IMG_1327Copier_thumb.jpg\"  width=\"230\" height=\"306\"><\/a><\/p>\n","protected":false},"excerpt":{"rendered":"<p>Le samedi 12 avril s&rsquo;est tenue l&rsquo;assembl\u00e9e g\u00e9n\u00e9rale de l&rsquo;association, Chlo\u00e9 Lemaire Pr\u00e9sidente de \u00ab\u00a0Vivons bachy\u00a0\u00bb a rappel\u00e9 les actions men\u00e9es en 2013. Cela a commenc\u00e9 par le d\u00e9fil\u00e9 de Cappelle-en-P\u00e9v\u00e8le ou le g\u00e9ant \u00ab\u00a0Antoine de Baissy a d\u00e9fil\u00e9 en &hellip; <a href=\"https:\/\/www.vivonsbachy.fr\/?page_id=1656\">Continuer la lecture <span class=\"meta-nav\">&rarr;<\/span><\/a><\/p>\n","protected":false},"author":1,"featured_media":0,"parent":1655,"menu_order":0,"comment_status":"open","ping_status":"closed","template":"","meta":{"footnotes":""},"_links":{"self":[{"href":"https:\/\/www.vivonsbachy.fr\/index.php?rest_route=\/wp\/v2\/pages\/1656"}],"collection":[{"href":"https:\/\/www.vivonsbachy.fr\/index.php?rest_route=\/wp\/v2\/pages"}],"about":[{"href":"https:\/\/www.vivonsbachy.fr\/index.php?rest_route=\/wp\/v2\/types\/page"}],"author":[{"embeddable":true,"href":"https:\/\/www.vivonsbachy.fr\/index.php?rest_route=\/wp\/v2\/users\/1"}],"replies":[{"embeddable":true,"href":"https:\/\/www.vivonsbachy.fr\/index.php?rest_route=%2Fwp%2Fv2%2Fcomments&post=1656"}],"version-history":[{"count":4,"href":"https:\/\/www.vivonsbachy.fr\/index.php?rest_route=\/wp\/v2\/pages\/1656\/revisions"}],"predecessor-version":[{"id":1931,"href":"https:\/\/www.vivonsbachy.fr\/index.php?rest_route=\/wp\/v2\/pages\/1656\/revisions\/1931"}],"up":[{"embeddable":true,"href":"https:\/\/www.vivonsbachy.fr\/index.php?rest_route=\/wp\/v2\/pages\/1655"}],"wp:attachment":[{"href":"https:\/\/www.vivonsbachy.fr\/index.php?rest_route=%2Fwp%2Fv2%2Fmedia&parent=1656"}],"curies":[{"name":"wp","href":"https:\/\/api.w.org\/{rel}","templated":true}]}}